{"id":3950,"date":"2021-04-14T17:03:12","date_gmt":"2021-04-14T20:03:12","guid":{"rendered":"https:\/\/pos-graduacao.uepb.edu.br\/ppgdr\/?page_id=3950"},"modified":"2022-06-28T09:48:26","modified_gmt":"2022-06-28T12:48:26","slug":"dissertacoes-turma-2019","status":"publish","type":"page","link":"https:\/\/pos-graduacao.uepb.edu.br\/ppgdr\/dissertacoes-turma-2019\/","title":{"rendered":"Disserta\u00e7\u00f5es-Turma 2019"},"content":{"rendered":"<p style=\"text-align: left\">ALINE DE FARIAS ARA\u00daJO LIMA-<a href=\"https:\/\/pos-graduacao.uepb.edu.br\/ppgdr\/files\/2021\/08\/EFETIVIDADE-DO-DIREITO-A-EDUCACAO-ANALISE-DA-ATUACAO-DA-PROMOTORIA-DE-CAMPINA-GRANDE-PB.pdf\">EFETIVIDADE DO DIREITO \u00c0 EDUCA\u00c7\u00c3O AN\u00c1LISE DA ATUA\u00c7\u00c3O DA PROMOTORIA DE CAMPINA GRANDE &#8211; PB<\/a><\/p>\n<p>ANDRESA MONTENEGRO LIMA-<a href=\"https:\/\/pos-graduacao.uepb.edu.br\/ppgdr\/files\/2022\/03\/PARAMETROS-PARA-IDENTIFICACAO-E-CARACTERIZACAO-DE-ASSENTAMENTOS-PRECARIOS-EM-CIDADES-DE-MEDIO-PORTE-UMA-ANALISE-DE-CAMPINA-GRANDE-E-PATOS-PB.pdf\">PARAM\u00caTROS PARA IDENTIFICA\u00c7\u00c3O E CARACTERIZA\u00c7\u00c3O DE ASSENTAMENTOS PREC\u00c1RIOS EM CIDADES DE M\u00c9DIO PORTE- UMA AN\u00c1LISE DE CAMPINA GRANDE E PATOS &#8211; PB<\/a><\/p>\n<p>DOUGLAS CAVALCANTE DE ARA\u00daJO-<a href=\"https:\/\/pos-graduacao.uepb.edu.br\/ppgdr\/files\/2022\/06\/A-FORMACAO-DE-MERCADOS-INFORMAIS-DE-AGUA-COMO-ALTERNATIVA-AO-COLAPSO-DO-ABASTECIMENTO-PUBLICO-EM-CUITE-PB.pdf\">A FORMA\u00c7\u00c3O DE MERCADOS INFORMAIS DE \u00c1GUA COMO ALTERNATIVA AO COLAPSO DO ABASTECIMENTO P\u00daBLICO EM CUIT\u00c9-PB<\/a><\/p>\n<p>GUSTAVO TEOT\u00d4NIO DE OLIVEIRA CAVALCANTE-<a href=\"https:\/\/pos-graduacao.uepb.edu.br\/ppgdr\/files\/2021\/11\/DIAGNOSTICO-DOS-PRINCIPAIS-INDICADORES-SOCIOAMBIENTAIS-DO-SISAL-NO-RECORTE-GEOGRAFICO-DE-POCINHOS-PB.pdf\">DIAGN\u00d3STICO DOS PRINCIPAIS INDICADORES SOCIOAMBIENTAIS DO SISAL NO RECORTE GEOGR\u00c1FICO DE POCINHOS-PB<\/a><\/p>\n<p>JOS\u00c9 CLAUDIANO DE BRITO BATISTA-<a href=\"https:\/\/pos-graduacao.uepb.edu.br\/ppgdr\/files\/2022\/03\/POLITICAS-PUBLICAS-DE-ECONOMIA-SOLIDARIA-NA-PARAIBA-DESAFIOS-E-ESPERANCAS.pdf\">POL\u00cdTICAS P\u00daBLICAS DE ECONOMIA SOLID\u00c1RIA NA PARA\u00cdBA- DESAFIOS E ESPERAN\u00c7AS<\/a><\/p>\n<p>J\u00daLIO C\u00c9ZAR GON\u00c7ALVES P\u00d4RTO-<a href=\"https:\/\/pos-graduacao.uepb.edu.br\/ppgdr\/files\/2021\/11\/AVICULTURA-DE-CORTE-E-CONSUMO-DE-AGUA-NO-SEMIARIDO-PARAIBANO.pdf\">AVICULTURA DE CORTE E CONSUMO DE \u00c1GUA NO SEMI\u00c1RIDO PARAIBANO<\/a><\/p>\n<p>LAUDILENE BARBOZA SILVA-<a href=\"https:\/\/pos-graduacao.uepb.edu.br\/ppgdr\/files\/2022\/06\/INOVACAO-E-DIVERSIFICACAO-NA-PRODUCAO-DE-QUEIJOS-ARTESANAIS-NO-CARIRI-PARAIBANO.pdf\">INOVA\u00c7\u00c3O E DIVERSIFICA\u00c7\u00c3O NA PRODU\u00c7\u00c3O DE QUEIJOS ARTESANAIS NO CARIRI PARAIBANO<\/a><\/p>\n<p>MELINA DE FIGUEIREDO LOPES MAIA PIRES-<a href=\"https:\/\/pos-graduacao.uepb.edu.br\/ppgdr\/files\/2022\/04\/PROGRAMA-NACIONAL-DE-CREDITO-FUNDIARIO-PNCF-UM-OLHAR-SOBRE-AS-CONCESSOES-NO-ESTADO-DA-PARAIBA-1.pdf\">PROGRAMA NACIONAL DE CR\u00c9DITO FUNDI\u00c1RIO (PNCF) -UM OLHAR SOBRE AS CONCESS\u00d5ES NO ESTADO DA PARA\u00cdBA<\/a><\/p>\n<p>RANNEY HARLIN HENRIQUES TITO-<a href=\"https:\/\/pos-graduacao.uepb.edu.br\/ppgdr\/files\/2021\/04\/JUDICIALIZACAO-DO-ACESSO-A-MEDICAMENTOS-NO-ESTADO-DA-PARAIBA-OBSERVACOES-DE-DECISOES-LOCAIS-E-ANALISE-DE-POSSIVEIS-IMPACTOS-PARA-O-SISTEMA-UNICO-DE-SAUDE.pdf\">JUDICIALIZA\u00c7\u00c3O DO ACESSO A MEDICAMENTOS NO ESTADO DA PARA\u00cdBA-OBSERVA\u00c7\u00d5ES DE DECIS\u00d5ES LOCAIS E AN\u00c1LISE DE POSS\u00cdVEIS IMPACTOS PARA O SISTEMA \u00daNICO DE SA\u00daDE<\/a><\/p>\n<p>VALBER MUNIZ DE OLIVEIRA-<a href=\"https:\/\/pos-graduacao.uepb.edu.br\/ppgdr\/files\/2022\/02\/UMA-ANALISE-DA-POSICAO-SOCIOECONOMICA-DO-MUNICIPIO-DE-SAO-BENTO-PB-A-PARTIR-DO-USO-DE-METODOS-MULTIVARIADOS-DOS-DADOS-DO-ATLAS-BRASIL-E-SIDRA-CIDADES-DO-IBGE.pdf\">UMA AN\u00c1LISE DA POSI\u00c7\u00c3O SOCIOECON\u00d4MICA DO MUNIC\u00cdPIO DE S\u00c3O BENTO-PB A PARTIR DO USO DE M\u00c9TODOS MULTIVARIADOS DOS DADOS DO ATLAS BRASIL E SIDRA CIDADES DO IBGE<\/a><\/p>\n<p>VAL\u00c9RIA MARTINS CAVALCANTI-<a href=\"https:\/\/pos-graduacao.uepb.edu.br\/ppgdr\/files\/2022\/03\/TRAJETORIAS-REPERCUSSOES-E-INSERCAO-PROFISSIONAL-DOS-EGRESSOS-DO-PROGRAMA-DE-POS-GRADUACAO-EM-DESENVOLVIMENTO-REGIONAL-UEPB.pdf\">TRAJET\u00d3RIAS, REPERCUSS\u00d5ES E INSER\u00c7\u00c3O PROFISSIONAL DOS EGRESSOS DO PROGRAMA DE P\u00d3S-GRADUA\u00c7\u00c3O EM DESENVOLVIMENTO REGIONAL- UEPB<\/a><\/p>\n<p>VILANI SULPINO DA SILVA-<a href=\"https:\/\/pos-graduacao.uepb.edu.br\/ppgdr\/files\/2022\/02\/REFORMA-TRABALHISTA-E-DESENVOLVIMENTO-REGIONAL-FUNCIONALIDADES-DO-CONTRATO-INTERMITENTE-NA-CIDADE-DE-CAMPINA-GRANDE-PB.pdf\">REFORMA TRABALHISTA E DESENVOLVIMENTO REGIONAL-FUNCIONALIDADES DO CONTRATO INTERMITENTE NA CIDADE DE CAMPINA GRANDE-PB<\/a><\/p>\n","protected":false},"excerpt":{"rendered":"<p>ALINE DE FARIAS ARA\u00daJO LIMA-EFETIVIDADE DO DIREITO \u00c0 EDUCA\u00c7\u00c3O AN\u00c1LISE DA ATUA\u00c7\u00c3O DA PROMOTORIA DE CAMPINA GRANDE &#8211; PB ANDRESA MONTENEGRO LIMA-PARAM\u00caTROS PARA IDENTIFICA\u00c7\u00c3O E CARACTERIZA\u00c7\u00c3O DE ASSENTAMENTOS PREC\u00c1RIOS EM CIDADES DE M\u00c9DIO PORTE- UMA AN\u00c1LISE DE CAMPINA GRANDE E PATOS &#8211; PB DOUGLAS CAVALCANTE DE ARA\u00daJO-A FORMA\u00c7\u00c3O DE MERCADOS INFORMAIS DE \u00c1GUA COMO ALTERNATIVA <a class=\"leiamais\" href=\"https:\/\/pos-graduacao.uepb.edu.br\/ppgdr\/dissertacoes-turma-2019\/\">Leia Mais&#8230;<\/a><\/p>\n","protected":false},"author":48,"featured_media":0,"parent":0,"menu_order":0,"comment_status":"closed","ping_status":"closed","template":"","meta":{"footnotes":""},"class_list":["post-3950","page","type-page","status-publish","hentry"],"_links":{"self":[{"href":"https:\/\/pos-graduacao.uepb.edu.br\/ppgdr\/wp-json\/wp\/v2\/pages\/3950","targetHints":{"allow":["GET"]}}],"collection":[{"href":"https:\/\/pos-graduacao.uepb.edu.br\/ppgdr\/wp-json\/wp\/v2\/pages"}],"about":[{"href":"https:\/\/pos-graduacao.uepb.edu.br\/ppgdr\/wp-json\/wp\/v2\/types\/page"}],"author":[{"embeddable":true,"href":"https:\/\/pos-graduacao.uepb.edu.br\/ppgdr\/wp-json\/wp\/v2\/users\/48"}],"replies":[{"embeddable":true,"href":"https:\/\/pos-graduacao.uepb.edu.br\/ppgdr\/wp-json\/wp\/v2\/comments?post=3950"}],"version-history":[{"count":16,"href":"https:\/\/pos-graduacao.uepb.edu.br\/ppgdr\/wp-json\/wp\/v2\/pages\/3950\/revisions"}],"predecessor-version":[{"id":4418,"href":"https:\/\/pos-graduacao.uepb.edu.br\/ppgdr\/wp-json\/wp\/v2\/pages\/3950\/revisions\/4418"}],"wp:attachment":[{"href":"https:\/\/pos-graduacao.uepb.edu.br\/ppgdr\/wp-json\/wp\/v2\/media?parent=3950"}],"curies":[{"name":"wp","href":"https:\/\/api.w.org\/{rel}","templated":true}]}}