{"id":3712,"date":"2020-10-06T10:27:10","date_gmt":"2020-10-06T13:27:10","guid":{"rendered":"https:\/\/pos-graduacao.uepb.edu.br\/ppgdr\/?page_id=3712"},"modified":"2020-10-06T10:27:10","modified_gmt":"2020-10-06T13:27:10","slug":"dissertacoes-turma-2009","status":"publish","type":"page","link":"https:\/\/pos-graduacao.uepb.edu.br\/ppgdr\/dissertacoes-turma-2009\/","title":{"rendered":"Disserta\u00e7\u00f5es-Turma 2009"},"content":{"rendered":"<p>AILSON RAMALHO OLIVEIRA DA COSTA-<a href=\"https:\/\/pos-graduacao.uepb.edu.br\/ppgdr\/files\/2020\/10\/OS-AGENTES-PARTICIPANTES-E-SUAS-INFLUENCIAS-NO-DESENVOLVIMENTO-DA-CADEIA-PRODUTIVA-DO-ALGODAO-NATURALMENTE-COLORIDO-DO-ESTADO-DA-PARAIBA.pdf\">OS AGENTES PARTICIPANTES E SUAS INFLU\u00caNCIAS NO DESENVOLVIMENTO DA CADEIA PRODUTIVA DO ALGOD\u00c3O NATURALMENTE COLORIDO DO ESTADO DA PARA\u00cdBA<\/a><\/p>\n<p>ANA CL\u00c1UDIA SANTOS PAPES-<a href=\"https:\/\/pos-graduacao.uepb.edu.br\/ppgdr\/files\/2020\/10\/A-CIDADE-TURISTICA-NA-BUSCA-DO-DESENVOLVIMENTO-ESTUDO-DE-CASO-REALIZADO-EM-CABACEIRAS-APOS-A-INSERCAO-DE-PROJETO-TURISMO-HISTORICO-CULTUTAL-NO-CARIRI-PARAIBANO.pdf\">A CIDADE TUR\u00cdSTICA NA BUSCA DO DESENVOLVIMENTO-ESTUDO DE CASO REALIZADO EM CABACEIRAS AP\u00d3S A INSER\u00c7\u00c3O DE PROJETO TURISMO HIST\u00d3RICO CULTUTAL NO CARIRI PARA\u00cdBANO<\/a><\/p>\n<p>BRUNO DANTAS MUNIZ DE BRITO-<a href=\"https:\/\/pos-graduacao.uepb.edu.br\/ppgdr\/files\/2020\/10\/TURISMO-DE-RESORTS-E-O-DESENVOLVIMENTO-DO-LITORAL-SUL-DA-PARAIBA.pdf\">TURISMO DE RESORTS E O DESENVOLVIMENTO DO LITORAL SUL DA PARA\u00cdBA<\/a><\/p>\n<p>CRISTIANNE MARIA BARBOSA CARNEIRO-<a href=\"https:\/\/pos-graduacao.uepb.edu.br\/ppgdr\/files\/2020\/10\/VERSO-E-REVERSO-DO-TRABALHO-INFORMAL-UMA-ANALISE-DO-APARATO-LEGAL-QUE-DESAMPARA-OS-TRABALHADORES-DO-SHOPPING-TERCEIRAO-EM-JOAO-PESSOA-PB.pdf\">VERSO E REVERSO DO TRABALHO INFORMAL-UMA AN\u00c1LISE DO APARATO LEGAL QUE (DES)AMPARA OS TRABALHADORES DO SHOPPING TERCEIR\u00c3O EM JO\u00c3O PESSOA-PB<\/a><\/p>\n<p>JOS\u00c9 ALMIR DE OLIVEIRA FILHO-<a href=\"https:\/\/pos-graduacao.uepb.edu.br\/ppgdr\/files\/2020\/10\/INFRAESTRUTURA-AEROPORTUARIA-E-O-DESENVOLVIMENTO-REGIONAL-O-CASO-DO-ESTADO-DA-PARAIBA.pdf\">INFRAESTRUTURA AEROPORTU\u00c1RIA E O DESENVOLVIMENTO REGIONAL-O CASO DO ESTADO DA PARA\u00cdBA<\/a><\/p>\n<p>JOS\u00c9 CARLOS ANTUNES DE MELO-<a href=\"https:\/\/pos-graduacao.uepb.edu.br\/ppgdr\/files\/2020\/10\/IMPACTOS-SOCIAIS-E-ECONOMICOS-DA-CRIACAO-DE-ASSENTAMENTOS-RURAIS-NO-MUNICIPIO-DE-SOSSEGO-PB.pdf\">IMPACTOS SOCIAIS E ECON\u00d4MICOS DA CRIA\u00c7\u00c3O DE ASSENTAMENTOS RURAIS NO MUNIC\u00cdPIO DE SOSSEGO-PB<\/a><\/p>\n<p>JURANI OLIVEIRA CLEMENTINO-<a href=\"https:\/\/pos-graduacao.uepb.edu.br\/ppgdr\/files\/2020\/10\/A-FERTILIDADE-DISCURSIVA-E-OS-FRUTOS-ESTEREIS-DA-SEMENTE-DA-PAIXAO-UMA-ANALISE-SOBRE-OS-BANCOS-DE-SEMENTES-COMUNITARIOS-DA-BORBOREMA.pdf\">A FERTILIDADE DISCURSIVA E OS FRUTOS EST\u00c9REIS DA SEMENTE DA PAIX\u00c3O- UMA AN\u00c1LISE SOBRE OS BANCOS DE SEMENTES COMUNIT\u00c1RIOS DA BORBOREMA<\/a><\/p>\n<p>LUCIANA GOMES DA SILVA-<a href=\"https:\/\/pos-graduacao.uepb.edu.br\/ppgdr\/files\/2020\/10\/PATRIMONIO-HISTORICO-E-DESENVOLVIMENTO-TURISTICO-REPRESENTACOES-E-ACOES-DOS-AGENTES-NA-RECONSTRUCAO-DE-AREIA.pdf\">PATRIM\u00d4NIO HIST\u00d3RICO E DESENVOLVIMENTO TUR\u00cdSTICO- REPRESENTA\u00c7\u00d5ES E A\u00c7\u00d5ES DOS AGENTES NA RECONSTRU\u00c7\u00c3O DE AREIA<\/a><\/p>\n<p>MARIA STELA LIRA BARBOZA DE BRITO-<a href=\"https:\/\/pos-graduacao.uepb.edu.br\/ppgdr\/files\/2020\/10\/O-SISTEMA-TRIBUTARIO-NACIONAL-NO-GOVERNO-LULA-AMARGO-PARA-O-TRABALHO-E-DOCE-PARA-A-CAPITAL.pdf\">O SISTEMA TRIBUT\u00c1RIO NACIONAL NO GOVERNO LULA-AMARGO PARA O TRABALHO E DOCE PARA A CAPITAL<\/a><\/p>\n<p>MARINA DE BRITO BARROS-<a href=\"https:\/\/pos-graduacao.uepb.edu.br\/ppgdr\/files\/2020\/10\/CONCEPCOES-E-PRATICAS-DE-INOVACAO-NAS-MPE\u00b4S-CALCADISTAS-DE-CAMPINA-GRANDE-\u2013-PB-A-QUESTAO-DA-COMPETITIVIDADE-DO-SETOR-E-A-RELACAO-COM-O-DESENVOLVIMENTO-LOCAL.pdf\">CONCEP\u00c7\u00d5ES E PR\u00c1TICAS DE INOVA\u00c7\u00c3O NAS MPE\u00b4S CAL\u00c7ADISTAS DE CAMPINA GRANDE \u2013 PB- A QUEST\u00c3O DA COMPETITIVIDADE DO SETOR E A RELA\u00c7\u00c3O COM O DESENVOLVIMENTO LOCAL<\/a><\/p>\n<p>REBECA CASEMIRO DE OLIVEIRA-<a href=\"https:\/\/pos-graduacao.uepb.edu.br\/ppgdr\/files\/2020\/10\/CIENCIA-TECNOLOGIA-E-DESENVOLVIMENTO-REGIONAL-UM-OLHAR-SOBRE-A-BOLSA-DCR-CNPQ-2001-2010.pdf\">CI\u00caNCIA &amp; TECNOLOGIA E DESENVOLVIMENTO REGIONAL-UM OLHAR SOBRE A BOLSA DCR (CNPQ 2001-2010)<\/a><\/p>\n<p>S\u00c9RGIO RICARDO DA COSTA SIMPL\u00cdCIO-<a href=\"https:\/\/pos-graduacao.uepb.edu.br\/ppgdr\/files\/2020\/10\/DIAGNOSTICO-DO-PROTESTANTISMO-NA-DECADA-2001-2010-NA-CIDADE-DE-SAO-SEBASTIAO-DE-LAGOA-DE-ROCA-PB-CRESCIMENTO-DESENVOLVIMENTO-OU-INTERESSES-INDIVIDUAIS.pdf\">DIAGN\u00d3STICO DO PROTESTANTISMO NA D\u00c9CADA (2001-2010) NA CIDADE DE S\u00c3O SEBASTI\u00c3O DE LAGOA DE RO\u00c7A-PB- CRESCIMENTO, DESENVOLVIMENTO OU INTERESSES INDIVIDUAIS<\/a><\/p>\n<p>T\u00daLIO AUGUSTO PAZ E ALBUQUERQUE-<a href=\"https:\/\/pos-graduacao.uepb.edu.br\/ppgdr\/files\/2020\/10\/VISOES-DE-NORDESTE-E-DE-DESENVOLVIMENTO-NO-CINEMA-NOVO-E-CINEMA-DA-RETOMADA.pdf\">VIS\u00d5ES DE NORDESTE E DE DESENVOLVIMENTO NO CINEMA NOVO E CINEMA DA RETOMADA<\/a><\/p>\n","protected":false},"excerpt":{"rendered":"<p>AILSON RAMALHO OLIVEIRA DA COSTA-OS AGENTES PARTICIPANTES E SUAS INFLU\u00caNCIAS NO DESENVOLVIMENTO DA CADEIA PRODUTIVA DO ALGOD\u00c3O NATURALMENTE COLORIDO DO ESTADO DA PARA\u00cdBA ANA CL\u00c1UDIA SANTOS PAPES-A CIDADE TUR\u00cdSTICA NA BUSCA DO DESENVOLVIMENTO-ESTUDO DE CASO REALIZADO EM CABACEIRAS AP\u00d3S A INSER\u00c7\u00c3O DE PROJETO TURISMO HIST\u00d3RICO CULTUTAL NO CARIRI PARA\u00cdBANO BRUNO DANTAS MUNIZ DE BRITO-TURISMO DE <a class=\"leiamais\" href=\"https:\/\/pos-graduacao.uepb.edu.br\/ppgdr\/dissertacoes-turma-2009\/\">Leia Mais&#8230;<\/a><\/p>\n","protected":false},"author":48,"featured_media":0,"parent":0,"menu_order":0,"comment_status":"closed","ping_status":"closed","template":"","meta":{"footnotes":""},"class_list":["post-3712","page","type-page","status-publish","hentry"],"_links":{"self":[{"href":"https:\/\/pos-graduacao.uepb.edu.br\/ppgdr\/wp-json\/wp\/v2\/pages\/3712","targetHints":{"allow":["GET"]}}],"collection":[{"href":"https:\/\/pos-graduacao.uepb.edu.br\/ppgdr\/wp-json\/wp\/v2\/pages"}],"about":[{"href":"https:\/\/pos-graduacao.uepb.edu.br\/ppgdr\/wp-json\/wp\/v2\/types\/page"}],"author":[{"embeddable":true,"href":"https:\/\/pos-graduacao.uepb.edu.br\/ppgdr\/wp-json\/wp\/v2\/users\/48"}],"replies":[{"embeddable":true,"href":"https:\/\/pos-graduacao.uepb.edu.br\/ppgdr\/wp-json\/wp\/v2\/comments?post=3712"}],"version-history":[{"count":1,"href":"https:\/\/pos-graduacao.uepb.edu.br\/ppgdr\/wp-json\/wp\/v2\/pages\/3712\/revisions"}],"predecessor-version":[{"id":3726,"href":"https:\/\/pos-graduacao.uepb.edu.br\/ppgdr\/wp-json\/wp\/v2\/pages\/3712\/revisions\/3726"}],"wp:attachment":[{"href":"https:\/\/pos-graduacao.uepb.edu.br\/ppgdr\/wp-json\/wp\/v2\/media?parent=3712"}],"curies":[{"name":"wp","href":"https:\/\/api.w.org\/{rel}","templated":true}]}}