{"id":3699,"date":"2020-12-21T12:10:12","date_gmt":"2020-12-21T15:10:12","guid":{"rendered":"https:\/\/pos-graduacao.uepb.edu.br\/ppgdr\/?page_id=3699"},"modified":"2021-06-27T08:59:11","modified_gmt":"2021-06-27T11:59:11","slug":"dissertacoes-turma-2018","status":"publish","type":"page","link":"https:\/\/pos-graduacao.uepb.edu.br\/ppgdr\/dissertacoes-turma-2018\/","title":{"rendered":"Disserta\u00e7\u00f5es-Turma 2018"},"content":{"rendered":"<p>DANIELA BRITO RAMOS-<a href=\"https:\/\/pos-graduacao.uepb.edu.br\/ppgdr\/files\/2020\/09\/TECNOLOGIAS-HIDRICAS-SOCIAIS-COMO-ESTRATEGIAS-DE-CONVIVENCIA-COM-A-SECA-NO-RECORTE-GEOGRAFICO-DE-SUME-PB.pdf\">TECNOLOGIAS H\u00cdDRICAS SOCIAIS COMO ESTRAT\u00c9GIAS DE CONVIV\u00caNCIA COM A SECA NO RECORTE GEOGR\u00c1FICO DE SUM\u00c9, PB<\/a><\/p>\n<p>DANILO CAVALCANTE DE SOUSA FORTE-<a href=\"https:\/\/pos-graduacao.uepb.edu.br\/ppgdr\/files\/2020\/09\/ASPECTOS-SOCIOECONOMICOS-CULTURAIS-E-POLITICOS-DA-CONTRIBUICAO-DO-CAMPUS-IV-DA-UNIVERSIDADE-ESTADUAL-DA-PARAIBA-NO-MUNICIPIO-DE-CATOLE-DO-ROCHA-PB.pdf\">ASPECTOS SOCIOECON\u00d4MICOS, CULTURAIS E POL\u00cdTICOS DA CONTRIBUI\u00c7\u00c3O DO CAMPUS IV DA UNIVERSIDADE ESTADUAL DA PARA\u00cdBA NO MUNIC\u00cdPIO DE CATOL\u00c9 DO ROCHA-PB<\/a><\/p>\n<p>GIBRAN MONTTE DE AZEV\u00caDO SANTOS-<a href=\"https:\/\/pos-graduacao.uepb.edu.br\/ppgdr\/files\/2021\/06\/ANALISE-SOCIOECONOMICA-DA-PESCA-ARTESANAL-NO-INTERIOR-DA-PARAIBA-ESTUDO-DO-CASO-DA-COLONIA-DE-PESCADORES-E-AQUICULTORES-Z-21-JUAZEIRINHO-PB.pdf\">AN\u00c1LISE SOCIOECON\u00d4MICA DA PESCA ARTESANAL NO INTERIOR DA PARA\u00cdBA-ESTUDO DO CASO DA COL\u00d4NIA DE PESCADORES E AQUICULTORES Z-21, JUAZEIRINHO-PB<\/a><\/p>\n<p>GISL\u00c2NIA DANTAS DE ANDRADE-<a href=\"https:\/\/pos-graduacao.uepb.edu.br\/ppgdr\/files\/2021\/04\/O-PROGRAMA-NACIONAL-DE-ALIMENTACAO-ESCOLAR-PROCESSOS-PROCEDIMENTOS-E-DILEMAS-NO-MUNICIPIO-DE-CAMPINA-GRANDE-\u2013-PB-2018.pdf\">O PROGRAMA NACIONAL DE ALIMENTA\u00c7\u00c3O ESCOLAR- PROCESSOS, PROCEDIMENTOS E DILEMAS NO MUNIC\u00cdPIO DE CAMPINA GRANDE \u2013 PB-2018<\/a><\/p>\n<p>ILANA DRIELE MENDES DA CUNHA LIMA-<a href=\"https:\/\/pos-graduacao.uepb.edu.br\/ppgdr\/files\/2020\/09\/A-VIOLENCIA-SILENCIOSA-UM-ESTUDO-SOBRE-A-VIOLENCIA-DOMESTICA-E-SUAS-CONSEQUENCIAS-NO-MUNICIPIO-DE-CAMPINA-GRANDE-\u2013-PB.pdf\">A VIOL\u00caNCIA SILENCIOSA- UM ESTUDO SOBRE A VIOL\u00caNCIA DOM\u00c9STICA E SUAS CONSEQU\u00caNCIAS NO MUNIC\u00cdPIO DE CAMPINA GRANDE \u2013 PB<\/a><\/p>\n<p>JO\u00c3O PAULO FERNANDES DE LIMA-<a href=\"https:\/\/pos-graduacao.uepb.edu.br\/ppgdr\/files\/2020\/09\/NOVO-DESENVOLVIMENTISMO-E-TEORIA-MARXISTA-DA-DEPENDENCIA-UM-OLHAR-PARA-O-NORDESTE-BRASILEIRO-2003-2010.pdf\">NOVO DESENVOLVIMENTISMO E TEORIA MARXISTA DA DEPEND\u00caNCIA-UM OLHAR PARA O NORDESTE BRASILEIRO -2003-2010<\/a><\/p>\n<p>J\u00daLIA DA N\u00d3BREGA MEDEIROS-<a href=\"https:\/\/pos-graduacao.uepb.edu.br\/ppgdr\/files\/2020\/09\/DESENVOLVIMENTO-PERIFERICO-HISTORIA-ORAL-DE-VIDA-DO-TRABALHO-INFANTIL-NA-FEIRA-CENTRAL-DE-CAMPINA-GRANDE-NAS-DECADAS-DE-1960-E-1970.pdf\">DESENVOLVIMENTO PERIF\u00c9RICO-HIST\u00d3RIA ORAL DE VIDA DO TRABALHO INFANTIL NA FEIRA CENTRAL DE CAMPINA GRANDE NAS D\u00c9CADAS DE 1960 E 1970<\/a><\/p>\n<p>LUCAS RIBEIRO NOVAIS DE ARA\u00daJO-<a href=\"https:\/\/pos-graduacao.uepb.edu.br\/ppgdr\/files\/2021\/02\/CENARIZACAO-HIDRICA-DE-CAMPINA-GRANDE-PB-UMA-CONTRIBUICAO-PARA-A-GESTAO-DA-AGUA-E-O-DESENVOLVIMENTO-REGIONAL-2.pdf\">CENARIZA\u00c7\u00c3O H\u00cdDRICA DE CAMPINA GRANDE-PB -UMA CONTRIBUI\u00c7\u00c3O PARA A GEST\u00c3O DA \u00c1GUA E O DESENVOLVIMENTO REGIONAL<\/a><\/p>\n<p>MILENA BARROS MARQUES DOS SANTOS-<a href=\"https:\/\/pos-graduacao.uepb.edu.br\/ppgdr\/files\/2020\/09\/DESIGUALDADES-DIGITAIS-E-DESIGUALDADES-ESTRUTURAIS-UM-ESTUDO-NO-CONTEXTO-DO-DESENVOLVIMENTO-NO-SEMIARIDO-BRASILEIRO.pdf\">DESIGUALDADES DIGITAIS E DESIGUALDADES ESTRUTURAIS- UM ESTUDO NO CONTEXTO DO DESENVOLVIMENTO NO SEMI\u00c1RIDO BRASILEIRO<\/a><\/p>\n<p>MOACI ARNALDO DE SOUZA-<a href=\"https:\/\/pos-graduacao.uepb.edu.br\/ppgdr\/files\/2020\/09\/ARRANJOS-PRODUTIVOS-LOCAIS-NO-BRASIL-E-NA-PARAIBA-UMA-ANALISE-TEORICO-CONCEITUAL-NORMATIVA-E-EXPERIENCIAL-DE-UM-MODELO-DE-DESENVOLVIMENTO.pdf\">ARRANJOS PRODUTIVOS LOCAIS NO BRASIL E NA PARA\u00cdBA- UMA AN\u00c1LISE TE\u00d3RICO-CONCEITUAL, NORMATIVA E EXPERIENCIAL DE UM MODELO DE DESENVOLVIMENTO<\/a><\/p>\n<p>PEDRO GOMES MARANH\u00c3O DE ARA\u00daJO-<a href=\"https:\/\/pos-graduacao.uepb.edu.br\/ppgdr\/files\/2021\/04\/DO-ACUCAR-AOS-SUVS-ANALISE-DA-INDUSTRIA-DE-TRANSFORMACAO-PERNAMBUCANA-A-PARTIR-DO-SECULO-XX.pdf\">DO A\u00c7\u00daCAR AOS SUVS- AN\u00c1LISE DA IND\u00daSTRIA DE TRANSFORMA\u00c7\u00c3O PERNAMBUCANA A PARTIR DO S\u00c9CULO XX<\/a><\/p>\n<p>RODRIGO AUGUSTO MOURA MIRANDA-<a href=\"https:\/\/pos-graduacao.uepb.edu.br\/ppgdr\/files\/2021\/03\/GOVERNANCA-DA-AGUA-NA-REGIAO-METROPOLITANA-DE-CAMPINA-GRANDE-\u2013-PB-ENTRE-A-LEI-E-A-REALIDADE.pdf\">GOVERNAN\u00c7A DA \u00c1GUA NA REGI\u00c3O METROPOLITANA DE CAMPINA GRANDE \u2013 PB-ENTRE A LEI E A REALIDADE<\/a><\/p>\n<p>T\u00c1SSYLA FERREIRA DA SILVA-<a href=\"https:\/\/pos-graduacao.uepb.edu.br\/ppgdr\/files\/2021\/03\/AS-TESSITURAS-DO-ARRANJO-PRODUTIVO-LOCAL-COUREIRO-CALCADISTA-EM-CAMPINA-GRANDE-PB-NO-ENREDO-DAS-TEORIAS-DO-DESENVOLVIMENTO-LOCAL.pdf\">AS TESSITURAS DO ARRANJO PRODUTIVO LOCAL COUREIRO CAL\u00c7ADISTA EM CAMPINA GRANDE-PB NO ENREDO DAS TEORIAS DO DESENVOLVIMENTO LOCAL<\/a><\/p>\n<p>&nbsp;<\/p>\n","protected":false},"excerpt":{"rendered":"<p>DANIELA BRITO RAMOS-TECNOLOGIAS H\u00cdDRICAS SOCIAIS COMO ESTRAT\u00c9GIAS DE CONVIV\u00caNCIA COM A SECA NO RECORTE GEOGR\u00c1FICO DE SUM\u00c9, PB DANILO CAVALCANTE DE SOUSA FORTE-ASPECTOS SOCIOECON\u00d4MICOS, CULTURAIS E POL\u00cdTICOS DA CONTRIBUI\u00c7\u00c3O DO CAMPUS IV DA UNIVERSIDADE ESTADUAL DA PARA\u00cdBA NO MUNIC\u00cdPIO DE CATOL\u00c9 DO ROCHA-PB GIBRAN MONTTE DE AZEV\u00caDO SANTOS-AN\u00c1LISE SOCIOECON\u00d4MICA DA PESCA ARTESANAL NO INTERIOR DA <a class=\"leiamais\" href=\"https:\/\/pos-graduacao.uepb.edu.br\/ppgdr\/dissertacoes-turma-2018\/\">Leia Mais&#8230;<\/a><\/p>\n","protected":false},"author":48,"featured_media":0,"parent":0,"menu_order":0,"comment_status":"closed","ping_status":"closed","template":"","meta":{"footnotes":""},"class_list":["post-3699","page","type-page","status-publish","hentry"],"_links":{"self":[{"href":"https:\/\/pos-graduacao.uepb.edu.br\/ppgdr\/wp-json\/wp\/v2\/pages\/3699","targetHints":{"allow":["GET"]}}],"collection":[{"href":"https:\/\/pos-graduacao.uepb.edu.br\/ppgdr\/wp-json\/wp\/v2\/pages"}],"about":[{"href":"https:\/\/pos-graduacao.uepb.edu.br\/ppgdr\/wp-json\/wp\/v2\/types\/page"}],"author":[{"embeddable":true,"href":"https:\/\/pos-graduacao.uepb.edu.br\/ppgdr\/wp-json\/wp\/v2\/users\/48"}],"replies":[{"embeddable":true,"href":"https:\/\/pos-graduacao.uepb.edu.br\/ppgdr\/wp-json\/wp\/v2\/comments?post=3699"}],"version-history":[{"count":12,"href":"https:\/\/pos-graduacao.uepb.edu.br\/ppgdr\/wp-json\/wp\/v2\/pages\/3699\/revisions"}],"predecessor-version":[{"id":3983,"href":"https:\/\/pos-graduacao.uepb.edu.br\/ppgdr\/wp-json\/wp\/v2\/pages\/3699\/revisions\/3983"}],"wp:attachment":[{"href":"https:\/\/pos-graduacao.uepb.edu.br\/ppgdr\/wp-json\/wp\/v2\/media?parent=3699"}],"curies":[{"name":"wp","href":"https:\/\/api.w.org\/{rel}","templated":true}]}}