{"id":3625,"date":"2020-09-22T12:24:49","date_gmt":"2020-09-22T15:24:49","guid":{"rendered":"https:\/\/pos-graduacao.uepb.edu.br\/ppgdr\/?page_id=3625"},"modified":"2020-09-22T12:54:52","modified_gmt":"2020-09-22T15:54:52","slug":"dissertacoes-turma-2017","status":"publish","type":"page","link":"https:\/\/pos-graduacao.uepb.edu.br\/ppgdr\/dissertacoes-turma-2013\/dissertacoes-e-teses\/dissertacoes-turma-2017\/","title":{"rendered":"Disserta\u00e7\u00f5es-Turma 2017"},"content":{"rendered":"<p>ADOLFO DE LUNA MATIAS-<a href=\"https:\/\/pos-graduacao.uepb.edu.br\/ppgdr\/files\/2020\/09\/ANALISE-DO-GRAU-DE-ESPESSURA-DA-POLITICA-PUBLICA-UMA-ANALISE-COMPARATIVA-ENTRE-AS-CIDADES-DE-CAMPINA-GRANDE-E-JOAO-PESSOA-PB.pdf\">AN\u00c1LISE DO GRAU DE ESPESSURA DA POL\u00cdTICA P\u00daBLICA-UMA AN\u00c1LISE COMPARATIVA ENTRE AS CIDADES DE CAMPINA GRANDE E JO\u00c3O PESSOA-PB<\/a><\/p>\n<p>ANDREYA DESSOLES MARQUES-<a href=\"https:\/\/pos-graduacao.uepb.edu.br\/ppgdr\/files\/2020\/09\/ESPACO-URBANO-DESENVOLVIMENTO-E-ARBOVIROSES-EM-CAMPINA-GRANDE-PB-OS-ELOS-INVISIVEIS-DO-ADOECIMENTO.pdf\">ESPA\u00c7O URBANO, DESENVOLVIMENTO E ARBOVIROSES EM CAMPINA GRANDE-PB-OS ELOS INVIS\u00cdVEIS DO ADOECIMENTO<\/a><\/p>\n<p>ANSELMO RONSARD CAVALCANTI-<a href=\"https:\/\/pos-graduacao.uepb.edu.br\/ppgdr\/files\/2020\/09\/POLITICA-PUBLICA-DE-HABITACAO-E-O-DESENVOLVIMENTO-REGIONAL-ANALISE-DO-COMPLEXO-MULTIMODAL-ALUIZIO-CAMPOS-EM-CAMPINA-GRANDE-PB.pdf\">POL\u00cdTICA P\u00daBLICA DE HABITA\u00c7\u00c3O E O DESENVOLVIMENTO REGIONAL-AN\u00c1LISE DO COMPLEXO MULTIMODAL ALU\u00cdZIO CAMPOS EM CAMPINA GRANDE- PB<\/a><\/p>\n<p>CALLINE NEVES DE QUEIROZ CLAUDINO-<a href=\"https:\/\/pos-graduacao.uepb.edu.br\/ppgdr\/files\/2020\/09\/DESENVOLVIMENTO-E-SAUDE-UM-ESTUDO-SOBRE-AS-MAES-DE-CRIANCAS-COM-MICROCEFALIA-NOS-MUNICIPIOS-DO-CONSORCIO-SAO-SARUE.pdf\">DESENVOLVIMENTO E SA\u00daDE- UM ESTUDO SOBRE AS M\u00c3ES DE CRIAN\u00c7AS COM MICROCEFALIA NOS MUNIC\u00cdPIOS DO CONS\u00d3RCIO S\u00c3O SARU\u00ca<\/a><\/p>\n<p>DENYMAGNA SILVA-<a href=\"https:\/\/pos-graduacao.uepb.edu.br\/ppgdr\/files\/2020\/09\/A-DINAMICA-DA-ATIVIDADE-DO-TURISMO-ARQUEOLOGICO-E-A-PERSPECTIVA-DE-DESENVOLVIMENTO-NO-MUNICIPIO-DE-INGA-PB.pdf\">A DIN\u00c2MICA DA ATIVIDADE DO TURISMO ARQUEOL\u00d3GICO E A PERSPECTIVA DE DESENVOLVIMENTO NO MUNIC\u00cdPIO DE ING\u00c1, PB<\/a><\/p>\n<p>EMMANUELLA FAISSALLA ARA\u00daJO DA SILVA-<a href=\"https:\/\/pos-graduacao.uepb.edu.br\/ppgdr\/files\/2020\/09\/ACESSIBILIDADE-PARA-PESSOAS-SURDAS-NO-DESENVOLVIMENTO-DE-CAMPINA-GRANDE-PB.pdf\">ACESSIBILIDADE PARA PESSOAS SURDAS NO DESENVOLVIMENTO DE CAMPINA GRANDE-PB<\/a><\/p>\n<p>FABIANA DE MIRANDA SILVA-<a href=\"https:\/\/pos-graduacao.uepb.edu.br\/ppgdr\/files\/2020\/09\/A-RENDA-RENASCENCA-NA-PARAIBA-ENREDOS-DE-CULTURA-MODA-E-DESENVOLVIMENTO.pdf\">A RENDA RENASCEN\u00c7A NA PARA\u00cdBA-ENREDOS DE CULTURA, MODA E DESENVOLVIMENTO<\/a><\/p>\n<p>F\u00c1BIO SILVA BARRETO-<a href=\"https:\/\/pos-graduacao.uepb.edu.br\/ppgdr\/files\/2020\/09\/ESTRATEGIAS-DE-GESTAO-PUBLICA-EM-SAUDE-UMA-ANALISE-DO-CONTROLE-DA-TRIPLICE-EPIDEMIA-DE-ARBOVIROSES-NOS-MUNICIPIOS-DE-ASSUNCAO-PB-LIVRAMENTO-PB-E-JUAZEIRINHO-PB.pdf\">ESTRAT\u00c9GIAS DE GEST\u00c3O P\u00daBLICA EM SA\u00daDE-UMA AN\u00c1LISE DO CONTROLE DA TR\u00cdPLICE EPIDEMIA DE ARBOVIROSES NOS MUNIC\u00cdPIOS DE ASSUN\u00c7\u00c3O-PB, LIVRAMENTO-PB E JUAZEIRINHO-PB<\/a><\/p>\n<p>FERNANDA BARBOSA FERREIRA-<a href=\"https:\/\/pos-graduacao.uepb.edu.br\/ppgdr\/files\/2020\/09\/DESENVOLVIMENTO-REGIONAL-E-POLITICAS-PUBLICAS-DE-INCENTIVO-A-INOVACAO-OS-NUCLEOS-DE-INOVACAO-TECNOLOGICA-NIT-NAS-UNIVERSIDADES-PUBLICAS-DA-PARAIBA.pdf\">DESENVOLVIMENTO REGIONAL E POL\u00cdTICAS P\u00daBLICAS DE INCENTIVO \u00c0 INOVA\u00c7\u00c3O-OS N\u00daCLEOS DE INOVA\u00c7\u00c3O TECNOL\u00d3GICA -NIT- NAS UNIVERSIDADES P\u00daBLICAS DA PARA\u00cdBA<\/a><\/p>\n<p>GEOVANNE SILVA DOS SANTOS-<a href=\"https:\/\/pos-graduacao.uepb.edu.br\/ppgdr\/files\/2020\/09\/A-IMPLANTACAO-DO-SISTEMA-MUNICIPAL-DE-CULTURA-EM-CAMPINA-GRANDE.pdf\">A IMPLANTA\u00c7\u00c3O DO SISTEMA MUNICIPAL DE CULTURA EM CAMPINA GRANDE<\/a><\/p>\n<p>GET\u00daLIO PAMPLONA DE SOUSA-<a href=\"https:\/\/pos-graduacao.uepb.edu.br\/ppgdr\/files\/2020\/09\/DIAGNOSTICO-SOCIOECONOMICO-DOS-ARRANJOS-PRODUTIVOS-DE-CALCADOS-CONTRIBUICAO-PARA-O-DESENVOLVIMENTO-DE-CAMPINA-GRANDE-PB.pdf\">DIAGN\u00d3STICO SOCIOECON\u00d4MICO DOS ARRANJOS PRODUTIVOS DE CAL\u00c7ADOS-CONTRIBUI\u00c7\u00c3O PARA O DESENVOLVIMENTO DE CAMPINA GRANDE, PB<\/a><\/p>\n<p>JOAB DAS NEVES CORREIA-<a href=\"https:\/\/pos-graduacao.uepb.edu.br\/ppgdr\/files\/2020\/09\/CENARIOS-DE-IMPACTOS-SOCIOAMBIENTAIS-RURAL-URBANO-E-RURBANO-A-PARTIR-DO-CANAL-DE-TRANSPOSICAO-DO-EIXO-LESTE-DO-RIO-SAO-FRANCISCO-EM-MONTEIRO-PB.pdf\">CEN\u00c1RIOS DE IMPACTOS SOCIOAMBIENTAIS RURAL, URBANO E RURBANO A PARTIR DO CANAL DE TRANSPOSI\u00c7\u00c3O DO EIXO LESTE DO RIO S\u00c3O FRANCISCO EM MONTEIRO-PB<\/a><\/p>\n<p>LARYSSA DE ALMEIDA DONATO-<a href=\"https:\/\/pos-graduacao.uepb.edu.br\/ppgdr\/files\/2020\/09\/AGUA-PARA-TODOS-OU-PARA-QUEM-PODE-PAGAR-CONTORNOS-E-DIFICULDADES-DO-ACESSO-A-AGUA-ENQUANTO-DIREITO-HUMANO-FUNDAMENTAL.pdf\">\u00c1GUA PARA TODOS OU PARA QUEM PODE PAGAR- CONTORNOS E DIFICULDADES DO ACESSO \u00c0 \u00c1GUA ENQUANTO DIREITO HUMANO FUNDAMENTAL<\/a><\/p>\n<p>LAURA LINS DANTAS ALBUQUERQUE-<a href=\"https:\/\/pos-graduacao.uepb.edu.br\/ppgdr\/files\/2020\/09\/POLITICA-PUBLICA-DE-MOBILIDADE-URBANA-E-DESENVOLVIMENTO-SOCIOECONOMICO-DE-CAMPINA-GRANDE.pdf\">POL\u00cdTICA P\u00daBLICA DE MOBILIDADE URBANA E DESENVOLVIMENTO SOCIOECON\u00d4MICO DE CAMPINA GRANDE<\/a><\/p>\n<p>M\u00d4NICA JUSTINO DA SILVA-<a href=\"https:\/\/pos-graduacao.uepb.edu.br\/ppgdr\/files\/2020\/09\/IMPACTO-DAS-ACOES-DE-INTERVENCAO-DA-UAMA-NO-ENFRENTAMENTO-DE-ASSIMETRIAS-LOCAIS-PARA-A-QUALIDADE-DE-VIDA-MULTIDIMENSIONAL-NOS-IDOSOS-CAMPINENSES.pdf\">IMPACTO DAS A\u00c7\u00d5ES DE INTERVEN\u00c7\u00c3O DA UAMA NO ENFRENTAMENTO DE ASSIMETRIAS LOCAIS PARA A QUALIDADE DE VIDA MULTIDIMENSIONAL NOS IDOSOS CAMPINENSES<\/a><\/p>\n<p>TACIANA IN\u00caS NUNES DE LUCENA-<a href=\"https:\/\/pos-graduacao.uepb.edu.br\/ppgdr\/files\/2020\/09\/DESENVOLVIMENTO-E-VIOLENCIA-NO-INTERIOR-DA-PARAIBA-ANALISE-DO-CRESCIMENTO-ECONOMICO-E-AUMENTO-DA-CRIMINALIDADE-NO-MUNICIPIO-DE-CONCEICAO.pdf\">DESENVOLVIMENTO E VIOL\u00caNCIA NO INTERIOR DA PARA\u00cdBA- AN\u00c1LISE DO CRESCIMENTO ECON\u00d4MICO E AUMENTO DA CRIMINALIDADE NO MUNIC\u00cdPIO DE CONCEI\u00c7\u00c3O<\/a><\/p>\n<p>VIVIANE MARIA COSTA HALULE MIRANDA-<a href=\"https:\/\/pos-graduacao.uepb.edu.br\/ppgdr\/files\/2020\/09\/SAUDE-E-DESENVOLVIMENTO-EM-PEQUENAS-CIDADES-DO-SEMIARIDO-NORDESTINO-UM-ESTUDO-DAS-POLITICAS-DE-ENFRENTAMENTO-DO-AEDES-AEGYPTI.pdf\">SA\u00daDE E DESENVOLVIMENTO EM PEQUENAS CIDADES DO SEMI\u00c1RIDO NORDESTINO-UM ESTUDO DAS POL\u00cdTICAS DE ENFRENTAMENTO DO AEDES AEGYPTI<\/a><\/p>\n","protected":false},"excerpt":{"rendered":"<p>ADOLFO DE LUNA MATIAS-AN\u00c1LISE DO GRAU DE ESPESSURA DA POL\u00cdTICA P\u00daBLICA-UMA AN\u00c1LISE COMPARATIVA ENTRE AS CIDADES DE CAMPINA GRANDE E JO\u00c3O PESSOA-PB ANDREYA DESSOLES MARQUES-ESPA\u00c7O URBANO, DESENVOLVIMENTO E ARBOVIROSES EM CAMPINA GRANDE-PB-OS ELOS INVIS\u00cdVEIS DO ADOECIMENTO ANSELMO RONSARD CAVALCANTI-POL\u00cdTICA P\u00daBLICA DE HABITA\u00c7\u00c3O E O DESENVOLVIMENTO REGIONAL-AN\u00c1LISE DO COMPLEXO MULTIMODAL ALU\u00cdZIO CAMPOS EM CAMPINA GRANDE- PB <a class=\"leiamais\" href=\"https:\/\/pos-graduacao.uepb.edu.br\/ppgdr\/dissertacoes-turma-2013\/dissertacoes-e-teses\/dissertacoes-turma-2017\/\">Leia Mais&#8230;<\/a><\/p>\n","protected":false},"author":48,"featured_media":0,"parent":30,"menu_order":0,"comment_status":"closed","ping_status":"closed","template":"","meta":{"footnotes":""},"class_list":["post-3625","page","type-page","status-publish","hentry"],"_links":{"self":[{"href":"https:\/\/pos-graduacao.uepb.edu.br\/ppgdr\/wp-json\/wp\/v2\/pages\/3625","targetHints":{"allow":["GET"]}}],"collection":[{"href":"https:\/\/pos-graduacao.uepb.edu.br\/ppgdr\/wp-json\/wp\/v2\/pages"}],"about":[{"href":"https:\/\/pos-graduacao.uepb.edu.br\/ppgdr\/wp-json\/wp\/v2\/types\/page"}],"author":[{"embeddable":true,"href":"https:\/\/pos-graduacao.uepb.edu.br\/ppgdr\/wp-json\/wp\/v2\/users\/48"}],"replies":[{"embeddable":true,"href":"https:\/\/pos-graduacao.uepb.edu.br\/ppgdr\/wp-json\/wp\/v2\/comments?post=3625"}],"version-history":[{"count":4,"href":"https:\/\/pos-graduacao.uepb.edu.br\/ppgdr\/wp-json\/wp\/v2\/pages\/3625\/revisions"}],"predecessor-version":[{"id":3657,"href":"https:\/\/pos-graduacao.uepb.edu.br\/ppgdr\/wp-json\/wp\/v2\/pages\/3625\/revisions\/3657"}],"up":[{"embeddable":true,"href":"https:\/\/pos-graduacao.uepb.edu.br\/ppgdr\/wp-json\/wp\/v2\/pages\/30"}],"wp:attachment":[{"href":"https:\/\/pos-graduacao.uepb.edu.br\/ppgdr\/wp-json\/wp\/v2\/media?parent=3625"}],"curies":[{"name":"wp","href":"https:\/\/api.w.org\/{rel}","templated":true}]}}