{"id":3440,"date":"2020-05-20T11:29:12","date_gmt":"2020-05-20T14:29:12","guid":{"rendered":"https:\/\/pos-graduacao.uepb.edu.br\/ppgdr\/?page_id=3440"},"modified":"2020-09-23T11:02:07","modified_gmt":"2020-09-23T14:02:07","slug":"dissertacoes-turma-2016","status":"publish","type":"page","link":"https:\/\/pos-graduacao.uepb.edu.br\/ppgdr\/dissertacoes-turma-2016\/","title":{"rendered":"Disserta\u00e7\u00f5es- Turma 2016"},"content":{"rendered":"<p>ABRA\u00c3O BATISTA COSTA-<a href=\"https:\/\/pos-graduacao.uepb.edu.br\/ppgdr\/files\/2020\/09\/DISCURSOS-SOBRE-OS-EFEITOS-DAS-POLITICAS-PUBLICAS-DE-TRANSFERENCIA-DE-RENDA-NO-BRASIL-SOBRE-DINAMICAS-ECONOMICAS-E-SOCIAIS-DE-DESENVOLVIMENTO-O-CASO-DO-PROGRAMA-BOLSA-FAMILIA-EM-CATOLE-DO-ROCHA.pdf\">DISCURSOS SOBRE OS EFEITOS DAS POL\u00cdTICAS P\u00daBLICAS DE TRANSFER\u00caNCIA DE RENDA NO BRASIL SOBRE DIN\u00c2MICAS ECON\u00d4MICAS E SOCIAIS DE DESENVOLVIMENTO-O CASO DO PROGRAMA BOLSA FAM\u00cdLIA, EM CATOL\u00c9 DO ROCHA<\/a><\/p>\n<p>ALLAN CARLOS ALVES-<a href=\"https:\/\/pos-graduacao.uepb.edu.br\/ppgdr\/files\/2020\/09\/INVESTIMENTOS-EM-SANEAMENTO-BASICO-NO-CONSORCIO-SAO-SURUE-NA-PARAIBA-CONTRIBUICAO-PARA-UMA-AGENDA-DE-LEITURA-E-INVESTIGACAO-DA-RELACAO-SAUDE-E-DESENVOLVIMENTO-NO-SEMIARIDO.pdf\">INVESTIMENTOS EM SANEAMENTO B\u00c1SICO NO CONS\u00d3RCIO S\u00c3O SURU\u00ca, NA PARA\u00cdBA-CONTRIBUI\u00c7\u00c3O PARA UMA AGENDA DE LEITURA E INVESTIGA\u00c7\u00c3O DA RELA\u00c7\u00c3O SA\u00daDE E DESENVOLVIMENTO NO SEMI\u00c1RIDO<\/a><\/p>\n<p>ANA CARLA SOUTO DE OLIVEIRA-<a href=\"https:\/\/pos-graduacao.uepb.edu.br\/ppgdr\/files\/2020\/09\/POLITICAS-PUBLICAS-DE-INOVACAO-E-O-DESENVOLVIMENTO-O-CASO-DO-SETOR-MOVELEIRO-DE-CAMPINA-GRANDE-\u2013-PB.pdf\">POL\u00cdTICAS P\u00daBLICAS DE INOVA\u00c7\u00c3O E O DESENVOLVIMENTO- O CASO DO SETOR MOVELEIRO DE CAMPINA GRANDE \u2013 PB<\/a><\/p>\n<p>ANDR\u00c9 VASCONCELOS-<a href=\"https:\/\/pos-graduacao.uepb.edu.br\/ppgdr\/files\/2020\/09\/TRIUNFO-PE-UMA-ANALISE-DA-RELACAO-ENTRE-DESENVOLVIMENTO-TURISMO-E-CULTURA-NO-SERTAO-DO-NORDESTE.pdf\">TRIUNFO -PE- UMA AN\u00c1LISE DA RELA\u00c7\u00c3O ENTRE DESENVOLVIMENTO, TURISMO E CULTURA NO SERT\u00c3O DO NORDESTE<\/a><\/p>\n<p>GIOVANA CARNEIRO PIRES FERREIRA-<a href=\"https:\/\/pos-graduacao.uepb.edu.br\/ppgdr\/files\/2020\/09\/CRISE-DO-FINANCIAMENTO-DO-ENSINO-SUPERIOR-O-CASO-DA-UNIVERSIDADE-ESTADUAL-DA-PARAIBA-NA-VIGENCIA-DA-LEI-No-7.643-2004.pdf\">CRISE DO FINANCIAMENTO DO ENSINO SUPERIOR-O CASO DA UNIVERSIDADE ESTADUAL DA PARA\u00cdBA NA VIG\u00caNCIA DA LEI N\u00ba 7.643-2004<\/a><\/p>\n<p>GLAUCE SUELY J\u00c1COME DA SILVA-<a href=\"https:\/\/pos-graduacao.uepb.edu.br\/ppgdr\/files\/2020\/09\/POLITICAS-PUBLICAS-DE-INOVACAO-E-O-DESENVOLVIMENTO-O-CASO-DO-SETOR-MOVELEIRO-DE-CAMPINA-GRANDE-\u2013-PB-1.pdf\">POL\u00cdTICAS P\u00daBLICAS DE INOVA\u00c7\u00c3O E O DESENVOLVIMENTO- O CASO DO SETOR MOVELEIRO DE CAMPINA GRANDE \u2013 PB<\/a><\/p>\n<p>LAISE MOSCOSO BRAGA-<a href=\"https:\/\/pos-graduacao.uepb.edu.br\/ppgdr\/files\/2020\/09\/CULTURA-ECONOMIA-CRIATIVA-E-DESENVOLVIMENTO-UMA-ANALISE-DO-CINEMA-POS-RETOMADA-PARAIBANO.pdf\">CULTURA, ECONOMIA CRIATIVA E DESENVOLVIMENTO &#8211; UMA AN\u00c1LISE DO CINEMA P\u00d3S-RETOMADA PARAIBANO<\/a><\/p>\n<p>MARIA EDUARDA DIAS DE ARA\u00daJO-<a href=\"https:\/\/pos-graduacao.uepb.edu.br\/ppgdr\/files\/2020\/09\/UMA-ANALISE-DO-PROGRAMA-NACIONAL-DE-FORTALECIMENTO-DA-AGRICULTURA-FAMILIAR-\u2013PRONAF-EM-CAMPINA-GRANDE-\u2013-PB.pdf\">UMA AN\u00c1LISE DO PROGRAMA NACIONAL DE FORTALECIMENTO DA AGRICULTURA FAMILIAR \u2013PRONAF- EM CAMPINA GRANDE \u2013 PB<\/a><\/p>\n<p>MARIANA ANDRADE BEZERRA-<a href=\"https:\/\/pos-graduacao.uepb.edu.br\/ppgdr\/files\/2020\/09\/MINHA-CASA-NOSSO-MURO-CIDADES-DELES-UMA-ANALISE-A-PARTIR-DO-LOTEAMENTO-ALPHAVILLE-E-DO-CONDOMINIO-SERRA-VILLE-RESIDENCE-PRIVE-EM-CAMPINA-GRANDE-\u2013PB.pdf\">MINHA CASA, NOSSO MURO, CIDADES DELES- UMA AN\u00c1LISE A PARTIR DO LOTEAMENTO ALPHAVILLE E DO CONDOM\u00cdNIO SERRA VILLE RESIDENCE PRIV\u00ca EM CAMPINA GRANDE \u2013PB<\/a><\/p>\n<p>MAX WESLEY FLORENTINO DA SILVA-<a href=\"https:\/\/pos-graduacao.uepb.edu.br\/ppgdr\/files\/2020\/09\/SE-ESSA-PRACA-FOSSE-MINHA-EU-MANDAVA-EU-MANDAVA-OCUPAR-ENTRE-PERMANENCIAS-E-MUDANCAS-NAS-PRACAS-DE-CAMPINA-GRANDE-PB-EM-SUAS-REVITALIZACOES-2013-A-2017.pdf\">SE ESSA PRA\u00c7A FOSSE MINHA, EU MANDAVA, EU MANDAVA OCUPAR-ENTRE PERMAN\u00caNCIAS E MUDAN\u00c7AS NAS PRA\u00c7AS DE CAMPINA GRANDE-PB EM SUAS REVITALIZA\u00c7\u00d5ES -2013 A 2017<\/a><\/p>\n<p>NAYARA GON\u00c7ALVES ROSAS FERNANDES-<a href=\"https:\/\/pos-graduacao.uepb.edu.br\/ppgdr\/files\/2020\/09\/A-REVITALIZACAO-DO-PARQUE-SOLON-DE-LUCENA-NA-CIDADE-DE-JOAO-PESSOA-USOS-FORMAS-E-SIGNIFICADOS.pdf\">A REVITALIZA\u00c7\u00c3O DO PARQUE S\u00d3LON DE LUCENA NA CIDADE DE JO\u00c3O PESSOA-USOS, FORMAS E SIGNIFICADOS<\/a><\/p>\n<p>PAULA VAL\u00c9RIA FERREIRA DE ALMEIDA RODRIGUES-<a href=\"https:\/\/pos-graduacao.uepb.edu.br\/ppgdr\/files\/2020\/09\/PROGRAMA-NACIONAL-DE-CREDITO-FUNDIARIO-\u2013PNCF-NO-RIO-GRANDE-DO-NORTE.pdf\">PROGRAMA NACIONAL DE CR\u00c9DITO FUNDI\u00c1RIO \u2013PNCF- NO RIO GRANDE DO NORTE<\/a><\/p>\n<p>RAFAELA DIAS FERNANDES-<a href=\"https:\/\/pos-graduacao.uepb.edu.br\/ppgdr\/files\/2020\/09\/CENARIOS-DE-CONFLITOS-SOCIOAMBIENTAIS-PELO-ACESSO-DEMOCRATICO-A-AGUA-NO-MUNICIPIO-DE-AREIA-PB.pdf\">CEN\u00c1RIOS DE CONFLITOS SOCIOAMBIENTAIS PELO ACESSO DEMOCR\u00c1TICO \u00c0 \u00c1GUA NO MUNIC\u00cdPIO DE AREIA-PB<\/a><\/p>\n<p>SEVERINO JUSTINO SOBRINHO-<a href=\"https:\/\/pos-graduacao.uepb.edu.br\/ppgdr\/files\/2020\/09\/UM-NOVO-CIRCUITO-PARA-A-AGROECOLOGIA-A-RELACAO-DA-AGRICULTURA-FAMILIAR-COM-A-EMPRESA-HORTALICAS-SEMPRE-VERDE-ALAGOA-NOVA-\u2013-PB.pdf\">UM NOVO CIRCUITO PARA A AGROECOLOGIA -A RELA\u00c7\u00c3O DA AGRICULTURA FAMILIAR COM A EMPRESA HORTALI\u00c7AS SEMPRE VERDE &#8211; ALAGOA NOVA \u2013 PB<\/a><\/p>\n<p>THAYSE ANDREZZA OLIVEIRA DO BU-<a href=\"https:\/\/pos-graduacao.uepb.edu.br\/ppgdr\/files\/2020\/09\/O-ASPIL-DE-ARTEFATOS-E-CONFECCOES-DE-ALGODAO-COLORIDO-DA-PARAIBA-E-O-DESENVOLVIMENTO-LOCAL-INTEGRADO-E-SUSTENTAVEL.pdf\">O ASPIL DE ARTEFATOS E CONFEC\u00c7\u00d5ES DE ALGOD\u00c3O COLORIDO DA PARA\u00cdBA E O DESENVOLVIMENTO LOCAL INTEGRADO E SUSTENT\u00c1VEL<\/a><\/p>\n<p>WANDERLEY BURITI DE MORAIS-<a href=\"https:\/\/pos-graduacao.uepb.edu.br\/ppgdr\/files\/2020\/09\/O-DOM-NA-MANSAO-UM-CAMINHO-PARA-O-DESENVOLVIMENTO-SOCIAL.pdf\">O DOM NA MANS\u00c3O-UM CAMINHO PARA O DESENVOLVIMENTO SOCIAL<\/a><\/p>\n<p>&nbsp;<\/p>\n","protected":false},"excerpt":{"rendered":"<p>ABRA\u00c3O BATISTA COSTA-DISCURSOS SOBRE OS EFEITOS DAS POL\u00cdTICAS P\u00daBLICAS DE TRANSFER\u00caNCIA DE RENDA NO BRASIL SOBRE DIN\u00c2MICAS ECON\u00d4MICAS E SOCIAIS DE DESENVOLVIMENTO-O CASO DO PROGRAMA BOLSA FAM\u00cdLIA, EM CATOL\u00c9 DO ROCHA ALLAN CARLOS ALVES-INVESTIMENTOS EM SANEAMENTO B\u00c1SICO NO CONS\u00d3RCIO S\u00c3O SURU\u00ca, NA PARA\u00cdBA-CONTRIBUI\u00c7\u00c3O PARA UMA AGENDA DE LEITURA E INVESTIGA\u00c7\u00c3O DA RELA\u00c7\u00c3O SA\u00daDE E DESENVOLVIMENTO <a class=\"leiamais\" href=\"https:\/\/pos-graduacao.uepb.edu.br\/ppgdr\/dissertacoes-turma-2016\/\">Leia Mais&#8230;<\/a><\/p>\n","protected":false},"author":48,"featured_media":0,"parent":0,"menu_order":0,"comment_status":"closed","ping_status":"closed","template":"","meta":{"footnotes":""},"class_list":["post-3440","page","type-page","status-publish","hentry"],"_links":{"self":[{"href":"https:\/\/pos-graduacao.uepb.edu.br\/ppgdr\/wp-json\/wp\/v2\/pages\/3440","targetHints":{"allow":["GET"]}}],"collection":[{"href":"https:\/\/pos-graduacao.uepb.edu.br\/ppgdr\/wp-json\/wp\/v2\/pages"}],"about":[{"href":"https:\/\/pos-graduacao.uepb.edu.br\/ppgdr\/wp-json\/wp\/v2\/types\/page"}],"author":[{"embeddable":true,"href":"https:\/\/pos-graduacao.uepb.edu.br\/ppgdr\/wp-json\/wp\/v2\/users\/48"}],"replies":[{"embeddable":true,"href":"https:\/\/pos-graduacao.uepb.edu.br\/ppgdr\/wp-json\/wp\/v2\/comments?post=3440"}],"version-history":[{"count":3,"href":"https:\/\/pos-graduacao.uepb.edu.br\/ppgdr\/wp-json\/wp\/v2\/pages\/3440\/revisions"}],"predecessor-version":[{"id":3693,"href":"https:\/\/pos-graduacao.uepb.edu.br\/ppgdr\/wp-json\/wp\/v2\/pages\/3440\/revisions\/3693"}],"wp:attachment":[{"href":"https:\/\/pos-graduacao.uepb.edu.br\/ppgdr\/wp-json\/wp\/v2\/media?parent=3440"}],"curies":[{"name":"wp","href":"https:\/\/api.w.org\/{rel}","templated":true}]}}