{"id":30,"date":"2011-10-27T12:37:05","date_gmt":"2011-10-27T12:37:05","guid":{"rendered":"http:\/\/pos-graduacao.ascom.uepb.edu.br\/ppgdr\/?page_id=30"},"modified":"2021-04-14T17:06:59","modified_gmt":"2021-04-14T20:06:59","slug":"dissertacoes-e-teses","status":"publish","type":"page","link":"https:\/\/pos-graduacao.uepb.edu.br\/ppgdr\/dissertacoes-turma-2013\/dissertacoes-e-teses\/","title":{"rendered":"Disserta\u00e7\u00f5es e Teses"},"content":{"rendered":"<p style=\"text-align: justify\">DISSERTA\u00c7\u00d5ES\/TESES DEFENDIDAS POR TURMA<\/p>\n<p><a href=\"https:\/\/pos-graduacao.uepb.edu.br\/ppgdr\/dissertacoes-turma-2009\/\">Disserta\u00e7\u00f5es- Turma 2009<\/a><\/p>\n<p style=\"text-align: justify\"><a href=\"https:\/\/pos-graduacao.uepb.edu.br\/ppgdr\/dissertacoes-turma-2010\/\" target=\"_blank\" rel=\"noopener noreferrer\">Disserta\u00e7\u00f5es -Turma 2010<\/a><\/p>\n<p><a href=\"https:\/\/pos-graduacao.uepb.edu.br\/ppgdr\/dissertacoes-turma-2011\/\">Disserta\u00e7\u00f5es &#8211; Turma 2011<\/a><\/p>\n<p><a href=\"https:\/\/pos-graduacao.uepb.edu.br\/ppgdr\/dissertacoes-turma-2012\/\">Disserta\u00e7\u00f5es &#8211; Turma 2012<\/a><\/p>\n<p><a href=\"https:\/\/pos-graduacao.uepb.edu.br\/ppgdr\/dissertacoes-turma-2013\/\">Disserta\u00e7\u00f5es &#8211; Turma 2013<\/a><\/p>\n<p><a href=\"https:\/\/pos-graduacao.uepb.edu.br\/ppgdr\/dissertacoes-turma-2014\/\">Disserta\u00e7\u00f5es &#8211; Turma 2014<\/a><\/p>\n<p><a href=\"https:\/\/pos-graduacao.uepb.edu.br\/ppgdr\/dissertacao-turma-2015\/\">Disserta\u00e7\u00f5es &#8211; Turma 2015<\/a><\/p>\n<p><a href=\"https:\/\/pos-graduacao.uepb.edu.br\/ppgdr\/dissertacoes-turma-2016\/\">Disserta\u00e7\u00f5es- Turma 2016<\/a><\/p>\n<p><a href=\"https:\/\/pos-graduacao.uepb.edu.br\/ppgdr\/dissertacoes-turma-2013\/dissertacoes-e-teses\/dissertacoes-turma-2017\/\">Disserta\u00e7\u00f5es-\u00a0 Turma 2017<\/a><\/p>\n<blockquote class=\"wp-embedded-content\" data-secret=\"dgY20wWP0X\"><p><a href=\"https:\/\/pos-graduacao.uepb.edu.br\/ppgdr\/dissertacoes-turma-2018\/\">Disserta\u00e7\u00f5es-Turma 2018<\/a><\/p><\/blockquote>\n<p><iframe loading=\"lazy\" class=\"wp-embedded-content\" sandbox=\"allow-scripts\" security=\"restricted\" style=\"position: absolute; visibility: hidden;\" title=\"&#8220;Disserta\u00e7\u00f5es-Turma 2018&#8221; &#8212; PPGDR\" src=\"https:\/\/pos-graduacao.uepb.edu.br\/ppgdr\/dissertacoes-turma-2018\/embed\/#?secret=GhYEfMShdi#?secret=dgY20wWP0X\" data-secret=\"dgY20wWP0X\" width=\"500\" height=\"282\" frameborder=\"0\" marginwidth=\"0\" marginheight=\"0\" scrolling=\"no\"><\/iframe><\/p>\n<blockquote class=\"wp-embedded-content\" data-secret=\"Iv14Gbo9Bl\"><p><a href=\"https:\/\/pos-graduacao.uepb.edu.br\/ppgdr\/dissertacoes-turma-2019\/\">Disserta\u00e7\u00f5es-Turma 2019<\/a><\/p><\/blockquote>\n<p><iframe loading=\"lazy\" class=\"wp-embedded-content\" sandbox=\"allow-scripts\" security=\"restricted\" style=\"position: absolute; visibility: hidden;\" title=\"&#8220;Disserta\u00e7\u00f5es-Turma 2019&#8221; &#8212; PPGDR\" src=\"https:\/\/pos-graduacao.uepb.edu.br\/ppgdr\/dissertacoes-turma-2019\/embed\/#?secret=adu2ckd6R0#?secret=Iv14Gbo9Bl\" data-secret=\"Iv14Gbo9Bl\" width=\"500\" height=\"282\" frameborder=\"0\" marginwidth=\"0\" marginheight=\"0\" scrolling=\"no\"><\/iframe><\/p>\n","protected":false},"excerpt":{"rendered":"<p>DISSERTA\u00c7\u00d5ES\/TESES DEFENDIDAS POR TURMA Disserta\u00e7\u00f5es- Turma 2009 Disserta\u00e7\u00f5es -Turma 2010 Disserta\u00e7\u00f5es &#8211; Turma 2011 Disserta\u00e7\u00f5es &#8211; Turma 2012 Disserta\u00e7\u00f5es &#8211; Turma 2013 Disserta\u00e7\u00f5es &#8211; Turma 2014 Disserta\u00e7\u00f5es &#8211; Turma 2015 Disserta\u00e7\u00f5es- Turma 2016 Disserta\u00e7\u00f5es-\u00a0 Turma 2017<\/p>\n","protected":false},"author":3,"featured_media":0,"parent":836,"menu_order":0,"comment_status":"open","ping_status":"open","template":"","meta":{"footnotes":""},"class_list":["post-30","page","type-page","status-publish","hentry"],"_links":{"self":[{"href":"https:\/\/pos-graduacao.uepb.edu.br\/ppgdr\/wp-json\/wp\/v2\/pages\/30","targetHints":{"allow":["GET"]}}],"collection":[{"href":"https:\/\/pos-graduacao.uepb.edu.br\/ppgdr\/wp-json\/wp\/v2\/pages"}],"about":[{"href":"https:\/\/pos-graduacao.uepb.edu.br\/ppgdr\/wp-json\/wp\/v2\/types\/page"}],"author":[{"embeddable":true,"href":"https:\/\/pos-graduacao.uepb.edu.br\/ppgdr\/wp-json\/wp\/v2\/users\/3"}],"replies":[{"embeddable":true,"href":"https:\/\/pos-graduacao.uepb.edu.br\/ppgdr\/wp-json\/wp\/v2\/comments?post=30"}],"version-history":[{"count":61,"href":"https:\/\/pos-graduacao.uepb.edu.br\/ppgdr\/wp-json\/wp\/v2\/pages\/30\/revisions"}],"predecessor-version":[{"id":3728,"href":"https:\/\/pos-graduacao.uepb.edu.br\/ppgdr\/wp-json\/wp\/v2\/pages\/30\/revisions\/3728"}],"up":[{"embeddable":true,"href":"https:\/\/pos-graduacao.uepb.edu.br\/ppgdr\/wp-json\/wp\/v2\/pages\/836"}],"wp:attachment":[{"href":"https:\/\/pos-graduacao.uepb.edu.br\/ppgdr\/wp-json\/wp\/v2\/media?parent=30"}],"curies":[{"name":"wp","href":"https:\/\/api.w.org\/{rel}","templated":true}]}}