{"id":28,"date":"2011-10-27T12:36:13","date_gmt":"2011-10-27T12:36:13","guid":{"rendered":"http:\/\/pos-graduacao.ascom.uepb.edu.br\/ppgdr\/?page_id=28"},"modified":"2011-10-27T12:36:13","modified_gmt":"2011-10-27T12:36:13","slug":"producao-cientifica","status":"publish","type":"page","link":"https:\/\/pos-graduacao.uepb.edu.br\/ppgdr\/producao-cientifica\/","title":{"rendered":"Produ\u00e7\u00e3o Cient\u00edfica"},"content":{"rendered":"<p>Conte\u00fado em breve&#8230;<\/p>\n","protected":false},"excerpt":{"rendered":"<p>Conte\u00fado em breve&#8230;<\/p>\n","protected":false},"author":3,"featured_media":0,"parent":0,"menu_order":0,"comment_status":"open","ping_status":"open","template":"","meta":{"footnotes":""},"class_list":["post-28","page","type-page","status-publish","hentry"],"_links":{"self":[{"href":"https:\/\/pos-graduacao.uepb.edu.br\/ppgdr\/wp-json\/wp\/v2\/pages\/28","targetHints":{"allow":["GET"]}}],"collection":[{"href":"https:\/\/pos-graduacao.uepb.edu.br\/ppgdr\/wp-json\/wp\/v2\/pages"}],"about":[{"href":"https:\/\/pos-graduacao.uepb.edu.br\/ppgdr\/wp-json\/wp\/v2\/types\/page"}],"author":[{"embeddable":true,"href":"https:\/\/pos-graduacao.uepb.edu.br\/ppgdr\/wp-json\/wp\/v2\/users\/3"}],"replies":[{"embeddable":true,"href":"https:\/\/pos-graduacao.uepb.edu.br\/ppgdr\/wp-json\/wp\/v2\/comments?post=28"}],"version-history":[{"count":2,"href":"https:\/\/pos-graduacao.uepb.edu.br\/ppgdr\/wp-json\/wp\/v2\/pages\/28\/revisions"}],"predecessor-version":[{"id":792,"href":"https:\/\/pos-graduacao.uepb.edu.br\/ppgdr\/wp-json\/wp\/v2\/pages\/28\/revisions\/792"}],"wp:attachment":[{"href":"https:\/\/pos-graduacao.uepb.edu.br\/ppgdr\/wp-json\/wp\/v2\/media?parent=28"}],"curies":[{"name":"wp","href":"https:\/\/api.w.org\/{rel}","templated":true}]}}