{"id":26,"date":"2011-10-27T12:35:20","date_gmt":"2011-10-27T12:35:20","guid":{"rendered":"http:\/\/pos-graduacao.ascom.uepb.edu.br\/ppgdr\/?page_id=26"},"modified":"2024-06-19T11:13:37","modified_gmt":"2024-06-19T14:13:37","slug":"projetos","status":"publish","type":"page","link":"https:\/\/pos-graduacao.uepb.edu.br\/ppgdr\/projetos\/","title":{"rendered":"Projetos"},"content":{"rendered":"<div class=\"wpb-content-wrapper\"><p>[vc_row][vc_column][vc_tta_accordion title_tag=&#8221;h3&#8243; section_title_tag=&#8221;h2&#8243; style=&#8221;modern&#8221; c_icon=&#8221;triangle&#8221; active_section=&#8221;&#8221; collapsible_all=&#8221;true&#8221;][vc_tta_section title=&#8221;A Crise de 2008 e as Ci\u00eancias Sociais: dilemas e oportunidades no capitalismo contempor\u00e2neo&#8221; tab_id=&#8221;1718806052630-924f2e7d-cfa4&#8243;][vc_column_text css=&#8221;.vc_custom_1718806171298{margin-top: 20px !important;}&#8221;]Ap\u00f3s a derrocada do socialismo real, o capitalismo assumiu uma miss\u00e3o civilizat\u00f3ria cada vez mais ampla. Sobretudo a partir da d\u00e9cada de 1980, a economia mundial passa a identificar-se com os c\u00e2nones da doutrina neoliberal, o que findou por produzir um cen\u00e1rio econ\u00f4mico cada vez mais favor\u00e1vel \u00e0 desregulamenta\u00e7\u00e3o econ\u00f4mica, representando uma verdadeira ruptura entre a economia virtual e a real. Apesar das crises ocorridas nos anos 1990, de uma maneira geral predominava entre os financistas algum otimismo com rela\u00e7\u00e3o ao futuro desse sistema de acumula\u00e7\u00e3o. Em 2008, por\u00e9m, uma crise de maior amplitude no mercado imobili\u00e1rio estadunidense precipitou uma recess\u00e3o em n\u00edvel global, atingindo a economia de v\u00e1rios pa\u00edses, gerando rebeli\u00f5es, desemprego e novos movimentos sociais de contesta\u00e7\u00e3o do capitalismo. Tais eventos fomentaram v\u00e1rias reflex\u00f5es no \u00e2mbito do pensamento social contempor\u00e2neo, partindo de te\u00f3ricos de diversas \u00e1reas das ci\u00eancias sociais. O objetivo geral deste projeto \u00e9 estudar a Crise de 2008, a partir de cientistas sociais que expressaram suas an\u00e1lises sobre este fen\u00f4meno por interm\u00e9dio de obras recentemente publicadas em l\u00edngua portuguesa. O presente grupo de inicia\u00e7\u00e3o cient\u00edfica utilizar\u00e1 a pesquisa bibliogr\u00e1fica de cunho te\u00f3rico como m\u00e9todo de pesquisa, utilizando dados coletados em livros de refer\u00eancia e artigos cient\u00edficos publicados no Portal de Peri\u00f3dicos Capes e\/ou Scielo, como tamb\u00e9m indicadores econ\u00f4micos e sociais a serem obtidos em \u00f3rg\u00e3os governamentais.<\/p>\n<p>Coordena\u00e7\u00e3o: Prof. Dr. Leonardo de Ara\u00fajo e Mota[\/vc_column_text][\/vc_tta_section][vc_tta_section title=&#8221;An\u00e1lise te\u00f3rica e mapeamento das experi\u00eancias de desenvolvimento regional\/local em regi\u00f5es perif\u00e9ricas&#8221; tab_id=&#8221;1718806052637-dc6044bf-0eea&#8221;][vc_column_text css=&#8221;.vc_custom_1718806203587{margin-top: 20px !important;}&#8221;]O presente projeto insere-se no contexto dos estudos que tentam oferecer, de um lado, uma leitura cr\u00edtica das diferentes propostas de desenvolvimento regional\/local, agendadas, particularmente na Am\u00e9rica Latina, e de outro, caminhos te\u00f3ricos e metodol\u00f3gicos que possam orientar uma a\u00e7\u00e3o transformadora. A inten\u00e7\u00e3o deste projeto, que se articula em torno das propostas sinalizadas pelo Edital PROCAD\/NF 2009, \u00e9:\u00a0 a) passar em revista a produ\u00e7\u00e3o acad\u00eamica considerada cl\u00e1ssica e tamb\u00e9m a mais recente, visando retomar os conceitos de desenvolvimento regional e desenvolvimento local, e problematizar sua for\u00e7a explicativa; b) mapear, em diferentes dimens\u00f5es, experi\u00eancias e a\u00e7\u00f5es consideradas de desenvolvimento regional\/local, seus impactos, suas for\u00e7as orientadoras, suas implica\u00e7\u00f5es pol\u00edticas.<\/p>\n<p>Projeto PROCAD<\/p>\n<p>Coordena\u00e7\u00e3o: Prof. Dr. Cidoval Morais de Sousa[\/vc_column_text][\/vc_tta_section][vc_tta_section title=&#8221;An\u00e1lise da Sustentabilidade de Propriedades Agr\u00edcolas a partir dos m\u00e9todos IDEA e MESMIS&#8221; tab_id=&#8221;1718806185213-f30e7368-37e3&#8243;][vc_column_text css=&#8221;.vc_custom_1718806223448{margin-top: 20px !important;}&#8221;]O Semi-\u00c1rido brasileiro concentra os piores indicadores sociais do pa\u00eds educa\u00e7\u00e3o, sa\u00fade, mortalidade infantil, analfabetismo, situa\u00e7\u00e3o que convive com um ambiente s\u00f3cio-econ\u00f4mico e pol\u00edtico marcado pela concentra\u00e7\u00e3o de poder e renda, sobretudo na zona rural. Outro problema enfrentado pela popula\u00e7\u00e3o do semi-\u00e1rido brasileiro \u00e9 que mesmo contendo uma grande quantidade de \u00e1gua no subsolo, esta \u00e1gua cont\u00e9m alta concentra\u00e7\u00e3o de sais, o que a torna impr\u00f3pria para consumo. A ingest\u00e3o excessiva dos sais presentes na \u00e1gua causa doen\u00e7as e at\u00e9 a morte de pessoas e animais. Al\u00e9m da \u00e1gua impr\u00f3pria para o consumo, o semi-\u00e1rido \u00e9 uma regi\u00e3o de seca em decorr\u00eancia da falta de chuva. As atividades predat\u00f3rias no semi-\u00e1rido nordestino provocam ainda a degrada\u00e7\u00e3o e empobrecimento da natureza. O Projeto \u00c1gua fonte de Alimento e Renda foi implantado na comunidade de Uru\u00e7u, localizada no munic\u00edpio de S\u00e3o Jo\u00e3o do Cariri (Para\u00edba), onde vivem 80 fam\u00edlias. Uma das tecnologias sociais utilizada foi o dessalinizador tecnologia esta que separa o alto grau de salinidade da \u00e1gua, transformando-a em \u00e1gua pot\u00e1vel, para o aproveitamento do rejeito do dessalinizador foi desenvolvido uma tecnologia em tanques para o cultivo de microalga chamada Spirulina. Atualmente, o Brasil compra de outros pa\u00edses esta microalga que \u00e9 muito utilizada para produ\u00e7\u00e3o de f\u00e1rmacos. Outra solu\u00e7\u00e3o foi a cria\u00e7\u00e3o de til\u00e1pias, al\u00e9m de culturas hidrop\u00f4nicas, como o tomate, piment\u00e3o e pimenta. \u00c9 importante destacar que tecnologias devem contribuir para a ssustentabilidade da agricultura familiar. Dentro desta tem\u00e1tica sobre sustentabilidade a agricultura com base agroecol\u00f3gica e familiar possui um destaque especial na busca de uma agricultura sustent\u00e1vel. Neste sentido questiona-se. A produ\u00e7\u00e3o agr\u00edcola oriunda do projeto \u00e1gua fonte de alimento e renda \u00e9 sustent\u00e1vel? Este estudo tem o objetivo de avaliar o n\u00edvel de sustentabilidade da agricultura familiar na comunidade de Uru\u00e7u no semi-\u00e1rido.<\/p>\n<p>Coordena\u00e7\u00e3o: Profa. Dra. Waleska Silveira Lira[\/vc_column_text][\/vc_tta_section][vc_tta_section title=&#8221;\u00c1gua e Cisternas no Semi\u00e1rido: qualidade, tens\u00f5es e adequa\u00e7\u00f5es sociot\u00e9cnicas&#8221; tab_id=&#8221;1718806185040-dcac5628-6790&#8243;][vc_column_text css=&#8221;.vc_custom_1718806245075{margin-top: 20px !important;}&#8221;]A presente proposta ganhou organicidade no interior de dois programas de p\u00f3s-gradua\u00e7\u00e3o stricto sensu da Universidade Estadual da Para\u00edba (Desenvolvimento Regional e Ci\u00eancia e Tecnologia Ambiental), a partir de a\u00e7\u00f5es convergentes e parcerias envolvendo os autores coordenadores em cursos, disciplinas, bancas, orienta\u00e7\u00f5es e co-orienta\u00e7\u00f5es de estudantes de gradua\u00e7\u00e3o e p\u00f3s-gradua\u00e7\u00e3o sobre a quest\u00e3o da \u00e1gua no Semi\u00e1rido em perspectivas multi e interdisciplinar. Destaca-se como fatores agregadores uma leitura cr\u00edtica das pol\u00edticas p\u00fablicas de enfrentamento da escassez h\u00eddrica na regi\u00e3o, uma compreens\u00e3o da \u00e1gua como bem comum n\u00e3o privatiz\u00e1vel, imprescind\u00edvel \u00e0 vida e ao desenvolvimento humano, e a defesa intransigente de um modelo de transfer\u00eancia tecnol\u00f3gica dial\u00f3gico, participativo, que propicie apropria\u00e7\u00e3o social, e, em consequ\u00eancia condi\u00e7\u00f5es de cidadania. Busca-se, com este p\u00b4rojeto, investigar os impactos das pol\u00edticas p\u00fablicas de enfrentamento da escassez h\u00eddrica no Semi\u00e1rido, destacando-se, dentre elas, o Programa Um Milh\u00e3o de Cisternas.<\/p>\n<p>Coordena\u00e7\u00e3o: Profa. \u00a0Dra.\u00a0Ramonildes Alves Gomes, Beatriz Ceballos, Cidoval Morais de Sousa[\/vc_column_text][\/vc_tta_section][vc_tta_section title=&#8221;As Feiras Agroecol\u00f3gicas no Nordeste: Espa\u00e7o de A\u00e7\u00e3o Pol\u00edtica e Pr\u00e1ticas de Consumo Sustent\u00e1vel Rumo ao Desenvolvimento Sustent\u00e1vel dos Territ\u00f3rios&#8221; tab_id=&#8221;1718806184837-d8b0c932-3404&#8243;][vc_column_text css=&#8221;.vc_custom_1718806258716{margin-top: 20px !important;}&#8221;]No cen\u00e1rio dos debates e reflex\u00f5es sobre a problem\u00e1tica ambiental hodierna, o consumo configura-se como uma perspectiva anal\u00edtica contextual com novos contornos e vari\u00e1veis; notadamente pela import\u00e2ncia que a tem\u00e1tica vem apresentando no mainstream do ambientalismo internacional. Essa centralidade \u00e9 resultante da percep\u00e7\u00e3o dos impactos causados ao meio ambiente pelos padr\u00f5es e n\u00edveis de consumo. Portanto, torna-se evidente no arranjo das discuss\u00f5es sobre os imperativos do desenvolvimento sustent\u00e1vel como vetor para compreens\u00e3o do movimento da sociedade e constru\u00e7\u00e3o de estrat\u00e9gias no futuro a inclus\u00e3o da tem\u00e1tica consumo. Neste contexto a agroecologia surge como uma pr\u00e1tica social de conhecimento que busca estabelece um di\u00e1logo com a realidade, ao propor um modelo de produ\u00e7\u00e3o em que a natureza direcione os caminhos do equil\u00edbrio e da harmonia ambiental, a partir de um modelo de agricultura de base ecol\u00f3gica ou sustent\u00e1veis com a\u00e7\u00f5es que contribuem para pr\u00e1ticas de consumo sustent\u00e1vel, com processos co-evolutivos rumo \u00e0 sustentabilidade em territ\u00f3rios rurais. Assim, a pesquisa tem como objetivo analisar como as Feiras Agroecol\u00f3gicas t\u00eam instigado o consumidor a desenvolver pr\u00e1ticas de consumo sustent\u00e1vel como uma nova cultura de a\u00e7\u00e3o pol\u00edtica na esfera individual a partir de valores com a \u00e9tica e a responsabilidade contribuindo para o desenvolvimento sustent\u00e1vel dos territ\u00f3rios. A pesquisa tem como escopo espacial as experi\u00eancias de certifica\u00e7\u00e3o participativa desenvolvidas por agricultores familiares nas Feiras Agroecol\u00f3gicas do Agreste da Borborema -PB, que surgem em meio a uma articula\u00e7\u00e3o, envolvendo pequenos produtores rurais, entidades sindicais em parcerias com movimentos sociais rurais e entidades governamentais e n\u00e3o-governamentais, constituindo um locus social espec\u00edfico para pr\u00e1ticas de consumo sustent\u00e1vel enquanto a\u00e7\u00e3o pol\u00edtica.<\/p>\n<p>Coordena\u00e7\u00e3o: Profa. Dra. \u00c2ngela Maria Cavalcanti Ramalho[\/vc_column_text][\/vc_tta_section][vc_tta_section title=&#8221;Cultura e desenvolvimento local dos potenciais destinos tur\u00edsticos no Nordeste&#8221; tab_id=&#8221;1718806184411-127e63b8-48e6&#8243;][vc_column_text css=&#8221;.vc_custom_1718806303797{margin-top: 20px !important;}&#8221;]A cultura local forma parte de um processo de transforma\u00e7\u00e3o, gerada pelo fen\u00f4meno da glocaliza\u00e7\u00e3o. Os distintos agentes locais reconstroem a sua cultura como rea\u00e7\u00e3o a este processo. Para alguns desses agentes, a cultura pode ser uma forma de revaloriza\u00e7\u00e3o e identifica\u00e7\u00e3o cultural. Entretanto, ela tamb\u00e9m pode ser entendida como um elemento ativo na promo\u00e7\u00e3o e desenvolvimento local e tur\u00edstico. A finalidade desta pesquisa \u00e9 conhecer o processo de cria\u00e7\u00e3o, gest\u00e3o e difus\u00e3o da cultura, vinculado ao desenvolvimento local e tur\u00edstico no Nordeste. O levantamento dos dados ser\u00e1 realizado com entrevista semi-estruturada e grupo focal e analisado mediante a t\u00e9cnica de An\u00e1lise do Discurso.<\/p>\n<p>Coordena\u00e7\u00e3o: Prof. Dr.\u00a0J\u00falio C\u00e9sar Cabrera Medina[\/vc_column_text][\/vc_tta_section][vc_tta_section title=&#8221;As Feiras Agroecol\u00f3gicas no Nordeste: Espa\u00e7o de A\u00e7\u00e3o Pol\u00edtica e Pr\u00e1ticas de Consumo Sustent\u00e1vel Rumo ao Desenvolvimento Sustent\u00e1vel dos Territ\u00f3rios&#8221; tab_id=&#8221;1718806183990-1375060c-b46f&#8221;][vc_column_text css=&#8221;.vc_custom_1718806317281{margin-top: 20px !important;}&#8221;]No cen\u00e1rio dos debates e reflex\u00f5es sobre a problem\u00e1tica ambiental hodierna, o consumo configura-se como uma perspectiva anal\u00edtica contextual com novos contornos e vari\u00e1veis; notadamente pela import\u00e2ncia que a tem\u00e1tica vem apresentando no mainstream do ambientalismo internacional. Essa centralidade \u00e9 resultante da percep\u00e7\u00e3o dos impactos causados ao meio ambiente pelos padr\u00f5es e n\u00edveis de consumo. Portanto, torna-se evidente no arranjo das discuss\u00f5es sobre os imperativos do desenvolvimento sustent\u00e1vel como vetor para compreens\u00e3o do movimento da sociedade e constru\u00e7\u00e3o de estrat\u00e9gias no futuro a inclus\u00e3o da tem\u00e1tica consumo. Neste contexto a agroecologia surge como uma pr\u00e1tica social de conhecimento que busca estabelece um di\u00e1logo com a realidade, ao propor um modelo de produ\u00e7\u00e3o em que a natureza direcione os caminhos do equil\u00edbrio e da harmonia ambiental, a partir de um modelo de agricultura de base ecol\u00f3gica ou sustent\u00e1veis com a\u00e7\u00f5es que contribuem para pr\u00e1ticas de consumo sustent\u00e1vel, com processos co-evolutivos rumo \u00e0 sustentabilidade em territ\u00f3rios rurais. Assim, a pesquisa tem como objetivo analisar como as Feiras Agroecol\u00f3gicas t\u00eam instigado o consumidor a desenvolver pr\u00e1ticas de consumo sustent\u00e1vel como uma nova cultura de a\u00e7\u00e3o pol\u00edtica na esfera individual a partir de valores com a \u00e9tica e a responsabilidade contribuindo para o desenvolvimento sustent\u00e1vel dos territ\u00f3rios. A pesquisa tem como escopo espacial as experi\u00eancias de certifica\u00e7\u00e3o participativa desenvolvidas por agricultores familiares nas Feiras Agroecol\u00f3gicas do Agreste da Borborema -PB, que surgem em meio a uma articula\u00e7\u00e3o, envolvendo pequenos produtores rurais, entidades sindicais em parcerias com movimentos sociais rurais e entidades governamentais e n\u00e3o-governamentais, constituindo um locus social espec\u00edfico para pr\u00e1ticas de consumo sustent\u00e1vel enquanto a\u00e7\u00e3o pol\u00edtica.<\/p>\n<p>Coordena\u00e7\u00e3o: Profa. Dra. \u00c2ngela Maria Cavalcanti Ramalho[\/vc_column_text][\/vc_tta_section][vc_tta_section title=&#8221;Cultura e desenvolvimento local dos potenciais destinos tur\u00edsticos no Nordeste&#8221; tab_id=&#8221;1718806183014-32a22906-2b20&#8243;][vc_column_text css=&#8221;.vc_custom_1718806355972{margin-top: 20px !important;}&#8221;]A cultura local forma parte de um processo de transforma\u00e7\u00e3o, gerada pelo fen\u00f4meno da glocaliza\u00e7\u00e3o. Os distintos agentes locais reconstroem a sua cultura como rea\u00e7\u00e3o a este processo. Para alguns desses agentes, a cultura pode ser uma forma de revaloriza\u00e7\u00e3o e identifica\u00e7\u00e3o cultural. Entretanto, ela tamb\u00e9m pode ser entendida como um elemento ativo na promo\u00e7\u00e3o e desenvolvimento local e tur\u00edstico. A finalidade desta pesquisa \u00e9 conhecer o processo de cria\u00e7\u00e3o, gest\u00e3o e difus\u00e3o da cultura, vinculado ao desenvolvimento local e tur\u00edstico no Nordeste. O levantamento dos dados ser\u00e1 realizado com entrevista semi-estruturada e grupo focal e analisado mediante a t\u00e9cnica de An\u00e1lise do Discurso.<\/p>\n<p>Coordena\u00e7\u00e3o: Prof. Dr.\u00a0J\u00falio C\u00e9sar Cabrera Medina[\/vc_column_text][\/vc_tta_section][vc_tta_section title=&#8221;Engenhos e suas imagens: produ\u00e7\u00e3o de cacha\u00e7a, turismo e Desenvolvimento Regional na Para\u00edba&#8221; tab_id=&#8221;1718806330078-2a2f3b91-2897&#8243;][vc_column_text css=&#8221;.vc_custom_1718806394923{margin-top: 20px !important;}&#8221;]O setor produtivo da cacha\u00e7a de alambique do Estado da Para\u00edba iniciou, a partir dos anos de 1990, um processo de reestrutura\u00e7\u00e3o produtiva e de ressignifica\u00e7\u00e3o simb\u00f3lica, o que significa transforma\u00e7\u00f5es tanto no campo industrial, quanto no trabalho sobre a impress\u00e3o simb\u00f3lica das marcas e de suas impress\u00f5es na sociedade. Mesmo produzida desde as primeiras d\u00e9cadas da coloniza\u00e7\u00e3o, a cacha\u00e7a sempre foi reconhecidamente bebida associada \u00e0s camadas populares e de baixo valor. Por\u00e9m, em certos Estados como Minas Gerais, Rio de Janeiro e S\u00e3o Paulo, houve grande investimento no sentido contr\u00e1rio, quer dizer, na constru\u00e7\u00e3o de grandes marcas e de um produto de alta qualidade. Neste sentido, a Para\u00edba, nos \u00faltimos vintes anos, vem associando o tradicional ao moderno na produ\u00e7\u00e3o de cacha\u00e7a de alambique. Os engenhos, na produ\u00e7\u00e3o de aguardente, criam cultura, mais ainda, espa\u00e7o de identidade: a cacha\u00e7a da Para\u00edba, de degustadores distintos, em muito, do t\u00edpico cachaceiro, associado \u00e0 imagem de fracasso e alcoolismo; de senhor de engenho empreendedor e aberto a mudan\u00e7as que n\u00e3o deixam o passado escravocrata lhes definir a tez, que demarcam atrav\u00e9s de novos atores sociais, um novo ciclo da cana-de-a\u00e7\u00facar no Estado. Essa onda modernizante \u00e9 um bloco das ilus\u00f5es da cacha\u00e7a, que atrai foli\u00f5es com as fantasias apol\u00edneas da modera\u00e7\u00e3o, controle e refinamento em garrafas bonitas e pequenas, a reterem o l\u00edquido dionis\u00edaco. A partir de sele\u00e7\u00e3o de engenhos para estudo de caso ser\u00e1 elaborada investiga\u00e7\u00e3o etnogr\u00e1fica, \u00e0 percep\u00e7\u00e3o cotidiano, ao registro fotogr\u00e1fico das a\u00e7\u00f5es que os dinamizam. Este projeto pretende ampliar o campo de estudos sobre os engenhos da Para\u00edba com a introdu\u00e7\u00e3o de novos pesquisadores.<\/p>\n<p>Coordena\u00e7\u00e3o: Prof. Dr.\u00a0Jos\u00e9 Luciano Albino Barbosa[\/vc_column_text][\/vc_tta_section][\/vc_tta_accordion][\/vc_column][\/vc_row]<\/p>\n<\/div>","protected":false},"excerpt":{"rendered":"<p>[vc_row][vc_column][vc_tta_accordion title_tag=&#8221;h3&#8243; section_title_tag=&#8221;h2&#8243; style=&#8221;modern&#8221; c_icon=&#8221;triangle&#8221; active_section=&#8221;&#8221; collapsible_all=&#8221;true&#8221;][vc_tta_section title=&#8221;A Crise de 2008 e as Ci\u00eancias Sociais: dilemas e oportunidades no capitalismo contempor\u00e2neo&#8221; tab_id=&#8221;1718806052630-924f2e7d-cfa4&#8243;][vc_column_text css=&#8221;.vc_custom_1718806171298{margin-top: 20px !important;}&#8221;]Ap\u00f3s a derrocada do socialismo real, o capitalismo assumiu uma miss\u00e3o civilizat\u00f3ria cada vez mais ampla. Sobretudo a partir da d\u00e9cada de 1980, a economia mundial passa a identificar-se com os <a class=\"leiamais\" href=\"https:\/\/pos-graduacao.uepb.edu.br\/ppgdr\/projetos\/\">Leia Mais&#8230;<\/a><\/p>\n","protected":false},"author":3,"featured_media":0,"parent":0,"menu_order":0,"comment_status":"open","ping_status":"open","template":"","meta":{"footnotes":""},"class_list":["post-26","page","type-page","status-publish","hentry"],"_links":{"self":[{"href":"https:\/\/pos-graduacao.uepb.edu.br\/ppgdr\/wp-json\/wp\/v2\/pages\/26","targetHints":{"allow":["GET"]}}],"collection":[{"href":"https:\/\/pos-graduacao.uepb.edu.br\/ppgdr\/wp-json\/wp\/v2\/pages"}],"about":[{"href":"https:\/\/pos-graduacao.uepb.edu.br\/ppgdr\/wp-json\/wp\/v2\/types\/page"}],"author":[{"embeddable":true,"href":"https:\/\/pos-graduacao.uepb.edu.br\/ppgdr\/wp-json\/wp\/v2\/users\/3"}],"replies":[{"embeddable":true,"href":"https:\/\/pos-graduacao.uepb.edu.br\/ppgdr\/wp-json\/wp\/v2\/comments?post=26"}],"version-history":[{"count":18,"href":"https:\/\/pos-graduacao.uepb.edu.br\/ppgdr\/wp-json\/wp\/v2\/pages\/26\/revisions"}],"predecessor-version":[{"id":5405,"href":"https:\/\/pos-graduacao.uepb.edu.br\/ppgdr\/wp-json\/wp\/v2\/pages\/26\/revisions\/5405"}],"wp:attachment":[{"href":"https:\/\/pos-graduacao.uepb.edu.br\/ppgdr\/wp-json\/wp\/v2\/media?parent=26"}],"curies":[{"name":"wp","href":"https:\/\/api.w.org\/{rel}","templated":true}]}}