{"id":2528,"date":"2017-04-10T10:17:12","date_gmt":"2017-04-10T13:17:12","guid":{"rendered":"https:\/\/pos-graduacao.uepb.edu.br\/ppgdr\/?page_id=2528"},"modified":"2020-09-23T11:12:15","modified_gmt":"2020-09-23T14:12:15","slug":"dissertacao-turma-2015","status":"publish","type":"page","link":"https:\/\/pos-graduacao.uepb.edu.br\/ppgdr\/dissertacao-turma-2015\/","title":{"rendered":"Disserta\u00e7\u00f5es &#8211; Turma 2015"},"content":{"rendered":"<p>ALCIONE VAL\u00c9RIA BENTO DA SILVA-<a href=\"https:\/\/pos-graduacao.uepb.edu.br\/ppgdr\/files\/2020\/09\/ATORES-ARENAS-E-ACAO-COLETIVA-EM-TORNO-DO-ACESSO-A-AGUA-O-CASO-DO-COMITE-DE-BACIA-HIDROGRAFICA-DO-RIO-PARAIBA-NO-SEMIARIDO-PARAIBANO.pdf\">ATORES, ARENAS E A\u00c7\u00c3O COLETIVA EM TORNO DO ACESSO \u00c0 \u00c1GUA-O CASO DO COMIT\u00ca DE BACIA HIDROGR\u00c1FICA DO RIO PARA\u00cdBA NO SEMI\u00c1RIDO PARAIBANO<\/a><\/p>\n<p style=\"text-align: left\">ALLAN GUSTAVO FREIRE DA SILVA-<a href=\"https:\/\/pos-graduacao.uepb.edu.br\/ppgdr\/files\/2020\/09\/POLITICA-DE-INTERIORIZACAO-UNIVERSITARIA-E-DESENVOLVIMENTO-UMA-ANALISE-SOCIOECONOMICA-DA-IMPLANTACAO-DA-UNIVERSIDADE-FEDERAL-DE-CAMPINA-GRANDE-EM-SUME-PB-1.pdf\">POL\u00cdTICA DE INTERIORIZA\u00c7\u00c3O UNIVERSIT\u00c1RIA E DESENVOLVIMENTO- UMA AN\u00c1LISE SOCIOECON\u00d4MICA DA IMPLANTA\u00c7\u00c3O DA UNIVERSIDADE FEDERAL DE CAMPINA GRANDE EM SUM\u00c9 &#8211; PB<\/a><\/p>\n<p>ANA LUIZA FIGUEIR\u00caDO QUIRINO TEIXEIRA-<a href=\"https:\/\/pos-graduacao.uepb.edu.br\/ppgdr\/files\/2020\/09\/INDICACOES-GEOGRAFICAS-E-DESENVOLVIMENTO-REGIONAL-O-CASO-DO-ALGODAO-COLORIDO-DA-PARAIBA.pdf\">INDICA\u00c7\u00d5ES GEOGR\u00c1FICAS E DESENVOLVIMENTO REGIONAL- O CASO DO ALGOD\u00c3O COLORIDO DA PARA\u00cdBA<\/a><\/p>\n<p>DANILO MOREIRA MENDES-<a href=\"https:\/\/pos-graduacao.uepb.edu.br\/ppgdr\/files\/2020\/09\/RENUNCIA-FISCAL-PARA-A-CULTURA-NA-PARAIBA-PERSPECTIVAS-DE-GRUPOS-EMPRESARIAS-E-DE-PRODUTORES-ARTISTICOS.pdf\">REN\u00daNCIA FISCAL PARA A CULTURA NA PARA\u00cdBA -PERSPECTIVAS DE GRUPOS EMPRESARIAS E DE PRODUTORES ART\u00cdSTICOS<\/a><\/p>\n<p>\u00c9DER GEOVANI DA PAZ OLIVEIRA-<a href=\"https:\/\/pos-graduacao.uepb.edu.br\/ppgdr\/files\/2020\/09\/DIAGNOSTICO-AMBIENTAL-DOS-TRECHOS-FINAL-DO-EIXO-LESTE-DA-TRANSPOSICAO-DAS-AGUAS-DO-RIO-SAO-FRANCISCO-E-INICIAL-DO-RIO-PARAIBA.pdf\">DIAGN\u00d3STICO AMBIENTAL DOS TRECHOS FINAL DO EIXO LESTE DA TRANSPOSI\u00c7\u00c3O DAS \u00c1GUAS DO RIO S\u00c3O FRANCISCO E INICIAL DO RIO PARA\u00cdBA<\/a><\/p>\n<p>INGRID RODRIGUES LEITE-<a href=\"https:\/\/pos-graduacao.uepb.edu.br\/ppgdr\/files\/2020\/09\/LOJAS-ATACAREJISTAS-EM-CAMPINA-GRANDE-\u2013-PB-TRANSFORMACOES-NA-DINAMICA-DO-DESENVOLVIMENTO-LOCAL.pdf\">LOJAS ATACAREJISTAS EM CAMPINA GRANDE \u2013 PB-TRANSFORMA\u00c7\u00d5ES NA DIN\u00c2MICA DO DESENVOLVIMENTO LOCAL<\/a><\/p>\n<p>INGRIDT MILLENNA VIEIRA DANTAS MIRANDA-<a href=\"https:\/\/pos-graduacao.uepb.edu.br\/ppgdr\/files\/2020\/09\/DA-CANA-DE-ACUCAR-AO-TURISMO-UMA-RECONVERSAO-PRODUTIVA-NO-PROCESSO-DE-DESENVOLVIMENTO-DO-MUNICIPIO-DE-AREIA-PB.pdf\">DA CANA-DE-A\u00c7\u00daCAR AO TURISMO-UMA RECONVERS\u00c3O PRODUTIVA NO PROCESSO DE DESENVOLVIMENTO DO MUNIC\u00cdPIO DE AREIA-PB<\/a><\/p>\n<p>JAQUELINE DANTAS-<a href=\"https:\/\/pos-graduacao.uepb.edu.br\/ppgdr\/files\/2020\/09\/A-ATUACAO-DAS-COOPERATIVAS-NA-ATIVIDADE-MINERAL-SERIDO-PARAIBANO-OS-CASOS-DA-COOPICUI-E-COOMIPEL.pdf\">A ATUA\u00c7\u00c3O DAS COOPERATIVAS NA ATIVIDADE MINERAL SERID\u00d3 PARAIBANO-OS CASOS DA COOPICU\u00cd E COOMIPEL<\/a><\/p>\n<p>JULIANA GRANGEIRO SALES BEZERRA-<a href=\"https:\/\/pos-graduacao.uepb.edu.br\/ppgdr\/files\/2020\/09\/DESENVOLVIMENTO-E-CONTROLE-SOCIAL-UMA-ANALISE-DOS-INDICADORES-SOCIAIS-MUNICIPAIS-E-SUA-RELACAO-COM-A-ATUACAOP-DOS-CONSELHOS-DE-ASSISTENCIA-SOCIAL-E-DE-SAUDE-NA-PARAIBA-SEGUNDO-A-VISAO-DE-SEUS-P.pdf\">DESENVOLVIMENTO E CONTROLE SOCIAL- UMA AN\u00c1LISE DOS INDICADORES SOCIAIS MUNICIPAIS E SUA RELA\u00c7\u00c3O COM A ATUA\u00c7\u00c3OP DOS CONSELHOS DE ASSIST\u00caNCIA SOCIAL E DE SA\u00daDE NA PARA\u00cdBA SEGUNDO A VIS\u00c3O DE SEUS P<\/a>ARTICIPANTES<\/p>\n<p>LUCIANO GUIMAR\u00c3ES DE ANDRADE-<a href=\"https:\/\/pos-graduacao.uepb.edu.br\/ppgdr\/files\/2020\/09\/POTENCIALIDADES-TURISTICAS-E-DESENVOLVIMENTO-NO-MUNICIPIO-DE-CABACEIRAS-PB.pdf\">POTENCIALIDADES TUR\u00cdSTICAS E DESENVOLVIMENTO NO MUN\u00cdCIPIO DE CABACEIRAS &#8211; PB<\/a><\/p>\n<p>MARLON LU\u00c3 MONTEIRO-<a href=\"https:\/\/pos-graduacao.uepb.edu.br\/ppgdr\/files\/2020\/09\/LEITURA-E-DESAFIOS-DE-PENSAR-A-PARTICIPACAO-NA-ELABORACAO-DO-PLANO-DIRETOR-DO-MUNICIPIO-DE-QUEIMADAS-PB-1.pdf\">LEITURA E DESAFIOS DE PENSAR A PARTICIPA\u00c7\u00c3O NA ELABORA\u00c7\u00c3O DO PLANO DIRETOR DO MUN\u00cdCIPIO DE QUEIMADAS &#8211; PB<\/a><\/p>\n<p>THAISE SALES URTIGA DE FARIAS-<a href=\"https:\/\/pos-graduacao.uepb.edu.br\/ppgdr\/files\/2020\/09\/AS-EXPERIENCIAS-DE-REUSO-DE-AGUA-NO-NORDESTE-ELABORACOES-EM-TORNO-DA-EMERGENCIA-DE-UMA-QUESTAO-HIDRICA.pdf\">AS EXPERI\u00caNCIAS DE REUSO DE \u00c1GUA NO NORDESTE- ELABORA\u00c7\u00d5ES EM TORNO DA EMERG\u00caNCIA DE UMA QUEST\u00c3O H\u00cdDRICA<\/a><\/p>\n","protected":false},"excerpt":{"rendered":"<p>ALCIONE VAL\u00c9RIA BENTO DA SILVA-ATORES, ARENAS E A\u00c7\u00c3O COLETIVA EM TORNO DO ACESSO \u00c0 \u00c1GUA-O CASO DO COMIT\u00ca DE BACIA HIDROGR\u00c1FICA DO RIO PARA\u00cdBA NO SEMI\u00c1RIDO PARAIBANO ALLAN GUSTAVO FREIRE DA SILVA-POL\u00cdTICA DE INTERIORIZA\u00c7\u00c3O UNIVERSIT\u00c1RIA E DESENVOLVIMENTO- UMA AN\u00c1LISE SOCIOECON\u00d4MICA DA IMPLANTA\u00c7\u00c3O DA UNIVERSIDADE FEDERAL DE CAMPINA GRANDE EM SUM\u00c9 &#8211; PB ANA LUIZA FIGUEIR\u00caDO <a class=\"leiamais\" href=\"https:\/\/pos-graduacao.uepb.edu.br\/ppgdr\/dissertacao-turma-2015\/\">Leia Mais&#8230;<\/a><\/p>\n","protected":false},"author":27,"featured_media":0,"parent":0,"menu_order":0,"comment_status":"closed","ping_status":"closed","template":"","meta":{"footnotes":""},"class_list":["post-2528","page","type-page","status-publish","hentry"],"_links":{"self":[{"href":"https:\/\/pos-graduacao.uepb.edu.br\/ppgdr\/wp-json\/wp\/v2\/pages\/2528","targetHints":{"allow":["GET"]}}],"collection":[{"href":"https:\/\/pos-graduacao.uepb.edu.br\/ppgdr\/wp-json\/wp\/v2\/pages"}],"about":[{"href":"https:\/\/pos-graduacao.uepb.edu.br\/ppgdr\/wp-json\/wp\/v2\/types\/page"}],"author":[{"embeddable":true,"href":"https:\/\/pos-graduacao.uepb.edu.br\/ppgdr\/wp-json\/wp\/v2\/users\/27"}],"replies":[{"embeddable":true,"href":"https:\/\/pos-graduacao.uepb.edu.br\/ppgdr\/wp-json\/wp\/v2\/comments?post=2528"}],"version-history":[{"count":57,"href":"https:\/\/pos-graduacao.uepb.edu.br\/ppgdr\/wp-json\/wp\/v2\/pages\/2528\/revisions"}],"predecessor-version":[{"id":3695,"href":"https:\/\/pos-graduacao.uepb.edu.br\/ppgdr\/wp-json\/wp\/v2\/pages\/2528\/revisions\/3695"}],"wp:attachment":[{"href":"https:\/\/pos-graduacao.uepb.edu.br\/ppgdr\/wp-json\/wp\/v2\/media?parent=2528"}],"curies":[{"name":"wp","href":"https:\/\/api.w.org\/{rel}","templated":true}]}}