{"id":2310,"date":"2016-04-14T07:42:06","date_gmt":"2016-04-14T10:42:06","guid":{"rendered":"https:\/\/pos-graduacao.uepb.edu.br\/ppgdr\/?page_id=2310"},"modified":"2016-04-14T07:42:06","modified_gmt":"2016-04-14T10:42:06","slug":"apresentacao","status":"publish","type":"page","link":"https:\/\/pos-graduacao.uepb.edu.br\/ppgdr\/apresentacao\/","title":{"rendered":"Apresenta\u00e7\u00e3o"},"content":{"rendered":"<p style=\"text-align: justify;\">O Programa de P\u00f3s-gradua\u00e7\u00e3o em Desenvolvimento Regional (Mestrado) nasceu do di\u00e1logo envolvendo pesquisadores de diferentes \u00e1reas das Ci\u00eancias Sociais, Humanidades e Ci\u00eancias da Natureza, pautado pela necessidade de se apresentar uma contribui\u00e7\u00e3o efetiva, te\u00f3rica e pr\u00e1tica, para o desenvolvimento regional, por meio de atividades de ensino e pesquisa. Foi recomendado pela CAPES em dezembro de 2008 e funciona em associa\u00e7\u00e3o do tipo parcial envolvendo a Universidade Estadual da Para\u00edba (UEPB) e a Universidade Federal de Campina Grande (UFCG). O PPGDR \u00e9 vinculado, \u00fanica e exclusivamente a UEPB, mas seu quadro docente efetivo conta com a participa\u00e7\u00e3o de pesquisadores da UFCG, particularmente do Centro de Humanidades. Por esta associa\u00e7\u00e3o eles t\u00eam atua\u00e7\u00e3o sistem\u00e1tica e regular no desenvolvimento de atividades de ensino, pesquisa e orienta\u00e7\u00e3o, disciplinados pelo Regimento Interno do Programa, em conson\u00e2ncia com os estatutos que regem a P\u00f3s-gradua\u00e7\u00e3o nas duas universidades.<\/p>\n","protected":false},"excerpt":{"rendered":"<p>O Programa de P\u00f3s-gradua\u00e7\u00e3o em Desenvolvimento Regional (Mestrado) nasceu do di\u00e1logo envolvendo pesquisadores de diferentes \u00e1reas das Ci\u00eancias Sociais, Humanidades e Ci\u00eancias da Natureza, pautado pela necessidade de se apresentar uma contribui\u00e7\u00e3o efetiva, te\u00f3rica e pr\u00e1tica, para o desenvolvimento regional, por meio de atividades de ensino e pesquisa. Foi recomendado pela CAPES em dezembro de <a class=\"leiamais\" href=\"https:\/\/pos-graduacao.uepb.edu.br\/ppgdr\/apresentacao\/\">Leia Mais&#8230;<\/a><\/p>\n","protected":false},"author":1,"featured_media":0,"parent":0,"menu_order":0,"comment_status":"closed","ping_status":"closed","template":"","meta":{"footnotes":""},"class_list":["post-2310","page","type-page","status-publish","hentry"],"_links":{"self":[{"href":"https:\/\/pos-graduacao.uepb.edu.br\/ppgdr\/wp-json\/wp\/v2\/pages\/2310","targetHints":{"allow":["GET"]}}],"collection":[{"href":"https:\/\/pos-graduacao.uepb.edu.br\/ppgdr\/wp-json\/wp\/v2\/pages"}],"about":[{"href":"https:\/\/pos-graduacao.uepb.edu.br\/ppgdr\/wp-json\/wp\/v2\/types\/page"}],"author":[{"embeddable":true,"href":"https:\/\/pos-graduacao.uepb.edu.br\/ppgdr\/wp-json\/wp\/v2\/users\/1"}],"replies":[{"embeddable":true,"href":"https:\/\/pos-graduacao.uepb.edu.br\/ppgdr\/wp-json\/wp\/v2\/comments?post=2310"}],"version-history":[{"count":1,"href":"https:\/\/pos-graduacao.uepb.edu.br\/ppgdr\/wp-json\/wp\/v2\/pages\/2310\/revisions"}],"predecessor-version":[{"id":2311,"href":"https:\/\/pos-graduacao.uepb.edu.br\/ppgdr\/wp-json\/wp\/v2\/pages\/2310\/revisions\/2311"}],"wp:attachment":[{"href":"https:\/\/pos-graduacao.uepb.edu.br\/ppgdr\/wp-json\/wp\/v2\/media?parent=2310"}],"curies":[{"name":"wp","href":"https:\/\/api.w.org\/{rel}","templated":true}]}}