{"id":22,"date":"2011-10-27T12:23:52","date_gmt":"2011-10-27T12:23:52","guid":{"rendered":"http:\/\/pos-graduacao.ascom.uepb.edu.br\/ppgdr\/?page_id=22"},"modified":"2012-08-03T11:16:30","modified_gmt":"2012-08-03T14:16:30","slug":"22-2","status":"publish","type":"page","link":"https:\/\/pos-graduacao.uepb.edu.br\/ppgdr\/22-2\/","title":{"rendered":"Disciplinas"},"content":{"rendered":"<table class=\"contentpaneopen_disciplinas\">\n<tbody>\n<tr>\n<td valign=\"top\">\n<div style=\"text-align: justify;\">\n<table style=\"text-align: center;\" border=\"0\" cellspacing=\"0\" cellpadding=\"0\">\n<tbody style=\"text-align: left;\">\n<tr style=\"text-align: left; background-color: #38794b;\">\n<td style=\"width: 450px; text-align: center; height: 20px;\"><strong><span style=\"color: #ffffff;\">Disciplinas<\/span><\/strong><\/td>\n<td style=\"width: 90px; text-align: center;\"><strong><span style=\"color: #ffffff;\">Natureza<\/span><\/strong><\/td>\n<td style=\"width: 30px; text-align: center;\"><strong><span style=\"color: #ffffff;\">CH<\/span><\/strong><\/td>\n<td style=\"width: 70px; text-align: center;\"><strong><span style=\"color: #ffffff;\">Cr\u00e9ditos<\/span><\/strong><\/td>\n<\/tr>\n<tr style=\"text-align: left; background-color: #ffffff;\">\n<td style=\"text-align: left; height: 25px;\">Teorias do Desenvolvimento<\/td>\n<td style=\"text-align: center;\">Obrigat\u00f3ria<\/td>\n<td style=\"text-align: center;\">45<\/td>\n<td style=\"text-align: center;\">03<\/td>\n<\/tr>\n<tr style=\"text-align: left; background-color: #f8f8f8;\">\n<td style=\"text-align: left; height: 25px;\">Metodologia da Pesquisa e do Trabalho Cient\u00edtico<\/td>\n<td style=\"text-align: center;\">Obrigat\u00f3ria<\/td>\n<td style=\"text-align: center;\">45<\/td>\n<td style=\"text-align: center;\">03<\/td>\n<\/tr>\n<tr style=\"text-align: left;\">\n<td style=\"text-align: left; height: 25px;\">Desenvolvimento Regional e Urbano<\/td>\n<td style=\"text-align: center;\">Obrigat\u00f3ria<\/td>\n<td style=\"text-align: center;\">45<\/td>\n<td style=\"text-align: center;\">03<\/td>\n<\/tr>\n<tr style=\"text-align: left; background-color: #f8f8f8;\">\n<td style=\"text-align: left; height: 25px;\">Estado, pol\u00edticas p\u00fablicas e movimentos sociais<\/td>\n<td style=\"text-align: center;\">Obrigat\u00f3ria<\/td>\n<td style=\"text-align: center;\">45<\/td>\n<td style=\"text-align: center;\">03<\/td>\n<\/tr>\n<tr style=\"text-align: left;\">\n<td style=\"text-align: left; height: 25px;\">Semin\u00e1rios<\/td>\n<td style=\"text-align: center;\">Obrigat\u00f3ria<\/td>\n<td style=\"text-align: center;\">45<\/td>\n<td style=\"text-align: center;\">03<\/td>\n<\/tr>\n<tr style=\"text-align: left; background-color: #f8f8f8;\">\n<td style=\"text-align: left; height: 25px; background-color: #f8f8f8;\">Conflito e Desigualdades Socias<\/td>\n<td style=\"text-align: center;\">Optativa<\/td>\n<td style=\"text-align: center;\">45<\/td>\n<td style=\"text-align: center;\">03<\/td>\n<\/tr>\n<tr style=\"text-align: left;\">\n<td style=\"text-align: left; height: 25px;\">Filosofia da Ci\u00eancia<\/td>\n<td style=\"text-align: center;\">Optativa<\/td>\n<td style=\"text-align: center;\">45<\/td>\n<td style=\"text-align: center;\">03<\/td>\n<\/tr>\n<tr style=\"text-align: left; background-color: #f8f8f8;\">\n<td style=\"text-align: left; height: 25px; background-color: #f8f8f8;\">Hist\u00f3ria Regional<\/td>\n<td style=\"text-align: center;\">Optativa<\/td>\n<td style=\"text-align: center;\">45<\/td>\n<td style=\"text-align: center;\">03<\/td>\n<\/tr>\n<tr style=\"text-align: left;\">\n<td style=\"text-align: left; height: 25px;\">Teoria Cr\u00edtica Contempor\u00e2nea e Desenv. Regional<\/td>\n<td style=\"text-align: center;\">Optativa<\/td>\n<td style=\"text-align: center;\">45<\/td>\n<td style=\"text-align: center;\">03<\/td>\n<\/tr>\n<tr style=\"text-align: left; background-color: #f8f8f8;\">\n<td style=\"text-align: left; height: 25px;\">Turismo, Cultura e Desenvolvimento Regional<\/td>\n<td style=\"text-align: center;\">Optativa<\/td>\n<td style=\"text-align: center;\">45<\/td>\n<td style=\"text-align: center;\">03<\/td>\n<\/tr>\n<tr style=\"text-align: left;\">\n<td style=\"text-align: left; height: 25px;\">Ci\u00eancia, Tecnologia e Desenvolvimento Regional<\/td>\n<td style=\"text-align: center;\">Optativa<\/td>\n<td style=\"text-align: center;\">45<\/td>\n<td style=\"text-align: center;\">03<\/td>\n<\/tr>\n<tr style=\"text-align: left; background-color: #f8f8f8;\">\n<td style=\"text-align: left; height: 25px;\">Desenvolvimento e Meio Ambiente<\/td>\n<td style=\"text-align: center;\">Optativa<\/td>\n<td style=\"text-align: center;\">45<\/td>\n<td style=\"text-align: center;\">03<\/td>\n<\/tr>\n<tr style=\"text-align: left;\">\n<td style=\"text-align: left; height: 25px;\">Redes Socioambientais regionais<\/td>\n<td style=\"text-align: center;\">Optativa<\/td>\n<td style=\"text-align: center;\">45<\/td>\n<td style=\"text-align: center;\">03<\/td>\n<\/tr>\n<tr style=\"text-align: left; background-color: #f8f8f8;\">\n<td style=\"text-align: left; height: 25px;\">Teorias do Desenvolvimento Sustent\u00e1vel<\/td>\n<td style=\"text-align: center;\">Optativa<\/td>\n<td style=\"text-align: center;\">45<\/td>\n<td style=\"text-align: center;\">03<\/td>\n<\/tr>\n<tr style=\"text-align: left;\">\n<td style=\"text-align: left; height: 25px;\">Hist\u00f3ria do Nordeste<\/td>\n<td style=\"text-align: center;\">Optativa<\/td>\n<td style=\"text-align: center;\">45<\/td>\n<td style=\"text-align: center;\">03<\/td>\n<\/tr>\n<tr style=\"text-align: left; background-color: #f8f8f8;\">\n<td style=\"text-align: left; height: 25px;\">Turismo e Desenvolvimento Regional<\/td>\n<td style=\"text-align: center;\">Optativa<\/td>\n<td style=\"text-align: center;\">45<\/td>\n<td style=\"text-align: center;\">03<\/td>\n<\/tr>\n<tr style=\"text-align: left;\">\n<td style=\"text-align: left; height: 25px;\">Turismo e Meio Ambiente<\/td>\n<td style=\"text-align: center;\">Optativa<\/td>\n<td style=\"text-align: center;\">45<\/td>\n<td style=\"text-align: center;\">03<\/td>\n<\/tr>\n<tr style=\"text-align: left; background-color: #f8f8f8;\">\n<td style=\"text-align: left; height: 25px;\">Sociologia do Turismo<\/td>\n<td style=\"text-align: center;\">Optativa<\/td>\n<td style=\"text-align: center;\">45<\/td>\n<td style=\"text-align: center;\">03<\/td>\n<\/tr>\n<tr style=\"text-align: left;\">\n<td style=\"text-align: left; height: 25px;\">Turismo e Cultura<\/td>\n<td style=\"text-align: center;\">Optativa<\/td>\n<td style=\"text-align: center;\">45<\/td>\n<td style=\"text-align: center;\">03<\/td>\n<\/tr>\n<tr style=\"text-align: left; background-color: #f8f8f8;\">\n<td style=\"text-align: left; height: 25px;\">G\u00eanero, trabalho e desenvolvimento Regional<\/td>\n<td style=\"text-align: center;\">Optativa<\/td>\n<td style=\"text-align: center;\">45<\/td>\n<td style=\"text-align: center;\">03<\/td>\n<\/tr>\n<tr style=\"text-align: left;\">\n<td style=\"text-align: left; height: 25px;\">T\u00f3picos Especiais<\/td>\n<td style=\"text-align: center;\">Optativa<\/td>\n<td style=\"text-align: center;\">45<\/td>\n<td style=\"text-align: center;\">03<\/td>\n<\/tr>\n<\/tbody>\n<\/table>\n<\/div>\n<\/td>\n<\/tr>\n<\/tbody>\n<\/table>\n","protected":false},"excerpt":{"rendered":"<p>Disciplinas Natureza CH Cr\u00e9ditos Teorias do Desenvolvimento Obrigat\u00f3ria 45 03 Metodologia da Pesquisa e do Trabalho Cient\u00edtico Obrigat\u00f3ria 45 03 Desenvolvimento Regional e Urbano Obrigat\u00f3ria 45 03 Estado, pol\u00edticas p\u00fablicas e movimentos sociais Obrigat\u00f3ria 45 03 Semin\u00e1rios Obrigat\u00f3ria 45 03 Conflito e Desigualdades Socias Optativa 45 03 Filosofia da Ci\u00eancia Optativa 45 03 Hist\u00f3ria Regional <a class=\"leiamais\" href=\"https:\/\/pos-graduacao.uepb.edu.br\/ppgdr\/22-2\/\">Leia Mais&#8230;<\/a><\/p>\n","protected":false},"author":3,"featured_media":0,"parent":0,"menu_order":0,"comment_status":"open","ping_status":"open","template":"","meta":{"footnotes":""},"class_list":["post-22","page","type-page","status-publish","hentry"],"_links":{"self":[{"href":"https:\/\/pos-graduacao.uepb.edu.br\/ppgdr\/wp-json\/wp\/v2\/pages\/22","targetHints":{"allow":["GET"]}}],"collection":[{"href":"https:\/\/pos-graduacao.uepb.edu.br\/ppgdr\/wp-json\/wp\/v2\/pages"}],"about":[{"href":"https:\/\/pos-graduacao.uepb.edu.br\/ppgdr\/wp-json\/wp\/v2\/types\/page"}],"author":[{"embeddable":true,"href":"https:\/\/pos-graduacao.uepb.edu.br\/ppgdr\/wp-json\/wp\/v2\/users\/3"}],"replies":[{"embeddable":true,"href":"https:\/\/pos-graduacao.uepb.edu.br\/ppgdr\/wp-json\/wp\/v2\/comments?post=22"}],"version-history":[{"count":8,"href":"https:\/\/pos-graduacao.uepb.edu.br\/ppgdr\/wp-json\/wp\/v2\/pages\/22\/revisions"}],"predecessor-version":[{"id":24,"href":"https:\/\/pos-graduacao.uepb.edu.br\/ppgdr\/wp-json\/wp\/v2\/pages\/22\/revisions\/24"}],"wp:attachment":[{"href":"https:\/\/pos-graduacao.uepb.edu.br\/ppgdr\/wp-json\/wp\/v2\/media?parent=22"}],"curies":[{"name":"wp","href":"https:\/\/api.w.org\/{rel}","templated":true}]}}