{"id":20,"date":"2011-10-27T12:19:28","date_gmt":"2011-10-27T12:19:28","guid":{"rendered":"http:\/\/pos-graduacao.ascom.uepb.edu.br\/ppgdr\/?page_id=20"},"modified":"2024-06-19T10:34:14","modified_gmt":"2024-06-19T13:34:14","slug":"corpo-docente","status":"publish","type":"page","link":"https:\/\/pos-graduacao.uepb.edu.br\/ppgdr\/corpo-docente\/","title":{"rendered":"Corpo Docente"},"content":{"rendered":"<p><strong>PERMANENTES<\/strong><\/p>\n<p><a href=\"http:\/\/lattes.cnpq.br\/7449740069093028\" target=\"_blank\" rel=\"noopener\">\u00c2ngela Maria Cavalcanti Ramalho<\/a><br \/>\nangela@servidor.uepb.edu.br<\/p>\n<p><a href=\"http:\/\/lattes.cnpq.br\/0573233540937425\" target=\"_blank\" rel=\"noopener\">Cidoval Morais de Sousa<\/a><br \/>\ncidoval@servidor.uepb.edu.br<\/p>\n<p><a href=\"http:\/\/lattes.cnpq.br\/7585947992338412\" target=\"_blank\" rel=\"noopener\">Durval Muniz de Albuquerque Junior<\/a><br \/>\ndurvalaljr@gmail.com<\/p>\n<p><a href=\"http:\/\/lattes.cnpq.br\/7475805498748095\" target=\"_blank\" rel=\"noopener\">Hermes Alves de Almeida<\/a><br \/>\nhermes@servidor.uepb.edu.br<\/p>\n<p><a href=\"http:\/\/lattes.cnpq.br\/8980645523068866\" target=\"_blank\" rel=\"noopener\">Jos\u00e9 Irivaldo Alves de Oliveira Silva<\/a><br \/>\nirivaldo.cdsa@gmail.com<\/p>\n<p><a href=\"http:\/\/lattes.cnpq.br\/9512363834033518\" target=\"_blank\" rel=\"noopener\">Lemuel Dourado Guerra Sobrinho<\/a><br \/>\nlenksguerra@yahoo.com<\/p>\n<p><a href=\"http:\/\/lattes.cnpq.br\/2698541099194056\" target=\"_blank\" rel=\"noopener\">L\u00edvia Izabel Bezerra de Miranda<\/a><\/p>\n<p><a href=\"http:\/\/lattes.cnpq.br\/3578108426426873\" target=\"_blank\" rel=\"noopener\">Leonardo de Ara\u00fajo e Mota<\/a><br \/>\nleonardoamota@servidor.uepb.edu.br<\/p>\n<p><a href=\"http:\/\/lattes.cnpq.br\/6991283096951332\" target=\"_blank\" rel=\"noopener\">Luis Henrique Herm\u00ednio\u00a0Cunha<\/a><br \/>\nluishcunha@uol.com.br<\/p>\n<p><a href=\"http:\/\/lattes.cnpq.br\/3345367355585035\" target=\"_blank\" rel=\"noopener\">Rafael Albuquerque Xavier<\/a><br \/>\nrafaelxavier@servidor.uepb.edu.br<\/p>\n<p><a href=\"http:\/\/lattes.cnpq.br\/2700493408324446\" target=\"_blank\" rel=\"noopener\">Roberto de Sousa Miranda<\/a><br \/>\nrobertosmiranda@gmail.com<\/p>\n<p><a href=\"http:\/\/lattes.cnpq.br\/7578689485360424\" target=\"_blank\" rel=\"noopener\">Val\u00e9ria Raquel Porto de Lima<\/a><\/p>\n<p><a href=\"http:\/\/lattes.cnpq.br\/9996806607402954\" target=\"_blank\" rel=\"noopener\">Tiago Almeida de Oliveira<\/a><br \/>\ntadolive@servidor.uepb.edu.br<\/p>\n<p>* O professor pode participar de mais de uma linha de pesquisa.<\/p>\n","protected":false},"excerpt":{"rendered":"<p>PERMANENTES \u00c2ngela Maria Cavalcanti Ramalho angela@servidor.uepb.edu.br Cidoval Morais de Sousa cidoval@servidor.uepb.edu.br Durval Muniz de Albuquerque Junior durvalaljr@gmail.com Hermes Alves de Almeida hermes@servidor.uepb.edu.br Jos\u00e9 Irivaldo Alves de Oliveira Silva irivaldo.cdsa@gmail.com Lemuel Dourado Guerra Sobrinho lenksguerra@yahoo.com L\u00edvia Izabel Bezerra de Miranda Leonardo de Ara\u00fajo e Mota leonardoamota@servidor.uepb.edu.br Luis Henrique Herm\u00ednio\u00a0Cunha luishcunha@uol.com.br Rafael Albuquerque Xavier rafaelxavier@servidor.uepb.edu.br Roberto de <a class=\"leiamais\" href=\"https:\/\/pos-graduacao.uepb.edu.br\/ppgdr\/corpo-docente\/\">Leia Mais&#8230;<\/a><\/p>\n","protected":false},"author":3,"featured_media":0,"parent":0,"menu_order":0,"comment_status":"open","ping_status":"open","template":"","meta":{"footnotes":""},"class_list":["post-20","page","type-page","status-publish","hentry"],"_links":{"self":[{"href":"https:\/\/pos-graduacao.uepb.edu.br\/ppgdr\/wp-json\/wp\/v2\/pages\/20","targetHints":{"allow":["GET"]}}],"collection":[{"href":"https:\/\/pos-graduacao.uepb.edu.br\/ppgdr\/wp-json\/wp\/v2\/pages"}],"about":[{"href":"https:\/\/pos-graduacao.uepb.edu.br\/ppgdr\/wp-json\/wp\/v2\/types\/page"}],"author":[{"embeddable":true,"href":"https:\/\/pos-graduacao.uepb.edu.br\/ppgdr\/wp-json\/wp\/v2\/users\/3"}],"replies":[{"embeddable":true,"href":"https:\/\/pos-graduacao.uepb.edu.br\/ppgdr\/wp-json\/wp\/v2\/comments?post=20"}],"version-history":[{"count":57,"href":"https:\/\/pos-graduacao.uepb.edu.br\/ppgdr\/wp-json\/wp\/v2\/pages\/20\/revisions"}],"predecessor-version":[{"id":5395,"href":"https:\/\/pos-graduacao.uepb.edu.br\/ppgdr\/wp-json\/wp\/v2\/pages\/20\/revisions\/5395"}],"wp:attachment":[{"href":"https:\/\/pos-graduacao.uepb.edu.br\/ppgdr\/wp-json\/wp\/v2\/media?parent=20"}],"curies":[{"name":"wp","href":"https:\/\/api.w.org\/{rel}","templated":true}]}}