{"id":176,"date":"2012-09-19T08:52:21","date_gmt":"2012-09-19T11:52:21","guid":{"rendered":"http:\/\/pos-graduacao.ascom.uepb.edu.br\/ppgdr\/?page_id=176"},"modified":"2024-11-14T08:37:54","modified_gmt":"2024-11-14T11:37:54","slug":"coordenacao","status":"publish","type":"page","link":"https:\/\/pos-graduacao.uepb.edu.br\/ppgdr\/coordenacao\/","title":{"rendered":"Coordena\u00e7\u00e3o"},"content":{"rendered":"<div class=\"wpb-content-wrapper\"><p>[vc_row gap=&#8221;30&#8243;][vc_column width=&#8221;1\/2&#8243;][vc_column_text]<\/p>\n<p style=\"text-align: justify\"><strong>Atribui\u00e7\u00f5es:<\/strong><\/p>\n<p style=\"text-align: justify\">S\u00e3o atribui\u00e7\u00f5es dos Coordenadores do Programa de P\u00f3s-Gradua\u00e7\u00e3o em\u00a0Desenvolvimento Regional, al\u00e9m das constantes no Regulamento Geral dos Programas\u00a0de P\u00f3s-Gradua\u00e7\u00e3o Stricto Sensu da Universidade Estadual da Para\u00edba:<\/p>\n<ul>\n<li style=\"text-align: justify\">dirigir e supervisionar a Secretaria do PPGDR;<\/li>\n<li style=\"text-align: justify\">encaminhar, na \u00e9poca devida, aos Professores de cada \u00e1rea do Programa a documenta\u00e7\u00e3o necess\u00e1ria ao processo seletivo, recebendo destes, em tempo h\u00e1bil, a documenta\u00e7\u00e3o e os resultados do referido processo seletivo;<\/li>\n<li style=\"text-align: justify\">elaborar e submeter \u00e0 aprecia\u00e7\u00e3o do Colegiado do PPGDR, na \u00e9poca devida, as documenta\u00e7\u00f5es necess\u00e1rias, os relat\u00f3rios e os planos previstos neste Regulamento;<\/li>\n<li style=\"text-align: justify\">por em execu\u00e7\u00e3o as decis\u00f5es do Colegiado do Programa;<\/li>\n<li style=\"text-align: justify\">representar o Programa junto a entidades de car\u00e1ter cultural e cient\u00edfico;<\/li>\n<li style=\"text-align: justify\">representar o Programa em Congressos, Col\u00f3quios e outros eventos de car\u00e1ter cultural e cient\u00edfico; e<\/li>\n<li style=\"text-align: justify\">delegar a membros do corpo docente a representa\u00e7\u00e3o do Programa nos casos indicados nas al\u00edneas e e f deste par\u00e1grafo.<\/li>\n<\/ul>\n<p>[\/vc_column_text][\/vc_column][vc_column width=&#8221;1\/2&#8243;][vc_column_text css=&#8221;&#8221;]<strong>Coordena\u00e7\u00e3o<\/strong><br \/>\nProf.\u00ba Dr.\u00ba Rafael Albuquerque Xavier<br \/>\nE-mail: rafaelxavier@servidor.uepb.edu.br<\/p>\n<p><strong>Coordena\u00e7\u00e3o Adjunta<\/strong><br \/>\nProf.\u00aa Dr.\u00aa \u00c2ngela Maria Cavalcanti Ramalho<br \/>\nE-mail: angela@servidor.uepb.edu.br<\/p>\n<p><strong>Contato<\/strong>:<br \/>\nTelefone: (83) 3344- 5305<br \/>\nE-mail: ppgdr@setor.uepb.edu.br<\/p>\n<p><strong>Endere\u00e7o<\/strong>:<br \/>\nPrograma de P\u00f3s-Gradua\u00e7\u00e3o em Desenvolvimento Regional<br \/>\nCentro de Integra\u00e7\u00e3o Acad\u00eamica, 3\u00ba andar, sala 311<br \/>\nRua Bara\u00fanas, 351 &#8211; Bairro Universit\u00e1rio &#8211; Campina Grande-PB, CEP 58429-500[\/vc_column_text][\/vc_column][\/vc_row]<\/p>\n<\/div>","protected":false},"excerpt":{"rendered":"<p>[vc_row gap=&#8221;30&#8243;][vc_column width=&#8221;1\/2&#8243;][vc_column_text] Atribui\u00e7\u00f5es: S\u00e3o atribui\u00e7\u00f5es dos Coordenadores do Programa de P\u00f3s-Gradua\u00e7\u00e3o em\u00a0Desenvolvimento Regional, al\u00e9m das constantes no Regulamento Geral dos Programas\u00a0de P\u00f3s-Gradua\u00e7\u00e3o Stricto Sensu da Universidade Estadual da Para\u00edba: dirigir e supervisionar a Secretaria do PPGDR; encaminhar, na \u00e9poca devida, aos Professores de cada \u00e1rea do Programa a documenta\u00e7\u00e3o necess\u00e1ria ao processo seletivo, recebendo <a class=\"leiamais\" href=\"https:\/\/pos-graduacao.uepb.edu.br\/ppgdr\/coordenacao\/\">Leia Mais&#8230;<\/a><\/p>\n","protected":false},"author":3,"featured_media":0,"parent":0,"menu_order":0,"comment_status":"open","ping_status":"open","template":"","meta":{"footnotes":""},"class_list":["post-176","page","type-page","status-publish","hentry"],"_links":{"self":[{"href":"https:\/\/pos-graduacao.uepb.edu.br\/ppgdr\/wp-json\/wp\/v2\/pages\/176","targetHints":{"allow":["GET"]}}],"collection":[{"href":"https:\/\/pos-graduacao.uepb.edu.br\/ppgdr\/wp-json\/wp\/v2\/pages"}],"about":[{"href":"https:\/\/pos-graduacao.uepb.edu.br\/ppgdr\/wp-json\/wp\/v2\/types\/page"}],"author":[{"embeddable":true,"href":"https:\/\/pos-graduacao.uepb.edu.br\/ppgdr\/wp-json\/wp\/v2\/users\/3"}],"replies":[{"embeddable":true,"href":"https:\/\/pos-graduacao.uepb.edu.br\/ppgdr\/wp-json\/wp\/v2\/comments?post=176"}],"version-history":[{"count":31,"href":"https:\/\/pos-graduacao.uepb.edu.br\/ppgdr\/wp-json\/wp\/v2\/pages\/176\/revisions"}],"predecessor-version":[{"id":5486,"href":"https:\/\/pos-graduacao.uepb.edu.br\/ppgdr\/wp-json\/wp\/v2\/pages\/176\/revisions\/5486"}],"wp:attachment":[{"href":"https:\/\/pos-graduacao.uepb.edu.br\/ppgdr\/wp-json\/wp\/v2\/media?parent=176"}],"curies":[{"name":"wp","href":"https:\/\/api.w.org\/{rel}","templated":true}]}}