{"id":13,"date":"2011-10-27T12:15:50","date_gmt":"2011-10-27T12:15:50","guid":{"rendered":"http:\/\/pos-graduacao.ascom.uepb.edu.br\/ppgdr\/?page_id=13"},"modified":"2024-06-19T10:38:48","modified_gmt":"2024-06-19T13:38:48","slug":"linhas-de-pesquisa","status":"publish","type":"page","link":"https:\/\/pos-graduacao.uepb.edu.br\/ppgdr\/linhas-de-pesquisa\/","title":{"rendered":"Linhas de Pesquisa"},"content":{"rendered":"<div class=\"wpb-content-wrapper\"><p>[vc_row][vc_column][vc_tta_tabs active_section=&#8221;1&#8243; css=&#8221;.vc_custom_1718804336755{margin-top: 30px !important;}&#8221;][vc_tta_section title=&#8221;Estado, Planejamento, Pol\u00edticas P\u00fablicas e Desenvolvimento Regional&#8221; tab_id=&#8221;1718804178512-97df3654-ae97&#8243;][vc_column_text css=&#8221;.vc_custom_1718804294827{margin-top: 30px !important;}&#8221;]Dedica-se a estudar a origem, a natureza e os\u00a0 atores envolvidos nos conflitos sociais manifestos ou latentes. A \u00eanfase, nesse sentido, n\u00e3o se localiza apenas na\u00a0 identifica\u00e7\u00e3o dos limites e possibilidades de confronto entre as for\u00e7as\u00a0 sociais e as diferentes inst\u00e2ncias de poder, mas tamb\u00e9m problematizar e\u00a0 explicitar as raz\u00f5es que explicam a dificuldade de articula\u00e7\u00e3o pol\u00edtica de\u00a0 longo prazo, em uma regi\u00e3o com graves desigualdades sociais em todas\u00a0 as dimens\u00f5es da vida social. Isto implica identificar os diferentes espa\u00e7os\u00a0 de disputa na regi\u00e3o e as a\u00e7\u00f5es t\u00e1ticas e estrat\u00e9gicas que orientam os\u00a0 processos decis\u00f3rios relacionados ao planejamento regional. Implica, tamb\u00e9m, analisar os conflitos de interesses e os riscos socioambientais\u00a0 impl\u00edcitos em projetos de desenvolvimento baseados em demandas de\u00a0 setores espec\u00edficos.A LP1 estimula estudos e investiga\u00e7\u00f5es sobre o Estado e suas transforma\u00e7\u00f5es recentes no campo das pol\u00edticas p\u00fablicas, considerando a emerg\u00eancia de novas formas de provis\u00e3o e gest\u00e3o de servi\u00e7os p\u00fablicos, suas rela\u00e7\u00f5es entre Estado, governo, mercado e terceiro setor na sociedade contempor\u00e2nea. Esta linha estimula a elabora\u00e7\u00e3o de projetos de pesquisa que abordam a racionalidade espec\u00edfica do Estado brasileiro nos processos de formula\u00e7\u00e3o de pol\u00edticas de desenvolvimento regional, incluindo o papel hist\u00f3rico do clientelismo e do populismo; mas tamb\u00e9m os crescentes processos participativos na cria\u00e7\u00e3o, formula\u00e7\u00e3o, implementa\u00e7\u00e3o, monitoramento, execu\u00e7\u00e3o e avalia\u00e7\u00e3o de pol\u00edticas p\u00fablicas, pautados em diversos modelos de exerc\u00edcio da cidadania; considerando a emerg\u00eancia de novos modelos de governan\u00e7a democr\u00e1tica, com solu\u00e7\u00f5es locais experimentadas caso a caso, nas quais os movimentos sociais urbanos e rurais v\u00eam atuando articuladamente. Nessa linha, se dar\u00e1 \u00eanfase \u00e0 investiga\u00e7\u00e3o de formas inovadoras de a\u00e7\u00e3o coletiva que potencializam a capacidade de interven\u00e7\u00e3o da sociedade civil nos processos decis\u00f3rios e na aloca\u00e7\u00e3o de recursos das diferentes esferas governamentais em favor das popula\u00e7\u00f5es e territ\u00f3rios tradicionalmente menos favorecidos pelo Estado.[\/vc_column_text][\/vc_tta_section][vc_tta_section title=&#8221;Sociedade, Cultura, Turismo e Desenvolvimento Regional&#8221; tab_id=&#8221;1718804266878-6235beb2-8f71&#8243;][vc_column_text css=&#8221;.vc_custom_1718804306071{margin-top: 30px !important;}&#8221;]A L2 abrange um amplo leque de objetos e de campos de investiga\u00e7\u00e3o e estrutura-se a partir de uma perspectiva interdisciplinar. Destacam-se os estudos de cultura, atrav\u00e9s dos quais os aspectos simb\u00f3licos e o imagin\u00e1rio, em suas diversas manifesta\u00e7\u00f5es e pr\u00e1ticas, s\u00e3o considerados categorias fundamentais \u00e0 compreens\u00e3o da vida em sociedade, tais como: rela\u00e7\u00f5es de g\u00eanero, identidades \u00e9tnicas, conflito e viol\u00eancia, cultura popular, literatura e arte das identidades regionais e nacionais e desdobramentos te\u00f3ricos e pol\u00edticos recentes acerca do conceito de cultura, contemplando processos subjetivos e coletivos. No campo da sociabilidade busca-se entender as peculiaridades da sociabilidade contempor\u00e2nea, a exist\u00eancia de novas formas de express\u00e3o caracter\u00edsticas da modernidade e p\u00f3s-modernidade, recuperando cen\u00e1rios tradicionais, percebendo continuidades e descontinuidades e diferentes perspectivas de estudo e investiga\u00e7\u00e3o do turismo numa perspectiva cr\u00edtica, considerando conflitos, contradi\u00e7\u00f5es e, principalmente, os diferentes interesses que se organizam na composi\u00e7\u00e3o do modelo neoliberal de ler, compreender e fazer turismo. Estimulam-se tamb\u00e9m projetos e pesquisas que enfoquem as tens\u00f5es entre os ambientes natural e constru\u00eddo, o uso dos recursos naturais e os principais impactos do turismo na regi\u00e3o nordestina. Espera-se, ainda, que os projetos ajudem a problematizar a experi\u00eancia tur\u00edstica na cultura contempor\u00e2nea, contribuindo para a an\u00e1lise das rela\u00e7\u00f5es entre turistas e culturas locais, que possibilitem, por fim, a compreens\u00e3o do turismo como um fen\u00f4meno eminentemente cultural.[\/vc_column_text][\/vc_tta_section][vc_tta_section title=&#8221;Ci\u00eancia, Tecnologia e Inova\u00e7\u00e3o&#8221; tab_id=&#8221;1718804279491-c0b14cd4-b9df&#8221;][vc_column_text css=&#8221;.vc_custom_1718804321797{margin-top: 30px !important;}&#8221;]Esta linha de pesquisa visa investigar as rela\u00e7\u00f5es entre ci\u00eancia, tecnologia e inova\u00e7\u00e3o considerando os processos de constru\u00e7\u00e3o e apropria\u00e7\u00e3o do conhecimento e seus impactos sobre os sistemas produtivos na sociedade. Busca-se, tamb\u00e9m, estudar os mecanismos de cria\u00e7\u00e3o, prote\u00e7\u00e3o e difus\u00e3o da inova\u00e7\u00e3o tecnol\u00f3gica abrangendo os processos de prospec\u00e7\u00e3o e monitoramento de informa\u00e7\u00f5es que permitam a constru\u00e7\u00e3o de indicadores e cen\u00e1rios que auxiliem gestores e formuladores de pol\u00edticas de CT&amp;I. Os principais temas de interesse da LP3 s\u00e3o: pol\u00edticas e indicadores de CT&amp;I; gest\u00e3o da inova\u00e7\u00e3o e da tecnologia; propriedade intelectual; estudos de prospec\u00e7\u00e3o tecnol\u00f3gica; estudos de CT&amp;S \u2013 Ci\u00eancia, Tecnologia &amp; Sociedade; estudos da organiza\u00e7\u00e3o econ\u00f4mica e produtiva da tecnologia e da inova\u00e7\u00e3o, tanto no setor privado quanto no setor p\u00fablico; estudos sobre os processos de produ\u00e7\u00e3o e difus\u00e3o da inova\u00e7\u00e3o em suas v\u00e1rias vertentes (produto, processo, servi\u00e7os, organizacionais); processo decis\u00f3rio e estrat\u00e9gias de constru\u00e7\u00e3o de poder dos diferentes atores \u2013 Estado, comunidade de pesquisa, empresas, sindicatos, movimentos sociais \u2013 envolvidos com as pol\u00edticas de C&amp;TI e suas rela\u00e7\u00f5es com o desenvolvimento Regional; mudan\u00e7a tecnol\u00f3gica e mudan\u00e7a social; tend\u00eancias do progresso t\u00e9cnico, com \u00eanfase em quest\u00f5es relativas ao emprego, \u00e0 organiza\u00e7\u00e3o do trabalho, \u00e0s qualifica\u00e7\u00f5es e ao meio ambiente; ci\u00eancia, tecnologia e inova\u00e7\u00e3o em sa\u00fade; tecnologias sociais; redes de coopera\u00e7\u00e3o tecnol\u00f3gica; tecnologias de informa\u00e7\u00e3o e comunica\u00e7\u00e3o e desenvolvimento regional; T\u00e9cnica, Tecnologia, Inova\u00e7\u00e3o e Mudan\u00e7as Socioespaciais; Pol\u00edtica Cient\u00edfica e Tecnol\u00f3gica e a Internacionaliza\u00e7\u00e3o do Planejamento Urbano e Regional, dentre outros.[\/vc_column_text][\/vc_tta_section][\/vc_tta_tabs][\/vc_column][\/vc_row]<\/p>\n<\/div>","protected":false},"excerpt":{"rendered":"<p>[vc_row][vc_column][vc_tta_tabs active_section=&#8221;1&#8243; css=&#8221;.vc_custom_1718804336755{margin-top: 30px !important;}&#8221;][vc_tta_section title=&#8221;Estado, Planejamento, Pol\u00edticas P\u00fablicas e Desenvolvimento Regional&#8221; tab_id=&#8221;1718804178512-97df3654-ae97&#8243;][vc_column_text css=&#8221;.vc_custom_1718804294827{margin-top: 30px !important;}&#8221;]Dedica-se a estudar a origem, a natureza e os\u00a0 atores envolvidos nos conflitos sociais manifestos ou latentes. A \u00eanfase, nesse sentido, n\u00e3o se localiza apenas na\u00a0 identifica\u00e7\u00e3o dos limites e possibilidades de confronto entre as for\u00e7as\u00a0 sociais e as diferentes <a class=\"leiamais\" href=\"https:\/\/pos-graduacao.uepb.edu.br\/ppgdr\/linhas-de-pesquisa\/\">Leia Mais&#8230;<\/a><\/p>\n","protected":false},"author":3,"featured_media":0,"parent":0,"menu_order":0,"comment_status":"open","ping_status":"open","template":"","meta":{"footnotes":""},"class_list":["post-13","page","type-page","status-publish","hentry"],"_links":{"self":[{"href":"https:\/\/pos-graduacao.uepb.edu.br\/ppgdr\/wp-json\/wp\/v2\/pages\/13","targetHints":{"allow":["GET"]}}],"collection":[{"href":"https:\/\/pos-graduacao.uepb.edu.br\/ppgdr\/wp-json\/wp\/v2\/pages"}],"about":[{"href":"https:\/\/pos-graduacao.uepb.edu.br\/ppgdr\/wp-json\/wp\/v2\/types\/page"}],"author":[{"embeddable":true,"href":"https:\/\/pos-graduacao.uepb.edu.br\/ppgdr\/wp-json\/wp\/v2\/users\/3"}],"replies":[{"embeddable":true,"href":"https:\/\/pos-graduacao.uepb.edu.br\/ppgdr\/wp-json\/wp\/v2\/comments?post=13"}],"version-history":[{"count":15,"href":"https:\/\/pos-graduacao.uepb.edu.br\/ppgdr\/wp-json\/wp\/v2\/pages\/13\/revisions"}],"predecessor-version":[{"id":5398,"href":"https:\/\/pos-graduacao.uepb.edu.br\/ppgdr\/wp-json\/wp\/v2\/pages\/13\/revisions\/5398"}],"wp:attachment":[{"href":"https:\/\/pos-graduacao.uepb.edu.br\/ppgdr\/wp-json\/wp\/v2\/media?parent=13"}],"curies":[{"name":"wp","href":"https:\/\/api.w.org\/{rel}","templated":true}]}}