{"id":76,"date":"2023-11-29T14:02:55","date_gmt":"2023-11-29T17:02:55","guid":{"rendered":"https:\/\/pos-graduacao.uepb.edu.br\/ppgdarq\/?page_id=76"},"modified":"2025-07-26T07:27:56","modified_gmt":"2025-07-26T10:27:56","slug":"regulamentos","status":"publish","type":"page","link":"https:\/\/pos-graduacao.uepb.edu.br\/ppgdarq\/regulamentos\/","title":{"rendered":"Regulamentos\/Resolu\u00e7\u00f5es"},"content":{"rendered":"<div class=\"wpb-content-wrapper\"><p>[vc_row][vc_column][vc_tta_accordion style=&#8221;modern&#8221; c_icon=&#8221;triangle&#8221; active_section=&#8221;0&#8243; collapsible_all=&#8221;true&#8221;][vc_tta_section title=&#8221;Normas e Regulamentos Internos do PPGDARQ&#8221; tab_id=&#8221;1746617818239-f7d7dcb5-5aa3&#8243;][vc_column_text css=&#8221;&#8221;]<strong>Regulamento e Estrutura Acad\u00eamica do PPGDARQ<\/strong><\/p>\n<ul>\n<li><a href=\"https:\/\/pos-graduacao.uepb.edu.br\/ppgdarq\/download\/resolucao-consepe-20-2020\/?wpdmdl=73&amp;masterkey=NOhV_tkn-czJW6qug7unWAvLIozTR8wm-boENVHvmm1krSTWxA0mtnaYoN7FJuBSDwTrxNbl5hrbUX6hFR6_heoIYkfQ7d3Wlv6XnChJp6A\">RESOLU\u00c7\u00c3O\/UFPB\/CONSEPE\/20\/2022 &#8211;\u00a0 Aprova o Regulamento e a Estrutura Acad\u00eamica do PPGDARQ<\/a><\/li>\n<\/ul>\n<p><strong>Processo Simplificado de Aluno Especial<\/strong><\/p>\n<ul>\n<li><a href=\"https:\/\/pos-graduacao.uepb.edu.br\/ppgdarq\/download\/resolucao-01-2024-alunos-especiais\/?wpdmdl=360&amp;masterkey=Cs4v4ZU9Z_D3Adk2t_6teRxBOb4RH8S8HVRRg5nvKa9RxLlPndGMG4n_lutwxg7AliIAMOypyeF9zquAt65MkAbGid4Glm3jw3LFG1CLdm4\">RESOLU\u00c7\u00c3O N\u00ba 01\/2024 \u2013 Normatiza processo simplificado de aluno especial PPGDARQ<\/a><\/li>\n<\/ul>\n<p><strong>F\u00f3rum de Pesquisa<\/strong><\/p>\n<ul>\n<li><a href=\"https:\/\/pos-graduacao.uepb.edu.br\/ppgdarq\/download\/resolucao-no-02-2024-normatiza-o-funcionamento-do-forum-de-pesquisa-do-programa-de-pos-graduacao-em-gestao-de-documentos-e-governanca-arquivistica\/?wpdmdl=718&amp;masterkey=97Rqt-ItLpFsrh14xAxUcPZkD1LJ4-jhGMq7Akm3IOpecqBEFKtTfpGo0vWlx4ct5_s5yfyOj3Q6UceL2Kqbw2089uANl3UVe0cepMKvT1k\">RESOLU\u00c7\u00c3O N\u00ba 02\/2024 &#8211; Normatiza o funcionamento do F\u00f3rum de Pesquisa do PPGDARQ<\/a><\/li>\n<\/ul>\n<p><strong>Acompanhamento de Egresso<\/strong><\/p>\n<ul>\n<li><a href=\"https:\/\/pos-graduacao.uepb.edu.br\/ppgdarq\/download\/resolucao-no-03-2024-estabelece-a-politica-de-acompanhamento-de-egresso-do-ppgdarq-2\/?wpdmdl=928&amp;masterkey=f1wBT6dYqaJhaR0zl0Zk_20hWw7OEBd4fSYV4-T4dKr1YvMtRVoIS_Y8eVDWIG_UFgoZfs1IOjEPep6SxUFJHxIHmgYk_zJaYn8YEy3e1OU\">RESOLU\u00c7\u00c3O N\u00ba 03\/2024 \u2013 Estabelece a Pol\u00edtica de Acompanhamento de Egresso do PPGDARQ<\/a><\/li>\n<\/ul>\n<p><strong>Credenciamento, Recredenciamento e Descredenciamento de Docentes do Programa<\/strong><\/p>\n<ul>\n<li><a href=\"https:\/\/pos-graduacao.uepb.edu.br\/ppgdarq\/download\/resolucao-no-01-2025-regulamenta-os-criterios-para-o-credenciamento-recredenciamento-e-descredenciamento-de-docentes-do-programa\/?wpdmdl=1248&amp;masterkey=Y2UjrG7E6bnHwSyeqCo7JrfVWdPYFsB6Y6qEKX2iEIjAgR1d1FQS19RxkH1O2B-jGr4vfl8mUFKplGJLRpcZ_nw6FtWuGTiH9KNhXMW1t-s\">RESOLU\u00c7\u00c3O N\u00ba 01\/2025 &#8211; Regulamenta os crit\u00e9rios para o credenciamento, recredenciamento e descredenciamento de docentes do PPGDARQ<\/a><\/li>\n<\/ul>\n<p>[\/vc_column_text][\/vc_tta_section][vc_tta_section title=&#8221;Regulamentos e Resolu\u00e7\u00f5es das Institui\u00e7\u00f5es Associadas&#8221; tab_id=&#8221;1746617818244-caac4544-696e&#8221;][vc_column_text css=&#8221;&#8221;]<b>P\u00f3s-Gradua\u00e7\u00e3o Stricto Sensu<\/b><\/p>\n<ul>\n<li><a href=\"https:\/\/pos-graduacao.uepb.edu.br\/ppgdarq\/download\/resolucao-uepb-consepe-008-2023-aprovar-as-atualizacoes-no-regimento-geral-da-pos-graduacao-stricto-sensu-da-uepb-revogando-as-resolucao-uepb-consuni-020-2005-e-resolucao-uepb-consepe-163-2017\/?wpdmdl=1054&amp;masterkey=MZ2lpnr42A3NACdY9Q3TUZky4kKXrPgwmuBwKUKON1ltXulpUvB0Bu3ycGLvNDWosiB4TPDDdMVYPkjYJWxhhDW7AgX_hqS_MDh5UXGWepk\">UEPB &#8211; RESOLU\u00c7\u00c3O\/UEPB\/CONSEPE\/008\/2023<\/a> &#8211; Aprovar as atualiza\u00e7\u00f5es no Regimento Geral da P\u00f3s-gradua\u00e7\u00e3o stricto sensu da UEPB, revogando as RESOLU\u00c7\u00c3O\/UEPB\/CONSUNI\/020\/2005 e RESOLU\u00c7\u00c3O\/UEPB\/CONSEPE\/163\/2017.<\/li>\n<li><a href=\"https:\/\/pos-graduacao.uepb.edu.br\/ppgdarq\/download\/resolucao-uepb-consuni-027-2023-aprova-o-regulamento-geral-dos-cursos-e-programas-de-pos-graduacao-stricto-sensu-da-uepb\/?wpdmdl=1052&amp;masterkey=Y8vRHoshKDQD2h6ebNbQ35TxdSDKW3i0kq3jC2b8nSPmQ1ihtlKlWg-jYgxDY5uok81i1gXvc3XqeLyn4mfAfY7Fv7DAR9hdQ8N2Ri1dIy8\">UEPB &#8211; RESOLU\u00c7\u00c3O\/UEPB\/CONSUNI\/027\/2023<\/a> &#8211; Revoga a RESOLU\u00c7\u00c3O\/UEPB\/CONSUNI\/020\/2005, que aprova o Regulamento Geral dos Cursos e Programas de P\u00f3s-Gradua\u00e7\u00e3o Stricto Sensu da UEPB.<\/li>\n<li><a href=\"https:\/\/pos-graduacao.uepb.edu.br\/ppgdarq\/download\/ufpb-resolucao-ufpb-consepe-54-2024\/?wpdmdl=1183&amp;masterkey=uhiB_V6mBEX1XHQQyN2PhXWnYJY2D-qCSlDBLCQBk8rb4WoYDdGxhnkZpmU7FIpdW1K6nZ9dC2Z3zufajofyT9sC-swtjk93Vg4RsfiF148\">UFPB &#8211; RESOLU\u00c7\u00c3O\/UFPB\/CONSEP\/54\/2024<\/a> &#8211; Revoga as RESOLU\u00c7\u00c3O\/UFPB\/CONSEPE\/79\/2013 e RESOLU\u00c7\u00c3O\/UFPB\/CONSEPE\/34\/2014 e d\u00e1 nova reda\u00e7\u00e3o ao Regulamento Geral dos Programas de P\u00f3s-Gradua\u00e7\u00e3o stricto sensu da Universidade Federal da Para\u00edba.<\/li>\n<li><a href=\"https:\/\/pos-graduacao.uepb.edu.br\/ppgdarq\/download\/ufpb-resolucao-n-79-2013-regulamento-geral-da-pos-graduacao-stricto-sensu-ufpb\/?wpdmdl=1060&amp;masterkey=vpqBJ02zNzZv8NnH2sNZLC92VllZRj53CMYGSxV-JeaLWmYDUURko9oejY2VCjGSGx6wRaoS6q89rX_BoSlnNPE__7dSyzEjxWUUIDqQwTc\">UFPB &#8211; RESOLU\u00c7\u00c3O\/UFPB\/CONSEPE\/79\/2013<\/a> &#8211; Nova reda\u00e7\u00e3o ao Regulamento Geral dos Programas de P\u00f3s-gradua\u00e7\u00e3o Stricto Sensu da Universidade Federal da Para\u00edba.<\/li>\n<\/ul>\n<p><strong>Est\u00e1gio P\u00f3s-Doutoral<\/strong><\/p>\n<ul>\n<li><a href=\"https:\/\/pos-graduacao.uepb.edu.br\/ppgdarq\/download\/resolucao-uepb-consepe-008-2022-regulamenta-o-estagio-de-pos-doutoramento-na-uepb\/?wpdmdl=1069&amp;masterkey=rKF6aWOsDRoWE4m-ApBa6YPRsbHvxpktnSWg3hU7jexI3GhUMhii29bFu6KjJrjC__i6TmD0yCa1xJQDAH4-KQH-NMRN0hu8qNehFDS1ECM\">UEPB &#8211; RESOLU\u00c7\u00c3O\/UEPB\/CONSEPE\/008\/2022<\/a> \u2013 Regulamenta o est\u00e1gio de p\u00f3s-doutoramento na UEPB.<\/li>\n<li><a href=\"https:\/\/pos-graduacao.uepb.edu.br\/ppgdarq\/download\/altera-a-resolucao-52-2014-sobre-estagio-pos-doutoral-ufpb-resolucao-n-33-2021\/?wpdmdl=1072&amp;masterkey=LCTwNLgIW9AFkXq57JYqLIiHbBV46nTzrc486xrwxzdq388aq29Pi-tkMD33IWMYZXdBacaqIIbrATPppW6foQe2aOz-_WCL_6AoSh6yYEI\">UFPB &#8211; RESOLU\u00c7\u00c3O\/UFPB\/CONSEPE\/33\/2021<\/a> &#8211; Altera dispositivos da Resolu\u00e7\u00e3o n\u00ba 52\/2014\/CONSEPE\/UFPB, que aprovou as normas gerais para o desenvolvimento do est\u00e1gio p\u00f3s-doutoramento na UFPB.<\/li>\n<li><a href=\"https:\/\/pos-graduacao.uepb.edu.br\/ppgdarq\/download\/aprova-as-normas-gerais-para-o-desenvolvimento-do-estagio-pos-doutoral-ufpb-resolucao-n-52-2014\/?wpdmdl=1071&amp;masterkey=WD0-WN83cAmjycmVvv8tJd980un7LhngtSLyNZk1vZJk4d3NqAC98S4lUuCZtry8TcyeQ5CKw0IOGB_ZGpNX3EjQ1LTfTyLbGLyn2n4Md8s\">UFPB &#8211; RESOLU\u00c7\u00c3O\/UFPB\/CONSEPE\/52\/2014<\/a>\u00a0 &#8211; Aprova as normas gerais para o desenvolvimento do est\u00e1gio p\u00f3s-doutoramento na UFPB.<\/li>\n<\/ul>\n<p><b>Professor Visitante<\/b><\/p>\n<ul>\n<li><a href=\"https:\/\/transparencia.uepb.edu.br\/download\/resolucao-consuni-006-2021-dispoe-e-estabelece-normas-para-a-contratacao-e-atuacao-de-professora-visitante-no-ambito-da-uepb\/?wpdmdl=30901&amp;masterkey=608a9f0e0b341\">UEPB &#8211; RESOLU\u00c7\u00c3O\/UEPB\/CONSUNI\/006\/2021<\/a> \u2013\u00a0 Disp\u00f5e e estabelece normas para a contrata\u00e7\u00e3o e atua\u00e7\u00e3o de Professor(a) Visitante no \u00e2mbito da UEPB.<\/li>\n<li><a href=\"https:\/\/pos-graduacao.uepb.edu.br\/ppgdarq\/download\/resolucao-no-024-2019-normas-para-a-contratacao-de-professor-visitante-ufpb\/?wpdmdl=1077&amp;masterkey=p1X-U8gkjSnbuiJzfUQrtTLNfF6wrCKRDe2en8L8fQu4JwJorqCOmSFuIN_l3hZ5q4ffO9OwJnZhLdzSWc9J0Tm5uv6FLbvbSkp7EYdaNcg\">UFPB &#8211; RESOLU\u00c7\u00c3O\/UFPB\/CONSEPE\/024\/2019<\/a> &#8211; Normas para a contrata\u00e7\u00e3o de Professor Visitante para atua\u00e7\u00e3o na p\u00f3s-gradua\u00e7\u00e3o no \u00e2mbito da UFPB e revoga a Resolu\u00e7\u00e3o Consepe n\u00ba 61\/1995.<\/li>\n<\/ul>\n<p><b>Pol\u00edtica de Cotas<\/b><\/p>\n<ul>\n<li><a href=\"https:\/\/transparencia.uepb.edu.br\/download\/resolucao-consepe-022-2021-cotas-na-pos-graduacao\/?wpdmdl=33278&amp;masterkey=61b217efb9c8b\">UEPB &#8211; RESOLU\u00c7\u00c3O\/UEPB\/CONSEPE\/022\/2021<\/a> \u2013 Institui a pol\u00edtica de a\u00e7\u00f5es afirmativas na modalidade de reserva de vagas no \u00e2mbito dos cursos de p\u00f3s-gradua\u00e7\u00e3o da UEPB.<\/li>\n<\/ul>\n<p><strong>Est\u00e1gio Doc\u00eancia<\/strong><\/p>\n<ul>\n<li><a href=\"https:\/\/transparencia.uepb.edu.br\/download\/resolucao-consepe-032-2011-regulamenta-o-estagio-de-docencia-para-alunos-dos-cursos-e-programas-de-pos-graduacao-stricto-sensu-da-uepb\/?wpdmdl=32584&amp;masterkey=61a51d0683cfa\"><strong>UEPB &#8211; RESOLU\u00c7\u00c3O\/UEPB\/CONSEPE\/032\/2011<\/strong><\/a>\u00a0\u2013 Regulamenta o Est\u00e1gio de Doc\u00eancia para alunos dos Cursos e Programas de P\u00f3s-Gradua\u00e7\u00e3o\u00a0<i>stricto sensu<\/i> na UEPB.<\/li>\n<li><strong><a href=\"https:\/\/pos-graduacao.uepb.edu.br\/ppgdarq\/download\/resolucao-no-18-2025-estabelece-normas-gerais-para-realizacao-de-estagios-nao-obrigatorios-nos-programas-de-pos-graduacao-stricto-sensu-da-ufpb\/?wpdmdl=1083&amp;masterkey=KWMTw9HsB7Ll1qullwiBGE3gpWS-zn3FTTS--mjA0IcmdkeW64IB93hCdMiKUbLLDqud7pZ-5RyAA1L0CPkIQBz4Qx5-DpTnWjr5UGX6AFI\">UFPB &#8211; RESOLU\u00c7\u00c3O\/UFPB\/CONSEPE\/18\/2025<\/a> &#8211; <\/strong>Estabelece normas gerais para realiza\u00e7\u00e3o de est\u00e1gios n\u00e3o obrigat\u00f3rios nos programas de p\u00f3s-gradua\u00e7\u00e3o stricto sensu da UFPB.<\/li>\n<\/ul>\n<p><strong>Edital Modelo para Processo Seletivo \/ Parecer da Procuradoria Geral da UEPB para os PPGs que desejarem utilizar ou n\u00e3o o Modelo Padr\u00e3o<\/strong><\/p>\n<ul>\n<li><a href=\"https:\/\/uepb.edu.br\/prpgp\/download\/resolucao-uepb-consepe-019-2022-estabelece-os-modelos-de-editais-para-os-processos-seletivos-para-os-cursos-de-pos-graduacao-stricto-sensu\/\"><strong>UEPB &#8211; RESOLU\u00c7\u00c3O\/UEPB\/CONSEPE\/019\/2022<\/strong><\/a><b>\u00a0\u2013\u00a0<\/b>Estabelece os modelos de editais para os processos seletivos para os cursos de p\u00f3s-gradua\u00e7\u00e3o\u00a0<i>stricto sensu\u00a0<\/i>da UEPB.<\/li>\n<li><a href=\"https:\/\/uepb.edu.br\/prpgp\/download\/parecer-da-pg-sobre-resolucao-uepb-consepe-019-2022\/\">UEPB &#8211; Parecer da PG sobre RESOLU\u00c7\u00c3O-UEPB-CONSEPE-019-2022 <\/a>\u2013 Estabelece procedimentos da Procuradoria Geral da UEPB, para os PPGs que desejarem ou n\u00e3o utilizar o Modelo de Edital Padr\u00e3o<\/li>\n<li><a href=\"https:\/\/pos-graduacao.uepb.edu.br\/ppgdarq\/download\/edital-de-referencia-atualizado-03-07-2024-ufpb\/?wpdmdl=1253&amp;masterkey=suYhmZuCpn8wAGrokrxfbxrRE8T4uDCANfqmGJL1WX0VJSvMvoCy0G2eXgslbhGGEBOVtY_e1WqNMoTilI58-q8I4cgVZmJpNRKlBYulr-w\">UFPB &#8211; EDITAL DE REFER\u00caNCIA<\/a> &#8211; Edital\u00a0de\u00a0Refer\u00eancia\u00a0para os Processos Seletivos dos Programas de\u00a0P\u00f3s-Gradua\u00e7\u00e3o\u00a0Stricto Sensu da\u00a0UFPB atualizado em 03\/07\/2024<\/li>\n<\/ul>\n<p>[\/vc_column_text][\/vc_tta_section][\/vc_tta_accordion][\/vc_column][\/vc_row]<\/p>\n<\/div>","protected":false},"excerpt":{"rendered":"<p>[vc_row][vc_column][vc_tta_accordion style=&#8221;modern&#8221; c_icon=&#8221;triangle&#8221; active_section=&#8221;0&#8243; collapsible_all=&#8221;true&#8221;][vc_tta_section title=&#8221;Normas e Regulamentos Internos do PPGDARQ&#8221; tab_id=&#8221;1746617818239-f7d7dcb5-5aa3&#8243;][vc_column_text css=&#8221;&#8221;]Regulamento e Estrutura Acad\u00eamica do PPGDARQ RESOLU\u00c7\u00c3O\/UFPB\/CONSEPE\/20\/2022 &#8211;\u00a0 Aprova o Regulamento e a Estrutura Acad\u00eamica do PPGDARQ Processo Simplificado de Aluno Especial RESOLU\u00c7\u00c3O N\u00ba 01\/2024 \u2013 Normatiza processo simplificado de aluno especial PPGDARQ F\u00f3rum de Pesquisa RESOLU\u00c7\u00c3O N\u00ba 02\/2024 &#8211; Normatiza o funcionamento <a class=\"leiamais\" href=\"https:\/\/pos-graduacao.uepb.edu.br\/ppgdarq\/regulamentos\/\">Leia Mais&#8230;<\/a><\/p>\n","protected":false},"author":3,"featured_media":0,"parent":0,"menu_order":0,"comment_status":"closed","ping_status":"closed","template":"","meta":{"footnotes":""},"class_list":["post-76","page","type-page","status-publish","hentry"],"_links":{"self":[{"href":"https:\/\/pos-graduacao.uepb.edu.br\/ppgdarq\/wp-json\/wp\/v2\/pages\/76","targetHints":{"allow":["GET"]}}],"collection":[{"href":"https:\/\/pos-graduacao.uepb.edu.br\/ppgdarq\/wp-json\/wp\/v2\/pages"}],"about":[{"href":"https:\/\/pos-graduacao.uepb.edu.br\/ppgdarq\/wp-json\/wp\/v2\/types\/page"}],"author":[{"embeddable":true,"href":"https:\/\/pos-graduacao.uepb.edu.br\/ppgdarq\/wp-json\/wp\/v2\/users\/3"}],"replies":[{"embeddable":true,"href":"https:\/\/pos-graduacao.uepb.edu.br\/ppgdarq\/wp-json\/wp\/v2\/comments?post=76"}],"version-history":[{"count":48,"href":"https:\/\/pos-graduacao.uepb.edu.br\/ppgdarq\/wp-json\/wp\/v2\/pages\/76\/revisions"}],"predecessor-version":[{"id":1255,"href":"https:\/\/pos-graduacao.uepb.edu.br\/ppgdarq\/wp-json\/wp\/v2\/pages\/76\/revisions\/1255"}],"wp:attachment":[{"href":"https:\/\/pos-graduacao.uepb.edu.br\/ppgdarq\/wp-json\/wp\/v2\/media?parent=76"}],"curies":[{"name":"wp","href":"https:\/\/api.w.org\/{rel}","templated":true}]}}