{"id":7,"date":"2023-11-24T08:27:07","date_gmt":"2023-11-24T11:27:07","guid":{"rendered":"https:\/\/pos-graduacao.uepb.edu.br\/ppgdarq\/?page_id=7"},"modified":"2026-04-01T14:00:51","modified_gmt":"2026-04-01T17:00:51","slug":"home","status":"publish","type":"page","link":"https:\/\/pos-graduacao.uepb.edu.br\/ppgdarq\/","title":{"rendered":"Home"},"content":{"rendered":"<div class=\"wpb-content-wrapper\"><p>[vc_row full_width=&#8221;stretch_row_content_no_spaces&#8221;][vc_column][vc_gallery interval=&#8221;0&#8243; images=&#8221;254&#8243; img_size=&#8221;full&#8221; onclick=&#8221;&#8221; css=&#8221;.vc_custom_1702389263080{border-bottom-width: 1px !important;border-bottom-color: #98b9dc !important;border-bottom-style: s\u00f3lido !important;}&#8221;][\/vc_column][\/vc_row][vc_row gap=&#8221;30&#8243;][vc_column width=&#8221;2\/3&#8243;][vc_text_separator title=&#8221;\u00daltimas Not\u00edcias&#8221; i_icon_fontawesome=&#8221;fas fa-angle-double-right&#8221; i_color=&#8221;custom&#8221; title_align=&#8221;separator_align_left&#8221; add_icon=&#8221;true&#8221; i_custom_color=&#8221;#cc0000&#8243;]<div class=\"mdl-grid\"><div class=\"mdl-cell--6-col mdl-cell--6-col-tablet mdl-cell--12-col-phone bloco-noticias\"><div class=\"titulo-noticia-widget\"><a href=\"https:\/\/pos-graduacao.uepb.edu.br\/ppgdarq\/2026\/04\/13\/uepb-se-destaca-na-2a-conferencia-nacional-de-arquivos-etapa-estadual-da-paraiba\/\"><h3 class=\"titulo-destaque-noticia\">UEPB se destaca na 2\u00aa Confer\u00eancia Nacional de Arquivos \u2013 Etapa Estadual da Para\u00edba<\/h3><\/a><\/div><div class=\"titulo-noticia-widget\"><a href=\"https:\/\/pos-graduacao.uepb.edu.br\/ppgdarq\/2026\/03\/26\/convite-defesa-publica-de-dissertacao-do-ppgdarq-uepb-ufpb-janaina-lima-dos-santos\/\"><h3 class=\"titulo-destaque-noticia\">CONVITE \u2013 Defesa P\u00fablica de Disserta\u00e7\u00e3o do PPGDARQ-UEPB\/UFPB \u2013 Janaina Lima dos Santos<\/h3><\/a><\/div><div class=\"titulo-noticia-widget\"><a href=\"https:\/\/pos-graduacao.uepb.edu.br\/ppgdarq\/2026\/03\/26\/convite-defesa-publica-de-dissertacao-do-ppgdarq-uepb-ufpb-celio-roberto-freire-de-miranda\/\"><h3 class=\"titulo-destaque-noticia\">CONVITE \u2013 Defesa P\u00fablica de Disserta\u00e7\u00e3o do PPGDARQ-UEPB\/UFPB \u2013 C\u00e9lio Roberto Freire de Miranda<\/h3><\/a><\/div><div class=\"titulo-noticia-widget\"><a href=\"https:\/\/pos-graduacao.uepb.edu.br\/ppgdarq\/2026\/03\/25\/convite-defesa-publica-de-dissertacao-do-ppgdarq-uepb-ufpb-ana-carolina-soares-santos\/\"><h3 class=\"titulo-destaque-noticia\">CONVITE \u2013 Defesa P\u00fablica de Disserta\u00e7\u00e3o do PPGDARQ-UEPB\/UFPB \u2013 Ana Carolina Soares Santos<\/h3><\/a><\/div><div class=\"titulo-noticia-widget\"><a href=\"https:\/\/pos-graduacao.uepb.edu.br\/ppgdarq\/2026\/03\/04\/aula-magna-marca-abertura-do-periodo-letivo-2026-1-do-ppgdarq-uepb-ufpb\/\"><h3 class=\"titulo-destaque-noticia\">Aula Magna marca abertura do per\u00edodo letivo 2026.1 do PPGDARQ - UEPB\/UFPB<\/h3><\/a><\/div><\/div><div class=\"mdl-cell--6-col mdl-cell--6-col-tablet mdl-cell--12-col-phone bloco-noticias\"><div class=\"titulo-noticia-widget\"><a href=\"https:\/\/pos-graduacao.uepb.edu.br\/ppgdarq\/2026\/02\/20\/convite-defesa-publica-de-dissertacao-do-ppgdarq-uepb-ufpb-hilza-costa-cavalcante\/\"><h3 class=\"titulo-destaque-noticia\">CONVITE \u2013 Defesa P\u00fablica de Disserta\u00e7\u00e3o do PPGDARQ-UEPB\/UFPB \u2013 Hilza Costa Cavalcante<\/h3><\/a><\/div><div class=\"titulo-noticia-widget\"><a href=\"https:\/\/pos-graduacao.uepb.edu.br\/ppgdarq\/2026\/02\/20\/convite-defesa-publica-de-dissertacao-do-ppgdarq-uepb-ufpb-lesleyanne-rodrigues-de-lima\/\"><h3 class=\"titulo-destaque-noticia\">CONVITE \u2013 Defesa P\u00fablica de Disserta\u00e7\u00e3o do PPGDARQ-UEPB\/UFPB \u2013 Lesleyanne Rodrigues de Lima<\/h3><\/a><\/div><div class=\"titulo-noticia-widget\"><a href=\"https:\/\/pos-graduacao.uepb.edu.br\/ppgdarq\/2026\/02\/20\/convite-defesa-publica-de-dissertacao-do-ppgdarq-uepb-ufpb-ananda-fernandes-valerio\/\"><h3 class=\"titulo-destaque-noticia\">CONVITE \u2013 Defesa P\u00fablica de Disserta\u00e7\u00e3o do PPGDARQ-UEPB\/UFPB \u2013 Ananda Fernandes Val\u00e9rio<\/h3><\/a><\/div><div class=\"titulo-noticia-widget\"><a href=\"https:\/\/pos-graduacao.uepb.edu.br\/ppgdarq\/2026\/02\/19\/convite-defesa-publica-de-dissertacao-do-ppgdarq-uepb-ufpb-francisca-juciane-alexandre-da-silva\/\"><h3 class=\"titulo-destaque-noticia\">CONVITE \u2013 Defesa P\u00fablica de Disserta\u00e7\u00e3o do PPGDARQ-UEPB\/UFPB \u2013 Francisca Juciane Alexandre da Silva<\/h3><\/a><\/div><div class=\"titulo-noticia-widget\"><a href=\"https:\/\/pos-graduacao.uepb.edu.br\/ppgdarq\/2026\/02\/13\/convite-defesa-publica-de-dissertacao-do-ppgdarq-uepb-ufpb-daniel-pericles-santos-canuto\/\"><h3 class=\"titulo-destaque-noticia\">CONVITE \u2013 Defesa P\u00fablica de Disserta\u00e7\u00e3o do PPGDARQ-UEPB\/UFPB \u2013 Daniel Pericles Santos Canuto<\/h3><\/a><\/div><\/div><\/div>[vc_btn title=&#8221;+ Not\u00edcias&#8221; style=&#8221;classic&#8221; align=&#8221;center&#8221; css=&#8221;.vc_custom_1775063083551{margin-top: 20px !important;margin-bottom: 20px !important;}&#8221; link=&#8221;url:https%3A%2F%2Fpos-graduacao.uepb.edu.br%2Fppgdarq%2Fcategory%2Fnoticias%2F&#8221;][vc_single_image image=&#8221;1372&#8243; img_size=&#8221;full&#8221; onclick=&#8221;custom_link&#8221; css=&#8221;.vc_custom_1757612812908{margin-top: 30px !important;margin-bottom: 30px !important;}&#8221; link=&#8221;https:\/\/pos-graduacao.uepb.edu.br\/ppgdarq\/2o-forum-de-pesquisa-do-ppgdarq\/&#8221;][\/vc_column][vc_column width=&#8221;1\/3&#8243;][vc_text_separator title=&#8221;Traduza esta P\u00e1gina&#8221; i_icon_fontawesome=&#8221;fas fa-angle-double-right&#8221; i_color=&#8221;custom&#8221; title_align=&#8221;separator_align_left&#8221; add_icon=&#8221;true&#8221; i_custom_color=&#8221;#cc0000&#8243;][vc_column_text css=&#8221;.vc_custom_1717701299528{margin-bottom: 30px !important;margin-left: 15px !important;}&#8221;]<div class=\"gtranslate_wrapper\" id=\"gt-wrapper-51728489\"><\/div>[\/vc_column_text][vc_text_separator title=&#8221;Links \u00dateis&#8221; i_icon_fontawesome=&#8221;fas fa-angle-double-right&#8221; i_color=&#8221;custom&#8221; title_align=&#8221;separator_align_left&#8221; add_icon=&#8221;true&#8221; i_custom_color=&#8221;#cc0000&#8243;][vc_btn title=&#8221;CAPES&#8221; style=&#8221;flat&#8221; shape=&#8221;square&#8221; color=&#8221;info&#8221; size=&#8221;lg&#8221; align=&#8221;left&#8221; css=&#8221;.vc_custom_1718106262528{margin-bottom: 5px !important;}&#8221; button_block=&#8221;true&#8221; link=&#8221;url:http%3A%2F%2Fwww.capes.gov.br%2F|target:_blank&#8221;][vc_btn title=&#8221;CNPQ&#8221; style=&#8221;flat&#8221; shape=&#8221;square&#8221; color=&#8221;peacoc&#8221; size=&#8221;lg&#8221; align=&#8221;left&#8221; css=&#8221;.vc_custom_1718106305300{margin-bottom: 5px !important;}&#8221; button_block=&#8221;true&#8221; link=&#8221;url:http%3A%2F%2Fwww.cnpq.br%2F|target:_blank&#8221;][vc_btn title=&#8221;PLATAFORMA LATTES&#8221; style=&#8221;flat&#8221; shape=&#8221;square&#8221; color=&#8221;turquoise&#8221; size=&#8221;lg&#8221; align=&#8221;left&#8221; css=&#8221;.vc_custom_1718106182291{margin-bottom: 5px !important;}&#8221; button_block=&#8221;true&#8221; link=&#8221;url:http%3A%2F%2Flattes.cnpq.br%2F|target:_blank&#8221;][vc_btn title=&#8221;MEC&#8221; style=&#8221;flat&#8221; shape=&#8221;square&#8221; color=&#8221;primary&#8221; size=&#8221;lg&#8221; align=&#8221;left&#8221; css=&#8221;.vc_custom_1733402491522{margin-bottom: 5px !important;}&#8221; button_block=&#8221;true&#8221; link=&#8221;url:http%3A%2F%2Fportal.mec.gov.br%2Findex.php|target:_blank&#8221;][vc_btn title=&#8221;Associa\u00e7\u00e3o de Arquivistas da Para\u00edba&#8221; style=&#8221;flat&#8221; shape=&#8221;square&#8221; color=&#8221;blue&#8221; size=&#8221;lg&#8221; align=&#8221;left&#8221; css=&#8221;.vc_custom_1718105994570{margin-bottom: 5px !important;}&#8221; button_block=&#8221;true&#8221; link=&#8221;url:http%3A%2F%2Fwww.aapb.com.br%2F|target:_blank&#8221;][vc_btn title=&#8221;Arquivo Nacional&#8221; style=&#8221;flat&#8221; shape=&#8221;square&#8221; color=&#8221;primary&#8221; size=&#8221;lg&#8221; align=&#8221;left&#8221; css=&#8221;.vc_custom_1718106002226{margin-bottom: 5px !important;}&#8221; button_block=&#8221;true&#8221; link=&#8221;url:https%3A%2F%2Fwww.gov.br%2Farquivonacional%2Fpt-br|target:_blank&#8221;][vc_btn title=&#8221;CONARQ&#8221; style=&#8221;flat&#8221; shape=&#8221;square&#8221; color=&#8221;turquoise&#8221; size=&#8221;lg&#8221; align=&#8221;left&#8221; css=&#8221;.vc_custom_1718106020101{margin-bottom: 5px !important;}&#8221; button_block=&#8221;true&#8221; link=&#8221;url:https%3A%2F%2Fwww.gov.br%2Fconarq%2Fpt-br|target:_blank&#8221;][vc_btn title=&#8221;Lab. Tecnologias Intelectuais&#8221; style=&#8221;flat&#8221; shape=&#8221;square&#8221; color=&#8221;info&#8221; size=&#8221;lg&#8221; align=&#8221;left&#8221; css=&#8221;.vc_custom_1718106036297{margin-bottom: 5px !important;}&#8221; button_block=&#8221;true&#8221; link=&#8221;url:https%3A%2F%2Flti.pro.br%2F|target:_blank&#8221;][vc_btn title=&#8221;Base de Dados &#8211; BDA&#8221; style=&#8221;flat&#8221; shape=&#8221;square&#8221; color=&#8221;sky&#8221; size=&#8221;lg&#8221; align=&#8221;left&#8221; css=&#8221;.vc_custom_1733402122518{margin-bottom: 5px !important;}&#8221; button_block=&#8221;true&#8221; link=&#8221;url:http%3A%2F%2Farquivistica.fci.unb.br%2F|target:_blank&#8221;][vc_btn title=&#8221;Base de Dados &#8211; PAB&#8221; style=&#8221;flat&#8221; shape=&#8221;square&#8221; color=&#8221;primary&#8221; size=&#8221;lg&#8221; align=&#8221;left&#8221; css=&#8221;.vc_custom_1734366904773{margin-bottom: 5px !important;}&#8221; button_block=&#8221;true&#8221; link=&#8221;url:http%3A%2F%2Fwww.ccsa.ufpb.br%2Fpesquisarquivistica%2F|target:_blank&#8221;][vc_btn title=&#8221;PRPGP UEPB&#8221; style=&#8221;flat&#8221; shape=&#8221;square&#8221; color=&#8221;peacoc&#8221; size=&#8221;lg&#8221; align=&#8221;left&#8221; css=&#8221;.vc_custom_1733402307487{margin-bottom: 5px !important;}&#8221; button_block=&#8221;true&#8221; link=&#8221;url:http%3A%2F%2Fuepb.edu.br%2Fprpgp|target:_blank&#8221;][vc_btn title=&#8221;PRPG UFPB&#8221; style=&#8221;flat&#8221; shape=&#8221;square&#8221; color=&#8221;info&#8221; size=&#8221;lg&#8221; align=&#8221;left&#8221; css=&#8221;.vc_custom_1733402362383{margin-bottom: 5px !important;}&#8221; button_block=&#8221;true&#8221; link=&#8221;url:https%3A%2F%2Fwww.prpg.ufpb.br%2F|target:_blank&#8221;][vc_btn title=&#8221;Projeto SESA&#8221; style=&#8221;flat&#8221; shape=&#8221;square&#8221; color=&#8221;blue&#8221; size=&#8221;lg&#8221; align=&#8221;left&#8221; css=&#8221;.vc_custom_1718106150834{margin-bottom: 5px !important;}&#8221; button_block=&#8221;true&#8221; link=&#8221;url:https%3A%2F%2Fwww.youtube.com%2F%40projetosesaon-line5052|target:_blank&#8221;][\/vc_column][\/vc_row]<\/p>\n<\/div>","protected":false},"excerpt":{"rendered":"<p>[vc_row full_width=&#8221;stretch_row_content_no_spaces&#8221;][vc_column][vc_gallery interval=&#8221;0&#8243; images=&#8221;254&#8243; img_size=&#8221;full&#8221; onclick=&#8221;&#8221; css=&#8221;.vc_custom_1702389263080{border-bottom-width: 1px !important;border-bottom-color: #98b9dc !important;border-bottom-style: s\u00f3lido !important;}&#8221;][\/vc_column][\/vc_row][vc_row gap=&#8221;30&#8243;][vc_column width=&#8221;2\/3&#8243;][vc_text_separator title=&#8221;\u00daltimas Not\u00edcias&#8221; i_icon_fontawesome=&#8221;fas fa-angle-double-right&#8221; i_color=&#8221;custom&#8221; title_align=&#8221;separator_align_left&#8221; add_icon=&#8221;true&#8221; i_custom_color=&#8221;#cc0000&#8243;][vc_btn title=&#8221;+ Not\u00edcias&#8221; style=&#8221;classic&#8221; align=&#8221;center&#8221; css=&#8221;.vc_custom_1775063083551{margin-top: 20px !important;margin-bottom: 20px !important;}&#8221; link=&#8221;url:https%3A%2F%2Fpos-graduacao.uepb.edu.br%2Fppgdarq%2Fcategory%2Fnoticias%2F&#8221;][vc_single_image image=&#8221;1372&#8243; img_size=&#8221;full&#8221; onclick=&#8221;custom_link&#8221; css=&#8221;.vc_custom_1757612812908{margin-top: 30px !important;margin-bottom: 30px !important;}&#8221; link=&#8221;https:\/\/pos-graduacao.uepb.edu.br\/ppgdarq\/2o-forum-de-pesquisa-do-ppgdarq\/&#8221;][\/vc_column][vc_column width=&#8221;1\/3&#8243;][vc_text_separator title=&#8221;Traduza esta P\u00e1gina&#8221; i_icon_fontawesome=&#8221;fas fa-angle-double-right&#8221; i_color=&#8221;custom&#8221; title_align=&#8221;separator_align_left&#8221; add_icon=&#8221;true&#8221; i_custom_color=&#8221;#cc0000&#8243;][vc_column_text css=&#8221;.vc_custom_1717701299528{margin-bottom: 30px !important;margin-left: <a class=\"leiamais\" href=\"https:\/\/pos-graduacao.uepb.edu.br\/ppgdarq\/\">Leia Mais&#8230;<\/a><\/p>\n","protected":false},"author":3,"featured_media":0,"parent":0,"menu_order":0,"comment_status":"closed","ping_status":"closed","template":"","meta":{"footnotes":""},"class_list":["post-7","page","type-page","status-publish","hentry"],"_links":{"self":[{"href":"https:\/\/pos-graduacao.uepb.edu.br\/ppgdarq\/wp-json\/wp\/v2\/pages\/7","targetHints":{"allow":["GET"]}}],"collection":[{"href":"https:\/\/pos-graduacao.uepb.edu.br\/ppgdarq\/wp-json\/wp\/v2\/pages"}],"about":[{"href":"https:\/\/pos-graduacao.uepb.edu.br\/ppgdarq\/wp-json\/wp\/v2\/types\/page"}],"author":[{"embeddable":true,"href":"https:\/\/pos-graduacao.uepb.edu.br\/ppgdarq\/wp-json\/wp\/v2\/users\/3"}],"replies":[{"embeddable":true,"href":"https:\/\/pos-graduacao.uepb.edu.br\/ppgdarq\/wp-json\/wp\/v2\/comments?post=7"}],"version-history":[{"count":82,"href":"https:\/\/pos-graduacao.uepb.edu.br\/ppgdarq\/wp-json\/wp\/v2\/pages\/7\/revisions"}],"predecessor-version":[{"id":1643,"href":"https:\/\/pos-graduacao.uepb.edu.br\/ppgdarq\/wp-json\/wp\/v2\/pages\/7\/revisions\/1643"}],"wp:attachment":[{"href":"https:\/\/pos-graduacao.uepb.edu.br\/ppgdarq\/wp-json\/wp\/v2\/media?parent=7"}],"curies":[{"name":"wp","href":"https:\/\/api.w.org\/{rel}","templated":true}]}}