{"id":690,"date":"2024-10-08T08:18:52","date_gmt":"2024-10-08T11:18:52","guid":{"rendered":"https:\/\/pos-graduacao.uepb.edu.br\/ppgdarq\/?page_id=690"},"modified":"2025-12-05T12:22:18","modified_gmt":"2025-12-05T15:22:18","slug":"forum-de-pesquisa","status":"publish","type":"page","link":"https:\/\/pos-graduacao.uepb.edu.br\/ppgdarq\/forum-de-pesquisa\/","title":{"rendered":"1\u00ba F\u00f3rum de Pesquisa"},"content":{"rendered":"<div class=\"wpb-content-wrapper\"><p>[vc_row][vc_column][vc_tta_tabs][vc_tta_section title=&#8221;Circular n. 001\/2024&#8243; tab_id=&#8221;1728396580331-4bd9eefd-7a65&#8243;][vc_single_image image=&#8221;732&#8243; img_size=&#8221;400&#215;75&#8243; alignment=&#8221;center&#8221; css=&#8221;.vc_custom_1728411984153{margin-top: 30px !important;}&#8221;][vc_column_text css=&#8221;.vc_custom_1728411921787{margin-top: 30px !important;margin-bottom: 30px !important;}&#8221;]<\/p>\n<p style=\"text-align: center;\"><strong>1\u00ba F\u00d3RUM DE PESQUISA DO PPGDARQ &#8211; UEPB\/UFPB<\/strong><br \/>\nJo\u00e3o Pessoa, 8 de outubro de 2024.<\/p>\n<p>[\/vc_column_text][vc_column_text css=&#8221;&#8221;]O F\u00f3rum de Pesquisa do Programa de P\u00f3s-Gradua\u00e7\u00e3o em Gest\u00e3o de Documentos e Governan\u00e7a Arquiv\u00edstica (PPGDARQ), oferecido pela Universidade Estadual da Para\u00edba (UEPB) e Universidade Federal da Para\u00edba (UFPB), \u00e9 um evento acad\u00eamico-cient\u00edfico anual, de natureza obrigat\u00f3ria, que tem como objetivo avaliar a consist\u00eancia te\u00f3rico-metodol\u00f3gica das pesquisas em andamento dos discentes do curso de Mestrado do PPGDARQ &#8211; UEPB\/UFPB.<\/p>\n<p>Ser\u00e3o utilizados <a href=\"https:\/\/pos-graduacao.uepb.edu.br\/ppgdarq\/download\/template-forum-de-pesquisa-apresentacao\/?wpdmdl=706&amp;masterkey=UfG6iixUIJrbaYZSPVH83XMazB9_25aqgGrCmXdkJkuEuMMCq_WcPDO85ub4dxkuxsUCCxb3Qaogv32FQTIW2ZGhJ-IloiJ70SmIkPOndzk\" target=\"_blank\" rel=\"noopener\">apresenta\u00e7\u00f5es orais<\/a> e <a href=\"https:\/\/pos-graduacao.uepb.edu.br\/ppgdarq\/download\/template-do-resumo-expandido-com-logomarca\/?wpdmdl=711&amp;masterkey=7eg67fm_hftXzJd8mJK6J2Nw-b4g52MmutwiXeFNdYSU1QK6s5_veIklu2mRxEJx0oG_j5kQ0g99QOApDmtDCywuhHULdxDcWJQY9BJmSHs\" target=\"_blank\" rel=\"noopener\">resumos expandidos<\/a> como base para as avalia\u00e7\u00f5es dos(as) participantes.<\/p>\n<p>O evento est\u00e1 vinculado \u00e0 conclus\u00e3o do segundo per\u00edodo letivo, especificamente, como requisito da Atividade Obrigat\u00f3ria Semin\u00e1rio de Pesquisa I. A participa\u00e7\u00e3o no F\u00f3rum \u00e9 parte das obriga\u00e7\u00f5es acad\u00eamicas desse componente e pr\u00e9-requisito para os exames de qualifica\u00e7\u00e3o do curso de Mestrado.<\/p>\n<p>As regras para o funcionamento do F\u00f3rum est\u00e3o descritas na <a href=\"https:\/\/pos-graduacao.uepb.edu.br\/ppgdarq\/download\/resolucao-no-02-2024-normatiza-o-funcionamento-do-forum-de-pesquisa-do-programa-de-pos-graduacao-em-gestao-de-documentos-e-governanca-arquivistica\/?wpdmdl=718&amp;masterkey=97Rqt-ItLpFsrh14xAxUcPZkD1LJ4-jhGMq7Akm3IOpecqBEFKtTfpGo0vWlx4ct5_s5yfyOj3Q6UceL2Kqbw2089uANl3UVe0cepMKvT1k\">Resolu\u00e7\u00e3o n\u00ba 02 de 25 de setembro de 2024<\/a>, publicada no site do PPGDARQ &#8211; UEPB\/UFPB.<\/p>\n<p>O 1\u00ba F\u00f3rum de Pesquisa do PPGDARQ ser\u00e1 realizado nos dias 21 e 22 de novembro de 2024, das 8h \u00e0s 20h30, na Universidade Estadual da Para\u00edba (UEPB), Campus V, localizado na cidade de Jo\u00e3o Pessoa. A participa\u00e7\u00e3o no evento \u00e9 destinada aos(\u00e0s) mestrandos(as) e ser\u00e1 efetivada a partir de inscri\u00e7\u00e3o online, em link disponibilizado no site do Programa. Cabe aos(\u00e0s) orientadores(as) a indica\u00e7\u00e3o de banca avaliadora, conforme previsto na Resolu\u00e7\u00e3o citada.<\/p>\n<p>O 1\u00ba F\u00f3rum ser\u00e1 realizado na modalidade presencial ou h\u00edbrida em salas do<strong> Google Meet.<\/strong> As sess\u00f5es de defesa dos projetos de pesquisas ser\u00e3o realizadas nos turnos diurno (manh\u00e3 e tarde).<\/p>\n<p>As apresenta\u00e7\u00f5es ser\u00e3o abertas \u00e0 participa\u00e7\u00e3o do p\u00fablico, na condi\u00e7\u00e3o de ouvinte, mediante pr\u00e9via inscri\u00e7\u00e3o atrav\u00e9s <a href=\"https:\/\/forms.gle\/856ExpYN1jd7trMF7\" target=\"_blank\" rel=\"noopener\">deste formul\u00e1rio<\/a>.<\/p>\n<p>O Caderno de Resumos do 1\u00ba F\u00f3rum de Pesquisa do PPGDARQ ser\u00e1 publicado contendo as vers\u00f5es revisadas dos resumos a partir das sugest\u00f5es do(as) arguidores(as).<\/p>\n<p>Qualquer comunica\u00e7\u00e3o com a Comiss\u00e3o Organizadora deve ser realizada atrav\u00e9s do e-mail forumdepesquisa.ppgdarq@setor.uepb.edu.br. Confira a programa\u00e7\u00e3o completa clicando <a href=\"https:\/\/pos-graduacao.uepb.edu.br\/ppgdarq\/download\/programacao-do-forpes\/?wpdmdl=751&amp;masterkey=LqV_tUgC_f0wsapca9ZMeaDaKnwBUoOAWihNVgqgxuDRaDzKBRGJOM-_ES2SxVdjj5OCkYL9UvKn-rRX5HsuefZR8hozNbc1jfCJmrqS3VI\">aqui<\/a>. Abaixo, voc\u00ea encontra o cronograma das atividades do F\u00f3rum.<\/p>\n<p><strong>Cronograma de Trabalho e de Atividades<\/strong><\/p>\n<table style=\"height: 278px;\" width=\"1019; border-collapse: collapse;border: 1px solid #e7e9eb; \">\n<tbody>\n<tr>\n<td><strong>Atividades<\/strong><\/td>\n<td><strong>Datas<\/strong><\/td>\n<\/tr>\n<tr>\n<td>Preenchimento do formul\u00e1rio pelo(a) orientador(a) com as informa\u00e7\u00f5es da banca, com data e hor\u00e1rios da apresenta\u00e7\u00e3o<\/td>\n<td>14\/10\/2024<\/td>\n<\/tr>\n<tr>\n<td>Envio de resumo expandido do projeto de pesquisa<\/td>\n<td>25\/10\/2024<\/td>\n<\/tr>\n<tr>\n<td>Publica\u00e7\u00e3o dos hor\u00e1rios das apresenta\u00e7\u00f5es<\/td>\n<td>28\/10\/2024<\/td>\n<\/tr>\n<tr>\n<td>Envio dos convites (e resumo expandido) pela Comiss\u00e3o do F\u00f3rum para a banca<\/td>\n<td>30\/10\/2024<\/td>\n<\/tr>\n<tr>\n<td>Per\u00edodo de inscri\u00e7\u00e3o para participa\u00e7\u00e3o no evento como ouvinte<\/td>\n<td>18\/11\/2024<\/td>\n<\/tr>\n<tr>\n<td>Evento: 1\u00ba F\u00f3rum de Pesquisa do PPGDARQ<\/td>\n<td>21 e 22\/11\/2024<\/td>\n<\/tr>\n<tr>\n<td>Envio da vers\u00e3o final corrigida dos resumos expandidos p\u00f3s-banca.<\/td>\n<td>02\/12\/2024<\/td>\n<\/tr>\n<tr>\n<td>Publica\u00e7\u00e3o do Caderno de Resumos.<\/td>\n<td>Depende da EDUEPB<\/td>\n<\/tr>\n<\/tbody>\n<\/table>\n<p>[\/vc_column_text][vc_column_text css=&#8221;&#8221;]<\/p>\n<p style=\"text-align: left;\"><em>Comiss\u00e3o Organizadora do 1\u00ba F\u00f3rum de Pesquisa do PPGDARQ<\/em><\/p>\n<p>[\/vc_column_text][\/vc_tta_section][vc_tta_section title=&#8221;Normas do 1\u00ba F\u00f3rum de Pesquisa&#8221; tab_id=&#8221;1728396580328-49cd3676-ca42&#8243;][vc_column_text css=&#8221;.vc_custom_1728561767152{margin-top: 20px !important;}&#8221;]O I F\u00f3rum de Pesquisa do Programa de P\u00f3s-Gradua\u00e7\u00e3o em Gest\u00e3o de Documentos e Governan\u00e7a Arquiv\u00edstica (PPGDARQ &#8211; UEPB\/UFPB) ocorrer\u00e1 nos dias 21 e 22 de novembro, das 8h \u00e0s 20h30min, no Campus V da Universidade Estadual da Para\u00edba (UEPB). \u00c9 uma atividade orientada, obrigat\u00f3ria e vinculada ao Semin\u00e1rio de Pesquisa.<\/p>\n<p>O seu objetivo ancora-se em avaliar a consist\u00eancia te\u00f3rico-metodol\u00f3gica dos Projetos de Pesquisa dos(as) alunos(as) do Programa de P\u00f3s-Gradua\u00e7\u00e3o.<\/p>\n<p>Cada estudante apresentar\u00e1 a sua pesquisa de mestrado em andamento, situando a vincula\u00e7\u00e3o quanto \u00e0 Linha 1 (<a href=\"https:\/\/pos-graduacao.uepb.edu.br\/ppgdarq\/linhas-de-pesquisa\/\">Arquivologia e suas dimens\u00f5es interdisciplinares<\/a>) ou Linha 2 (<a href=\"https:\/\/pos-graduacao.uepb.edu.br\/ppgdarq\/linhas-de-pesquisa\/\">Saberes e Fazeres Arquiv\u00edsticos para a Governan\u00e7a<\/a>). Dever\u00e1 sinalizar a banca, formada pelo(a) orientador(a) e dois(duas) membros(as), professor(a) interno(a) e outro(a) externo(a). O(A) orientador(a) precisar\u00e1 preencher at\u00e9 o dia 09 de outubro o <a href=\"https:\/\/forms.gle\/7TknnKj3zeqE1aTA9\" target=\"_blank\" rel=\"noopener\">formul\u00e1rio<\/a> com as informa\u00e7\u00f5es da banca, bem como escolher as datas e os hor\u00e1rios para a referida apresenta\u00e7\u00e3o. A atividade poder\u00e1 ser sess\u00f5es presenciais (ou h\u00edbridas) em fun\u00e7\u00e3o das agendas dos(as) membros(as), conforme <a href=\"https:\/\/pos-graduacao.uepb.edu.br\/ppgdarq\/download\/resolucao-no-02-2024-normatiza-o-funcionamento-do-forum-de-pesquisa-do-programa-de-pos-graduacao-em-gestao-de-documentos-e-governanca-arquivistica\/?wpdmdl=718&amp;masterkey=97Rqt-ItLpFsrh14xAxUcPZkD1LJ4-jhGMq7Akm3IOpecqBEFKtTfpGo0vWlx4ct5_s5yfyOj3Q6UceL2Kqbw2089uANl3UVe0cepMKvT1k\">Resolu\u00e7\u00e3o PPGDARQ n. 002\/2024<\/a>.<\/p>\n<p>Cada mestrando(a) ter\u00e1 at\u00e9 10 minutos para apresenta\u00e7\u00e3o de sua pesquisa, conforme <a href=\"https:\/\/pos-graduacao.uepb.edu.br\/ppgdarq\/download\/template-forum-de-pesquisa-apresentacao\/?wpdmdl=706&amp;masterkey=UfG6iixUIJrbaYZSPVH83XMazB9_25aqgGrCmXdkJkuEuMMCq_WcPDO85ub4dxkuxsUCCxb3Qaogv32FQTIW2ZGhJ-IloiJ70SmIkPOndzk\">slides<\/a> pr\u00e9-estabelecidos pela comiss\u00e3o do F\u00f3rum, seguido da 10 minutos para argui\u00e7\u00e3o dos(as) membros(as) convidados(as). O(A) mestrando(a) ter\u00e1 10 minutos finais para responder \u00e0s argui\u00e7\u00f5es realizadas a partir da exposi\u00e7\u00e3o dos(as) membros(as). Assim, a atividade perfar\u00e1 o total de 40 minutos.<\/p>\n<p>No intuito de valorizar a produ\u00e7\u00e3o dos saberes desenvolvidos pelos(as) mestrandos(as) e seus orientadores(as), ser\u00e1 organizado um e-book, constando os resumos expandidos, que dever\u00e3o seguir o <a href=\"https:\/\/pos-graduacao.uepb.edu.br\/ppgdarq\/download\/template-do-resumo-expandido-com-logomarca\/?wpdmdl=711&amp;masterkey=7eg67fm_hftXzJd8mJK6J2Nw-b4g52MmutwiXeFNdYSU1QK6s5_veIklu2mRxEJx0oG_j5kQ0g99QOApDmtDCywuhHULdxDcWJQY9BJmSHs\">Template<\/a>. Nessa dire\u00e7\u00e3o, ser\u00e1 obrigat\u00f3rio o seu envio at\u00e9 o dia 20 de outubro do corrente para o seguinte e-mail forumdepesquisa.ppgdarq@setor.uepb.edu.br.[\/vc_column_text][\/vc_tta_section][vc_tta_section title=&#8221;Caderno de resumos &#8221; tab_id=&#8221;1756724792654-5b421d25-6427&#8243;][vc_column_text css=&#8221;.vc_custom_1756725026162{margin-top: 20px !important;}&#8221;]<\/p>\n<ul>\n<li><a href=\"https:\/\/pos-graduacao.uepb.edu.br\/ppgdarq\/download\/1o-forum-de-pesquisa-caderno-de-resumos\/?wpdmdl=1314&amp;masterkey=_vCOiHVm2I9QylLln0mPhoYOxUdR3RnmvySuAXst2XvbRfuIioSdxsRLPjrOu1Y9WnW_ruNxU5p9afxR7Hyh10A0kwBj6KpkaL6TEQuxWA4\">1\u00ba F\u00f3rum de Pesquisa &#8211; CADERNO DE RESUMOS<\/a><\/li>\n<\/ul>\n<p>[\/vc_column_text][\/vc_tta_section][vc_tta_section title=&#8221;Programa\u00e7\u00e3o&#8221; tab_id=&#8221;1730901379678-4eb2b16f-98e9&#8243;][vc_single_image image=&#8221;792&#8243; img_size=&#8221;full&#8221; css=&#8221;.vc_custom_1730903916088{margin-top: 30px !important;margin-right: 30px !important;margin-bottom: 30px !important;margin-left: 30px !important;}&#8221;][vc_row_inner equal_height=&#8221;yes&#8221; gap=&#8221;30&#8243; el_class=&#8221;conf-azul&#8221; css=&#8221;.vc_custom_1730902869718{margin-right: 20px !important;margin-left: 20px !important;}&#8221;][vc_column_inner width=&#8221;1\/3&#8243;][vc_column_text css=&#8221;&#8221;]<span style=\"color: #004c88;\"><strong>Data: 21 de novembro de 2024<\/strong><\/span><\/p>\n<p><strong><span style=\"color: #004c88;\">Local<\/span><\/strong>: Audit\u00f3rio 211 do CCSA-UFPB<\/p>\n<p><span style=\"color: #004c88;\"><strong>19h<\/strong><\/span>: Mesa de Abertura e Apresenta\u00e7\u00e3o do 1\u00ba F\u00f3rum de Pesquisa<\/p>\n<p><span style=\"color: #004c88;\"><strong>19h15min<\/strong><\/span>: Palestra de Abertura: A Pesquisa e a Inova\u00e7\u00e3o no Estado da Para\u00edba<\/p>\n<p><strong><span style=\"color: #004c88;\">Palestrante<\/span><\/strong>: Prof. Dr. Cl\u00e1udio Furtado &#8211; Secret\u00e1rio de Estado de Ci\u00eancia, Tecnologia, Inova\u00e7\u00e3o e Ensino Superior da Para\u00edba<\/p>\n<p><span style=\"color: #004c88;\"><strong>Mediadores<\/strong><\/span>:<\/p>\n<ul>\n<li>Prof. Dr. Aluisio Mario Lins Souto &#8211; DFC\/CCSA\/UFPB<\/li>\n<li>Prof. Dr. Francisco Jaime Bezerra Mendon\u00e7a Junior \u2013 Pr\u00f3-reitor da PRPGP-UEPB<\/li>\n<\/ul>\n<p>[\/vc_column_text][vc_btn title=&#8221;Ver Cartaz&#8221; shape=&#8221;square&#8221; align=&#8221;center&#8221; css=&#8221;.vc_custom_1732193645668{margin-top: 30px !important;margin-bottom: 30px !important;padding-top: 5px !important;padding-bottom: 5px !important;}&#8221; link=&#8221;url:https%3A%2F%2Fpos-graduacao.uepb.edu.br%2Fppgdarq%2Ffiles%2F2024%2F11%2FWhatsApp-Image-2024-11-06-at-14.07.56-1.jpeg|target:_blank&#8221;][\/vc_column_inner][vc_column_inner width=&#8221;1\/3&#8243;][vc_column_text css=&#8221;&#8221;]<span style=\"color: #004c88;\"><strong>Data: 22 de novembro de 2024<\/strong><\/span><\/p>\n<p><span style=\"color: #004c88;\"><strong>Local<\/strong><\/span>: Audit\u00f3rio Pioneiros \u2013 Campus V &#8211; UEPB<\/p>\n<p><span style=\"color: #004c88;\"><strong>19h<\/strong><\/span>: Palestra de Encerramento: Abordagens antr\u00f3picas nas disciplinas da Ci\u00eancia da Informa\u00e7\u00e3o<\/p>\n<p><span style=\"color: #004c88;\"><strong>Palestrante<\/strong><\/span>: Prof. Dr. Marcos Galindo Lima \u2013 PPGCI \u2013 UFPE<\/p>\n<p><strong><span style=\"color: #004c88;\">Mediadoras<\/span><\/strong>:<\/p>\n<ul>\n<li>Profa. Dra. Maria Meriane Vieira da Rocha \u2013 PPGDAR\u01ea-UEPB\/UFPB<\/li>\n<li>Profa. Dra. Thais Helen do Nascimento \u2013 PPGDAR\u01ea-UEPB\/UFPB<\/li>\n<\/ul>\n<p>[\/vc_column_text][vc_btn title=&#8221;Ver Cartaz&#8221; shape=&#8221;square&#8221; align=&#8221;center&#8221; css=&#8221;.vc_custom_1732193588325{margin-top: 30px !important;margin-bottom: 30px !important;padding-top: 5px !important;padding-bottom: 5px !important;}&#8221; link=&#8221;url:https%3A%2F%2Fpos-graduacao.uepb.edu.br%2Fppgdarq%2Ffiles%2F2024%2F11%2FWhatsApp-Image-2024-11-06-at-14.07.56.jpeg|target:_blank&#8221;][\/vc_column_inner][vc_column_inner width=&#8221;1\/3&#8243;][vc_column_text css=&#8221;&#8221;]<span style=\"color: #004c88;\"><strong>Data: 21 e 22 de novembro de 2024<\/strong><\/span><\/p>\n<p><span style=\"color: #004c88;\"><strong>Local<\/strong><\/span>: CCBSA &#8211; Campus V &#8211; UEPB<\/p>\n<p><span style=\"color: #004c88;\"><strong>8h \u00e0s 17h<\/strong><\/span>: Apresenta\u00e7\u00f5es dos projetos de pesquisa &#8211; turma 2024 do PPGDAR\u01ea[\/vc_column_text][vc_btn title=&#8221;Programa\u00e7\u00e3o detalhada 21\/11\/2024&#8243; shape=&#8221;square&#8221; align=&#8221;center&#8221; css=&#8221;.vc_custom_1732193751495{margin-top: 30px !important;margin-bottom: 30px !important;padding-top: 5px !important;padding-right: 15px !important;padding-bottom: 5px !important;padding-left: 15px !important;}&#8221; link=&#8221;url:https%3A%2F%2Fpos-graduacao.uepb.edu.br%2Fppgdarq%2Fforum-de-pesquisa%2F%231732191132705-846d556d-a2c7&#8243;][vc_btn title=&#8221;Programa\u00e7\u00e3o detalhada 22\/11\/2024&#8243; shape=&#8221;square&#8221; align=&#8221;center&#8221; css=&#8221;.vc_custom_1732193756910{margin-top: 30px !important;margin-bottom: 30px !important;padding-top: 5px !important;padding-right: 15px !important;padding-bottom: 5px !important;padding-left: 15px !important;}&#8221; link=&#8221;url:https%3A%2F%2Fpos-graduacao.uepb.edu.br%2Fppgdarq%2Fforum-de-pesquisa%2F%231732192806232-503e7f30-b0a1&#8243;][\/vc_column_inner][\/vc_row_inner][vc_btn title=&#8221;Ver programa\u00e7\u00e3o das apresenta\u00e7\u00f5es&#8221; shape=&#8221;square&#8221; color=&#8221;primary&#8221; size=&#8221;lg&#8221; align=&#8221;center&#8221; css=&#8221;.vc_custom_1730903107056{margin-top: 20px !important;margin-bottom: 20px !important;}&#8221; link=&#8221;url:https%3A%2F%2Fpos-graduacao.uepb.edu.br%2Fppgdarq%2Fdownload%2Fordem-de-apresentacao-do-forpes-para-o-site%2F%3Fwpdmdl%3D776%26masterkey%3D-UizX5t7c05AQS8yFabRxVr0OT3fK_Y3LDEsmThSCr2EARut2zmo9RmbfD5QGXMu1JykB3YtO1U96QOwQKHMdj9KgjXEMOR4KaVxi68PTzg&#8221;][\/vc_tta_section][vc_tta_section title=&#8221;21 de novembro de 2024&#8243; tab_id=&#8221;1732191132705-846d556d-a2c7&#8243;][vc_single_image image=&#8221;792&#8243; img_size=&#8221;full&#8221; css=&#8221;.vc_custom_1730903916088{margin-top: 30px !important;margin-right: 30px !important;margin-bottom: 30px !important;margin-left: 30px !important;}&#8221;][vc_row_inner equal_height=&#8221;yes&#8221; gap=&#8221;30&#8243; el_class=&#8221;conf-azul&#8221; css=&#8221;.vc_custom_1730902869718{margin-right: 20px !important;margin-left: 20px !important;}&#8221;][vc_column_inner][vc_gallery interval=&#8221;0&#8243; images=&#8221;829,828,827,826,825&#8243; img_size=&#8221;full&#8221; css=&#8221;&#8221;][\/vc_column_inner][\/vc_row_inner][\/vc_tta_section][vc_tta_section title=&#8221;22 de novembro de 2024&#8243; tab_id=&#8221;1732192806232-503e7f30-b0a1&#8243;][vc_single_image image=&#8221;792&#8243; img_size=&#8221;full&#8221; css=&#8221;.vc_custom_1730903916088{margin-top: 30px !important;margin-right: 30px !important;margin-bottom: 30px !important;margin-left: 30px !important;}&#8221;][vc_row_inner equal_height=&#8221;yes&#8221; gap=&#8221;30&#8243; el_class=&#8221;conf-azul&#8221; css=&#8221;.vc_custom_1730902869718{margin-right: 20px !important;margin-left: 20px !important;}&#8221;][vc_column_inner][vc_gallery interval=&#8221;0&#8243; images=&#8221;838,839,840,841,842&#8243; img_size=&#8221;full&#8221; css=&#8221;&#8221;][\/vc_column_inner][\/vc_row_inner][\/vc_tta_section][\/vc_tta_tabs][\/vc_column][\/vc_row]<\/p>\n<\/div>","protected":false},"excerpt":{"rendered":"<p>[vc_row][vc_column][vc_tta_tabs][vc_tta_section title=&#8221;Circular n. 001\/2024&#8243; tab_id=&#8221;1728396580331-4bd9eefd-7a65&#8243;][vc_single_image image=&#8221;732&#8243; img_size=&#8221;400&#215;75&#8243; alignment=&#8221;center&#8221; css=&#8221;.vc_custom_1728411984153{margin-top: 30px !important;}&#8221;][vc_column_text css=&#8221;.vc_custom_1728411921787{margin-top: 30px !important;margin-bottom: 30px !important;}&#8221;] 1\u00ba F\u00d3RUM DE PESQUISA DO PPGDARQ &#8211; UEPB\/UFPB Jo\u00e3o Pessoa, 8 de outubro de 2024. [\/vc_column_text][vc_column_text css=&#8221;&#8221;]O F\u00f3rum de Pesquisa do Programa de P\u00f3s-Gradua\u00e7\u00e3o em Gest\u00e3o de Documentos e Governan\u00e7a Arquiv\u00edstica (PPGDARQ), oferecido pela Universidade Estadual da Para\u00edba (UEPB) <a class=\"leiamais\" href=\"https:\/\/pos-graduacao.uepb.edu.br\/ppgdarq\/forum-de-pesquisa\/\">Leia Mais&#8230;<\/a><\/p>\n","protected":false},"author":5,"featured_media":0,"parent":0,"menu_order":0,"comment_status":"closed","ping_status":"closed","template":"","meta":{"footnotes":""},"class_list":["post-690","page","type-page","status-publish","hentry"],"_links":{"self":[{"href":"https:\/\/pos-graduacao.uepb.edu.br\/ppgdarq\/wp-json\/wp\/v2\/pages\/690","targetHints":{"allow":["GET"]}}],"collection":[{"href":"https:\/\/pos-graduacao.uepb.edu.br\/ppgdarq\/wp-json\/wp\/v2\/pages"}],"about":[{"href":"https:\/\/pos-graduacao.uepb.edu.br\/ppgdarq\/wp-json\/wp\/v2\/types\/page"}],"author":[{"embeddable":true,"href":"https:\/\/pos-graduacao.uepb.edu.br\/ppgdarq\/wp-json\/wp\/v2\/users\/5"}],"replies":[{"embeddable":true,"href":"https:\/\/pos-graduacao.uepb.edu.br\/ppgdarq\/wp-json\/wp\/v2\/comments?post=690"}],"version-history":[{"count":95,"href":"https:\/\/pos-graduacao.uepb.edu.br\/ppgdarq\/wp-json\/wp\/v2\/pages\/690\/revisions"}],"predecessor-version":[{"id":1546,"href":"https:\/\/pos-graduacao.uepb.edu.br\/ppgdarq\/wp-json\/wp\/v2\/pages\/690\/revisions\/1546"}],"wp:attachment":[{"href":"https:\/\/pos-graduacao.uepb.edu.br\/ppgdarq\/wp-json\/wp\/v2\/media?parent=690"}],"curies":[{"name":"wp","href":"https:\/\/api.w.org\/{rel}","templated":true}]}}