{"id":57,"date":"2023-11-27T14:09:57","date_gmt":"2023-11-27T17:09:57","guid":{"rendered":"https:\/\/pos-graduacao.uepb.edu.br\/ppgdarq\/?page_id=57"},"modified":"2023-11-27T14:09:57","modified_gmt":"2023-11-27T17:09:57","slug":"politica-de-autoavaliacao","status":"publish","type":"page","link":"https:\/\/pos-graduacao.uepb.edu.br\/ppgdarq\/politica-de-autoavaliacao\/","title":{"rendered":"Pol\u00edtica de Autoavalia\u00e7\u00e3o"},"content":{"rendered":"<h1 class=\"western\"><span style=\"font-family: Arial, serif;\"><span style=\"font-size: medium;\">POL\u00cdTICA DE AUTOAVALIA\u00c7\u00c3O <\/span><\/span><\/h1>\n<p align=\"justify\"><span style=\"font-family: Arial, serif;\"><span style=\"font-size: medium;\">A autoavalia\u00e7\u00e3o do PPGDARQ se dar\u00e1 por instrumento pr\u00f3prio e pelos instrumentos institu\u00eddos pelas Comiss\u00f5es Pr\u00f3prias de Avalia\u00e7\u00e3o, tanto da UEPB quanto da UFPB. O instrumento ser\u00e1 dirigido \u00e0 comunidade acad\u00eamica como um todo, a saber: discentes, docentes e t\u00e9cnicos administrativos. <\/span><\/span><\/p>\n<p align=\"justify\"><span style=\"font-family: Arial, serif;\"><span style=\"font-size: medium;\">Os resultados, al\u00e9m de corroborar com os quantitativos institucionais ser\u00e3o condensados em relat\u00f3rio pr\u00f3prio anual, servindo tamb\u00e9m de apoio na an\u00e1lise e mitiga\u00e7\u00e3o de riscos das metas estrat\u00e9gicas (PDI). Todo material produzido ser\u00e1 disponibilizado no site do programa, de acordo com os quesitos da transpar\u00eancia ativa.<\/span><\/span><\/p>\n<p><span style=\"font-family: Arial, serif;\"><span style=\"font-size: medium;\">O instrumento de avalia\u00e7\u00e3o do PPGDARQ prev\u00ea a inclus\u00e3o dos seguintes t\u00f3picos:<\/span><\/span><\/p>\n<ol>\n<li><span style=\"font-family: Times New Roman, serif;\"><span style=\"font-family: Arial, serif;\"><span style=\"font-size: medium;\">Infraestrutura;<\/span><\/span><\/span><\/li>\n<li><span style=\"font-family: Times New Roman, serif;\"><span style=\"font-family: Arial, serif;\"><span style=\"font-size: medium;\">Gest\u00e3o do programa\\curso;<\/span><\/span><\/span><\/li>\n<li><span style=\"font-family: Times New Roman, serif;\"><span style=\"font-family: Arial, serif;\"><span style=\"font-size: medium;\">Avalia\u00e7\u00e3o dos docentes pelos discentes;<\/span><\/span><\/span><\/li>\n<li><span style=\"font-family: Times New Roman, serif;\"><span style=\"font-family: Arial, serif;\"><span style=\"font-size: medium;\">Pesquisa;<\/span><\/span><\/span><\/li>\n<li><span style=\"font-family: Times New Roman, serif;\"><span style=\"font-family: Arial, serif;\"><span style=\"font-size: medium;\">Autoavalia\u00e7\u00e3o discente;<\/span><\/span><\/span><\/li>\n<li><span style=\"font-family: Times New Roman, serif;\"><span style=\"font-family: Arial, serif;\"><span style=\"font-size: medium;\">Autoavalia\u00e7\u00e3o docentes;<\/span><\/span><\/span><\/li>\n<li><span style=\"font-family: Times New Roman, serif;\"><span style=\"font-family: Arial, serif;\"><span style=\"font-size: medium;\">Autoavalia\u00e7\u00e3o do corpo t\u00e9cnico-administrativo;<\/span><\/span><\/span><\/li>\n<li><span style=\"font-family: Times New Roman, serif;\"><span style=\"font-family: Arial, serif;\"><span style=\"font-size: medium;\">Internacionaliza\u00e7\u00e3o;<\/span><\/span><\/span><\/li>\n<li><span style=\"font-family: Times New Roman, serif;\"><span style=\"font-family: Arial, serif;\"><span style=\"font-size: medium;\">Evas\u00e3o e reten\u00e7\u00e3o;<\/span><\/span><\/span><\/li>\n<li><span style=\"font-family: Times New Roman, serif;\"><span style=\"font-family: Arial, serif;\"><span style=\"font-size: medium;\">Inser\u00e7\u00e3o social.<\/span><\/span><\/span><\/li>\n<\/ol>\n<p><span style=\"font-family: Arial, serif;\"><span style=\"font-size: medium;\"><b>VALOR GERADO<\/b><\/span><\/span><\/p>\n<p align=\"justify\"><span style=\"font-family: Arial, serif;\"><span style=\"font-size: medium;\">De modo sist\u00eamico, a percep\u00e7\u00e3o dos valores que se deseja gerar est\u00e1 vinculada ao entendimento dos objetivos e metas do programa. Assim, dentre aos valores gerados, um dos principais que se pretende \u00e9 a forma\u00e7\u00e3o qualificada e de excel\u00eancia, pois atender\u00e1 as demandas da governan\u00e7a, gest\u00e3o arquiv\u00edstica e de <\/span><\/span><span style=\"font-family: Arial, serif;\"><span style=\"font-size: medium;\">institui\u00e7\u00f5es memoriais, respons\u00e1veis pela preserva\u00e7\u00e3o do patrim\u00f4nio documental da sociedade.<\/span><\/span><\/p>\n<p align=\"justify\"><span style=\"font-family: Arial, serif;\"><span style=\"font-size: medium;\">Consequentemente, teremos como segundo valor gerado atitudes inovadoras e novos m\u00e9todos de trabalho, fundamentados em estudos e pesquisas de experi\u00eancias efetivas nas organiza\u00e7\u00f5es p\u00fablicas e privadas.<\/span><\/span><\/p>\n","protected":false},"excerpt":{"rendered":"<p>POL\u00cdTICA DE AUTOAVALIA\u00c7\u00c3O A autoavalia\u00e7\u00e3o do PPGDARQ se dar\u00e1 por instrumento pr\u00f3prio e pelos instrumentos institu\u00eddos pelas Comiss\u00f5es Pr\u00f3prias de Avalia\u00e7\u00e3o, tanto da UEPB quanto da UFPB. O instrumento ser\u00e1 dirigido \u00e0 comunidade acad\u00eamica como um todo, a saber: discentes, docentes e t\u00e9cnicos administrativos. Os resultados, al\u00e9m de corroborar com os quantitativos institucionais ser\u00e3o condensados <a class=\"leiamais\" href=\"https:\/\/pos-graduacao.uepb.edu.br\/ppgdarq\/politica-de-autoavaliacao\/\">Leia Mais&#8230;<\/a><\/p>\n","protected":false},"author":3,"featured_media":0,"parent":0,"menu_order":0,"comment_status":"closed","ping_status":"closed","template":"","meta":{"footnotes":""},"class_list":["post-57","page","type-page","status-publish","hentry"],"_links":{"self":[{"href":"https:\/\/pos-graduacao.uepb.edu.br\/ppgdarq\/wp-json\/wp\/v2\/pages\/57","targetHints":{"allow":["GET"]}}],"collection":[{"href":"https:\/\/pos-graduacao.uepb.edu.br\/ppgdarq\/wp-json\/wp\/v2\/pages"}],"about":[{"href":"https:\/\/pos-graduacao.uepb.edu.br\/ppgdarq\/wp-json\/wp\/v2\/types\/page"}],"author":[{"embeddable":true,"href":"https:\/\/pos-graduacao.uepb.edu.br\/ppgdarq\/wp-json\/wp\/v2\/users\/3"}],"replies":[{"embeddable":true,"href":"https:\/\/pos-graduacao.uepb.edu.br\/ppgdarq\/wp-json\/wp\/v2\/comments?post=57"}],"version-history":[{"count":2,"href":"https:\/\/pos-graduacao.uepb.edu.br\/ppgdarq\/wp-json\/wp\/v2\/pages\/57\/revisions"}],"predecessor-version":[{"id":86,"href":"https:\/\/pos-graduacao.uepb.edu.br\/ppgdarq\/wp-json\/wp\/v2\/pages\/57\/revisions\/86"}],"wp:attachment":[{"href":"https:\/\/pos-graduacao.uepb.edu.br\/ppgdarq\/wp-json\/wp\/v2\/media?parent=57"}],"curies":[{"name":"wp","href":"https:\/\/api.w.org\/{rel}","templated":true}]}}