{"id":562,"date":"2024-07-01T14:08:10","date_gmt":"2024-07-01T17:08:10","guid":{"rendered":"https:\/\/pos-graduacao.uepb.edu.br\/ppgdarq\/?page_id=562"},"modified":"2025-10-24T19:48:48","modified_gmt":"2025-10-24T22:48:48","slug":"documentos-docentes","status":"publish","type":"page","link":"https:\/\/pos-graduacao.uepb.edu.br\/ppgdarq\/docentes\/documentos-docentes\/","title":{"rendered":"Documentos"},"content":{"rendered":"<div class=\"wpb-content-wrapper\"><p>[vc_row][vc_column][vc_column_text css=&#8221;&#8221;]<\/p>\n<ul>\n<li><a href=\"https:\/\/pos-graduacao.uepb.edu.br\/ppgdarq\/download\/anuencia-doa-orientadora-ppgdarq\/?wpdmdl=1095&amp;masterkey=zVf3XAtG-0NcYCrp8Gu27eW5b_7I87FIX8X_QYjqKcIFpbQo8EO6O8nIryT-TjqPNwfhBgPCMbZ-M0E7uTl1l8wl_vs9CMIpq-sFVlw8gbc\">Anu\u00eancia do(a) Orientador(a) &#8211; PPGDARQ<\/a><\/li>\n<li><a href=\"https:\/\/pos-graduacao.uepb.edu.br\/ppgdarq\/download\/cadastro-de-participante-externo-docente\/?wpdmdl=1186&amp;masterkey=NKWi9jZvF4kGgJOkGl9KirnkDiTLeDqxKAM0kXbcljZvbv9iz0o8e0O5wF0QZtU_vStSEU1aWLnL5UugyVsHihZW_bUQp7lqioXhxtwrUck\">Cadastro de Participantes Externos &#8211; Docente<\/a><\/li>\n<li><a href=\"https:\/\/pos-graduacao.uepb.edu.br\/ppgdarq\/download\/requerimento-de-solicitacao-de-exame-de-qualificacao\/?wpdmdl=1189&amp;masterkey=BP4A8QdDxdNrmgFMLDhSJFDQSKNiZXu-xttB2A0XzTZq5e7TSbQ9ntJCpxNTjHLy3RSjkeAtMtgCdAdXUzA8c0AP_WTNGz01wgZI5taaeTg\">Requerimento de Solicita\u00e7\u00e3o de Exame de Qualifica\u00e7\u00e3o &#8211; PPGDARQ<\/a><\/li>\n<li><a href=\"https:\/\/pos-graduacao.uepb.edu.br\/ppgdarq\/download\/orientacoes-exame-de-qualificacao-ppgdarq\/?wpdmdl=1188&amp;masterkey=flmuDZ3FJny9eKZLMjTfcdnl-dzOZpeqTsjnSLSZqhiGqwUB0yhwfgig6frLLCbp7MYdsRjHOoUl2_d4j7WJh2WA9i-SamOVnpAlX_klfjU\">Orienta\u00e7\u00f5es Gerais para Solicita\u00e7\u00e3o de Exame de Qualifica\u00e7\u00e3o &#8211; PPGDARQ<\/a><\/li>\n<li><a href=\"https:\/\/pos-graduacao.uepb.edu.br\/ppgdarq\/download\/requerimento-de-solicitacao-de-defesa-de-dissertacao-ppgdarq\/?wpdmdl=1533&amp;masterkey=IvjVFodnwTlrE2h9QclHziko57vP2MMsmOcmt2CQPcZr17LjiO4X8F18WXrgN2CWIbvWBXmmLXD0VnUySEyeRF57Fgt7oRwzhZGSrGDbGek\"><strong>Requerimento de Solicita\u00e7\u00e3o de Defesa de Disserta\u00e7\u00e3o &#8211; PPGDARQ<\/strong><\/a><\/li>\n<\/ul>\n<p>[\/vc_column_text][\/vc_column][\/vc_row]<\/p>\n<\/div>","protected":false},"excerpt":{"rendered":"<p>[vc_row][vc_column][vc_column_text css=&#8221;&#8221;] Anu\u00eancia do(a) Orientador(a) &#8211; PPGDARQ Cadastro de Participantes Externos &#8211; Docente Requerimento de Solicita\u00e7\u00e3o de Exame de Qualifica\u00e7\u00e3o &#8211; PPGDARQ Orienta\u00e7\u00f5es Gerais para Solicita\u00e7\u00e3o de Exame de Qualifica\u00e7\u00e3o &#8211; PPGDARQ Requerimento de Solicita\u00e7\u00e3o de Defesa de Disserta\u00e7\u00e3o &#8211; PPGDARQ [\/vc_column_text][\/vc_column][\/vc_row]<\/p>\n","protected":false},"author":5,"featured_media":0,"parent":136,"menu_order":0,"comment_status":"closed","ping_status":"closed","template":"","meta":{"footnotes":""},"class_list":["post-562","page","type-page","status-publish","hentry"],"_links":{"self":[{"href":"https:\/\/pos-graduacao.uepb.edu.br\/ppgdarq\/wp-json\/wp\/v2\/pages\/562","targetHints":{"allow":["GET"]}}],"collection":[{"href":"https:\/\/pos-graduacao.uepb.edu.br\/ppgdarq\/wp-json\/wp\/v2\/pages"}],"about":[{"href":"https:\/\/pos-graduacao.uepb.edu.br\/ppgdarq\/wp-json\/wp\/v2\/types\/page"}],"author":[{"embeddable":true,"href":"https:\/\/pos-graduacao.uepb.edu.br\/ppgdarq\/wp-json\/wp\/v2\/users\/5"}],"replies":[{"embeddable":true,"href":"https:\/\/pos-graduacao.uepb.edu.br\/ppgdarq\/wp-json\/wp\/v2\/comments?post=562"}],"version-history":[{"count":18,"href":"https:\/\/pos-graduacao.uepb.edu.br\/ppgdarq\/wp-json\/wp\/v2\/pages\/562\/revisions"}],"predecessor-version":[{"id":1535,"href":"https:\/\/pos-graduacao.uepb.edu.br\/ppgdarq\/wp-json\/wp\/v2\/pages\/562\/revisions\/1535"}],"up":[{"embeddable":true,"href":"https:\/\/pos-graduacao.uepb.edu.br\/ppgdarq\/wp-json\/wp\/v2\/pages\/136"}],"wp:attachment":[{"href":"https:\/\/pos-graduacao.uepb.edu.br\/ppgdarq\/wp-json\/wp\/v2\/media?parent=562"}],"curies":[{"name":"wp","href":"https:\/\/api.w.org\/{rel}","templated":true}]}}