{"id":550,"date":"2024-06-26T10:54:47","date_gmt":"2024-06-26T13:54:47","guid":{"rendered":"https:\/\/pos-graduacao.uepb.edu.br\/ppgdarq\/?page_id=550"},"modified":"2026-01-21T09:21:51","modified_gmt":"2026-01-21T12:21:51","slug":"documentos-2","status":"publish","type":"page","link":"https:\/\/pos-graduacao.uepb.edu.br\/ppgdarq\/documentos-2\/","title":{"rendered":"Documentos"},"content":{"rendered":"<div class=\"wpb-content-wrapper\"><p>[vc_row][vc_column][vc_column_text css=&#8221;&#8221;]<\/p>\n<ul>\n<li><a href=\"https:\/\/pos-graduacao.uepb.edu.br\/ppgdarq\/download\/template-dissertacao-ppgdarq-uepb\/?wpdmdl=1553&amp;masterkey=Oge6f1dAsbXhBXufdF-Op86k758r3Vzl1PJypmeP1z7Hri864zZKWzbfp4JcpCjH979rVdSZ0ZN9a344d7fmki7rxSw7tCnp2x14MMmYHjIs\">Template Disserta\u00e7\u00e3o &#8211; PPGDARQ &#8211; UEPB<\/a><\/li>\n<li><a href=\"https:\/\/pos-graduacao.uepb.edu.br\/ppgdarq\/download\/solicitacao-de-trancamento-de-disciplina-ppgdarq-2\/?wpdmdl=1094&amp;masterkey=uJfOXKhFLzDy6MocgXdcQwMlev0ariZaLXyGylgqMWGKM5PS9rngKW3T-LVxKR3GKCsGb-Vam7Oru1QyKuUpSDFyQDrtDvTGU1JfqCAZZbY\">Solicita\u00e7\u00e3o de Trancamento de Disciplina \u2013 PPGDARQ<\/a><\/li>\n<li><a href=\"https:\/\/pos-graduacao.uepb.edu.br\/ppgdarq\/download\/solicitacao-de-trancamento-de-disciplina-ppgdarq\/?wpdmdl=1093&amp;masterkey=SJGmyp1zoZW8Ix2N-Sih3T0TD05YeqOMqYKxZjo0wWSJljq_1UNRj8n1taZxWgIJN-vca47AlBBtYjW4oWLwtgX9K8PQcVPaLxbqsU03LEU\">Solicita\u00e7\u00e3o de Trancamento de Semestre Letivo \u2013 PPGDARQ<\/a><\/li>\n<li><a href=\"https:\/\/pos-graduacao.uepb.edu.br\/ppgdarq\/download\/solicitacao-de-aproveitamento-de-estudos-ppgdarq-2\/?wpdmdl=1092&amp;masterkey=xgMqfTUEVUuxrwuaYsRzQjhFqb3XrMur0Txj3Pb9JIf17juoRNbyQyOZHkQFMWmWsHWlOtWZhbVXSmnRNorFs3G7EsJg9ou7hUQUvgTIQrk\">Solicita\u00e7\u00e3o de Aproveitamento de Estudos \u2013 PPGDARQ<\/a><\/li>\n<li><a href=\"https:\/\/pos-graduacao.uepb.edu.br\/ppgdarq\/download\/requerimento-geral-ppgdarq\/?wpdmdl=1091&amp;masterkey=X8Tq78Evle_3Qflc2k_1tm7a-PT6VvsrBYTnPEcA7M4uDJh1rzrruWBi7c8FS4FUuQH48PmXugIfC6j1KDM43qi8KjhU52zjj0AlkqKnn3Q\">Requerimento Geral \u2013 PPGDARQ<\/a><\/li>\n<li><a href=\"https:\/\/pos-graduacao.uepb.edu.br\/ppgdarq\/download\/formulario-de-matricula-para-aluno-regular-veterano-ppgdarq\/?wpdmdl=1090&amp;masterkey=UA7d1RuORx7Obxz0T4yw4Y6j1CzhQ3jb8G8Pscg6n9F8f6dohy0V_zBlhBkrBC0yp-odWOU-cYrFcPri9jAIgEWE5k5eXAunPccWrxjRycw\">Formul\u00e1rio de Matr\u00edcula para Aluno Regular Veterano \u2013 PPGDARQ<\/a><\/li>\n<li><a href=\"https:\/\/pos-graduacao.uepb.edu.br\/ppgdarq\/download\/formulario-de-matricula-para-aluno-regular-ingressante-ppgdarq\/?wpdmdl=1089&amp;masterkey=Pul29r5RuWDI2pE6TMacDaPbE5xYlF7JL4CEWUUTZnUvPX6BiJoV_K2hU8JQkw5ZP4XJl_8jfykqe4Pg2D5waqu3PfiHyp03tomUNH2UA3o\">Formul\u00e1rio de Matr\u00edcula para Aluno Regular Ingressante \u2013 PPGDARQ<\/a><\/li>\n<li><a href=\"https:\/\/pos-graduacao.uepb.edu.br\/ppgdarq\/download\/formulario-de-matricula-para-aluno-especial-ppgdarq\/?wpdmdl=1088&amp;masterkey=LGkKZn6UGdC8ScdkpDIyV5TMDmtN0950LfwWRRZlOFU1H-ZCg7udqk_cDbtQubOed6SqL8Vi1lVNo0Cl27Vc5byc1L0cuDON3gGzKtaMPjQ\">Formul\u00e1rio de Matr\u00edcula para Aluno Especial \u2013 PPGDARQ<\/a><\/li>\n<li><a href=\"https:\/\/pos-graduacao.uepb.edu.br\/ppgdarq\/download\/relatorio-semestral-de-atividades-no-mestrado\/?wpdmdl=549&amp;masterkey=zIqe4JEY9a70Fa4ShE8jITPomsurRUVjeZyhKBJKTB9Fr1DiiBlzWcsUE-5ZUha6IHRLOIJm-S3aXWClaVfUjQ94mlksV5kRNCCkCowx4Us\">Relat\u00f3rio Semestral de Atividades no Mestrado<\/a><\/li>\n<\/ul>\n<p>[\/vc_column_text][\/vc_column][\/vc_row]<\/p>\n<\/div>","protected":false},"excerpt":{"rendered":"<p>[vc_row][vc_column][vc_column_text css=&#8221;&#8221;] Template Disserta\u00e7\u00e3o &#8211; PPGDARQ &#8211; UEPB Solicita\u00e7\u00e3o de Trancamento de Disciplina \u2013 PPGDARQ Solicita\u00e7\u00e3o de Trancamento de Semestre Letivo \u2013 PPGDARQ Solicita\u00e7\u00e3o de Aproveitamento de Estudos \u2013 PPGDARQ Requerimento Geral \u2013 PPGDARQ Formul\u00e1rio de Matr\u00edcula para Aluno Regular Veterano \u2013 PPGDARQ Formul\u00e1rio de Matr\u00edcula para Aluno Regular Ingressante \u2013 PPGDARQ Formul\u00e1rio de Matr\u00edcula <a class=\"leiamais\" href=\"https:\/\/pos-graduacao.uepb.edu.br\/ppgdarq\/documentos-2\/\">Leia Mais&#8230;<\/a><\/p>\n","protected":false},"author":5,"featured_media":0,"parent":0,"menu_order":0,"comment_status":"closed","ping_status":"closed","template":"","meta":{"footnotes":""},"class_list":["post-550","page","type-page","status-publish","hentry"],"_links":{"self":[{"href":"https:\/\/pos-graduacao.uepb.edu.br\/ppgdarq\/wp-json\/wp\/v2\/pages\/550","targetHints":{"allow":["GET"]}}],"collection":[{"href":"https:\/\/pos-graduacao.uepb.edu.br\/ppgdarq\/wp-json\/wp\/v2\/pages"}],"about":[{"href":"https:\/\/pos-graduacao.uepb.edu.br\/ppgdarq\/wp-json\/wp\/v2\/types\/page"}],"author":[{"embeddable":true,"href":"https:\/\/pos-graduacao.uepb.edu.br\/ppgdarq\/wp-json\/wp\/v2\/users\/5"}],"replies":[{"embeddable":true,"href":"https:\/\/pos-graduacao.uepb.edu.br\/ppgdarq\/wp-json\/wp\/v2\/comments?post=550"}],"version-history":[{"count":5,"href":"https:\/\/pos-graduacao.uepb.edu.br\/ppgdarq\/wp-json\/wp\/v2\/pages\/550\/revisions"}],"predecessor-version":[{"id":1554,"href":"https:\/\/pos-graduacao.uepb.edu.br\/ppgdarq\/wp-json\/wp\/v2\/pages\/550\/revisions\/1554"}],"wp:attachment":[{"href":"https:\/\/pos-graduacao.uepb.edu.br\/ppgdarq\/wp-json\/wp\/v2\/media?parent=550"}],"curies":[{"name":"wp","href":"https:\/\/api.w.org\/{rel}","templated":true}]}}