{"id":51,"date":"2023-11-24T10:59:49","date_gmt":"2023-11-24T13:59:49","guid":{"rendered":"https:\/\/pos-graduacao.uepb.edu.br\/ppgdarq\/?page_id=51"},"modified":"2023-12-12T11:44:33","modified_gmt":"2023-12-12T14:44:33","slug":"51-2","status":"publish","type":"page","link":"https:\/\/pos-graduacao.uepb.edu.br\/ppgdarq\/51-2\/","title":{"rendered":"Laborat\u00f3rios"},"content":{"rendered":"<div class=\"wpb-content-wrapper\"><p>[vc_row][vc_column width=&#8221;1\/2&#8243;][vc_text_separator title=&#8221;Na UEPB&#8221; i_icon_fontawesome=&#8221;fas fa-angle-double-right&#8221; i_color=&#8221;custom&#8221; title_align=&#8221;separator_align_left&#8221; add_icon=&#8221;true&#8221; i_custom_color=&#8221;#cc0000&#8243;][vc_column_text]<\/p>\n<p align=\"justify\"><strong><span style=\"font-family: Arial, serif;\"><span style=\"font-size: medium;\">1. Laborat\u00f3rio de Pr\u00e1ticas Integradas de Arquivologia<\/span><\/span><\/strong><\/p>\n<p align=\"justify\"><span style=\"font-family: Arial, serif;\"><span style=\"font-size: medium;\">Este laborat\u00f3rio conta com ambiente climatizado e tem como mobili\u00e1rio um Arquivo deslizante com 8 m\u00f3dulos com espa\u00e7os para at\u00e9 336m lineares de documentos textuais contendo arquivos administrativos da Universidade Estadual da Para\u00edba; tem 01 mesa de higieniza\u00e7\u00e3o para 01 operador; 06 mesas; 13 cadeiras pl\u00e1sticas; 06 cadeiras acolchoadas; 01 mesa para reuni\u00f5es; 03 computadores e 01 quadro branco.<\/span><\/span><\/p>\n<p align=\"justify\"><strong><span style=\"font-family: Arial, serif;\"><span style=\"font-size: medium;\">2. Laborat\u00f3rio de Tecnologia da Informa\u00e7\u00e3o<\/span><\/span><\/strong><\/p>\n<p align=\"justify\"><span style=\"font-family: Arial, serif;\"><span style=\"font-size: medium;\">Este laborat\u00f3rio tem ambiente climatizado e conta com 16 computadores ligados em rede cabeada; 16 mesas; 16 cadeiras; 01 TV de LED e 01 quadro branco. Este laborat\u00f3rio foi organizado com o Aux\u00edlio financeiro do Conselho Nacional de Desenvolvimento Cient\u00edfico e Tecnol\u00f3gico &#8211; Chamada P\u00fablica MCTI\/CNPq N\u00ba 14\/2013 &#8211; Universal &#8211; processo 472098\/2013-6.<\/span><\/span><\/p>\n<p align=\"justify\"><strong><span style=\"font-family: Arial, serif;\"><span style=\"font-size: medium;\">3. Laborat\u00f3rio de Conserva\u00e7\u00e3o, Preserva\u00e7\u00e3o e Encaderna\u00e7\u00e3o (LACRE)<\/span><\/span><\/strong><\/p>\n<p align=\"justify\"><span style=\"font-family: Arial, serif;\"><span style=\"font-size: medium;\">O LACRE conta com 06 mesas de luz; 03 desumidificadores; 02 microsc\u00f3pios; 01 mesa de higieniza\u00e7\u00e3o tamanho especial para limpeza de jornal e mapas; 02 mesas de higieniza\u00e7\u00e3o para dois operadores; 01 mesa de higieniza\u00e7\u00e3o para 01 operador; 01 secadora de papeis; 01 c\u00e2mara de desinfesta\u00e7\u00e3o; 01 mesa de umidifica\u00e7\u00e3o com suc\u00e7\u00e3o; 01 m\u00e1quina obturadora de papeis; 01 conjunto multifuncional para \u00e1gua e hidr\u00f3xido de c\u00e1lcio; 01 bir\u00f4; 16 cadeiras de pl\u00e1sticos; 02 mapotecas e 01 mesa; 01 quadro branco; 01 prensa horizontal; 01 prensa vertical; 4 microsc\u00f3pio contendo materiais de consumo para aulas presenciais de restauro e conserva\u00e7\u00e3o.<\/span><\/span><\/p>\n<p align=\"justify\"><strong><span style=\"font-family: Arial, serif;\"><span style=\"font-size: medium;\">4. Laborat\u00f3rio de Paleografia<\/span><\/span><\/strong><\/p>\n<p align=\"justify\"><span style=\"font-family: Arial, serif;\"><span style=\"font-size: medium;\"> Este laborat\u00f3rio conta com 02 arm\u00e1rios de escrit\u00f3rios; 02 mesa de escrit\u00f3rio com gavetas; 02 mesas de reuni\u00e3o redondas; 01 cadeira de escrit\u00f3rio girat\u00f3ria; 20 cadeiras de escrit\u00f3rio fixas; 03 estantes de a\u00e7o; 01 notebook; 01 computador desktop; 01 projetor multim\u00eddia; 01 c\u00e2mera digital fotogr\u00e1fica; 01 impressora multifuncional com sistema eko tanker; 01 scanner planet\u00e1rio A3; 01 HD externo.<\/span><\/span><\/p>\n<p align=\"justify\"><strong><span style=\"font-family: Arial, serif;\"><span style=\"font-size: medium;\">5. Ateli\u00ea do Projeto SESA<\/span><\/span><\/strong><\/p>\n<p align=\"justify\"><span style=\"font-family: Arial, serif;\"><span style=\"font-size: medium;\">Este laborat\u00f3rio foi organizado com o aux\u00edlio de projeto SESA Proext 2015 &#8211; MEC, processo n\u00ba 5189.2.4933.24042014 e do projeto de pesquisa financiado pela UEPB \u2013 EDITAL PROPESQ 2015. <\/span><\/span><\/p>\n<p align=\"justify\"><span style=\"font-family: Arial, serif;\"><span style=\"font-size: medium;\">Conta com equipamentos para os eventos promovidos pelo projeto: <\/span><\/span><\/p>\n<p align=\"justify\"><span style=\"font-family: Arial, serif;\"><span style=\"font-size: medium;\">1 CAIXA MULTIUSO, 1 Filmadora Sony, 1 Microfone, 1 M\u00e1quina fotogr\u00e1fica digital. O ambiente tem 5 Notebook, estantes, mesas e bancadas para estudo.<\/span><\/span><\/p>\n<p align=\"justify\"><strong><span style=\"font-family: Arial, serif;\"><span style=\"font-size: medium;\">6. Laborat\u00f3rio SESA \u2013 MULTIM\u00cdDIAS (SALA MARIELLE FRANCO)<\/span><\/span><\/strong><\/p>\n<p align=\"justify\"><span style=\"font-family: Arial, serif;\"><span style=\"font-size: medium;\"> Este laborat\u00f3rio foi uma conquista do projeto de pesquisa <\/span><\/span><span style=\"font-family: Arial, serif;\"><span style=\"font-size: medium;\"><i>Coopera\u00e7\u00e3o acad\u00eamica, tecnologia e inova\u00e7\u00e3o cient\u00edfica: as rela\u00e7\u00f5es internacionais do PROJETO SESA<\/i><\/span><\/span><span style=\"font-family: Arial, serif;\"><span style=\"font-size: medium;\"><b>, <\/b><\/span><\/span><span style=\"font-family: Arial, serif;\"><span style=\"font-size: medium;\">Edital 005\/2018 \u2013 melhoria da infraestrutura da UEPB, fomentado pela Fapesq-PB. <\/span><\/span><\/p>\n<p align=\"justify\"><span style=\"font-family: Times New Roman, serif;\"><span style=\"font-family: Arial, serif;\"><span style=\"font-size: medium;\">A sala climatizada e com acesso \u00e0 internet com est\u00fadio para grava\u00e7\u00e3o. Disp\u00f5e de 35 cadeiras, 1 bir\u00f4, 1 estante, Data-show, <\/span><\/span><a href=\"http:\/\/www.magazineluiza.com.br\/busca\/570799900\/\" target=\"Suporte Fundo Infinito M\u00f3vel para 01 Fundo Muslin - B2530B - 2,50m\" rel=\"noopener\"><span style=\"font-family: Arial, serif;\"><span style=\"font-size: medium;\">Suporte Fundo Infinito M\u00f3vel<\/span><\/span><\/a><\/span><span style=\"font-family: Arial, serif;\"><span style=\"font-size: medium;\">, <\/span><\/span><span style=\"font-family: Arial, serif;\"><span style=\"font-size: medium;\"><a href=\"http:\/\/www.magazineluiza.com.br\/busca\/dfjgka8hg2\/\" target=\"Lousa Interativa Quinyx Touch Screen Tela 80\" rel=\"noopener\">Lousa Interativa <\/a>,<\/span><\/span><span style=\"font-family: Arial, serif;\"><span style=\"font-size: medium;\"> Notebook Dell.<\/span><\/span><\/p>\n<p>[\/vc_column_text][\/vc_column][vc_column width=&#8221;1\/2&#8243;][vc_text_separator title=&#8221;Na UFPB&#8221; i_icon_fontawesome=&#8221;fas fa-angle-double-right&#8221; i_color=&#8221;custom&#8221; title_align=&#8221;separator_align_left&#8221; add_icon=&#8221;true&#8221; i_custom_color=&#8221;#cc0000&#8243;][vc_column_text]<\/p>\n<p align=\"justify\"><strong><span style=\"font-family: Arial, serif;\"><span style=\"font-size: medium;\">1. Laborat\u00f3rio de pr\u00e1ticas<\/span><\/span><\/strong><\/p>\n<p align=\"justify\"><span style=\"font-family: Arial, serif;\"><span style=\"font-size: medium;\">Este laborat\u00f3rio tem acesso \u00e0 internet Wi-fi e disp\u00f5e de 01 aparelho de ar-condicionado, 02 computadores, 26 cadeiras padr\u00e3o escolar, 02 mesas de trabalho, 01 quadro branco e 02 estantes de ferro.<\/span><\/span><\/p>\n<p align=\"justify\"><strong><span style=\"font-family: Arial, serif;\"><span style=\"font-size: medium;\">2. Laborat\u00f3rio de inform\u00e1tica<\/span><\/span><\/strong><\/p>\n<p align=\"justify\"><span style=\"font-family: Arial, serif;\"><span style=\"font-size: medium;\">Este laborat\u00f3rio tem acesso \u00e0 internet Wi-fi, \u00e9 climatizado com 01 aparelho de ar-condicionado, possui 24 computadores, 27 cadeiras, 01 mesa e 01 quadro branco<\/span><\/span><\/p>\n<p align=\"justify\"><strong><span style=\"font-family: Arial, serif;\"><span style=\"font-size: medium;\">3. Laborat\u00f3rio de Conserva\u00e7\u00e3o e Restaura\u00e7\u00e3o (LABCOR)<\/span><\/span><\/strong><\/p>\n<p align=\"justify\"><span style=\"font-family: Arial, serif;\"><span style=\"font-size: medium;\">O LABCOR tem acesso \u00e0 internet Wi-fi e possui estrutura para desenvolvimento das pr\u00e1ticas, a saber: 01 geladeira Frost Free, 19 cadeiras, 05 mesas, 02 mesas de higieniza\u00e7\u00e3o, 03 arm\u00e1rios de a\u00e7o, 01 bebedouro, 04 computadores, 01 MOP, 01 C\u00e2mara de desinfesta\u00e7\u00e3o, 02 cilindros de nitrog\u00eanio, 01 mesa t\u00e9rmica, 01 mesa com ilumina\u00e7\u00e3o, 01 secadora de pap\u00e9is, 01 deonizador, 01 liquidificador industrial, 01 balan\u00e7a de precis\u00e3o, 01 mesa de umecta\u00e7\u00e3o, 07 aparelhos de ar-condicionado.<\/span><\/span><\/p>\n<p align=\"justify\"><strong><span style=\"font-family: Arial, serif;\"><span style=\"font-size: medium;\">4. Arquivo Escola<\/span><\/span><\/strong><\/p>\n<p align=\"justify\"><span style=\"font-family: Arial, serif;\"><span style=\"font-size: medium;\">O Arquivo Escola tem acesso \u00e0 internet Wi-fi, possui 02 computadores, 02 arm\u00e1rios, 02 estantes de ferro, 01 Arquivo Deslizante com 07 m\u00f3dulos, 01 quadro branco, 23 cadeiras, 01 bebedouro.<\/span><\/span><\/p>\n<p>[\/vc_column_text][\/vc_column][\/vc_row]<\/p>\n<\/div>","protected":false},"excerpt":{"rendered":"<p>[vc_row][vc_column width=&#8221;1\/2&#8243;][vc_text_separator title=&#8221;Na UEPB&#8221; i_icon_fontawesome=&#8221;fas fa-angle-double-right&#8221; i_color=&#8221;custom&#8221; title_align=&#8221;separator_align_left&#8221; add_icon=&#8221;true&#8221; i_custom_color=&#8221;#cc0000&#8243;][vc_column_text] 1. Laborat\u00f3rio de Pr\u00e1ticas Integradas de Arquivologia Este laborat\u00f3rio conta com ambiente climatizado e tem como mobili\u00e1rio um Arquivo deslizante com 8 m\u00f3dulos com espa\u00e7os para at\u00e9 336m lineares de documentos textuais contendo arquivos administrativos da Universidade Estadual da Para\u00edba; tem 01 mesa de higieniza\u00e7\u00e3o <a class=\"leiamais\" href=\"https:\/\/pos-graduacao.uepb.edu.br\/ppgdarq\/51-2\/\">Leia Mais&#8230;<\/a><\/p>\n","protected":false},"author":3,"featured_media":0,"parent":0,"menu_order":0,"comment_status":"closed","ping_status":"closed","template":"","meta":{"footnotes":""},"class_list":["post-51","page","type-page","status-publish","hentry"],"_links":{"self":[{"href":"https:\/\/pos-graduacao.uepb.edu.br\/ppgdarq\/wp-json\/wp\/v2\/pages\/51","targetHints":{"allow":["GET"]}}],"collection":[{"href":"https:\/\/pos-graduacao.uepb.edu.br\/ppgdarq\/wp-json\/wp\/v2\/pages"}],"about":[{"href":"https:\/\/pos-graduacao.uepb.edu.br\/ppgdarq\/wp-json\/wp\/v2\/types\/page"}],"author":[{"embeddable":true,"href":"https:\/\/pos-graduacao.uepb.edu.br\/ppgdarq\/wp-json\/wp\/v2\/users\/3"}],"replies":[{"embeddable":true,"href":"https:\/\/pos-graduacao.uepb.edu.br\/ppgdarq\/wp-json\/wp\/v2\/comments?post=51"}],"version-history":[{"count":3,"href":"https:\/\/pos-graduacao.uepb.edu.br\/ppgdarq\/wp-json\/wp\/v2\/pages\/51\/revisions"}],"predecessor-version":[{"id":260,"href":"https:\/\/pos-graduacao.uepb.edu.br\/ppgdarq\/wp-json\/wp\/v2\/pages\/51\/revisions\/260"}],"wp:attachment":[{"href":"https:\/\/pos-graduacao.uepb.edu.br\/ppgdarq\/wp-json\/wp\/v2\/media?parent=51"}],"curies":[{"name":"wp","href":"https:\/\/api.w.org\/{rel}","templated":true}]}}