{"id":34,"date":"2023-11-24T10:06:28","date_gmt":"2023-11-24T13:06:28","guid":{"rendered":"https:\/\/pos-graduacao.uepb.edu.br\/ppgdarq\/?page_id=34"},"modified":"2023-11-29T14:14:05","modified_gmt":"2023-11-29T17:14:05","slug":"objetivos","status":"publish","type":"page","link":"https:\/\/pos-graduacao.uepb.edu.br\/ppgdarq\/objetivos\/","title":{"rendered":"Objetivos"},"content":{"rendered":"<div class=\"wpb-content-wrapper\"><p>[vc_row][vc_column][vc_column_text]<\/p>\n<p align=\"justify\"><span style=\"font-family: Arial, serif;\"><span style=\"font-size: medium;\">I &#8211; Formar recursos humanos qualificados do ponto de vista t\u00e9cnico e tecnol\u00f3gico para o atendimento de demandas da governan\u00e7a e gest\u00e3o documental e informacional de qualidade, principalmente nas regi\u00f5es Nordeste e Norte;<\/span><\/span><\/p>\n<p align=\"justify\"><span style=\"font-family: Arial, serif;\"><span style=\"font-size: medium;\">II &#8211; Criar infraestruturas educacionais que possam propiciar a produ\u00e7\u00e3o de conhecimentos de aplica\u00e7\u00e3o efetiva nas organiza\u00e7\u00f5es p\u00fablicas e privadas, em especial na Para\u00edba, bem como a elaborar proposta de consultorias de interven\u00e7\u00e3o que sejam fruto de pesquisas cientificamente fundamentadas;<\/span><\/span><\/p>\n<p align=\"justify\"><span style=\"font-family: Arial, serif;\"><span style=\"font-size: medium;\">III &#8211; Desenvolver novos m\u00e9todos de trabalho, fundamentados em estudos e pesquisas de experi\u00eancias efetivas nas organiza\u00e7\u00f5es p\u00fablicas e privadas, consolidando tais m\u00e9todos em propostas de pol\u00edticas arquiv\u00edsticas p\u00fablicas e institucionais;<\/span><\/span><\/p>\n<p align=\"justify\"><span style=\"font-family: Arial, serif;\"><span style=\"font-size: medium;\">IV &#8211; Habilitar e aprimorar recursos humanos das institui\u00e7\u00f5es memoriais, respons\u00e1veis pela preserva\u00e7\u00e3o do patrim\u00f4nio documental da sociedade. <\/span><\/span><\/p>\n<p>[\/vc_column_text][\/vc_column][\/vc_row]<\/p>\n<\/div>","protected":false},"excerpt":{"rendered":"<p>[vc_row][vc_column][vc_column_text] I &#8211; Formar recursos humanos qualificados do ponto de vista t\u00e9cnico e tecnol\u00f3gico para o atendimento de demandas da governan\u00e7a e gest\u00e3o documental e informacional de qualidade, principalmente nas regi\u00f5es Nordeste e Norte; II &#8211; Criar infraestruturas educacionais que possam propiciar a produ\u00e7\u00e3o de conhecimentos de aplica\u00e7\u00e3o efetiva nas organiza\u00e7\u00f5es p\u00fablicas e privadas, em <a class=\"leiamais\" href=\"https:\/\/pos-graduacao.uepb.edu.br\/ppgdarq\/objetivos\/\">Leia Mais&#8230;<\/a><\/p>\n","protected":false},"author":3,"featured_media":0,"parent":0,"menu_order":0,"comment_status":"closed","ping_status":"closed","template":"","meta":{"footnotes":""},"class_list":["post-34","page","type-page","status-publish","hentry"],"_links":{"self":[{"href":"https:\/\/pos-graduacao.uepb.edu.br\/ppgdarq\/wp-json\/wp\/v2\/pages\/34","targetHints":{"allow":["GET"]}}],"collection":[{"href":"https:\/\/pos-graduacao.uepb.edu.br\/ppgdarq\/wp-json\/wp\/v2\/pages"}],"about":[{"href":"https:\/\/pos-graduacao.uepb.edu.br\/ppgdarq\/wp-json\/wp\/v2\/types\/page"}],"author":[{"embeddable":true,"href":"https:\/\/pos-graduacao.uepb.edu.br\/ppgdarq\/wp-json\/wp\/v2\/users\/3"}],"replies":[{"embeddable":true,"href":"https:\/\/pos-graduacao.uepb.edu.br\/ppgdarq\/wp-json\/wp\/v2\/comments?post=34"}],"version-history":[{"count":5,"href":"https:\/\/pos-graduacao.uepb.edu.br\/ppgdarq\/wp-json\/wp\/v2\/pages\/34\/revisions"}],"predecessor-version":[{"id":84,"href":"https:\/\/pos-graduacao.uepb.edu.br\/ppgdarq\/wp-json\/wp\/v2\/pages\/34\/revisions\/84"}],"wp:attachment":[{"href":"https:\/\/pos-graduacao.uepb.edu.br\/ppgdarq\/wp-json\/wp\/v2\/media?parent=34"}],"curies":[{"name":"wp","href":"https:\/\/api.w.org\/{rel}","templated":true}]}}