{"id":27,"date":"2023-11-24T09:51:33","date_gmt":"2023-11-24T12:51:33","guid":{"rendered":"https:\/\/pos-graduacao.uepb.edu.br\/ppgdarq\/?page_id=27"},"modified":"2023-11-24T09:51:33","modified_gmt":"2023-11-24T12:51:33","slug":"linhas-de-pesquisa","status":"publish","type":"page","link":"https:\/\/pos-graduacao.uepb.edu.br\/ppgdarq\/linhas-de-pesquisa\/","title":{"rendered":"Linhas de Pesquisa"},"content":{"rendered":"<div class=\"wpb-content-wrapper\"><p>[vc_row][vc_column][vc_text_separator title=&#8221;Linha 1: Arquivologia e suas dimens\u00f5es interdisciplinares&#8221; i_icon_fontawesome=&#8221;fas fa-angle-double-right&#8221; i_color=&#8221;custom&#8221; title_align=&#8221;separator_align_left&#8221; add_icon=&#8221;true&#8221; i_custom_color=&#8221;#cc0000&#8243;][vc_column_text]<\/p>\n<p align=\"justify\"><span style=\"font-family: Arial, serif;\"><span style=\"font-size: medium;\">Contempla a gest\u00e3o da informa\u00e7\u00e3o arquiv\u00edstica nas suas dimens\u00f5es interdisciplinares com \u00e1reas como Ci\u00eancia da Informa\u00e7\u00e3o, Hist\u00f3ria, Administra\u00e7\u00e3o, Sociologia, Ci\u00eancia Pol\u00edtica, Filosofia, Lingu\u00edstica etc. Enfatiza os di\u00e1logos com os estudos de linguagem, gest\u00e3o, registro de mem\u00f3ria e do patrim\u00f4nio, <\/span><\/span><span style=\"font-family: Arial, serif;\"><span style=\"font-size: medium;\">Ci\u00eancia Pol\u00edtica, Antropologia, Pol\u00edticas P\u00fablicas, Inform\u00e1tica, Educa\u00e7\u00e3o e \u00c9tica. Esse di\u00e1logo<\/span><\/span> <span style=\"font-family: Arial, serif;\"><span style=\"font-size: medium;\">favorece o desenvolvimento tecnol\u00f3gico, cient\u00edfico e inovador da teoria e da pr\u00e1tica profissional arquiv\u00edstica mediante estudos associados \u00e0s experi\u00eancias e fun\u00e7\u00f5es administrativas das institui\u00e7\u00f5es p\u00fablicas e privadas ou \u00e0 gest\u00e3o de institui\u00e7\u00f5es memoriais, respons\u00e1veis por preserva\u00e7\u00e3o do patrim\u00f4nio documental da sociedade.<\/span><\/span><\/p>\n<p>[\/vc_column_text][vc_text_separator title=&#8221;Linha 2: Saberes e Fazeres Arquiv\u00edsticos para a Governan\u00e7a&#8221; i_icon_fontawesome=&#8221;fas fa-angle-double-right&#8221; i_color=&#8221;custom&#8221; title_align=&#8221;separator_align_left&#8221; add_icon=&#8221;true&#8221; i_custom_color=&#8221;#cc0000&#8243;][vc_column_text]<\/p>\n<p align=\"justify\"><span style=\"font-family: Arial, serif;\"><span style=\"font-size: medium;\">Contempla a Arquivologia na sua constru\u00e7\u00e3o hist\u00f3rica e os seus aspectos te\u00f3ricos e metodol\u00f3gicos, focando nas discuss\u00f5es epistemol\u00f3gicas e conceituais do campo arquiv\u00edstico e seus processos, objetos, atores, interfaces e din\u00e2micas. Analisa as diversas facetas do fazer e da gest\u00e3o arquiv\u00edstica, da governan\u00e7a em servi\u00e7os e institui\u00e7\u00f5es arquiv\u00edsticas, considerando os seus mais variados contextos hist\u00f3rico-cultural, tecnol\u00f3gico e social. Estuda modelos de gest\u00e3o de documentos com vista \u00e0 inova\u00e7\u00e3o e desenvolvimento de servi\u00e7os e novos produtos t\u00e9cnico-cient\u00edfico e tecnol\u00f3gico para as organiza\u00e7\u00f5es do Estado e da Sociedade. <\/span><\/span><\/p>\n<p>[\/vc_column_text][\/vc_column][\/vc_row]<\/p>\n<\/div>","protected":false},"excerpt":{"rendered":"<p>[vc_row][vc_column][vc_text_separator title=&#8221;Linha 1: Arquivologia e suas dimens\u00f5es interdisciplinares&#8221; i_icon_fontawesome=&#8221;fas fa-angle-double-right&#8221; i_color=&#8221;custom&#8221; title_align=&#8221;separator_align_left&#8221; add_icon=&#8221;true&#8221; i_custom_color=&#8221;#cc0000&#8243;][vc_column_text] Contempla a gest\u00e3o da informa\u00e7\u00e3o arquiv\u00edstica nas suas dimens\u00f5es interdisciplinares com \u00e1reas como Ci\u00eancia da Informa\u00e7\u00e3o, Hist\u00f3ria, Administra\u00e7\u00e3o, Sociologia, Ci\u00eancia Pol\u00edtica, Filosofia, Lingu\u00edstica etc. Enfatiza os di\u00e1logos com os estudos de linguagem, gest\u00e3o, registro de mem\u00f3ria e do patrim\u00f4nio, Ci\u00eancia Pol\u00edtica, <a class=\"leiamais\" href=\"https:\/\/pos-graduacao.uepb.edu.br\/ppgdarq\/linhas-de-pesquisa\/\">Leia Mais&#8230;<\/a><\/p>\n","protected":false},"author":3,"featured_media":0,"parent":0,"menu_order":0,"comment_status":"closed","ping_status":"closed","template":"","meta":{"footnotes":""},"class_list":["post-27","page","type-page","status-publish","hentry"],"_links":{"self":[{"href":"https:\/\/pos-graduacao.uepb.edu.br\/ppgdarq\/wp-json\/wp\/v2\/pages\/27","targetHints":{"allow":["GET"]}}],"collection":[{"href":"https:\/\/pos-graduacao.uepb.edu.br\/ppgdarq\/wp-json\/wp\/v2\/pages"}],"about":[{"href":"https:\/\/pos-graduacao.uepb.edu.br\/ppgdarq\/wp-json\/wp\/v2\/types\/page"}],"author":[{"embeddable":true,"href":"https:\/\/pos-graduacao.uepb.edu.br\/ppgdarq\/wp-json\/wp\/v2\/users\/3"}],"replies":[{"embeddable":true,"href":"https:\/\/pos-graduacao.uepb.edu.br\/ppgdarq\/wp-json\/wp\/v2\/comments?post=27"}],"version-history":[{"count":2,"href":"https:\/\/pos-graduacao.uepb.edu.br\/ppgdarq\/wp-json\/wp\/v2\/pages\/27\/revisions"}],"predecessor-version":[{"id":747,"href":"https:\/\/pos-graduacao.uepb.edu.br\/ppgdarq\/wp-json\/wp\/v2\/pages\/27\/revisions\/747"}],"wp:attachment":[{"href":"https:\/\/pos-graduacao.uepb.edu.br\/ppgdarq\/wp-json\/wp\/v2\/media?parent=27"}],"curies":[{"name":"wp","href":"https:\/\/api.w.org\/{rel}","templated":true}]}}