{"id":1284,"date":"2025-08-06T08:32:53","date_gmt":"2025-08-06T11:32:53","guid":{"rendered":"https:\/\/pos-graduacao.uepb.edu.br\/ppgdarq\/?page_id=1284"},"modified":"2025-09-29T17:07:57","modified_gmt":"2025-09-29T20:07:57","slug":"editais","status":"publish","type":"page","link":"https:\/\/pos-graduacao.uepb.edu.br\/ppgdarq\/editais\/","title":{"rendered":"Editais"},"content":{"rendered":"<div class=\"wpb-content-wrapper\"><p>[vc_row][vc_column][vc_tta_tabs][vc_tta_section title=&#8221;2025&#8243; tab_id=&#8221;1754479932294-583cb72d-e457&#8243;][vc_column_text css=&#8221;&#8221;]<\/p>\n<ul>\n<li><a href=\"https:\/\/pos-graduacao.uepb.edu.br\/ppgdarq\/download\/ppgdarq-edital-no-05-2025-credenciamento-de-docentes-permanentes-da-unidade-uepb\/?wpdmdl=1279&amp;masterkey=NA7aO2uK5hLuw-2J5zQxg88P_BXz8fuDpj_QmFYTQOKIjgQ5truuy2U3D9KH4hlFFyip1YIWwfdX5D5QoBGmGMf_JfIlWOjzMy0o6Q74RvA\">EDITAL N\u00ba 05\/2025 \u2013 Credenciamento de docentes permanentes da Unidade UEPB<\/a><\/li>\n<li><a href=\"https:\/\/pos-graduacao.uepb.edu.br\/ppgdarq\/download\/ppgdarq-edital-no-04-2025-aluno-especial-periodo-letivo-2025-2\/?wpdmdl=1271&amp;masterkey=24ti6lD_0U7XoERitgt4_88TB3zWFK6VNAbW83UuZAZQVedpellsgPNZVDACD3fXhI0qKPTX9odXNyyJnvjvOv1ZgH2R3Qq7MPl4E5xM8K8\">EDITAL N\u00ba 04\/2025 \u2013 Aluno Especial \u2013 Per\u00edodo Letivo 2025.2<\/a><\/li>\n<li><a href=\"https:\/\/pos-graduacao.uepb.edu.br\/ppgdarq\/download\/ppgdarq-processo-seletivo-2026-1-edital-no-03-2025-retificacao-no-1-restribuicao-de-vagas-item-3-2\/?wpdmdl=1275&amp;masterkey=2qv1PdA7qQajYBUP_45VePevzPpX7MlpFcPePhgH6a3xmn4qG-9bAxfGfVRmYtGKKL_vYwrD8FJCreeSMs_pSMAl5m7vyaCKnTxUI_zLGrw\">EDITAL N\u00ba 03\/2025 &#8211; Aluno Regular &#8211; Per\u00edodo Letivo 2026.1<\/a><\/li>\n<li><a href=\"https:\/\/pos-graduacao.uepb.edu.br\/ppgdarq\/download\/edital-no-02-2025-eleicao-para-coordenacao-do-ppgdarq-da-unidade-uepb-bienio-2025-2027-assinado\/?wpdmdl=993&amp;masterkey=3-H0AvpZxL2OIAm16iPINmRjGwfBmdBqPBw6UCoRgtzZSADfZXUxEYtrkJO1LkPgEsjDvBwCWBdwLT-X6WZ6A4u6mXPWcrx-h_gnzmktki4\">EDITAL N\u00ba 02\/2025 &#8211; Elei\u00e7\u00e3o para Coordena\u00e7\u00e3o do PPGDARQ da unidade UEPB &#8211; Bi\u00eanio 2025-2027<\/a><\/li>\n<li><a href=\"https:\/\/pos-graduacao.uepb.edu.br\/ppgdarq\/download\/edital-no-01-2025-aluno-especial-periodo-letivo-2025-1\/?wpdmdl=907&amp;masterkey=q_gIpw5nGvN0EFU37tR6vmd7QTViKU4ODj5IpbR1EXcyIL2hdB7B8BJ3kUtIuCrrrYGWkHrMKvpt8Dfx0YRmrCQ9kydQC9PXAh44oskXVHQ\">EDITAL N\u00ba 01\/2025 &#8211; Aluno Especial &#8211; Per\u00edodo Letivo 2025.1<\/a><\/li>\n<\/ul>\n<p>[\/vc_column_text][\/vc_tta_section][vc_tta_section title=&#8221;2024&#8243; tab_id=&#8221;1754572301050-e6c3930a-3b0e&#8221;][vc_column_text css=&#8221;&#8221;]Em constru\u00e7\u00e3o.[\/vc_column_text][\/vc_tta_section][\/vc_tta_tabs][\/vc_column][\/vc_row]<\/p>\n<\/div>","protected":false},"excerpt":{"rendered":"<p>[vc_row][vc_column][vc_tta_tabs][vc_tta_section title=&#8221;2025&#8243; tab_id=&#8221;1754479932294-583cb72d-e457&#8243;][vc_column_text css=&#8221;&#8221;] EDITAL N\u00ba 05\/2025 \u2013 Credenciamento de docentes permanentes da Unidade UEPB EDITAL N\u00ba 04\/2025 \u2013 Aluno Especial \u2013 Per\u00edodo Letivo 2025.2 EDITAL N\u00ba 03\/2025 &#8211; Aluno Regular &#8211; Per\u00edodo Letivo 2026.1 EDITAL N\u00ba 02\/2025 &#8211; Elei\u00e7\u00e3o para Coordena\u00e7\u00e3o do PPGDARQ da unidade UEPB &#8211; Bi\u00eanio 2025-2027 EDITAL N\u00ba 01\/2025 &#8211; Aluno <a class=\"leiamais\" href=\"https:\/\/pos-graduacao.uepb.edu.br\/ppgdarq\/editais\/\">Leia Mais&#8230;<\/a><\/p>\n","protected":false},"author":5,"featured_media":0,"parent":0,"menu_order":0,"comment_status":"closed","ping_status":"closed","template":"","meta":{"footnotes":""},"class_list":["post-1284","page","type-page","status-publish","hentry"],"_links":{"self":[{"href":"https:\/\/pos-graduacao.uepb.edu.br\/ppgdarq\/wp-json\/wp\/v2\/pages\/1284","targetHints":{"allow":["GET"]}}],"collection":[{"href":"https:\/\/pos-graduacao.uepb.edu.br\/ppgdarq\/wp-json\/wp\/v2\/pages"}],"about":[{"href":"https:\/\/pos-graduacao.uepb.edu.br\/ppgdarq\/wp-json\/wp\/v2\/types\/page"}],"author":[{"embeddable":true,"href":"https:\/\/pos-graduacao.uepb.edu.br\/ppgdarq\/wp-json\/wp\/v2\/users\/5"}],"replies":[{"embeddable":true,"href":"https:\/\/pos-graduacao.uepb.edu.br\/ppgdarq\/wp-json\/wp\/v2\/comments?post=1284"}],"version-history":[{"count":9,"href":"https:\/\/pos-graduacao.uepb.edu.br\/ppgdarq\/wp-json\/wp\/v2\/pages\/1284\/revisions"}],"predecessor-version":[{"id":1399,"href":"https:\/\/pos-graduacao.uepb.edu.br\/ppgdarq\/wp-json\/wp\/v2\/pages\/1284\/revisions\/1399"}],"wp:attachment":[{"href":"https:\/\/pos-graduacao.uepb.edu.br\/ppgdarq\/wp-json\/wp\/v2\/media?parent=1284"}],"curies":[{"name":"wp","href":"https:\/\/api.w.org\/{rel}","templated":true}]}}