{"id":179,"date":"2019-11-07T00:28:59","date_gmt":"2019-11-07T00:28:59","guid":{"rendered":"https:\/\/pos-graduacao.uepb.edu.br\/ppgcts\/?page_id=179"},"modified":"2025-08-04T10:58:44","modified_gmt":"2025-08-04T13:58:44","slug":"regimento-geral-da-pos-graduacao","status":"publish","type":"page","link":"https:\/\/pos-graduacao.uepb.edu.br\/ppgcts\/regimento-geral-da-pos-graduacao\/","title":{"rendered":"Documentos &#8211; Regimento Geral da P\u00f3s-Gradua\u00e7\u00e3o"},"content":{"rendered":"<div class=\"wpb-content-wrapper\"><p>[vc_row][vc_column][vc_btn title=&#8221;Download&#8221; css=&#8221;&#8221; link=&#8221;url:https%3A%2F%2Fuepb.edu.br%2Fprpgp%2Fdownload%2Fresolucao-uepb-consepe-008-2023%2F&#8221;][\/vc_column][\/vc_row]<\/p>\n<\/div>","protected":false},"excerpt":{"rendered":"<p>[vc_row][vc_column][vc_btn title=&#8221;Download&#8221; css=&#8221;&#8221; link=&#8221;url:https%3A%2F%2Fuepb.edu.br%2Fprpgp%2Fdownload%2Fresolucao-uepb-consepe-008-2023%2F&#8221;][\/vc_column][\/vc_row]<\/p>\n","protected":false},"author":55,"featured_media":0,"parent":0,"menu_order":0,"comment_status":"closed","ping_status":"closed","template":"","meta":{"footnotes":""},"class_list":["post-179","page","type-page","status-publish","hentry"],"_links":{"self":[{"href":"https:\/\/pos-graduacao.uepb.edu.br\/ppgcts\/wp-json\/wp\/v2\/pages\/179","targetHints":{"allow":["GET"]}}],"collection":[{"href":"https:\/\/pos-graduacao.uepb.edu.br\/ppgcts\/wp-json\/wp\/v2\/pages"}],"about":[{"href":"https:\/\/pos-graduacao.uepb.edu.br\/ppgcts\/wp-json\/wp\/v2\/types\/page"}],"author":[{"embeddable":true,"href":"https:\/\/pos-graduacao.uepb.edu.br\/ppgcts\/wp-json\/wp\/v2\/users\/55"}],"replies":[{"embeddable":true,"href":"https:\/\/pos-graduacao.uepb.edu.br\/ppgcts\/wp-json\/wp\/v2\/comments?post=179"}],"version-history":[{"count":18,"href":"https:\/\/pos-graduacao.uepb.edu.br\/ppgcts\/wp-json\/wp\/v2\/pages\/179\/revisions"}],"predecessor-version":[{"id":728,"href":"https:\/\/pos-graduacao.uepb.edu.br\/ppgcts\/wp-json\/wp\/v2\/pages\/179\/revisions\/728"}],"wp:attachment":[{"href":"https:\/\/pos-graduacao.uepb.edu.br\/ppgcts\/wp-json\/wp\/v2\/media?parent=179"}],"curies":[{"name":"wp","href":"https:\/\/api.w.org\/{rel}","templated":true}]}}