{"id":177,"date":"2019-11-07T00:28:33","date_gmt":"2019-11-07T00:28:33","guid":{"rendered":"https:\/\/pos-graduacao.uepb.edu.br\/ppgcts\/?page_id=177"},"modified":"2019-12-16T16:51:51","modified_gmt":"2019-12-16T16:51:51","slug":"trancamento-e-cancelamento-de-matricula","status":"publish","type":"page","link":"https:\/\/pos-graduacao.uepb.edu.br\/ppgcts\/trancamento-e-cancelamento-de-matricula\/","title":{"rendered":"Procedimentos &#8211; Trancamento e Cancelamento de Matr\u00edcula"},"content":{"rendered":"<p>Em casos excepcionais, com justificativa devidamente avaliada e aprovada pelo Colegiado, ser\u00e1 permitido ao aluno:<\/p>\n<p>I \u2013 Trancamento de matr\u00edcula no curso ou na disciplina pelo prazo m\u00e1ximo de 1 (um) semestre, desde que devidamente justificado pelo discente e aprovado pelo Colegiado do Programa, considerando o que determina o \u00a7 1\u00ba deste artigo;<\/p>\n<p>II &#8211; Cancelamento de matr\u00edcula, em at\u00e9 duas (2) disciplinas.<br \/>\n\u00a7 1\u00ba N\u00e3o \u00e9 permitido o trancamento do Programa no primeiro per\u00edodo.<br \/>\n\u00a7 2\u00ba Ser\u00e1 permitido o trancamento de matr\u00edcula em uma ou mais disciplinas desde que n\u00e3o estejam integralizados 30% da carga hor\u00e1ria prevista para a disciplina que se pretende trancar.<br \/>\n\u00a7 3\u00ba A aluna do MPCTS ter\u00e1 direito, al\u00e9m do prazo de trancamento estabelecido no caput deste artigo, a 180 (cento e oitenta) dias de licen\u00e7a-maternidade.<\/p>\n<p>III &#8211; Para a concess\u00e3o do trancamento de matr\u00edcula dever\u00e3o ser atendidos os seguintes crit\u00e9rios:<br \/>\na) Requerimento feito pelo aluno e com parecer circunstanciado pelo orientador, entregue no setor de protocolo da UEPB, dirigido ao Colegiado, no qual s\u00e3o apresentados os motivos da solicita\u00e7\u00e3o, prazo pretendido e datas de in\u00edcio e t\u00e9rmino do trancamento;<br \/>\nb) O trancamento de matr\u00edcula s\u00f3 poder\u00e1 ser realizado no per\u00edodo de vig\u00eancia do curso, n\u00e3o sendo permitido no per\u00edodo de prorroga\u00e7\u00e3o de prazo para a conclus\u00e3o;<br \/>\nc) Ap\u00f3s finaliza\u00e7\u00e3o do per\u00edodo de trancamento de matr\u00edcula, o aluno dever\u00e1 efetuar sua matr\u00edcula na Secretaria do MPCTS no semestre seguinte ao trancamento, caso contr\u00e1rio ser\u00e1 desligado.<\/p>\n","protected":false},"excerpt":{"rendered":"<p>Em casos excepcionais, com justificativa devidamente avaliada e aprovada pelo Colegiado, ser\u00e1 permitido ao aluno: I \u2013 Trancamento de matr\u00edcula no curso ou na disciplina pelo prazo m\u00e1ximo de 1 (um) semestre, desde que devidamente justificado pelo discente e aprovado pelo Colegiado do Programa, considerando o que determina o \u00a7 1\u00ba deste artigo; II &#8211; <a class=\"leiamais\" href=\"https:\/\/pos-graduacao.uepb.edu.br\/ppgcts\/trancamento-e-cancelamento-de-matricula\/\">Leia Mais&#8230;<\/a><\/p>\n","protected":false},"author":55,"featured_media":0,"parent":0,"menu_order":0,"comment_status":"closed","ping_status":"closed","template":"","meta":{"footnotes":""},"class_list":["post-177","page","type-page","status-publish","hentry"],"_links":{"self":[{"href":"https:\/\/pos-graduacao.uepb.edu.br\/ppgcts\/wp-json\/wp\/v2\/pages\/177","targetHints":{"allow":["GET"]}}],"collection":[{"href":"https:\/\/pos-graduacao.uepb.edu.br\/ppgcts\/wp-json\/wp\/v2\/pages"}],"about":[{"href":"https:\/\/pos-graduacao.uepb.edu.br\/ppgcts\/wp-json\/wp\/v2\/types\/page"}],"author":[{"embeddable":true,"href":"https:\/\/pos-graduacao.uepb.edu.br\/ppgcts\/wp-json\/wp\/v2\/users\/55"}],"replies":[{"embeddable":true,"href":"https:\/\/pos-graduacao.uepb.edu.br\/ppgcts\/wp-json\/wp\/v2\/comments?post=177"}],"version-history":[{"count":4,"href":"https:\/\/pos-graduacao.uepb.edu.br\/ppgcts\/wp-json\/wp\/v2\/pages\/177\/revisions"}],"predecessor-version":[{"id":237,"href":"https:\/\/pos-graduacao.uepb.edu.br\/ppgcts\/wp-json\/wp\/v2\/pages\/177\/revisions\/237"}],"wp:attachment":[{"href":"https:\/\/pos-graduacao.uepb.edu.br\/ppgcts\/wp-json\/wp\/v2\/media?parent=177"}],"curies":[{"name":"wp","href":"https:\/\/api.w.org\/{rel}","templated":true}]}}