{"id":175,"date":"2019-11-07T00:28:03","date_gmt":"2019-11-07T00:28:03","guid":{"rendered":"https:\/\/pos-graduacao.uepb.edu.br\/ppgcts\/?page_id=175"},"modified":"2019-12-16T16:50:38","modified_gmt":"2019-12-16T16:50:38","slug":"desligamento-do-programa","status":"publish","type":"page","link":"https:\/\/pos-graduacao.uepb.edu.br\/ppgcts\/desligamento-do-programa\/","title":{"rendered":"Procedimentos &#8211; Desligamento do Programa"},"content":{"rendered":"<p>O aluno ser\u00e1 desligado do MPCTS nas seguintes situa\u00e7\u00f5es:<\/p>\n<p>a) Ap\u00f3s duas reprova\u00e7\u00f5es, cumulativamente, em disciplinas do curso (na mesma ou duas diferentes);<\/p>\n<p>b) Se n\u00e3o reativar a matr\u00edcula ap\u00f3s o trancamento por um per\u00edodo letivo;<\/p>\n<p>c) Caso seja reprovado pela segunda vez no exame de qualifica\u00e7\u00e3o;<\/p>\n<p>d) N\u00e3o cumpra as atividades ou exig\u00eancias nos prazos de integraliza\u00e7\u00e3o do<br \/>\nMPCTS;<\/p>\n<p>e) Por conduta \u00e9tica inadequada, avaliada pelo Colegiado;<\/p>\n<p>f) Caso o aluno n\u00e3o apresente ao Colegiado comprovante de aproveitamento no exame de profici\u00eancia em l\u00edngua estrangeira no prazo m\u00e1ximo de dois anos ap\u00f3s matr\u00edcula no MPCTS;<\/p>\n<p>g) O interessado solicite seu desligamento.<\/p>\n","protected":false},"excerpt":{"rendered":"<p>O aluno ser\u00e1 desligado do MPCTS nas seguintes situa\u00e7\u00f5es: a) Ap\u00f3s duas reprova\u00e7\u00f5es, cumulativamente, em disciplinas do curso (na mesma ou duas diferentes); b) Se n\u00e3o reativar a matr\u00edcula ap\u00f3s o trancamento por um per\u00edodo letivo; c) Caso seja reprovado pela segunda vez no exame de qualifica\u00e7\u00e3o; d) N\u00e3o cumpra as atividades ou exig\u00eancias nos <a class=\"leiamais\" href=\"https:\/\/pos-graduacao.uepb.edu.br\/ppgcts\/desligamento-do-programa\/\">Leia Mais&#8230;<\/a><\/p>\n","protected":false},"author":55,"featured_media":0,"parent":0,"menu_order":0,"comment_status":"closed","ping_status":"closed","template":"","meta":{"footnotes":""},"class_list":["post-175","page","type-page","status-publish","hentry"],"_links":{"self":[{"href":"https:\/\/pos-graduacao.uepb.edu.br\/ppgcts\/wp-json\/wp\/v2\/pages\/175","targetHints":{"allow":["GET"]}}],"collection":[{"href":"https:\/\/pos-graduacao.uepb.edu.br\/ppgcts\/wp-json\/wp\/v2\/pages"}],"about":[{"href":"https:\/\/pos-graduacao.uepb.edu.br\/ppgcts\/wp-json\/wp\/v2\/types\/page"}],"author":[{"embeddable":true,"href":"https:\/\/pos-graduacao.uepb.edu.br\/ppgcts\/wp-json\/wp\/v2\/users\/55"}],"replies":[{"embeddable":true,"href":"https:\/\/pos-graduacao.uepb.edu.br\/ppgcts\/wp-json\/wp\/v2\/comments?post=175"}],"version-history":[{"count":3,"href":"https:\/\/pos-graduacao.uepb.edu.br\/ppgcts\/wp-json\/wp\/v2\/pages\/175\/revisions"}],"predecessor-version":[{"id":240,"href":"https:\/\/pos-graduacao.uepb.edu.br\/ppgcts\/wp-json\/wp\/v2\/pages\/175\/revisions\/240"}],"wp:attachment":[{"href":"https:\/\/pos-graduacao.uepb.edu.br\/ppgcts\/wp-json\/wp\/v2\/media?parent=175"}],"curies":[{"name":"wp","href":"https:\/\/api.w.org\/{rel}","templated":true}]}}