{"id":173,"date":"2019-11-07T00:27:27","date_gmt":"2019-11-07T00:27:27","guid":{"rendered":"https:\/\/pos-graduacao.uepb.edu.br\/ppgcts\/?page_id=173"},"modified":"2019-12-16T16:51:12","modified_gmt":"2019-12-16T16:51:12","slug":"prazo-para-conclusao-do-programa","status":"publish","type":"page","link":"https:\/\/pos-graduacao.uepb.edu.br\/ppgcts\/prazo-para-conclusao-do-programa\/","title":{"rendered":"Procedimentos &#8211; Prazo para Conclus\u00e3o do Programa"},"content":{"rendered":"<p>O Mestrado em Ci\u00eancia e Tecnologia em Sa\u00fade deve ser conclu\u00eddo no prazo m\u00ednimo de 12 (doze) meses e m\u00e1ximo de 24 (vinte e quatro) meses, contados a partir da data da matr\u00edcula inicial, e atendendo \u00e0s condi\u00e7\u00f5es expressas neste regimento, podendo ser prorrogado em at\u00e9 6 (seis) meses, mediante parecer do orientador, em situa\u00e7\u00f5es excepcionais, que dever\u00e3o ser julgadas pelo Colegiado do programa.<\/p>\n","protected":false},"excerpt":{"rendered":"<p>O Mestrado em Ci\u00eancia e Tecnologia em Sa\u00fade deve ser conclu\u00eddo no prazo m\u00ednimo de 12 (doze) meses e m\u00e1ximo de 24 (vinte e quatro) meses, contados a partir da data da matr\u00edcula inicial, e atendendo \u00e0s condi\u00e7\u00f5es expressas neste regimento, podendo ser prorrogado em at\u00e9 6 (seis) meses, mediante parecer do orientador, em situa\u00e7\u00f5es <a class=\"leiamais\" href=\"https:\/\/pos-graduacao.uepb.edu.br\/ppgcts\/prazo-para-conclusao-do-programa\/\">Leia Mais&#8230;<\/a><\/p>\n","protected":false},"author":55,"featured_media":0,"parent":0,"menu_order":0,"comment_status":"closed","ping_status":"closed","template":"","meta":{"footnotes":""},"class_list":["post-173","page","type-page","status-publish","hentry"],"_links":{"self":[{"href":"https:\/\/pos-graduacao.uepb.edu.br\/ppgcts\/wp-json\/wp\/v2\/pages\/173","targetHints":{"allow":["GET"]}}],"collection":[{"href":"https:\/\/pos-graduacao.uepb.edu.br\/ppgcts\/wp-json\/wp\/v2\/pages"}],"about":[{"href":"https:\/\/pos-graduacao.uepb.edu.br\/ppgcts\/wp-json\/wp\/v2\/types\/page"}],"author":[{"embeddable":true,"href":"https:\/\/pos-graduacao.uepb.edu.br\/ppgcts\/wp-json\/wp\/v2\/users\/55"}],"replies":[{"embeddable":true,"href":"https:\/\/pos-graduacao.uepb.edu.br\/ppgcts\/wp-json\/wp\/v2\/comments?post=173"}],"version-history":[{"count":3,"href":"https:\/\/pos-graduacao.uepb.edu.br\/ppgcts\/wp-json\/wp\/v2\/pages\/173\/revisions"}],"predecessor-version":[{"id":243,"href":"https:\/\/pos-graduacao.uepb.edu.br\/ppgcts\/wp-json\/wp\/v2\/pages\/173\/revisions\/243"}],"wp:attachment":[{"href":"https:\/\/pos-graduacao.uepb.edu.br\/ppgcts\/wp-json\/wp\/v2\/media?parent=173"}],"curies":[{"name":"wp","href":"https:\/\/api.w.org\/{rel}","templated":true}]}}