{"id":171,"date":"2019-11-07T00:26:54","date_gmt":"2019-11-07T00:26:54","guid":{"rendered":"https:\/\/pos-graduacao.uepb.edu.br\/ppgcts\/?page_id=171"},"modified":"2024-05-16T21:44:35","modified_gmt":"2024-05-16T21:44:35","slug":"proficiencia-2","status":"publish","type":"page","link":"https:\/\/pos-graduacao.uepb.edu.br\/ppgcts\/proficiencia-2\/","title":{"rendered":"Procedimentos &#8211; Profici\u00eancia"},"content":{"rendered":"<p>S\u00e3o aceitos exames de profici\u00eancia realizados por centros de l\u00ednguas das Institui\u00e7\u00f5es P\u00fablicas de Ensino Superior, estaduais e federais, em que os candidatos sejam considerados aprovados com m\u00e9dia acima de 7,0 e certificados dos centros de l\u00edngua estrangeira reconhecidos pelo Programa. Todos os certificados ter\u00e3o validade por 2 (dois) anos.<\/p>\n<p>\u00a7 1\u00ba O programa aceitar\u00e1, certificados nas l\u00ednguas: ingl\u00eas, espanhol, franc\u00eas ou alem\u00e3o.<\/p>\n<p>\u00a7 2\u00ba Ser\u00e3o considerados v\u00e1lidos os certificados provenientes dos centros de l\u00edngua inglesa abaixo relacionados com as pontua\u00e7\u00f5es m\u00ednimas indicadas:<\/p>\n<p>a) Teste TOEFL iBT (Test of English as a Foreign Language \u2013 Internet-based Test), com pontua\u00e7\u00e3o m\u00ednima de 57 e no prazo de validade de dois anos;<\/p>\n<p>b) Teste TOEFL pBT (Test of English as a Foreign Language \u2013 Paper-based Test), com pontua\u00e7\u00e3o m\u00ednima de 485 e no prazo de validade de dois anos;<\/p>\n<p>c) Teste IELTS (International English Language Testing System), com nota m\u00ednima de 5,0 e no prazo de validade de dois anos;<\/p>\n<p>d) Profici\u00eancia realizada por Institui\u00e7\u00f5es P\u00fablicas de Ensino Superior, com nota igual ou superior a 7,0 e no prazo de validade de dois anos (considerando a data da primeira matr\u00edcula); ou certificado de aprova\u00e7\u00e3o no n\u00edvel a que se submeteu para Michigan (ECCE, MTELP, ECP) ou Cambridge (FCE, CAE e CPE).<\/p>\n<p>e) Portadores de documentos extra\u00eddos da rede mundial de computadores \u2013 INTERNET \u2013 estar\u00e3o dispensados da autentica\u00e7\u00e3o quando a declara\u00e7\u00e3o contiver \u201cchave eletr\u00f4nica para verifica\u00e7\u00e3o de autenticidade\u201d.<\/p>\n<p>\u00a73\u00ba Os candidatos estrangeiros dever\u00e3o apresentar, adicionalmente, profici\u00eancia em l\u00edngua portuguesa, tamb\u00e9m com nota igual ou superior a 7,0 e dentro do prazo de validade de 2 (dois) anos.<\/p>\n<p>\u00a74\u00ba Ser\u00e1 considerado v\u00e1lido o certificado de profici\u00eancia em l\u00edngua alem\u00e3 Goethe-Zertifikat com a pontua\u00e7\u00e3o m\u00ednima A2.<\/p>\n<p>Para mais informa\u00e7\u00f5es recomendamos ao aluno que olhe o <a href=\"https:\/\/pos-graduacao.uepb.edu.br\/ppgcts\/download\/0214-2019-regimento-interno-do-programa-de-pos-graduacao-profissional-em-ciencia-e-tecnologia-em-saude\/?wpdmdl=494&amp;masterkey\">Regimento Interno do Programa de P\u00f3s Gradua\u00e7\u00e3o<\/a>.<\/p>\n","protected":false},"excerpt":{"rendered":"<p>S\u00e3o aceitos exames de profici\u00eancia realizados por centros de l\u00ednguas das Institui\u00e7\u00f5es P\u00fablicas de Ensino Superior, estaduais e federais, em que os candidatos sejam considerados aprovados com m\u00e9dia acima de 7,0 e certificados dos centros de l\u00edngua estrangeira reconhecidos pelo Programa. Todos os certificados ter\u00e3o validade por 2 (dois) anos. \u00a7 1\u00ba O programa aceitar\u00e1, <a class=\"leiamais\" href=\"https:\/\/pos-graduacao.uepb.edu.br\/ppgcts\/proficiencia-2\/\">Leia Mais&#8230;<\/a><\/p>\n","protected":false},"author":55,"featured_media":0,"parent":0,"menu_order":0,"comment_status":"closed","ping_status":"closed","template":"","meta":{"footnotes":""},"class_list":["post-171","page","type-page","status-publish","hentry"],"_links":{"self":[{"href":"https:\/\/pos-graduacao.uepb.edu.br\/ppgcts\/wp-json\/wp\/v2\/pages\/171","targetHints":{"allow":["GET"]}}],"collection":[{"href":"https:\/\/pos-graduacao.uepb.edu.br\/ppgcts\/wp-json\/wp\/v2\/pages"}],"about":[{"href":"https:\/\/pos-graduacao.uepb.edu.br\/ppgcts\/wp-json\/wp\/v2\/types\/page"}],"author":[{"embeddable":true,"href":"https:\/\/pos-graduacao.uepb.edu.br\/ppgcts\/wp-json\/wp\/v2\/users\/55"}],"replies":[{"embeddable":true,"href":"https:\/\/pos-graduacao.uepb.edu.br\/ppgcts\/wp-json\/wp\/v2\/comments?post=171"}],"version-history":[{"count":5,"href":"https:\/\/pos-graduacao.uepb.edu.br\/ppgcts\/wp-json\/wp\/v2\/pages\/171\/revisions"}],"predecessor-version":[{"id":570,"href":"https:\/\/pos-graduacao.uepb.edu.br\/ppgcts\/wp-json\/wp\/v2\/pages\/171\/revisions\/570"}],"wp:attachment":[{"href":"https:\/\/pos-graduacao.uepb.edu.br\/ppgcts\/wp-json\/wp\/v2\/media?parent=171"}],"curies":[{"name":"wp","href":"https:\/\/api.w.org\/{rel}","templated":true}]}}