{"id":167,"date":"2019-11-07T00:24:27","date_gmt":"2019-11-07T00:24:27","guid":{"rendered":"https:\/\/pos-graduacao.uepb.edu.br\/ppgcts\/?page_id=167"},"modified":"2024-05-16T21:43:04","modified_gmt":"2024-05-16T21:43:04","slug":"defesa-de-dissertacao","status":"publish","type":"page","link":"https:\/\/pos-graduacao.uepb.edu.br\/ppgcts\/defesa-de-dissertacao\/","title":{"rendered":"Procedimentos &#8211; Defesa de Disserta\u00e7\u00e3o"},"content":{"rendered":"<p>Para verificar informa\u00e7\u00f5es relacionadas a defesa de disserta\u00e7\u00e3o, aconselhamos aos alunos que verifiquem as informa\u00e7\u00f5es contidas no cap\u00edtulo II do <a href=\"https:\/\/pos-graduacao.uepb.edu.br\/ppgcts\/download\/0214-2019-regimento-interno-do-programa-de-pos-graduacao-profissional-em-ciencia-e-tecnologia-em-saude\/?wpdmdl=494&amp;masterkey\">Regimento Interno do Programa de P\u00f3s Gradua\u00e7\u00e3o<\/a>. Al\u00e9m disso s\u00e3o disponibilizados um documento de cadastro de participante externo e dois formul\u00e1rios de marca\u00e7\u00e3o de defesa do mestrado, sendo um j\u00e1 preenchido e outra com os espa\u00e7os devidos para preenchimento. Lembrando que o documento referente ao agendamento da defesa do mestrado deve ser preenchido e entregue na secretaria do PPGCTS, s\u00f3 ent\u00e3o \u00e9 analisada a disponibilidade do agendamento para o respectivo dia,<br \/>\nhor\u00e1rio e local, caso haja disponibilidade, o agendamento ser\u00e1 realizado imediatamente e caso n\u00e3o haja disponibilidade, ser\u00e1 solicitado que os dados do documento sejam alterados de modo que o agendamento possa ocorrer.<\/p>\n<ul>\n<li><a href=\"https:\/\/pos-graduacao.uepb.edu.br\/ppgcts\/download\/cadastrar-participante-externo\/?wpdmdl=499&amp;masterkey\">Documento de Cadastro de Participante Externo<\/a><\/li>\n<li><a href=\"https:\/\/pos-graduacao.uepb.edu.br\/ppgcts\/download\/formulario-de-marcacao-de-defesa-de-mestrado-a-mao\/?wpdmdl=500&amp;masterkey\">Formul\u00e1rio de Marca\u00e7\u00e3o de Defesa do Mestrado (preenchimento \u00e0 m\u00e3o)<\/a><\/li>\n<li><a href=\"https:\/\/pos-graduacao.uepb.edu.br\/ppgcts\/download\/formulario-de-marcacao-de-defesa-de-mestrado\/?wpdmdl=501&amp;masterkey\">Formul\u00e1rio de Marca\u00e7\u00e3o de Defesa do Mestrado<\/a><\/li>\n<\/ul>\n","protected":false},"excerpt":{"rendered":"<p>Para verificar informa\u00e7\u00f5es relacionadas a defesa de disserta\u00e7\u00e3o, aconselhamos aos alunos que verifiquem as informa\u00e7\u00f5es contidas no cap\u00edtulo II do Regimento Interno do Programa de P\u00f3s Gradua\u00e7\u00e3o. Al\u00e9m disso s\u00e3o disponibilizados um documento de cadastro de participante externo e dois formul\u00e1rios de marca\u00e7\u00e3o de defesa do mestrado, sendo um j\u00e1 preenchido e outra com os <a class=\"leiamais\" href=\"https:\/\/pos-graduacao.uepb.edu.br\/ppgcts\/defesa-de-dissertacao\/\">Leia Mais&#8230;<\/a><\/p>\n","protected":false},"author":55,"featured_media":0,"parent":0,"menu_order":0,"comment_status":"closed","ping_status":"closed","template":"","meta":{"footnotes":""},"class_list":["post-167","page","type-page","status-publish","hentry"],"_links":{"self":[{"href":"https:\/\/pos-graduacao.uepb.edu.br\/ppgcts\/wp-json\/wp\/v2\/pages\/167","targetHints":{"allow":["GET"]}}],"collection":[{"href":"https:\/\/pos-graduacao.uepb.edu.br\/ppgcts\/wp-json\/wp\/v2\/pages"}],"about":[{"href":"https:\/\/pos-graduacao.uepb.edu.br\/ppgcts\/wp-json\/wp\/v2\/types\/page"}],"author":[{"embeddable":true,"href":"https:\/\/pos-graduacao.uepb.edu.br\/ppgcts\/wp-json\/wp\/v2\/users\/55"}],"replies":[{"embeddable":true,"href":"https:\/\/pos-graduacao.uepb.edu.br\/ppgcts\/wp-json\/wp\/v2\/comments?post=167"}],"version-history":[{"count":8,"href":"https:\/\/pos-graduacao.uepb.edu.br\/ppgcts\/wp-json\/wp\/v2\/pages\/167\/revisions"}],"predecessor-version":[{"id":569,"href":"https:\/\/pos-graduacao.uepb.edu.br\/ppgcts\/wp-json\/wp\/v2\/pages\/167\/revisions\/569"}],"wp:attachment":[{"href":"https:\/\/pos-graduacao.uepb.edu.br\/ppgcts\/wp-json\/wp\/v2\/media?parent=167"}],"curies":[{"name":"wp","href":"https:\/\/api.w.org\/{rel}","templated":true}]}}