{"id":165,"date":"2019-11-07T00:23:48","date_gmt":"2019-11-07T00:23:48","guid":{"rendered":"https:\/\/pos-graduacao.uepb.edu.br\/ppgcts\/?page_id=165"},"modified":"2024-05-16T21:33:55","modified_gmt":"2024-05-16T21:33:55","slug":"qualificacao","status":"publish","type":"page","link":"https:\/\/pos-graduacao.uepb.edu.br\/ppgcts\/qualificacao\/","title":{"rendered":"Procedimentos &#8211; Qualifica\u00e7\u00e3o"},"content":{"rendered":"<p>Para verificar informa\u00e7\u00f5es relacionadas a qualifica\u00e7\u00e3o, aconselhamos aos alunos que verifiquem as informa\u00e7\u00f5es contidas no cap\u00edtulo II do <a href=\"https:\/\/pos-graduacao.uepb.edu.br\/ppgcts\/download\/regimento-do-programa-de-pos-graduacao-em-ciencia-e-tecnologia-em-saude\/?wpdmdl=488&amp;masterkey\">Regimento Interno do Programa de P\u00f3s Gradua\u00e7\u00e3o<\/a>. Al\u00e9m disso s\u00e3o disponibilizadas duas fichas padr\u00e3o para marca\u00e7\u00e3o de qualifica\u00e7\u00e3o de mestrado, sendo uma j\u00e1 preenchida e outra com os espa\u00e7os devidos para preenchimento:<\/p>\n<ul>\n<li><a href=\"https:\/\/pos-graduacao.uepb.edu.br\/ppgcts\/download\/ficha-padrao-para-marcacao-de-qualificacao-de-mestrado-preenchimento-a-mao\/?wpdmdl=497&amp;masterkey\">Ficha Padr\u00e3o para Marca\u00e7\u00e3o de Qualifica\u00e7\u00e3o de Mestrado (preenchimento \u00e0 m\u00e3o)<\/a><\/li>\n<li><a href=\"https:\/\/pos-graduacao.uepb.edu.br\/ppgcts\/download\/ficha-padrao-para-marcacao-de-qualificacao-de-mestrado\/?wpdmdl=498&amp;masterkey\">Ficha Padr\u00e3o para Marca\u00e7\u00e3o de Qualifica\u00e7\u00e3o de Mestrado<\/a><\/li>\n<\/ul>\n","protected":false},"excerpt":{"rendered":"<p>Para verificar informa\u00e7\u00f5es relacionadas a qualifica\u00e7\u00e3o, aconselhamos aos alunos que verifiquem as informa\u00e7\u00f5es contidas no cap\u00edtulo II do Regimento Interno do Programa de P\u00f3s Gradua\u00e7\u00e3o. Al\u00e9m disso s\u00e3o disponibilizadas duas fichas padr\u00e3o para marca\u00e7\u00e3o de qualifica\u00e7\u00e3o de mestrado, sendo uma j\u00e1 preenchida e outra com os espa\u00e7os devidos para preenchimento: Ficha Padr\u00e3o para Marca\u00e7\u00e3o de <a class=\"leiamais\" href=\"https:\/\/pos-graduacao.uepb.edu.br\/ppgcts\/qualificacao\/\">Leia Mais&#8230;<\/a><\/p>\n","protected":false},"author":55,"featured_media":0,"parent":0,"menu_order":0,"comment_status":"closed","ping_status":"closed","template":"","meta":{"footnotes":""},"class_list":["post-165","page","type-page","status-publish","hentry"],"_links":{"self":[{"href":"https:\/\/pos-graduacao.uepb.edu.br\/ppgcts\/wp-json\/wp\/v2\/pages\/165","targetHints":{"allow":["GET"]}}],"collection":[{"href":"https:\/\/pos-graduacao.uepb.edu.br\/ppgcts\/wp-json\/wp\/v2\/pages"}],"about":[{"href":"https:\/\/pos-graduacao.uepb.edu.br\/ppgcts\/wp-json\/wp\/v2\/types\/page"}],"author":[{"embeddable":true,"href":"https:\/\/pos-graduacao.uepb.edu.br\/ppgcts\/wp-json\/wp\/v2\/users\/55"}],"replies":[{"embeddable":true,"href":"https:\/\/pos-graduacao.uepb.edu.br\/ppgcts\/wp-json\/wp\/v2\/comments?post=165"}],"version-history":[{"count":8,"href":"https:\/\/pos-graduacao.uepb.edu.br\/ppgcts\/wp-json\/wp\/v2\/pages\/165\/revisions"}],"predecessor-version":[{"id":565,"href":"https:\/\/pos-graduacao.uepb.edu.br\/ppgcts\/wp-json\/wp\/v2\/pages\/165\/revisions\/565"}],"wp:attachment":[{"href":"https:\/\/pos-graduacao.uepb.edu.br\/ppgcts\/wp-json\/wp\/v2\/media?parent=165"}],"curies":[{"name":"wp","href":"https:\/\/api.w.org\/{rel}","templated":true}]}}