{"id":163,"date":"2019-11-07T00:23:32","date_gmt":"2019-11-07T00:23:32","guid":{"rendered":"https:\/\/pos-graduacao.uepb.edu.br\/ppgcts\/?page_id=163"},"modified":"2025-02-21T08:57:12","modified_gmt":"2025-02-21T11:57:12","slug":"matricula","status":"publish","type":"page","link":"https:\/\/pos-graduacao.uepb.edu.br\/ppgcts\/matricula\/","title":{"rendered":"Procedimentos &#8211; Matr\u00edcula"},"content":{"rendered":"<p>Estar\u00e3o aptos a se matricular no PPGCTS, os candidatos aprovados e classificados no Processo de Sele\u00e7\u00e3o, conforme as normas estabelecidas no <a href=\"https:\/\/pos-graduacao.uepb.edu.br\/ppgcts\/download\/mestrado-profissional-edital-01-2019-turma-2020\/?wpdmdl=495&amp;masterkey\">edital<\/a>, obedecendo ao limite m\u00e1ximo de vagas oferecido pelo programa.<\/p>\n<p>A cada semestre, o aluno dever\u00e1 fazer impreterivelmente a sua matr\u00edcula no PPGCTS, de acordo com o n\u00famero de cr\u00e9ditos estabelecidos e no prazo determinado pela Coordena\u00e7\u00e3o, com a devida anu\u00eancia de seu orientador.<br \/>\nO direito \u00e0 matr\u00edcula em qualquer disciplina depende de sua inclus\u00e3o na lista de oferta relativa ao per\u00edodo letivo considerado e das condi\u00e7\u00f5es de vagas e hor\u00e1rios estabelecidos.<\/p>\n<p>O aluno que n\u00e3o realizar a matr\u00edcula no prazo determinado poder\u00e1 apresentar a devida justificativa ao Colegiado, no prazo de 10 (dez) dias \u00fateis a contar do encerramento da matr\u00edcula. Ap\u00f3s este per\u00edodo, caso n\u00e3o haja manifesta\u00e7\u00e3o do orientador, o aluno poder\u00e1 ser desligado.<\/p>\n<p>A matr\u00edcula como aluno especial em disciplinas optativas no PPGCTS estar\u00e1 condicionada \u00e0s seguintes exig\u00eancias:<\/p>\n<p>a) Requerimento feito pelo candidato \u00e0 Coordena\u00e7\u00e3o do PPGCTS;<\/p>\n<p>b) Aprova\u00e7\u00e3o pela Coordena\u00e7\u00e3o do PPGCTS;<\/p>\n<p>c) Aceita\u00e7\u00e3o pelo professor da disciplina solicitada;<\/p>\n<p>\u00a7 1\u00ba Solicita\u00e7\u00e3o de matr\u00edcula em formul\u00e1rio pr\u00f3prio, ao qual ser\u00e3o anexados c\u00f3pia do diploma de curso superior, curriculum vitae e hist\u00f3rico escolar. A admiss\u00e3o do aluno especial deve ser aprovada pelo Colegiado ap\u00f3s o parecer pr\u00e9vio do professor respons\u00e1vel pela disciplina correspondente.<\/p>\n<p>\u00a7 2\u00ba Ao aluno especial ser\u00e1 permitido cursar at\u00e9 08 (oito) cr\u00e9ditos, em, no m\u00e1ximo, dois per\u00edodos letivos regulares.<\/p>\n<p>\u00a7 3\u00ba Caso seja aprovado no processo seletivo e passe \u00e0 condi\u00e7\u00e3o de aluno regular do curso, poder\u00e1 solicitar o aproveitamento dos cr\u00e9ditos obtidos como aluno especial.<\/p>\n<p>\u00a7 4\u00ba O aproveitamento de cr\u00e9ditos das disciplinas cursadas como aluno especial ser\u00e1 feito apenas em rela\u00e7\u00e3o \u00e0quelas com rendimento igual ou superior a 70% (setenta por cento) do seu total.<\/p>\n<p>\u00a7 5\u00ba A cada semestre a Coordena\u00e7\u00e3o ir\u00e1 avaliar e, se necess\u00e1rio, poder\u00e1 suspender a aceita\u00e7\u00e3o de aluno especial.<\/p>\n","protected":false},"excerpt":{"rendered":"<p>Estar\u00e3o aptos a se matricular no PPGCTS, os candidatos aprovados e classificados no Processo de Sele\u00e7\u00e3o, conforme as normas estabelecidas no edital, obedecendo ao limite m\u00e1ximo de vagas oferecido pelo programa. A cada semestre, o aluno dever\u00e1 fazer impreterivelmente a sua matr\u00edcula no PPGCTS, de acordo com o n\u00famero de cr\u00e9ditos estabelecidos e no prazo <a class=\"leiamais\" href=\"https:\/\/pos-graduacao.uepb.edu.br\/ppgcts\/matricula\/\">Leia Mais&#8230;<\/a><\/p>\n","protected":false},"author":55,"featured_media":0,"parent":0,"menu_order":0,"comment_status":"closed","ping_status":"closed","template":"","meta":{"footnotes":""},"class_list":["post-163","page","type-page","status-publish","hentry"],"_links":{"self":[{"href":"https:\/\/pos-graduacao.uepb.edu.br\/ppgcts\/wp-json\/wp\/v2\/pages\/163","targetHints":{"allow":["GET"]}}],"collection":[{"href":"https:\/\/pos-graduacao.uepb.edu.br\/ppgcts\/wp-json\/wp\/v2\/pages"}],"about":[{"href":"https:\/\/pos-graduacao.uepb.edu.br\/ppgcts\/wp-json\/wp\/v2\/types\/page"}],"author":[{"embeddable":true,"href":"https:\/\/pos-graduacao.uepb.edu.br\/ppgcts\/wp-json\/wp\/v2\/users\/55"}],"replies":[{"embeddable":true,"href":"https:\/\/pos-graduacao.uepb.edu.br\/ppgcts\/wp-json\/wp\/v2\/comments?post=163"}],"version-history":[{"count":8,"href":"https:\/\/pos-graduacao.uepb.edu.br\/ppgcts\/wp-json\/wp\/v2\/pages\/163\/revisions"}],"predecessor-version":[{"id":664,"href":"https:\/\/pos-graduacao.uepb.edu.br\/ppgcts\/wp-json\/wp\/v2\/pages\/163\/revisions\/664"}],"wp:attachment":[{"href":"https:\/\/pos-graduacao.uepb.edu.br\/ppgcts\/wp-json\/wp\/v2\/media?parent=163"}],"curies":[{"name":"wp","href":"https:\/\/api.w.org\/{rel}","templated":true}]}}