{"id":151,"date":"2019-11-07T00:18:29","date_gmt":"2019-11-07T00:18:29","guid":{"rendered":"https:\/\/pos-graduacao.uepb.edu.br\/ppgcts\/?page_id=151"},"modified":"2025-04-01T15:01:37","modified_gmt":"2025-04-01T18:01:37","slug":"linhas-de-pesquisa-2","status":"publish","type":"page","link":"https:\/\/pos-graduacao.uepb.edu.br\/ppgcts\/linhas-de-pesquisa-2\/","title":{"rendered":"Programa &#8211; Linhas de Pesquisa"},"content":{"rendered":"<div class=\"wpb-content-wrapper\"><p>[vc_row gap=&#8221;30&#8243;][vc_column width=&#8221;1\/3&#8243; el_class=&#8221;conf-azul&#8221;][vc_text_separator title=&#8221;Desenvolvimento de produtos e processos para tecnologias em sa\u00fade&#8221; title_align=&#8221;separator_align_left&#8221; css=&#8221;.vc_custom_1715778400927{margin-top: 10px !important;}&#8221;][vc_column_text]Busca-se investigar e aplicar conhecimentos t\u00e9cnico-cient\u00edficos no desenvolvimento de produtos e processos de tecnologias em sa\u00fade. S\u00e3o interesses da linha o apoio ao processo de desenvolvimento de tecnologias estrat\u00e9gicas ao SUS, avalia\u00e7\u00e3o e gest\u00e3o de tecnologias em sa\u00fade, abordando: desenvolvimento de produtos e seus respectivos processos produtivos; monitoramento do desempenho e da confiabilidade de uma determinada tecnologia; entender os procedimentos de supervis\u00e3o de tecnologias m\u00e9dico-hospitalares; identificar, avaliar, e reduzir riscos para pacientes, visitantes, institui\u00e7\u00f5es e governos; reduzir a incid\u00eancia de acidentes e les\u00f5es previs\u00edveis com o intuito de minimizar as perdas financeiras e n\u00e3o financeiras da Institui\u00e7\u00e3o; conhecer as necessidades tecnol\u00f3gicas de equipamentos m\u00e9dico-hospitalares e instala\u00e7\u00f5es de estabelecimentos de sa\u00fade; desenvolvimento e valida\u00e7\u00e3o de tecnologias estrat\u00e9gicas ao SUS, e; conhecer os preceitos \u00e9ticos do setor de sa\u00fade.[\/vc_column_text][\/vc_column][vc_column width=&#8221;1\/3&#8243; el_class=&#8221;conf-azul&#8221;][vc_text_separator title=&#8221;Regula\u00e7\u00e3o, gest\u00e3o e desenvolvimento de projetos tecnol\u00f3gicos de produtos para a sa\u00fade&#8221; title_align=&#8221;separator_align_left&#8221; css=&#8221;.vc_custom_1715778406525{margin-top: 10px !important;}&#8221;][vc_column_text]Esta linha de pesquisa se baseia no direcionamento dos projetos de pesquisa visando mapear a regulamenta\u00e7\u00e3o e a gest\u00e3o dos processos, considerando suas caracter\u00edsticas multidisciplinares e interdisciplinares e a incerteza inerentes a esse processo pois visa a Incorpora\u00e7\u00e3o de novas tecnologias de associa\u00e7\u00e3o e an\u00e1lise de dados e de informa\u00e7\u00f5es para suporte \u00e0 gest\u00e3o, elabora\u00e7\u00e3o de par\u00e2metros e indicadores mais complexos para o acompanhamento da gest\u00e3o, desenvolvimento de estrat\u00e9gias para a incorpora\u00e7\u00e3o de novas bases de dados, cria\u00e7\u00e3o de mecanismos com tecnologia complexa para a an\u00e1lise das informa\u00e7\u00f5es, amplia\u00e7\u00e3o de parcerias para a \u00e1rea da informa\u00e7\u00e3o e inform\u00e1tica em sa\u00fade, desenvolvimento de produtos de f\u00e1cil opera\u00e7\u00e3o para subs\u00eddio \u00e0 gest\u00e3o do SUS. Adicionalmente trabalha com a certifica\u00e7\u00e3o de conformidade que \u00e9 a demonstra\u00e7\u00e3o formal de que um produto, devidamente identificado, atende aos requisitos de normas ou regulamentos t\u00e9cnicos espec\u00edficos.[\/vc_column_text][\/vc_column][vc_column width=&#8221;1\/3&#8243; el_class=&#8221;conf-azul&#8221;][vc_text_separator title=&#8221;Avalia\u00e7\u00e3o de Tecnologias em Sa\u00fade&#8221; title_align=&#8221;separator_align_left&#8221; css=&#8221;.vc_custom_1743530333984{margin-top: 10px !important;}&#8221;][vc_column_text css=&#8221;&#8221;]Esta linha de pesquisa tem como objetivo investigar, desenvolver e aplicar m\u00e9todos e estrat\u00e9gias voltados \u00e0 avalia\u00e7\u00e3o cr\u00edtica e sistem\u00e1tica de tecnologias em sa\u00fade, considerando os contextos cl\u00ednico, epidemiol\u00f3gico, econ\u00f4mico, \u00e9tico e organizacional em que est\u00e3o inseridas. As tecnologias analisadas podem incluir medicamentos, dispositivos m\u00e9dicos, procedimentos, sistemas de informa\u00e7\u00e3o, protocolos assistenciais e modelos de organiza\u00e7\u00e3o do cuidado. A linha tamb\u00e9m se articula com a\u00e7\u00f5es de ensino, extens\u00e3o e coopera\u00e7\u00e3o t\u00e9cnica, promovendo a integra\u00e7\u00e3o entre os diferentes n\u00edveis de forma\u00e7\u00e3o, gestores, profissionais de sa\u00fade e inst\u00e2ncias decis\u00f3rias. Nesse sentido, fomenta a forma\u00e7\u00e3o de pesquisadores comprometidos com a qualifica\u00e7\u00e3o das decis\u00f5es em sa\u00fade, a sustentabilidade dos sistemas e a amplia\u00e7\u00e3o do acesso com equidade e seguran\u00e7a.<\/p>\n<p>[\/vc_column_text][\/vc_column][\/vc_row]<\/p>\n<\/div>","protected":false},"excerpt":{"rendered":"<p>[vc_row gap=&#8221;30&#8243;][vc_column width=&#8221;1\/3&#8243; el_class=&#8221;conf-azul&#8221;][vc_text_separator title=&#8221;Desenvolvimento de produtos e processos para tecnologias em sa\u00fade&#8221; title_align=&#8221;separator_align_left&#8221; css=&#8221;.vc_custom_1715778400927{margin-top: 10px !important;}&#8221;][vc_column_text]Busca-se investigar e aplicar conhecimentos t\u00e9cnico-cient\u00edficos no desenvolvimento de produtos e processos de tecnologias em sa\u00fade. S\u00e3o interesses da linha o apoio ao processo de desenvolvimento de tecnologias estrat\u00e9gicas ao SUS, avalia\u00e7\u00e3o e gest\u00e3o de tecnologias em sa\u00fade, abordando: <a class=\"leiamais\" href=\"https:\/\/pos-graduacao.uepb.edu.br\/ppgcts\/linhas-de-pesquisa-2\/\">Leia Mais&#8230;<\/a><\/p>\n","protected":false},"author":55,"featured_media":0,"parent":0,"menu_order":0,"comment_status":"closed","ping_status":"closed","template":"","meta":{"footnotes":""},"class_list":["post-151","page","type-page","status-publish","hentry"],"_links":{"self":[{"href":"https:\/\/pos-graduacao.uepb.edu.br\/ppgcts\/wp-json\/wp\/v2\/pages\/151","targetHints":{"allow":["GET"]}}],"collection":[{"href":"https:\/\/pos-graduacao.uepb.edu.br\/ppgcts\/wp-json\/wp\/v2\/pages"}],"about":[{"href":"https:\/\/pos-graduacao.uepb.edu.br\/ppgcts\/wp-json\/wp\/v2\/types\/page"}],"author":[{"embeddable":true,"href":"https:\/\/pos-graduacao.uepb.edu.br\/ppgcts\/wp-json\/wp\/v2\/users\/55"}],"replies":[{"embeddable":true,"href":"https:\/\/pos-graduacao.uepb.edu.br\/ppgcts\/wp-json\/wp\/v2\/comments?post=151"}],"version-history":[{"count":15,"href":"https:\/\/pos-graduacao.uepb.edu.br\/ppgcts\/wp-json\/wp\/v2\/pages\/151\/revisions"}],"predecessor-version":[{"id":699,"href":"https:\/\/pos-graduacao.uepb.edu.br\/ppgcts\/wp-json\/wp\/v2\/pages\/151\/revisions\/699"}],"wp:attachment":[{"href":"https:\/\/pos-graduacao.uepb.edu.br\/ppgcts\/wp-json\/wp\/v2\/media?parent=151"}],"curies":[{"name":"wp","href":"https:\/\/api.w.org\/{rel}","templated":true}]}}