{"id":148,"date":"2019-11-07T00:17:36","date_gmt":"2019-11-07T00:17:36","guid":{"rendered":"https:\/\/pos-graduacao.uepb.edu.br\/ppgcts\/?page_id=148"},"modified":"2019-12-16T16:53:46","modified_gmt":"2019-12-16T16:53:46","slug":"intercambios-convenios","status":"publish","type":"page","link":"https:\/\/pos-graduacao.uepb.edu.br\/ppgcts\/intercambios-convenios\/","title":{"rendered":"Programa &#8211; Interc\u00e2mbios\/Conv\u00eanios"},"content":{"rendered":"<p>O projeto NUTES criou condi\u00e7\u00f5es para a Coopera\u00e7\u00e3o T\u00e9cnica formal do Institute of Experimentelles Software Engineering \u2013 IESE, uma unidade do Instituto Fraunhofer da Alemanha. O Acordo de Coopera\u00e7\u00e3o T\u00e9cnica entre a UEPB e o IESE\/Fraunhofer prev\u00ea a realiza\u00e7\u00e3o das seguintes atividades:<\/p>\n<ul>\n<li>interc\u00e2mbio de docentes e pesquisadores;<\/li>\n<li>desenvolvimento de projetos de pesquisa conjuntos;<\/li>\n<li>desenvolvimento de programas de ensino e extens\u00e3o conjuntos;<\/li>\n<li>promo\u00e7\u00e3o de palestras e simp\u00f3sios;<\/li>\n<li>interc\u00e2mbio de informa\u00e7\u00e3o e de publica\u00e7\u00f5es acad\u00eamicas;<\/li>\n<li>interc\u00e2mbio de estudantes.<\/li>\n<\/ul>\n<p>No \u00e2mbito do acordo de coopera\u00e7\u00e3o t\u00e9cnica, a UEPB e o IESE\/Fraunhofer firmaram um contrato de transfer\u00eancia de tecnologia para a cria\u00e7\u00e3o na UEPB do primeiro laborat\u00f3rio brasileiro destinado a validar softwares embarcados em equipamentos e sistemas m\u00e9dicos.<\/p>\n<p>Na \u00e1rea de prototipagem, a UEPB possui a parceria com o Instituto Nacional de Tecnologia (INT), que \u00e9 vinculado ao Minist\u00e9rio da Ci\u00eancia, Tecnologia e Inova\u00e7\u00e3o.<\/p>\n<p>Com a Universidade Federal Rural de Pernambuco (UFRPE), a coopera\u00e7\u00e3o t\u00e9cnica objetiva o desenvolvimento de projetos na \u00e1rea de oncologia, envolvendo gen\u00e9tica humana e citotoxicidade.<\/p>\n<p>Outra parceria estrat\u00e9gica \u00e9 com a Universidade Federal de Pernambuco, atrav\u00e9s do INCT\/INAMI, com o objetivo de desenvolver produtos e otimizar processos mediante a s\u00edntese e a caracteriza\u00e7\u00e3o de produtos. Nesta coopera\u00e7\u00e3o destaca-se o desenvolvimento de biomateriais, carreadores de f\u00e1rmacos e medicamentos.<\/p>\n","protected":false},"excerpt":{"rendered":"<p>O projeto NUTES criou condi\u00e7\u00f5es para a Coopera\u00e7\u00e3o T\u00e9cnica formal do Institute of Experimentelles Software Engineering \u2013 IESE, uma unidade do Instituto Fraunhofer da Alemanha. O Acordo de Coopera\u00e7\u00e3o T\u00e9cnica entre a UEPB e o IESE\/Fraunhofer prev\u00ea a realiza\u00e7\u00e3o das seguintes atividades: interc\u00e2mbio de docentes e pesquisadores; desenvolvimento de projetos de pesquisa conjuntos; desenvolvimento de <a class=\"leiamais\" href=\"https:\/\/pos-graduacao.uepb.edu.br\/ppgcts\/intercambios-convenios\/\">Leia Mais&#8230;<\/a><\/p>\n","protected":false},"author":55,"featured_media":0,"parent":0,"menu_order":0,"comment_status":"closed","ping_status":"closed","template":"","meta":{"footnotes":""},"class_list":["post-148","page","type-page","status-publish","hentry"],"_links":{"self":[{"href":"https:\/\/pos-graduacao.uepb.edu.br\/ppgcts\/wp-json\/wp\/v2\/pages\/148","targetHints":{"allow":["GET"]}}],"collection":[{"href":"https:\/\/pos-graduacao.uepb.edu.br\/ppgcts\/wp-json\/wp\/v2\/pages"}],"about":[{"href":"https:\/\/pos-graduacao.uepb.edu.br\/ppgcts\/wp-json\/wp\/v2\/types\/page"}],"author":[{"embeddable":true,"href":"https:\/\/pos-graduacao.uepb.edu.br\/ppgcts\/wp-json\/wp\/v2\/users\/55"}],"replies":[{"embeddable":true,"href":"https:\/\/pos-graduacao.uepb.edu.br\/ppgcts\/wp-json\/wp\/v2\/comments?post=148"}],"version-history":[{"count":3,"href":"https:\/\/pos-graduacao.uepb.edu.br\/ppgcts\/wp-json\/wp\/v2\/pages\/148\/revisions"}],"predecessor-version":[{"id":275,"href":"https:\/\/pos-graduacao.uepb.edu.br\/ppgcts\/wp-json\/wp\/v2\/pages\/148\/revisions\/275"}],"wp:attachment":[{"href":"https:\/\/pos-graduacao.uepb.edu.br\/ppgcts\/wp-json\/wp\/v2\/media?parent=148"}],"curies":[{"name":"wp","href":"https:\/\/api.w.org\/{rel}","templated":true}]}}