{"id":145,"date":"2019-11-07T00:16:38","date_gmt":"2019-11-07T00:16:38","guid":{"rendered":"https:\/\/pos-graduacao.uepb.edu.br\/ppgcts\/?page_id=145"},"modified":"2019-12-16T16:54:03","modified_gmt":"2019-12-16T16:54:03","slug":"programa-objetivos","status":"publish","type":"page","link":"https:\/\/pos-graduacao.uepb.edu.br\/ppgcts\/programa-objetivos\/","title":{"rendered":"Programa &#8211; Objetivos"},"content":{"rendered":"<p>O Mestrado Profissional em Ci\u00eancia e Tecnologia em Sa\u00fade visa capacitar profissionais com conhecimentos em metodologias e processos aplicados, fundamentais \u00e0 atua\u00e7\u00e3o eficiente junto aos estabelecimentos de sa\u00fade e empresas de base tecnol\u00f3gica, mediante a incorpora\u00e7\u00e3o de m\u00e9todos e t\u00e9cnicas cient\u00edficas. Ademais, objetiva promover a atualiza\u00e7\u00e3o profissional no dom\u00ednio do avan\u00e7o das tecnologias estrat\u00e9gicas em sa\u00fade, incluindo as melhores pr\u00e1ticas de desenvolvimento de projetos, inova\u00e7\u00e3o e gest\u00e3o de tecnologias, tanto no ambiente hospitalar quanto no setor industrial.<\/p>\n<p><strong>Relev\u00e2ncia e impacto regional da forma\u00e7\u00e3o dos profissionais<\/strong><\/p>\n<p>Dados do Minist\u00e9rio da Sa\u00fade apontam que o SUS \u00e9 respons\u00e1vel por, aproximadamente, 70% da demanda nacional de consumo de equipamentos e materiais de uso m\u00e9dico. Este fato coloca o Sistema P\u00fablico como o principal agente demandante de produtos m\u00e9dicos do setor.<\/p>\n<p>Desta forma, este Mestrado Profissional consolida o N\u00facleo de Tecnologias Estrat\u00e9gicas em Sa\u00fade da UEPB (NUTES) com compet\u00eancia especializada no desenvolvimento, qualifica\u00e7\u00e3o e valida\u00e7\u00e3o de equipamentos e sistemas m\u00e9dicos. Isto permite o desenvolvimento e a forma\u00e7\u00e3o de recursos humanos em Tecnologias em Sa\u00fade (em especial nas tecnologias estrat\u00e9gicas ao SUS) e a provis\u00e3o de apoio t\u00e9cnico, tanto aos servi\u00e7os de sa\u00fade na gest\u00e3o de tecnologias m\u00e9dicas quanto \u00e0s empresas nacionais, quanto \u00e0 supera\u00e7\u00e3o dos gargalos tecnol\u00f3gicos dos produtos fabricados e, consequentemente, o aumento da sua competitividade frente aos produtos importados.<\/p>\n<p><strong>Caracteriza\u00e7\u00e3o da demanda a ser atendida<\/strong><\/p>\n<p>A Para\u00edba e os demais estados nordestinos carecem, significativamente, de profissionais de tecnologias em sa\u00fade, de modo a permitir uma ampla difus\u00e3o deste profissional nos estabelecimentos de sa\u00fade, em especial, nas institui\u00e7\u00f5es prestadoras de servi\u00e7os ao SUS.<\/p>\n<p>Alie-se a isto a constata\u00e7\u00e3o de que, os escassos recursos financeiros destinados \u00e0 manuten\u00e7\u00e3o dos servi\u00e7os hospitalares, n\u00e3o permitem que cada uma das institui\u00e7\u00f5es de sa\u00fade mantenha equipes t\u00e9cnicas com compet\u00eancia na gest\u00e3o de tecnologias em sa\u00fade, tampouco contrate estes servi\u00e7os de empresas especializadas. Al\u00e9m disso, com a consolida\u00e7\u00e3o da compet\u00eancia em engenharia biom\u00e9dica no pa\u00eds, e em especial na Regi\u00e3o Nordeste, pode-se mitigar o grande gargalo tecnol\u00f3gico que ronda os equipamentos produzidos nacionalmente face aos produtos importados: atendimento a requisitos de confiabilidade e usabilidade.<\/p>\n","protected":false},"excerpt":{"rendered":"<p>O Mestrado Profissional em Ci\u00eancia e Tecnologia em Sa\u00fade visa capacitar profissionais com conhecimentos em metodologias e processos aplicados, fundamentais \u00e0 atua\u00e7\u00e3o eficiente junto aos estabelecimentos de sa\u00fade e empresas de base tecnol\u00f3gica, mediante a incorpora\u00e7\u00e3o de m\u00e9todos e t\u00e9cnicas cient\u00edficas. Ademais, objetiva promover a atualiza\u00e7\u00e3o profissional no dom\u00ednio do avan\u00e7o das tecnologias estrat\u00e9gicas em <a class=\"leiamais\" href=\"https:\/\/pos-graduacao.uepb.edu.br\/ppgcts\/programa-objetivos\/\">Leia Mais&#8230;<\/a><\/p>\n","protected":false},"author":55,"featured_media":0,"parent":0,"menu_order":0,"comment_status":"closed","ping_status":"closed","template":"","meta":{"footnotes":""},"class_list":["post-145","page","type-page","status-publish","hentry"],"_links":{"self":[{"href":"https:\/\/pos-graduacao.uepb.edu.br\/ppgcts\/wp-json\/wp\/v2\/pages\/145","targetHints":{"allow":["GET"]}}],"collection":[{"href":"https:\/\/pos-graduacao.uepb.edu.br\/ppgcts\/wp-json\/wp\/v2\/pages"}],"about":[{"href":"https:\/\/pos-graduacao.uepb.edu.br\/ppgcts\/wp-json\/wp\/v2\/types\/page"}],"author":[{"embeddable":true,"href":"https:\/\/pos-graduacao.uepb.edu.br\/ppgcts\/wp-json\/wp\/v2\/users\/55"}],"replies":[{"embeddable":true,"href":"https:\/\/pos-graduacao.uepb.edu.br\/ppgcts\/wp-json\/wp\/v2\/comments?post=145"}],"version-history":[{"count":13,"href":"https:\/\/pos-graduacao.uepb.edu.br\/ppgcts\/wp-json\/wp\/v2\/pages\/145\/revisions"}],"predecessor-version":[{"id":214,"href":"https:\/\/pos-graduacao.uepb.edu.br\/ppgcts\/wp-json\/wp\/v2\/pages\/145\/revisions\/214"}],"wp:attachment":[{"href":"https:\/\/pos-graduacao.uepb.edu.br\/ppgcts\/wp-json\/wp\/v2\/media?parent=145"}],"curies":[{"name":"wp","href":"https:\/\/api.w.org\/{rel}","templated":true}]}}