{"id":135,"date":"2019-11-07T00:10:49","date_gmt":"2019-11-07T00:10:49","guid":{"rendered":"https:\/\/pos-graduacao.uepb.edu.br\/ppgcts\/?page_id=135"},"modified":"2025-07-18T10:37:38","modified_gmt":"2025-07-18T13:37:38","slug":"colegiado","status":"publish","type":"page","link":"https:\/\/pos-graduacao.uepb.edu.br\/ppgcts\/colegiado\/","title":{"rendered":"Pessoas &#8211; Colegiado"},"content":{"rendered":"<ul>\n<li>Dr. Wellington Candeia de Araujo (Presidente)<\/li>\n<li>Dr. Daniel Scherer<\/li>\n<li>Dra. Giselda Felix Coutinho<\/li>\n<li>Dra. K\u00e1tia Elizabete Galdino<\/li>\n<li>Dra. Renata de Souza Coelho Soares<\/li>\n<li>Waldemberg Damasio Gin\u00fa (Representa\u00e7\u00e3o discente)<\/li>\n<\/ul>\n","protected":false},"excerpt":{"rendered":"<p>Dr. Wellington Candeia de Araujo (Presidente) Dr. Daniel Scherer Dra. Giselda Felix Coutinho Dra. K\u00e1tia Elizabete Galdino Dra. Renata de Souza Coelho Soares Waldemberg Damasio Gin\u00fa (Representa\u00e7\u00e3o discente)<\/p>\n","protected":false},"author":55,"featured_media":0,"parent":0,"menu_order":0,"comment_status":"closed","ping_status":"closed","template":"","meta":{"footnotes":""},"class_list":["post-135","page","type-page","status-publish","hentry"],"_links":{"self":[{"href":"https:\/\/pos-graduacao.uepb.edu.br\/ppgcts\/wp-json\/wp\/v2\/pages\/135","targetHints":{"allow":["GET"]}}],"collection":[{"href":"https:\/\/pos-graduacao.uepb.edu.br\/ppgcts\/wp-json\/wp\/v2\/pages"}],"about":[{"href":"https:\/\/pos-graduacao.uepb.edu.br\/ppgcts\/wp-json\/wp\/v2\/types\/page"}],"author":[{"embeddable":true,"href":"https:\/\/pos-graduacao.uepb.edu.br\/ppgcts\/wp-json\/wp\/v2\/users\/55"}],"replies":[{"embeddable":true,"href":"https:\/\/pos-graduacao.uepb.edu.br\/ppgcts\/wp-json\/wp\/v2\/comments?post=135"}],"version-history":[{"count":8,"href":"https:\/\/pos-graduacao.uepb.edu.br\/ppgcts\/wp-json\/wp\/v2\/pages\/135\/revisions"}],"predecessor-version":[{"id":720,"href":"https:\/\/pos-graduacao.uepb.edu.br\/ppgcts\/wp-json\/wp\/v2\/pages\/135\/revisions\/720"}],"wp:attachment":[{"href":"https:\/\/pos-graduacao.uepb.edu.br\/ppgcts\/wp-json\/wp\/v2\/media?parent=135"}],"curies":[{"name":"wp","href":"https:\/\/api.w.org\/{rel}","templated":true}]}}