{"id":130,"date":"2019-11-07T00:07:48","date_gmt":"2019-11-07T00:07:48","guid":{"rendered":"https:\/\/pos-graduacao.uepb.edu.br\/ppgcts\/?page_id=130"},"modified":"2024-05-15T13:44:06","modified_gmt":"2024-05-15T13:44:06","slug":"infraestrutura","status":"publish","type":"page","link":"https:\/\/pos-graduacao.uepb.edu.br\/ppgcts\/infraestrutura\/","title":{"rendered":"Programa &#8211; Infraestrutura"},"content":{"rendered":"<div class=\"wpb-content-wrapper\"><p>[vc_row gap=&#8221;30&#8243; equal_height=&#8221;yes&#8221;][vc_column width=&#8221;1\/5&#8243;][vc_text_separator title=&#8221;Laborat\u00f3rio de An\u00e1lise de Imagens e de Sinais \u2013 LAIS&#8221; title_align=&#8221;separator_align_left&#8221; css=&#8221;.vc_custom_1715778621989{margin-top: 10px !important;}&#8221;][vc_column_text]<\/p>\n<ul>\n<li>Desenvolvimento de pesquisas em reconhecimento de padr\u00f5es em imagens m\u00e9dicas visando a detec\u00e7\u00e3o de neoplasias.<\/li>\n<li>Trabalhos na \u00e1rea de sistemas de informa\u00e7\u00e3o para transmiss\u00e3o de sinais vitais detectados por dispositivos m\u00e9dicos.<\/li>\n<li>Desenvolvimento de pesquisas em projetos de filtros para extra\u00e7\u00e3o de ru\u00eddos provocados por artefatos met\u00e1licos em imagens de tomografia computadorizada.<\/li>\n<li>Melhoramento de imagens para aux\u00edlio ao Diagn\u00f3stico por imagens e\/ou sinais.<\/li>\n<li>Desenvolvimento de Software para aux\u00edlio ao diagn\u00f3stico m\u00e9dico.<\/li>\n<\/ul>\n<p>[\/vc_column_text][\/vc_column][vc_column width=&#8221;1\/5&#8243;][vc_text_separator title=&#8221;Laborat\u00f3rio de Instrumenta\u00e7\u00e3o e Ensaios Eletr\u00f4nicos \u2013 LIEE&#8221; title_align=&#8221;separator_align_left&#8221; css=&#8221;.vc_custom_1715778652956{margin-top: 10px !important;}&#8221;][vc_column_text]<\/p>\n<div class=\"wp-tab-content\">\n<div class=\"wp-tab-content-wrapper\">\n<ul>\n<li>Realiza ensaios visando avalia\u00e7\u00e3o de conformidade em dispositivos m\u00e9dicos, al\u00e9m da modelagem e prototipa\u00e7\u00e3o de desfibriladores card\u00edacos externos, no escopo do projeto com a Lifemed.<\/li>\n<li>Realiza ensaios visando avalia\u00e7\u00e3o de conformidade em dispositivos m\u00e9dicos.<\/li>\n<li>Modelagem e prototipa\u00e7\u00e3o de dispositivos m\u00e9dicos (ex., desfibrilador card\u00edaco externo e bomba de infus\u00e3o.<\/li>\n<\/ul>\n<\/div>\n<\/div>\n<p>[\/vc_column_text][\/vc_column][vc_column width=&#8221;1\/5&#8243;][vc_text_separator title=&#8221;Laborat\u00f3rio de Certifica\u00e7\u00e3o e Engenharia de Software \u2013 LCES&#8221; title_align=&#8221;separator_align_left&#8221; css=&#8221;.vc_custom_1715778695759{margin-top: 10px !important;}&#8221;][vc_column_text]<\/p>\n<div class=\"wp-tab-content\">\n<div class=\"wp-tab-content-wrapper\">\n<ul>\n<li>Desenvolve pesquisas em linhas de produtos para prontu\u00e1rios m\u00e9dicos, sistemas de informa\u00e7\u00e3o para processos de di\u00e1lise, interoperabilidade entre sistemas de informa\u00e7\u00e3o utilizados na sa\u00fade e ferramentas de modelagem de software para garantia de conformidade com normas de seguran\u00e7a.<\/li>\n<li>Avalia\u00e7\u00e3o de seguran\u00e7a (safety) de software embarcado em dispositivos m\u00e9dicos.<\/li>\n<li>Proposi\u00e7\u00e3o de melhorias da qualidade do software embarcado em dispositivos m\u00e9dicos, tanto a n\u00edvel de Seguran\u00e7a (safety) quanto a n\u00edvel de Engenharia de Software.<\/li>\n<li>Aprimoramento da qualidade do software embarcado em dispositivos m\u00e9dicos tanto a n\u00edvel de Seguran\u00e7a (safety) quanto a n\u00edvel de Engenharia de Software.<\/li>\n<li>Desenvolvimento de sistemas de telemedicina.<\/li>\n<li>Sistemas de prontu\u00e1rio eletr\u00f4nico para uso em \u00e1reas remotas, com dificuldade de acesso.<br \/>\nAcesso remoto de sinal ECG.<\/li>\n<li>Desenvolvimento de sistemas de prototipa\u00e7\u00e3o de linhas de produtos de software ligadas a sistemas de prontu\u00e1rios eletr\u00f4nicos.<\/li>\n<li>Desenvolvimento de sistemas ERPs (Enterprise Resource Planning) no contexto de engenharia cl\u00ednica.<\/li>\n<\/ul>\n<\/div>\n<\/div>\n<p>[\/vc_column_text][\/vc_column][vc_column width=&#8221;1\/5&#8243;][vc_text_separator title=&#8221;Laborat\u00f3rio de Tecnologias 3D \u2013 LT3D&#8221; title_align=&#8221;separator_align_left&#8221; css=&#8221;.vc_custom_1715778717693{margin-top: 10px !important;}&#8221;][vc_column_text]O laborat\u00f3rio de pesquisa em tecnologias 3D \u2013 LT3D tem se dedicado \u00e0 pesquisa e desenvolvimento de aplica\u00e7\u00f5es da Manufatura Aditivada nas diversas \u00e1reas de sa\u00fade, analisando procedimento cir\u00fargicos m\u00e9dicos e odontol\u00f3gicos.[\/vc_column_text][\/vc_column][vc_column width=&#8221;1\/5&#8243;][vc_text_separator title=&#8221;Laborat\u00f3rio de Instrumenta\u00e7\u00e3o Biom\u00e9dica e Ensaios Eletr\u00f4nicos \u2013 LIBE&#8221; title_align=&#8221;separator_align_left&#8221; css=&#8221;.vc_custom_1715778749635{margin-top: 10px !important;}&#8221;][vc_column_text]<\/p>\n<div class=\"wp-tab-content\">\n<div class=\"wp-tab-content-wrapper\">\n<p>Realiza especifica\u00e7\u00e3o de prototipa\u00e7\u00e3o dos produtos monitor de sinais vitais multiparam\u00e9trico, cardioversor e bomba de infus\u00e3o, ambos no escopo do projeto com a Lifemed.<\/p>\n<p>Especifica\u00e7\u00e3o, evolu\u00e7\u00e3o e manuten\u00e7\u00e3o de equipamentos biom\u00e9dicos com caracter\u00edsticas intensivas de software.<\/p>\n<p>Ensaios visando avalia\u00e7\u00e3o de conformidade em dispositivos biom\u00e9dicos.<\/p>\n<\/div>\n<\/div>\n<p>[\/vc_column_text][\/vc_column][\/vc_row]<\/p>\n<\/div>","protected":false},"excerpt":{"rendered":"<p>[vc_row gap=&#8221;30&#8243; equal_height=&#8221;yes&#8221;][vc_column width=&#8221;1\/5&#8243;][vc_text_separator title=&#8221;Laborat\u00f3rio de An\u00e1lise de Imagens e de Sinais \u2013 LAIS&#8221; title_align=&#8221;separator_align_left&#8221; css=&#8221;.vc_custom_1715778621989{margin-top: 10px !important;}&#8221;][vc_column_text] Desenvolvimento de pesquisas em reconhecimento de padr\u00f5es em imagens m\u00e9dicas visando a detec\u00e7\u00e3o de neoplasias. Trabalhos na \u00e1rea de sistemas de informa\u00e7\u00e3o para transmiss\u00e3o de sinais vitais detectados por dispositivos m\u00e9dicos. Desenvolvimento de pesquisas em projetos de <a class=\"leiamais\" href=\"https:\/\/pos-graduacao.uepb.edu.br\/ppgcts\/infraestrutura\/\">Leia Mais&#8230;<\/a><\/p>\n","protected":false},"author":55,"featured_media":0,"parent":0,"menu_order":0,"comment_status":"closed","ping_status":"closed","template":"","meta":{"footnotes":""},"class_list":["post-130","page","type-page","status-publish","hentry"],"_links":{"self":[{"href":"https:\/\/pos-graduacao.uepb.edu.br\/ppgcts\/wp-json\/wp\/v2\/pages\/130","targetHints":{"allow":["GET"]}}],"collection":[{"href":"https:\/\/pos-graduacao.uepb.edu.br\/ppgcts\/wp-json\/wp\/v2\/pages"}],"about":[{"href":"https:\/\/pos-graduacao.uepb.edu.br\/ppgcts\/wp-json\/wp\/v2\/types\/page"}],"author":[{"embeddable":true,"href":"https:\/\/pos-graduacao.uepb.edu.br\/ppgcts\/wp-json\/wp\/v2\/users\/55"}],"replies":[{"embeddable":true,"href":"https:\/\/pos-graduacao.uepb.edu.br\/ppgcts\/wp-json\/wp\/v2\/comments?post=130"}],"version-history":[{"count":5,"href":"https:\/\/pos-graduacao.uepb.edu.br\/ppgcts\/wp-json\/wp\/v2\/pages\/130\/revisions"}],"predecessor-version":[{"id":547,"href":"https:\/\/pos-graduacao.uepb.edu.br\/ppgcts\/wp-json\/wp\/v2\/pages\/130\/revisions\/547"}],"wp:attachment":[{"href":"https:\/\/pos-graduacao.uepb.edu.br\/ppgcts\/wp-json\/wp\/v2\/media?parent=130"}],"curies":[{"name":"wp","href":"https:\/\/api.w.org\/{rel}","templated":true}]}}