{"id":128,"date":"2019-11-07T00:06:39","date_gmt":"2019-11-07T00:06:39","guid":{"rendered":"https:\/\/pos-graduacao.uepb.edu.br\/ppgcts\/?page_id=128"},"modified":"2025-02-21T08:39:17","modified_gmt":"2025-02-21T11:39:17","slug":"curriculo","status":"publish","type":"page","link":"https:\/\/pos-graduacao.uepb.edu.br\/ppgcts\/curriculo\/","title":{"rendered":"Programa &#8211; Curr\u00edculo"},"content":{"rendered":"<p>O Mestrado Profissional em Ci\u00eancia e Tecnologia em Sa\u00fade tem sua grade curricular com dura\u00e7\u00e3o regular de dois anos (ou quatro per\u00edodos semestrais), sendo composta por 2 (duas) disciplinas obrigat\u00f3rias, 1 (uma) disciplina eletiva e disciplinas optativas, perfazendo uma carga hor\u00e1ria de 360 horas.<\/p>\n","protected":false},"excerpt":{"rendered":"<p>O Mestrado Profissional em Ci\u00eancia e Tecnologia em Sa\u00fade tem sua grade curricular com dura\u00e7\u00e3o regular de dois anos (ou quatro per\u00edodos semestrais), sendo composta por 2 (duas) disciplinas obrigat\u00f3rias, 1 (uma) disciplina eletiva e disciplinas optativas, perfazendo uma carga hor\u00e1ria de 360 horas.<\/p>\n","protected":false},"author":55,"featured_media":0,"parent":0,"menu_order":0,"comment_status":"closed","ping_status":"closed","template":"","meta":{"footnotes":""},"class_list":["post-128","page","type-page","status-publish","hentry"],"_links":{"self":[{"href":"https:\/\/pos-graduacao.uepb.edu.br\/ppgcts\/wp-json\/wp\/v2\/pages\/128","targetHints":{"allow":["GET"]}}],"collection":[{"href":"https:\/\/pos-graduacao.uepb.edu.br\/ppgcts\/wp-json\/wp\/v2\/pages"}],"about":[{"href":"https:\/\/pos-graduacao.uepb.edu.br\/ppgcts\/wp-json\/wp\/v2\/types\/page"}],"author":[{"embeddable":true,"href":"https:\/\/pos-graduacao.uepb.edu.br\/ppgcts\/wp-json\/wp\/v2\/users\/55"}],"replies":[{"embeddable":true,"href":"https:\/\/pos-graduacao.uepb.edu.br\/ppgcts\/wp-json\/wp\/v2\/comments?post=128"}],"version-history":[{"count":2,"href":"https:\/\/pos-graduacao.uepb.edu.br\/ppgcts\/wp-json\/wp\/v2\/pages\/128\/revisions"}],"predecessor-version":[{"id":662,"href":"https:\/\/pos-graduacao.uepb.edu.br\/ppgcts\/wp-json\/wp\/v2\/pages\/128\/revisions\/662"}],"wp:attachment":[{"href":"https:\/\/pos-graduacao.uepb.edu.br\/ppgcts\/wp-json\/wp\/v2\/media?parent=128"}],"curies":[{"name":"wp","href":"https:\/\/api.w.org\/{rel}","templated":true}]}}