{"id":8,"date":"2012-01-18T15:22:09","date_gmt":"2012-01-18T15:22:09","guid":{"rendered":"http:\/\/pos-graduacao.ascom.uepb.edu.br\/ppcta\/?page_id=8"},"modified":"2025-12-04T14:22:14","modified_gmt":"2025-12-04T14:22:14","slug":"linhas-de-pesquisa","status":"publish","type":"page","link":"https:\/\/pos-graduacao.uepb.edu.br\/ppgcta\/linhas-de-pesquisa\/","title":{"rendered":"Linhas de Pesquisa"},"content":{"rendered":"<div class=\"wpb-content-wrapper\"><p>[vc_row gap=&#8221;30&#8243; el_class=&#8221;conf-azul&#8221;][vc_column width=&#8221;1\/2&#8243; css=&#8221;.vc_custom_1716471556795{padding-bottom: 10px !important;}&#8221;][vc_text_separator title=&#8221;Qualidade de Sistemas Ambientais&#8221; title_align=&#8221;separator_align_left&#8221; css=&#8221;.vc_custom_1716471519042{margin-top: 10px !important;}&#8221;][vc_column_text css=&#8221;&#8221;]A linha de pesquisa Qualidade de Sistemas Ambientais abrange a an\u00e1lise dos processos aqu\u00e1ticos, atmosf\u00e9ricos e do geoespa\u00e7o, propondo a gera\u00e7\u00e3o de conhecimento para o entendimento do efeito da a\u00e7\u00e3o humana na din\u00e2mica ambiental, proporcionando a forma\u00e7\u00e3o de profissionais que atuem no diagn\u00f3stico, na preven\u00e7\u00e3o e na solu\u00e7\u00e3o de problemas ambientais, buscando a melhoria da qualidade socioambiental da regi\u00e3o de interesse. A an\u00e1lise destes processos pode ser realizada a partir de procedimentos experimentais e observacionais, aliadas a t\u00e9cnicas de modelagem e simula\u00e7\u00e3o computacional, como por exemplo o aprendizado de m\u00e1quina e a fluidodin\u00e2mica computacional.[\/vc_column_text][\/vc_column][vc_column width=&#8221;1\/2&#8243; css=&#8221;.vc_custom_1716471571459{padding-bottom: 10px !important;}&#8221;][vc_text_separator title=&#8221;Tecnologias de Tratamento de \u00c1gua e Res\u00edduos&#8221; title_align=&#8221;separator_align_left&#8221; css=&#8221;.vc_custom_1716471530026{margin-top: 10px !important;}&#8221;][vc_column_text css=&#8221;&#8221;]A linha de Pesquisa de Tecnologias de Tratamento de \u00e1guas e res\u00edduos objetiva o desenvolvimento de alternativas tecnol\u00f3gicas, inovadoras e de baixo custo, voltadas para os processos biotecnol\u00f3gicos, f\u00edsicos e qu\u00edmicos aplicados ao tratamento e p\u00f3s-tratamento de \u00e1guas de abastecimento e res\u00edduos. As alternativas tecnol\u00f3gicas a serem desenvolvidas estar\u00e3o orientadas principalmente para o atendimento das demandas regionais de docentes pesquisadores e especialistas de alto n\u00edvel com habilidades para detectar e resolver problemas de saneamento b\u00e1sico e ambiental. A an\u00e1lise dos processos de tratamento poder\u00e1 ser realizada por meio de procedimentos experimentais e observacionais ou usando a modelagem e simula\u00e7\u00e3o computacional, como por exemplo t\u00e9cnicas de aprendizado de m\u00e1quina e a fluidodin\u00e2mica computacional[\/vc_column_text][\/vc_column][\/vc_row]<\/p>\n<\/div>","protected":false},"excerpt":{"rendered":"<p>[vc_row gap=&#8221;30&#8243; el_class=&#8221;conf-azul&#8221;][vc_column width=&#8221;1\/2&#8243; css=&#8221;.vc_custom_1716471556795{padding-bottom: 10px !important;}&#8221;][vc_text_separator title=&#8221;Qualidade de Sistemas Ambientais&#8221; title_align=&#8221;separator_align_left&#8221; css=&#8221;.vc_custom_1716471519042{margin-top: 10px !important;}&#8221;][vc_column_text css=&#8221;&#8221;]A linha de pesquisa Qualidade de Sistemas Ambientais abrange a an\u00e1lise dos processos aqu\u00e1ticos, atmosf\u00e9ricos e do geoespa\u00e7o, propondo a gera\u00e7\u00e3o de conhecimento para o entendimento do efeito da a\u00e7\u00e3o humana na din\u00e2mica ambiental, proporcionando a forma\u00e7\u00e3o de profissionais que <a class=\"leiamais\" href=\"https:\/\/pos-graduacao.uepb.edu.br\/ppgcta\/linhas-de-pesquisa\/\">Leia Mais&#8230;<\/a><\/p>\n","protected":false},"author":5,"featured_media":0,"parent":0,"menu_order":0,"comment_status":"open","ping_status":"open","template":"","meta":{"footnotes":""},"class_list":["post-8","page","type-page","status-publish","hentry"],"_links":{"self":[{"href":"https:\/\/pos-graduacao.uepb.edu.br\/ppgcta\/wp-json\/wp\/v2\/pages\/8","targetHints":{"allow":["GET"]}}],"collection":[{"href":"https:\/\/pos-graduacao.uepb.edu.br\/ppgcta\/wp-json\/wp\/v2\/pages"}],"about":[{"href":"https:\/\/pos-graduacao.uepb.edu.br\/ppgcta\/wp-json\/wp\/v2\/types\/page"}],"author":[{"embeddable":true,"href":"https:\/\/pos-graduacao.uepb.edu.br\/ppgcta\/wp-json\/wp\/v2\/users\/5"}],"replies":[{"embeddable":true,"href":"https:\/\/pos-graduacao.uepb.edu.br\/ppgcta\/wp-json\/wp\/v2\/comments?post=8"}],"version-history":[{"count":14,"href":"https:\/\/pos-graduacao.uepb.edu.br\/ppgcta\/wp-json\/wp\/v2\/pages\/8\/revisions"}],"predecessor-version":[{"id":3243,"href":"https:\/\/pos-graduacao.uepb.edu.br\/ppgcta\/wp-json\/wp\/v2\/pages\/8\/revisions\/3243"}],"wp:attachment":[{"href":"https:\/\/pos-graduacao.uepb.edu.br\/ppgcta\/wp-json\/wp\/v2\/media?parent=8"}],"curies":[{"name":"wp","href":"https:\/\/api.w.org\/{rel}","templated":true}]}}