{"id":629,"date":"2016-10-07T12:29:36","date_gmt":"2016-10-07T12:29:36","guid":{"rendered":"https:\/\/pos-graduacao.uepb.edu.br\/ppgcta\/?page_id=629"},"modified":"2025-12-02T13:37:20","modified_gmt":"2025-12-02T13:37:20","slug":"teses-defendidas","status":"publish","type":"page","link":"https:\/\/pos-graduacao.uepb.edu.br\/ppgcta\/teses-defendidas\/","title":{"rendered":"Teses Defendidas"},"content":{"rendered":"<div class=\"wpb-content-wrapper\"><p>[vc_row][vc_column][vc_tta_tour][vc_tta_section title=&#8221;2025&#8243; tab_id=&#8221;1716555099083-47c71325-afd7&#8243;][vc_column_text css=&#8221;&#8221;]Em constru\u00e7\u00e3o.[\/vc_column_text][\/vc_tta_section][vc_tta_section title=&#8221;2024&#8243; tab_id=&#8221;1764611212212-4adc5859-00de&#8221;][vc_column_text css=&#8221;&#8221;]Em constru\u00e7\u00e3o.[\/vc_column_text][\/vc_tta_section][vc_tta_section title=&#8221;2023&#8243; tab_id=&#8221;1764611211841-12666251-9d11&#8243;][vc_column_text css=&#8221;&#8221;]\n<table id=\"tablepress-47\" class=\"tablepress tablepress-id-47\">\n<thead>\n<tr class=\"row-1\">\n\t<th class=\"column-1\">Data<\/th><th class=\"column-2\">Doutorando(a)<\/th><th class=\"column-3\">Orientador(a)<\/th><th class=\"column-4\">T\u00edtulo da Tese<\/th>\n<\/tr>\n<\/thead>\n<tbody class=\"row-striping row-hover\">\n<tr class=\"row-2\">\n\t<td class=\"column-1\">25\/05\/2023\t<\/td><td class=\"column-2\">AMANDA DA SILVA BARBOSA CARTAXO<\/td><td class=\"column-3\">VALDERI DUARTE LEITE\t<\/td><td class=\"column-4\"><a target=\"_blank\" href=\"https:\/\/tede.bc.uepb.edu.br\/jspui\/handle\/tede\/4983\">Sistema de ultrafiltra\u00e7\u00e3o por gravidade como alternativa ao tratamento de \u00e1gua no ponto de uso<\/a><\/td>\n<\/tr>\n<tr class=\"row-3\">\n\t<td class=\"column-1\">30\/08\/2023\t<\/td><td class=\"column-2\">CARLOS ALBERTO ALVES BARRETO\t<\/td><td class=\"column-3\">WILLIAM DE PAIVA\t<\/td><td class=\"column-4\"><a target=\"_blank\" href=\"https:\/\/tede.bc.uepb.edu.br\/jspui\/handle\/tede\/4781\">Predi\u00e7\u00e3o das emiss\u00f5es fugitivas de g\u00e1s metano na camada de cobertura final em aterro sanit\u00e1rio a partir das redes neurais artificiais<\/a><\/td>\n<\/tr>\n<tr class=\"row-4\">\n\t<td class=\"column-1\">19\/12\/2023\t<\/td><td class=\"column-2\">DANIELY DE LUCENA SILVA\t<\/td><td class=\"column-3\">JOSELINE MOLOZZI\t<\/td><td class=\"column-4\"><a target=\"_blank\" href=\"https:\/\/tede.bc.uepb.edu.br\/jspui\/handle\/tede\/4902\">Impactos de t\u00e9cnicas da geo-engenharia sobre as comunidades fitoplanct\u00f4nica e bent\u00f4nica<\/a><\/td>\n<\/tr>\n<tr class=\"row-5\">\n\t<td class=\"column-1\">31\/08\/2023\t<\/td><td class=\"column-2\">EDIANO DUARTE DE LIMA\t<\/td><td class=\"column-3\">WILTON SILVA LOPES\t<\/td><td class=\"column-4\"><a target=\"_blank\" href=\"https:\/\/tede.bc.uepb.edu.br\/jspui\/handle\/tede\/4765\">Determina\u00e7\u00e3o de fra\u00e7\u00f5es em misturas de corantes t\u00eaxteis usando espectrometria UV-Vis combinada \u00e0 regress\u00e3o por m\u00ednimos quadrados parciais e an\u00e1lise por componentes principais<\/a><\/td>\n<\/tr>\n<tr class=\"row-6\">\n\t<td class=\"column-1\"><\/td><td class=\"column-2\"><\/td><td class=\"column-3\"><\/td><td class=\"column-4\"><\/td>\n<\/tr>\n<\/tbody>\n<\/table>\n<!-- #tablepress-47 from cache -->[\/vc_column_text][\/vc_tta_section][vc_tta_section title=&#8221;2022&#8243; tab_id=&#8221;1764611140420-515e0b60-02a5&#8243;][vc_column_text css=&#8221;&#8221;]\n<table id=\"tablepress-46\" class=\"tablepress tablepress-id-46\">\n<thead>\n<tr class=\"row-1\">\n\t<th class=\"column-1\">Data<\/th><th class=\"column-2\">Doutorando(a)<\/th><th class=\"column-3\">Orientador(a)<\/th><th class=\"column-4\">T\u00edtulo da Tese<\/th>\n<\/tr>\n<\/thead>\n<tbody class=\"row-striping row-hover\">\n<tr class=\"row-2\">\n\t<td class=\"column-1\">11\/11\/2022<\/td><td class=\"column-2\">EMMANUEL EDUARDO VITORINO DE FARIAS<\/td><td class=\"column-3\">RUI DE OLIVEIRA\t<\/td><td class=\"column-4\"><a target=\"_blank\" href=\"https:\/\/tede.bc.uepb.edu.br\/jspui\/handle\/tede\/4541\">Impactos ambientais da constru\u00e7\u00e3o civil habitacional no Brasil \u00e0 luz do ciclo de vida<\/a><\/td>\n<\/tr>\n<tr class=\"row-3\">\n\t<td class=\"column-1\">19\/08\/2022\t<\/td><td class=\"column-2\">MARIA VIRGINIA DA CONCEICAO ALBUQUERQUE\t<\/td><td class=\"column-3\">WILTON SILVA LOPES\t<\/td><td class=\"column-4\"><a target=\"_blank\" href=\"https:\/\/tede.bc.uepb.edu.br\/jspui\/handle\/tede\/4484\">Avalia\u00e7\u00e3o do potencial efeito t\u00f3xico de cianotoxinas e seus subprodutos de degrada\u00e7\u00e3o por processos oxidativos avan\u00e7ados<\/a><\/td>\n<\/tr>\n<tr class=\"row-4\">\n\t<td class=\"column-1\">19\/08\/2022\t<\/td><td class=\"column-2\">SALOMAO DE ANDRADE PASCOAL\t<\/td><td class=\"column-3\">CARLOS ANTONIO PEREIRA DE LIMA<\/td><td class=\"column-4\"><a target=\"_blank\" href=\"https:\/\/tede.bc.uepb.edu.br\/jspui\/handle\/tede\/4528\">Desenvolvimento de um reator fotocatal\u00edtico com automa\u00e7\u00e3o: Remo\u00e7\u00e3o de glifosato e oxitetraciclina com o sistema H2O2\/UV-C<\/a><\/td>\n<\/tr>\n<tr class=\"row-5\">\n\t<td class=\"column-1\">12\/12\/2022\t<\/td><td class=\"column-2\">VANESSA ROSALES CONSERVA\t<\/td><td class=\"column-3\">CARLOS ANTONIO PEREIRA DE LIMA\t<\/td><td class=\"column-4\"><a target=\"_blank\" href=\"https:\/\/tede.bc.uepb.edu.br\/jspui\/handle\/tede\/4555\">Avalia\u00e7\u00e3o do desempenho do dessalinizador solar h\u00edbrido com m\u00f3dulos termoel\u00e9tricos acoplado ao gerador e\u00f3lico<\/a><\/td>\n<\/tr>\n<\/tbody>\n<\/table>\n<!-- #tablepress-46 from cache -->[\/vc_column_text][\/vc_tta_section][vc_tta_section title=&#8221;2021&#8243; tab_id=&#8221;1764611140007-63e6a988-9bde&#8221;][vc_column_text css=&#8221;&#8221;]\n<table id=\"tablepress-45\" class=\"tablepress tablepress-id-45\">\n<thead>\n<tr class=\"row-1\">\n\t<th class=\"column-1\">Data<\/th><th class=\"column-2\">Doutorando(a)<\/th><th class=\"column-3\">Orientador(a)<\/th><th class=\"column-4\">T\u00edtulo da Tese<\/th>\n<\/tr>\n<\/thead>\n<tbody class=\"row-striping row-hover\">\n<tr class=\"row-2\">\n\t<td class=\"column-1\">16\/12\/2021<\/td><td class=\"column-2\">GISELAINE MARIA GOMES DE MEDEIROS<\/td><td class=\"column-3\">RUI DE OLIVEIRA<\/td><td class=\"column-4\"><a target=\"_blank\" href=\"https:\/\/tede.bc.uepb.edu.br\/jspui\/handle\/tede\/4123\">Modelo conceitual para gest\u00e3o de \u00e1guas de drenagem urbana em regi\u00f5es semi\u00e1ridas<\/a><\/td>\n<\/tr>\n<tr class=\"row-3\">\n\t<td class=\"column-1\">13\/04\/2021<\/td><td class=\"column-2\">JACOB FORTUNA JOSE CHIMUCA<\/td><td class=\"column-3\">JOSE TAVARES DE SOUSA<\/td><td class=\"column-4\"><a target=\"_blank\" href=\"https:\/\/tede.bc.uepb.edu.br\/jspui\/handle\/tede\/3908\">Desempenho do biorreator anaer\u00f3bio de membrana din\u00e2mica no tratamento de \u00e1guas residu\u00e1rias dom\u00e9sticas<\/a><\/td>\n<\/tr>\n<tr class=\"row-4\">\n\t<td class=\"column-1\">28\/10\/2021<\/td><td class=\"column-2\">KELY DAYANE SILVA DO O<\/td><td class=\"column-3\">JOSE TAVARES DE SOUSA<\/td><td class=\"column-4\"><a target=\"_blank\" href=\"https:\/\/tede.bc.uepb.edu.br\/jspui\/handle\/tede\/4292\">Tratamento biol\u00f3gico de esgoto e solubiliza\u00e7\u00e3o de lodo como alternativa de recupera\u00e7\u00e3o de subprodutos: material carbon\u00e1ceo e nutrientes<\/a><\/td>\n<\/tr>\n<tr class=\"row-5\">\n\t<td class=\"column-1\">30\/03\/2021\t<\/td><td class=\"column-2\">LUANA DE MORAIS E SILVA\t<\/td><td class=\"column-3\">WILTON SILVA LOPES\t<\/td><td class=\"column-4\"><a target=\"_blank\" href=\"https:\/\/tede.bc.uepb.edu.br\/jspui\/handle\/tede\/3827\">Ferramentas in silico aplicadas ao estudo de ecotoxicidade de micropoluentes org\u00e2nicos persistentes<\/a><\/td>\n<\/tr>\n<tr class=\"row-6\">\n\t<td class=\"column-1\">27\/05\/2021<\/td><td class=\"column-2\">THALES LACERDA QUERINO DE ALBUQUERQUEWILTON SILVA LOPES\t<\/td><td class=\"column-3\">WILTON SILVA LOPES<\/td><td class=\"column-4\"><a target=\"_blank\" href=\"https:\/\/tede.bc.uepb.edu.br\/jspui\/handle\/tede\/3830\">Desenvolvimento de uma ferramenta computacional com acesso remoto para monitoramento de biorreatores anaer\u00f3bios<\/a><\/td>\n<\/tr>\n<tr class=\"row-7\">\n\t<td class=\"column-1\">24\/11\/2021\t<\/td><td class=\"column-2\">VALNELI DA SILVA MELO\t<\/td><td class=\"column-3\">LOURIVALDO MOTA LIMA\t<\/td><td class=\"column-4\"><a target=\"_blank\" href=\"https:\/\/tede.bc.uepb.edu.br\/jspui\/handle\/tede\/4186\">Estudo da precipita\u00e7\u00e3o no Estado da Para\u00edba usando an\u00e1lises de s\u00e9ries temporais<\/a><\/td>\n<\/tr>\n<\/tbody>\n<\/table>\n<!-- #tablepress-45 from cache -->[\/vc_column_text][\/vc_tta_section][vc_tta_section title=&#8221;2020&#8243; tab_id=&#8221;1764611139590-e9052118-e4fb&#8221;][vc_column_text css=&#8221;&#8221;]\n<table id=\"tablepress-44\" class=\"tablepress tablepress-id-44\">\n<thead>\n<tr class=\"row-1\">\n\t<th class=\"column-1\">Data<\/th><th class=\"column-2\">Doutorando(a)<\/th><th class=\"column-3\">Orientador(a)<\/th><th class=\"column-4\">T\u00edtulo da Tese<\/th>\n<\/tr>\n<\/thead>\n<tbody class=\"row-striping row-hover\">\n<tr class=\"row-2\">\n\t<td class=\"column-1\">24\/09\/2020<\/td><td class=\"column-2\">ELIANE DE ANDRADE ARAUJO PEREIRA<\/td><td class=\"column-3\">WILTON SILVA LOPES<\/td><td class=\"column-4\"><a target=\"_blank\" href=\"https:\/\/tede.bc.uepb.edu.br\/jspui\/handle\/tede\/3906\">Poluentes Ambientais em diferentes matrizes no estu\u00e1rio do Rio Mamanguape, Para\u00edba-Brasil<\/a><\/td>\n<\/tr>\n<tr class=\"row-3\">\n\t<td class=\"column-1\">26\/11\/2020<\/td><td class=\"column-2\">HERIKA CAVALCANTE DANTAS DA SILVA<\/td><td class=\"column-3\">JOSE ETHAM DE LUCENA BARBOSA<\/td><td class=\"column-4\"><a target=\"_blank\" href=\"https:\/\/tede.bc.uepb.edu.br\/jspui\/handle\/tede\/3904\">Eutrofiza\u00e7\u00e3o em reservat\u00f3rios tropicais semi\u00e1ridos: Fontes de f\u00f3sforo e subs\u00eddios \u00e0 mitiga\u00e7\u00e3o<\/a><\/td>\n<\/tr>\n<tr class=\"row-4\">\n\t<td class=\"column-1\">29\/12\/2020<\/td><td class=\"column-2\">MARIA CELIA CAVALCANTE DE PAULA E SILVA<\/td><td class=\"column-3\">VALDERI DUARTE LEITE<\/td><td class=\"column-4\"><a target=\"_blank\" href=\"https:\/\/tede.bc.uepb.edu.br\/jspui\/handle\/tede\/4000\">Remo\u00e7\u00e3o de nitrog\u00eanio e f\u00f3sforo de lixiviado de aterro sanit\u00e1rio aplicando a Chlorella sp. imobilizada em matriz de alginato de c\u00e1lcio<\/a><\/td>\n<\/tr>\n<tr class=\"row-5\">\n\t<td class=\"column-1\">27\/04\/2020<\/td><td class=\"column-2\">WILMA IZABELLY ANANIAS GOMES<\/td><td class=\"column-3\">JOSELINE MOLOZZI<\/td><td class=\"column-4\"><a target=\"_blank\" href=\"https:\/\/tede.bc.uepb.edu.br\/jspui\/handle\/tede\/3999\">Atributos taxon\u00f4micos e funcionais de Polychaeta como ferramentas ecol\u00f3gicas para o monitoramento de estu\u00e1rios tropicais<\/a><\/td>\n<\/tr>\n<\/tbody>\n<\/table>\n<!-- #tablepress-44 from cache -->[\/vc_column_text][\/vc_tta_section][vc_tta_section title=&#8221;2019&#8243; tab_id=&#8221;1764611124980-9a9d82ae-9b86&#8243;][vc_column_text css=&#8221;&#8221;]\n<table id=\"tablepress-43\" class=\"tablepress tablepress-id-43\">\n<thead>\n<tr class=\"row-1\">\n\t<th class=\"column-1\">Data<\/th><th class=\"column-2\">Doutorando(a)<\/th><th class=\"column-3\">Orientador(a)<\/th><th class=\"column-4\">T\u00edtulo da Tese<\/th>\n<\/tr>\n<\/thead>\n<tbody class=\"row-striping row-hover\">\n<tr class=\"row-2\">\n\t<td class=\"column-1\">14\/03\/2019\t<\/td><td class=\"column-2\">CAMILA FERREIRA MENDES\t<\/td><td class=\"column-3\">JOSE ETHAM DE LUCENA BARBOSA<\/td><td class=\"column-4\"><a target=\"_blank\" href=\"https:\/\/tede.bc.uepb.edu.br\/jspui\/handle\/tede\/4207\">Fatores determinantes da ocorr\u00eancia e abund\u00e2ncia de cianobact\u00e9rias e produ\u00e7\u00e3o de cianotoxinas em ecossistemas do semi\u00e1rido<\/a><\/td>\n<\/tr>\n<tr class=\"row-3\">\n\t<td class=\"column-1\">26\/04\/2019\t<\/td><td class=\"column-2\">ELAINE GURJAO DE OLIVEIRA\t<\/td><td class=\"column-3\">VALDERI DUARTE LEITE\t<\/td><td class=\"column-4\"><a target=\"_blank\" href=\"https:\/\/tede.bc.uepb.edu.br\/jspui\/handle\/tede\/3905\">Identifica\u00e7\u00e3o de compostos org\u00e2nicos e avalia\u00e7\u00e3o da toxicidade de lixiviado de aterro sanit\u00e1rio \u201cin natura\u201d e tratado por Fenton<\/a><\/td>\n<\/tr>\n<tr class=\"row-4\">\n\t<td class=\"column-1\">18\/02\/2019\t<\/td><td class=\"column-2\">PATRICIA SILVA CRUZ\t<\/td><td class=\"column-3\">JOSE ETHAM DE LUCENA BARBOSA\t<\/td><td class=\"column-4\"><a target=\"_blank\" href=\"https:\/\/tede.bc.uepb.edu.br\/jspui\/handle\/tede\/3310\">Din\u00e2mica de cianobact\u00e9rias durante per\u00edodo de estiagem prolongada no semi\u00e1rido brasileiro e suas implica\u00e7\u00f5es para a qualidade da \u00e1gua<\/a><\/td>\n<\/tr>\n<tr class=\"row-5\">\n\t<td class=\"column-1\">22\/02\/2019\t<\/td><td class=\"column-2\">TALES ABREU TAVARES DE SOUSA\t<\/td><td class=\"column-3\">WILTON SILVA LOPES\t<\/td><td class=\"column-4\"><a target=\"_blank\" href=\"https:\/\/tede.bc.uepb.edu.br\/jspui\/handle\/tede\/3902\">Solubiliza\u00e7\u00e3o de material carbon\u00e1ceo e nutrientes de lodo aer\u00f3bio atrav\u00e9s do pr\u00e9-tratamento qu\u00edmico<\/a><\/td>\n<\/tr>\n<tr class=\"row-6\">\n\t<td class=\"column-1\">14\/03\/2019\t<\/td><td class=\"column-2\">VANESSA VIRGINIA BARBOSA\t<\/td><td class=\"column-3\">JOSE ETHAM DE LUCENA BARBOSA\t<\/td><td class=\"column-4\"><a target=\"_blank\" href=\"https:\/\/tede.bc.uepb.edu.br\/jspui\/handle\/tede\/3322\">Egeria densa em reservat\u00f3rio do semi\u00e1rido e rela\u00e7\u00e3o com cianobact\u00e9ria t\u00f3xica<\/a><\/td>\n<\/tr>\n<tr class=\"row-7\">\n\t<td class=\"column-1\">12\/03\/2019\t<\/td><td class=\"column-2\">WILZA DA SILVA LOPES\t<\/td><td class=\"column-3\">JOSE TAVARES DE SOUSA\t<\/td><td class=\"column-4\"><a target=\"_blank\" href=\"https:\/\/tede.bc.uepb.edu.br\/jspui\/handle\/tede\/3311\">Caracteriza\u00e7\u00e3o, solubiliza\u00e7\u00e3o e tratamento de lodos de esgotos com recupera\u00e7\u00e3o de subprodutos<\/a><\/td>\n<\/tr>\n<\/tbody>\n<\/table>\n<!-- #tablepress-43 from cache -->[\/vc_column_text][\/vc_tta_section][vc_tta_section title=&#8221;2018&#8243; tab_id=&#8221;1716555099092-fa1f8d69-4140&#8243;][vc_column_text css=&#8221;&#8221;]\n<table id=\"tablepress-42\" class=\"tablepress tablepress-id-42\">\n<thead>\n<tr class=\"row-1\">\n\t<th class=\"column-1\">Data<\/th><th class=\"column-2\">Doutorando(a)<\/th><th class=\"column-3\">Orientador(a)<\/th><th class=\"column-4\">T\u00edtulo da Tese<br \/>\n<\/th>\n<\/tr>\n<\/thead>\n<tbody class=\"row-striping row-hover\">\n<tr class=\"row-2\">\n\t<td class=\"column-1\">27\/09\/2018<\/td><td class=\"column-2\">EDILMA RODRIGUES BENTO DANTAS<\/td><td class=\"column-3\">WILTON SILVA LOPES<\/td><td class=\"column-4\"><a target=\"_blank\" href=\"https:\/\/tede.bc.uepb.edu.br\/jspui\/handle\/tede\/3222\">Tratamento de lixiviado de aterro sanit\u00e1rio por processo fenton: Identifica\u00e7\u00e3o dos compostos org\u00e2nicos, caracteriza\u00e7\u00e3o do lodo e ensaios ecotoxicol\u00f3gicos<\/a><\/td>\n<\/tr>\n<tr class=\"row-3\">\n\t<td class=\"column-1\">27\/09\/2018\t<\/td><td class=\"column-2\">GRACIELLE RODRIGUES DANTAS<\/td><td class=\"column-3\">VALDERI DUARTE LEITE<\/td><td class=\"column-4\"><a target=\"_blank\" href=\"https:\/\/tede.bc.uepb.edu.br\/jspui\/handle\/tede\/3256\">Avalia\u00e7\u00e3o dos par\u00e2metros f\u00edsico-qu\u00edmicos e microbiol\u00f3gicos no processo de codigest\u00e3o anaer\u00f3bia de res\u00edduos s\u00f3lidos org\u00e2nicos<\/a><\/td>\n<\/tr>\n<tr class=\"row-4\">\n\t<td class=\"column-1\">01\/10\/2018<\/td><td class=\"column-2\">KELLIANNY OLIVEIRA AIRES<\/td><td class=\"column-3\">RUI DE OLIVEIRA<\/td><td class=\"column-4\"><a target=\"_blank\" href=\"https:\/\/tede.bc.uepb.edu.br\/jspui\/handle\/tede\/3181\">Comunidades de bact\u00e9rias e \u00e1rqueas e produ\u00e7\u00e3o de biog\u00e1s em c\u00e9lula experimental de res\u00edduos s\u00f3lidos urbanos<\/a><\/td>\n<\/tr>\n<tr class=\"row-5\">\n\t<td class=\"column-1\">21\/11\/2018<\/td><td class=\"column-2\">LUCIA MARIA DE ARAUJO LIMA GAUDENCIO<\/td><td class=\"column-3\">RUI DE OLIVEIRA<\/td><td class=\"column-4\"><a target=\"_blank\" href=\"https:\/\/tede.bc.uepb.edu.br\/jspui\/handle\/tede\/3257\">Sistema de indicadores de sustentabilidade para unidades de produ\u00e7\u00e3o de petr\u00f3leo e g\u00e1s offshore<\/a><\/td>\n<\/tr>\n<tr class=\"row-6\">\n\t<td class=\"column-1\">15\/02\/2018\t<\/td><td class=\"column-2\">ROSA MARIA DA COSTA SANTANA<\/td><td class=\"column-3\">JOSE ETHAM DE LUCENA BARBOSA\t<\/td><td class=\"column-4\"><a target=\"_blank\" href=\"https:\/\/tede.bc.uepb.edu.br\/jspui\/handle\/tede\/3122\">Din\u00e2mica da comunidade fitoplanct\u00f4nica em dois estu\u00e1rios tropicais sujeitos a diferentes usos do solo: Estu\u00e1rios Para\u00edba e Mamanguape<\/a><\/td>\n<\/tr>\n<tr class=\"row-7\">\n\t<td class=\"column-1\">20\/12\/2018\t<\/td><td class=\"column-2\">SERGIANA LUCAS DE ALMEIDA BRITO<\/td><td class=\"column-3\">LOURIVALDO MOTA LIMA\t<\/td><td class=\"column-4\"><a target=\"_blank\" href=\"https:\/\/tede.bc.uepb.edu.br\/jspui\/handle\/tede\/3255\">Estudo de efeitos de ondas planet\u00e1rias no ambiente ionosf\u00e9rico brasileiro de baixas latitudes<\/a><\/td>\n<\/tr>\n<\/tbody>\n<\/table>\n<!-- #tablepress-42 from cache -->[\/vc_column_text][\/vc_tta_section][vc_tta_section title=&#8221;2017&#8243; tab_id=&#8221;1716555157743-c757cf25-fa3b&#8221;][vc_column_text css=&#8221;&#8221;]\n<table id=\"tablepress-41\" class=\"tablepress tablepress-id-41\">\n<thead>\n<tr class=\"row-1\">\n\t<th class=\"column-1\">Data<\/th><th class=\"column-2\">Doutorando(a)<\/th><th class=\"column-3\">Orientador(a)<\/th><th class=\"column-4\">T\u00edtulo da Tese<\/th>\n<\/tr>\n<\/thead>\n<tbody class=\"row-striping row-hover\">\n<tr class=\"row-2\">\n\t<td class=\"column-1\">15\/12\/2014<\/td><td class=\"column-2\">ELIVANIA VASCONCELOS MORAES DOS SANTOS<\/td><td class=\"column-3\">JOSE TAVARES DE SOUSA<\/td><td class=\"column-4\"><a target=\"_blank\" href=\"https:\/\/tede.bc.uepb.edu.br\/jspui\/handle\/tede\/2247\">Estrat\u00e9gias para predomin\u00e2ncia de organismos acumuladores de f\u00f3sforo em sistemas de lodo ativado e respirometria aplicada \u00e0 biodesfosfata\u00e7\u00e3o<\/a><\/td>\n<\/tr>\n<tr class=\"row-3\">\n\t<td class=\"column-1\"> 11\/12\/2014\t<\/td><td class=\"column-2\">HERALDO ANTUNES SILVA FILHO<\/td><td class=\"column-3\">ADRIANUS CORNELIUS VAN HAANDEL<\/td><td class=\"column-4\"><a target=\"_blank\" href=\"https:\/\/tede.bc.uepb.edu.br\/jspui\/handle\/tede\/2246\">Determina\u00e7\u00e3o de propriedades bioqu\u00edmicas e mec\u00e2nicas de biomassas de sistemas de lodo ativado para concep\u00e7\u00e3o de projetos otimizados<\/a><\/td>\n<\/tr>\n<\/tbody>\n<\/table>\n<!-- #tablepress-41 from cache -->[\/vc_column_text][\/vc_tta_section][vc_tta_section title=&#8221;2016&#8243; tab_id=&#8221;1716555156875-d9671b84-e25b&#8221;][vc_column_text css=&#8221;&#8221;]\n<table id=\"tablepress-40\" class=\"tablepress tablepress-id-40\">\n<thead>\n<tr class=\"row-1\">\n\t<th class=\"column-1\">Data<\/th><th class=\"column-2\">Doutorando(a)<\/th><th class=\"column-3\">Orientador(a)<\/th><th class=\"column-4\">T\u00edtulo da Tese<\/th>\n<\/tr>\n<\/thead>\n<tbody class=\"row-striping row-hover\">\n<tr class=\"row-2\">\n\t<td class=\"column-1\">13\/09\/2016\t<\/td><td class=\"column-2\">ANDREZA COSTA MIRANDA\t<\/td><td class=\"column-3\">WILTON SILVA LOPES\t<\/td><td class=\"column-4\"><a target=\"_blank\" href=\"https:\/\/tede.bc.uepb.edu.br\/jspui\/handle\/tede\/2833\">Degrada\u00e7\u00e3o de contaminantes emergentes e inativa\u00e7\u00e3o de E. Coli resistentes a antibi\u00f3ticos por processos oxidativos avan\u00e7ados<\/a><\/td>\n<\/tr>\n<tr class=\"row-3\">\n\t<td class=\"column-1\">16\/12\/2016\t<\/td><td class=\"column-2\">SILVANIA LUCAS DOS SANTOS\t<\/td><td class=\"column-3\">ADRIANUS CORNELIUS VAN HAANDEL<\/td><td class=\"column-4\"><a target=\"_blank\" href=\"https:\/\/tede.bc.uepb.edu.br\/jspui\/handle\/tede\/2834\">Influ\u00eancia da geometria de reatores UASB em escala unifamiliar sobre seu desempenho no tratamento de esgoto<\/a><\/td>\n<\/tr>\n<\/tbody>\n<\/table>\n<!-- #tablepress-40 from cache -->[\/vc_column_text][\/vc_tta_section][vc_tta_section title=&#8221;2014&#8243; tab_id=&#8221;1716555155126-7c72414d-c86a&#8221;][vc_column_text css=&#8221;&#8221;]\n<table id=\"tablepress-38\" class=\"tablepress tablepress-id-38\">\n<thead>\n<tr class=\"row-1\">\n\t<th class=\"column-1\">Data<\/th><th class=\"column-2\">Doutorando(a)<\/th><th class=\"column-3\">Orientador(a)<\/th><th class=\"column-4\">T\u00edtulo da tese<\/th>\n<\/tr>\n<\/thead>\n<tbody class=\"row-striping row-hover\">\n<tr class=\"row-2\">\n\t<td class=\"column-1\">15\/12\/2014<\/td><td class=\"column-2\">ELIVANIA VASCONCELOS MORAES DOS SANTOS<\/td><td class=\"column-3\">JOSE TAVARES DE SOUSA<\/td><td class=\"column-4\"><a target=\"_blank\" href=\"https:\/\/tede.bc.uepb.edu.br\/jspui\/handle\/tede\/2447\">Estrat\u00e9gias para predomin\u00e2ncia de organismos acumuladores de f\u00f3sforo em sistemas de lodo ativado e respirometria aplicada \u00e0 biodesfosfata\u00e7\u00e3o<\/a><\/td>\n<\/tr>\n<tr class=\"row-3\">\n\t<td class=\"column-1\">11\/12\/2014<\/td><td class=\"column-2\">HERALDO ANTUNES SILVA FILHO<\/td><td class=\"column-3\">ADRIANUS CORNELIUS VAN HAANDEL<\/td><td class=\"column-4\"><a target=\"_blank\" href=\"https:\/\/tede.bc.uepb.edu.br\/jspui\/handle\/tede\/2246\">Determina\u00e7\u00e3o de Propriedades Bioqu\u00edmicas e Mec\u00e2nicas de Biomassas de Sistemas de Lodo Ativado para Concep\u00e7\u00e3o de Projetos Otimizados<\/a><\/td>\n<\/tr>\n<\/tbody>\n<\/table>\n<!-- #tablepress-38 from cache -->[\/vc_column_text][\/vc_tta_section][\/vc_tta_tour][\/vc_column][\/vc_row]<\/p>\n<\/div>","protected":false},"excerpt":{"rendered":"<p>[vc_row][vc_column][vc_tta_tour][vc_tta_section title=&#8221;2025&#8243; tab_id=&#8221;1716555099083-47c71325-afd7&#8243;][vc_column_text css=&#8221;&#8221;]Em constru\u00e7\u00e3o.[\/vc_column_text][\/vc_tta_section][vc_tta_section title=&#8221;2024&#8243; tab_id=&#8221;1764611212212-4adc5859-00de&#8221;][vc_column_text css=&#8221;&#8221;]Em constru\u00e7\u00e3o.[\/vc_column_text][\/vc_tta_section][vc_tta_section title=&#8221;2023&#8243; tab_id=&#8221;1764611211841-12666251-9d11&#8243;][vc_column_text css=&#8221;&#8221;][\/vc_column_text][\/vc_tta_section][vc_tta_section title=&#8221;2022&#8243; tab_id=&#8221;1764611140420-515e0b60-02a5&#8243;][vc_column_text css=&#8221;&#8221;][\/vc_column_text][\/vc_tta_section][vc_tta_section title=&#8221;2021&#8243; tab_id=&#8221;1764611140007-63e6a988-9bde&#8221;][vc_column_text css=&#8221;&#8221;][\/vc_column_text][\/vc_tta_section][vc_tta_section title=&#8221;2020&#8243; tab_id=&#8221;1764611139590-e9052118-e4fb&#8221;][vc_column_text css=&#8221;&#8221;][\/vc_column_text][\/vc_tta_section][vc_tta_section title=&#8221;2019&#8243; tab_id=&#8221;1764611124980-9a9d82ae-9b86&#8243;][vc_column_text css=&#8221;&#8221;][\/vc_column_text][\/vc_tta_section][vc_tta_section title=&#8221;2018&#8243; tab_id=&#8221;1716555099092-fa1f8d69-4140&#8243;][vc_column_text css=&#8221;&#8221;][\/vc_column_text][\/vc_tta_section][vc_tta_section title=&#8221;2017&#8243; tab_id=&#8221;1716555157743-c757cf25-fa3b&#8221;][vc_column_text css=&#8221;&#8221;][\/vc_column_text][\/vc_tta_section][vc_tta_section title=&#8221;2016&#8243; tab_id=&#8221;1716555156875-d9671b84-e25b&#8221;][vc_column_text css=&#8221;&#8221;][\/vc_column_text][\/vc_tta_section][vc_tta_section title=&#8221;2014&#8243; tab_id=&#8221;1716555155126-7c72414d-c86a&#8221;][vc_column_text css=&#8221;&#8221;][\/vc_column_text][\/vc_tta_section][\/vc_tta_tour][\/vc_column][\/vc_row]<\/p>\n","protected":false},"author":37,"featured_media":0,"parent":0,"menu_order":0,"comment_status":"closed","ping_status":"closed","template":"","meta":{"footnotes":""},"class_list":["post-629","page","type-page","status-publish","hentry"],"_links":{"self":[{"href":"https:\/\/pos-graduacao.uepb.edu.br\/ppgcta\/wp-json\/wp\/v2\/pages\/629","targetHints":{"allow":["GET"]}}],"collection":[{"href":"https:\/\/pos-graduacao.uepb.edu.br\/ppgcta\/wp-json\/wp\/v2\/pages"}],"about":[{"href":"https:\/\/pos-graduacao.uepb.edu.br\/ppgcta\/wp-json\/wp\/v2\/types\/page"}],"author":[{"embeddable":true,"href":"https:\/\/pos-graduacao.uepb.edu.br\/ppgcta\/wp-json\/wp\/v2\/users\/37"}],"replies":[{"embeddable":true,"href":"https:\/\/pos-graduacao.uepb.edu.br\/ppgcta\/wp-json\/wp\/v2\/comments?post=629"}],"version-history":[{"count":14,"href":"https:\/\/pos-graduacao.uepb.edu.br\/ppgcta\/wp-json\/wp\/v2\/pages\/629\/revisions"}],"predecessor-version":[{"id":3230,"href":"https:\/\/pos-graduacao.uepb.edu.br\/ppgcta\/wp-json\/wp\/v2\/pages\/629\/revisions\/3230"}],"wp:attachment":[{"href":"https:\/\/pos-graduacao.uepb.edu.br\/ppgcta\/wp-json\/wp\/v2\/media?parent=629"}],"curies":[{"name":"wp","href":"https:\/\/api.w.org\/{rel}","templated":true}]}}