{"id":558,"date":"2016-04-18T11:47:14","date_gmt":"2016-04-18T11:47:14","guid":{"rendered":"https:\/\/pos-graduacao.uepb.edu.br\/ppgcta\/?page_id=558"},"modified":"2016-04-18T11:47:14","modified_gmt":"2016-04-18T11:47:14","slug":"apresentacao","status":"publish","type":"page","link":"https:\/\/pos-graduacao.uepb.edu.br\/ppgcta\/apresentacao\/","title":{"rendered":"Apresenta\u00e7\u00e3o"},"content":{"rendered":"<p style=\"text-align: justify;\">O Programa de P\u00f3s-gradua\u00e7\u00e3o em Ci\u00eancia e Tecnologia Ambiental da UEPB iniciou suas atividades em 2007 ap\u00f3s o credenciamento pela CAPES, na 97\u00aa Reuni\u00e3o do CTC, do curso de Mestrado em Ci\u00eancia e Tecnologia Ambiental. No ano de 2012, na 133\u00aa Reuni\u00e3o do CTC, foi credenciado o curso de Doutorado em Engenharia Ambiental. O programa objetiva preparar e qualificar educadores, pesquisadores e profissionais para realizar pesquisas, estudos, extens\u00e3o, aperfei\u00e7oar e desenvolver conhecimento e tecnologias na \u00e1rea da Ci\u00eancia e Tecnologia Ambiental. Espera-se, como resultado, que o profissional formado atue no sentido de evidenciar, identificar, discutir, propor e executar solu\u00e7\u00f5es inovadoras, vi\u00e1veis e de baixo custo para os problemas ambientais causados pela a\u00e7\u00e3o humana, principalmente na regi\u00e3o semi\u00e1rida do Nordeste do Brasil.<\/p>\n","protected":false},"excerpt":{"rendered":"<p>O Programa de P\u00f3s-gradua\u00e7\u00e3o em Ci\u00eancia e Tecnologia Ambiental da UEPB iniciou suas atividades em 2007 ap\u00f3s o credenciamento pela CAPES, na 97\u00aa Reuni\u00e3o do CTC, do curso de Mestrado em Ci\u00eancia e Tecnologia Ambiental. No ano de 2012, na 133\u00aa Reuni\u00e3o do CTC, foi credenciado o curso de Doutorado em Engenharia Ambiental. O programa <a class=\"leiamais\" href=\"https:\/\/pos-graduacao.uepb.edu.br\/ppgcta\/apresentacao\/\">Leia Mais&#8230;<\/a><\/p>\n","protected":false},"author":1,"featured_media":0,"parent":0,"menu_order":0,"comment_status":"closed","ping_status":"closed","template":"","meta":{"footnotes":""},"class_list":["post-558","page","type-page","status-publish","hentry"],"_links":{"self":[{"href":"https:\/\/pos-graduacao.uepb.edu.br\/ppgcta\/wp-json\/wp\/v2\/pages\/558","targetHints":{"allow":["GET"]}}],"collection":[{"href":"https:\/\/pos-graduacao.uepb.edu.br\/ppgcta\/wp-json\/wp\/v2\/pages"}],"about":[{"href":"https:\/\/pos-graduacao.uepb.edu.br\/ppgcta\/wp-json\/wp\/v2\/types\/page"}],"author":[{"embeddable":true,"href":"https:\/\/pos-graduacao.uepb.edu.br\/ppgcta\/wp-json\/wp\/v2\/users\/1"}],"replies":[{"embeddable":true,"href":"https:\/\/pos-graduacao.uepb.edu.br\/ppgcta\/wp-json\/wp\/v2\/comments?post=558"}],"version-history":[{"count":1,"href":"https:\/\/pos-graduacao.uepb.edu.br\/ppgcta\/wp-json\/wp\/v2\/pages\/558\/revisions"}],"predecessor-version":[{"id":559,"href":"https:\/\/pos-graduacao.uepb.edu.br\/ppgcta\/wp-json\/wp\/v2\/pages\/558\/revisions\/559"}],"wp:attachment":[{"href":"https:\/\/pos-graduacao.uepb.edu.br\/ppgcta\/wp-json\/wp\/v2\/media?parent=558"}],"curies":[{"name":"wp","href":"https:\/\/api.w.org\/{rel}","templated":true}]}}