{"id":51,"date":"2012-01-19T09:19:21","date_gmt":"2012-01-19T09:19:21","guid":{"rendered":"http:\/\/pos-graduacao.ascom.uepb.edu.br\/ppcta\/?page_id=51"},"modified":"2024-05-23T13:29:13","modified_gmt":"2024-05-23T13:29:13","slug":"coordenacao","status":"publish","type":"page","link":"https:\/\/pos-graduacao.uepb.edu.br\/ppgcta\/coordenacao\/","title":{"rendered":"Coordena\u00e7\u00e3o"},"content":{"rendered":"<div class=\"wpb-content-wrapper\"><p>[vc_row gap=&#8221;30&#8243; equal_height=&#8221;yes&#8221; el_class=&#8221;conf-azul&#8221;][vc_column width=&#8221;1\/3&#8243;][vc_column_text]<strong>Coordenador<\/strong><br \/>\nProf. Dr. Carlos Ant\u00f4nio Pereira de Lima<br \/>\ncaplima@servidor.uepb.edu.br<\/p>\n<p><strong>Coordenador Adjunto<\/strong><br \/>\nProf. Dr. Fernando Fernandes Vieira<br \/>\nfernando.desa@servidor.uepb.edu.br<\/p>\n<p><!-- [if gte mso 9]&gt;-->[\/vc_column_text][\/vc_column][vc_column width=&#8221;1\/3&#8243;][vc_column_text]<strong>Secret\u00e1ria<\/strong><br \/>\nNadilma Alves Cunha<\/p>\n<p><strong>Email<\/strong><br \/>\nppgcta@setor.uepb. edu.br<\/p>\n<p><strong>Tel\/Whats Up<\/strong>: (83) 3315 3311[\/vc_column_text][\/vc_column][vc_column width=&#8221;1\/3&#8243;][vc_column_text]<strong>Endere\u00e7o para correspond\u00eancia<\/strong>:<\/p>\n<p>Centro de Ci\u00eancias e Tecnologia &#8211; Universidade Estadual da Para\u00edba<br \/>\nBloco C, Sala C-307, 2\u00ba Andar<br \/>\nEndere\u00e7o: Avenida Juv\u00eancio Arruda, SN. Bairro Universit\u00e1rio<br \/>\nCEP 58.429-600<br \/>\nCampina Grande, PB &#8211; Brasil[\/vc_column_text][\/vc_column][\/vc_row]<\/p>\n<\/div>","protected":false},"excerpt":{"rendered":"<p>[vc_row gap=&#8221;30&#8243; equal_height=&#8221;yes&#8221; el_class=&#8221;conf-azul&#8221;][vc_column width=&#8221;1\/3&#8243;][vc_column_text]Coordenador Prof. Dr. Carlos Ant\u00f4nio Pereira de Lima caplima@servidor.uepb.edu.br Coordenador Adjunto Prof. Dr. Fernando Fernandes Vieira fernando.desa@servidor.uepb.edu.br [\/vc_column_text][\/vc_column][vc_column width=&#8221;1\/3&#8243;][vc_column_text]Secret\u00e1ria Nadilma Alves Cunha Email ppgcta@setor.uepb. edu.br Tel\/Whats Up: (83) 3315 3311[\/vc_column_text][\/vc_column][vc_column width=&#8221;1\/3&#8243;][vc_column_text]Endere\u00e7o para correspond\u00eancia: Centro de Ci\u00eancias e Tecnologia &#8211; Universidade Estadual da Para\u00edba Bloco C, Sala C-307, 2\u00ba Andar Endere\u00e7o: Avenida <a class=\"leiamais\" href=\"https:\/\/pos-graduacao.uepb.edu.br\/ppgcta\/coordenacao\/\">Leia Mais&#8230;<\/a><\/p>\n","protected":false},"author":5,"featured_media":0,"parent":0,"menu_order":0,"comment_status":"open","ping_status":"open","template":"","meta":{"footnotes":""},"class_list":["post-51","page","type-page","status-publish","hentry"],"_links":{"self":[{"href":"https:\/\/pos-graduacao.uepb.edu.br\/ppgcta\/wp-json\/wp\/v2\/pages\/51","targetHints":{"allow":["GET"]}}],"collection":[{"href":"https:\/\/pos-graduacao.uepb.edu.br\/ppgcta\/wp-json\/wp\/v2\/pages"}],"about":[{"href":"https:\/\/pos-graduacao.uepb.edu.br\/ppgcta\/wp-json\/wp\/v2\/types\/page"}],"author":[{"embeddable":true,"href":"https:\/\/pos-graduacao.uepb.edu.br\/ppgcta\/wp-json\/wp\/v2\/users\/5"}],"replies":[{"embeddable":true,"href":"https:\/\/pos-graduacao.uepb.edu.br\/ppgcta\/wp-json\/wp\/v2\/comments?post=51"}],"version-history":[{"count":24,"href":"https:\/\/pos-graduacao.uepb.edu.br\/ppgcta\/wp-json\/wp\/v2\/pages\/51\/revisions"}],"predecessor-version":[{"id":2400,"href":"https:\/\/pos-graduacao.uepb.edu.br\/ppgcta\/wp-json\/wp\/v2\/pages\/51\/revisions\/2400"}],"wp:attachment":[{"href":"https:\/\/pos-graduacao.uepb.edu.br\/ppgcta\/wp-json\/wp\/v2\/media?parent=51"}],"curies":[{"name":"wp","href":"https:\/\/api.w.org\/{rel}","templated":true}]}}