{"id":21,"date":"2021-02-17T19:45:25","date_gmt":"2021-02-17T19:45:25","guid":{"rendered":"http:\/\/pos-graduacao.ascom.uepb.edu.br\/ppcta\/?page_id=21"},"modified":"2024-05-23T13:24:44","modified_gmt":"2024-05-23T13:24:44","slug":"estrutura-curricular","status":"publish","type":"page","link":"https:\/\/pos-graduacao.uepb.edu.br\/ppgcta\/estrutura-curricular\/","title":{"rendered":"Estrutura Curricular"},"content":{"rendered":"<div class=\"wpb-content-wrapper\"><p>[vc_row gap=&#8221;30&#8243; equal_height=&#8221;yes&#8221;][vc_column width=&#8221;1\/3&#8243;][vc_text_separator title=&#8221;Mestrado&#8221; title_align=&#8221;separator_align_left&#8221;][vc_column_text]O Programa de P\u00f3s-Gradua\u00e7\u00e3o em Ci\u00eancia e Tecnologia Ambiental funciona em regime trimestral, exigindo-se para integraliza\u00e7\u00e3o das disciplinas a n\u00edvel de mestrado: no m\u00ednimo de 24 cr\u00e9ditos, \u00a0sendo distribu\u00eddos: 10 cr\u00e9ditos obrigat\u00f3rios e 14 cr\u00e9ditos eletivos.<\/p>\n<p><strong>Disciplinas Obrigat\u00f3rias (Total de 10 cr\u00e9ditos)<\/strong><\/p>\n<ul>\n<li><a href=\"https:\/\/pos-graduacao.uepb.edu.br\/ppgcta\/download\/processos-e-operacoes-i\/?wpdmdl=1427&amp;masterkey=5d418d82f404b\">Processos e Opera\u00e7\u00f5es I<\/a>\u00a0(3 cr\u00e9ditos)<\/li>\n<li><a href=\"https:\/\/pos-graduacao.uepb.edu.br\/ppgcta\/download\/termodinamica\/?wpdmdl=1428&amp;masterkey=5d418da0b15d0\">Termodin\u00e2mica<\/a>\u00a0(3 cr\u00e9ditos)<\/li>\n<li><a href=\"https:\/\/pos-graduacao.uepb.edu.br\/ppgcta\/download\/seminarios-em-engenharia-ambiental-i\/?wpdmdl=1310\">Semin\u00e1rios de Engenharia Ambiental I<\/a>\u00a0(2 cr\u00e9ditos)<\/li>\n<li><a href=\"https:\/\/pos-graduacao.uepb.edu.br\/ppgcta\/download\/seminarios-em-engenharia-ambiental-ii-mestrado\/?wpdmdl=1311\">Semin\u00e1rios de Engenharia Ambiental II<\/a>\u00a0(2 cr\u00e9ditos)<\/li>\n<\/ul>\n<p><strong>T\u00f3picos<\/strong><\/p>\n<ul>\n<li><a href=\"https:\/\/pos-graduacao.uepb.edu.br\/ppgcta\/download\/topico-especial-em-engenharia-ambiental-i\/?wpdmdl=1314&amp;masterkey=5d1b9758ef732\">T\u00f3picos especiais em engenharia ambiental I<\/a>\u00a0(2 cr\u00e9ditos)<\/li>\n<li><a href=\"https:\/\/pos-graduacao.uepb.edu.br\/ppgcta\/download\/topico-especial-em-engenharia-ambiental-ii\/?wpdmdl=1315&amp;masterkey=5d1b97725e292\">T\u00f3picos especiais em engenharia ambiental II<\/a>\u00a0(2 cr\u00e9ditos)<\/li>\n<\/ul>\n<p>[\/vc_column_text][\/vc_column][vc_column width=&#8221;1\/3&#8243;][vc_text_separator title=&#8221;Doutorado&#8221; title_align=&#8221;separator_align_left&#8221;][vc_column_text]O Programa de P\u00f3s-Gradua\u00e7\u00e3o em Ci\u00eancia e Tecnologia Ambiental funciona em regime trimestral, exigindo-se para integraliza\u00e7\u00e3o das disciplinas a n\u00edvel de doutorado: m\u00ednimo de 48 cr\u00e9ditos, sendo distribu\u00eddos: 17 cr\u00e9ditos obrigat\u00f3rios, 19 cr\u00e9ditos eletivos e 12 cr\u00e9ditos obrigat\u00e1rios referentes \u00e0 publica\u00e7\u00e3o de um artigo cient\u00edfico relacionado com seu trabalho de tese, em peri\u00f3dico Qualis A1, A2, B1 ou B2 na \u00e1rea de Engenharia I da CAPES.<\/p>\n<p><strong>Disciplinas obrigat\u00f3rias (Total de 29 cr\u00e9ditos)<\/strong><\/p>\n<ul>\n<li><a href=\"https:\/\/pos-graduacao.uepb.edu.br\/ppgcta\/download\/processos-e-operacoes-i\/?wpdmdl=1427&amp;masterkey=5d418d82f404b\">Processos e Opera\u00e7\u00f5es I<\/a>\u00a0(3 cr\u00e9ditos)<\/li>\n<li><a href=\"https:\/\/pos-graduacao.uepb.edu.br\/ppgcta\/download\/processos-e-operacoes-ii\/?wpdmdl=1308&amp;masterkey=5d1b95ef3479f\">Processos e Opera\u00e7\u00f5es II<\/a>\u00a0(3 cr\u00e9ditos)<\/li>\n<li><a href=\"https:\/\/pos-graduacao.uepb.edu.br\/ppgcta\/download\/termodinamica\/?wpdmdl=1428&amp;masterkey=5d418da0b15d0\">Termodin\u00e2mica<\/a>\u00a0(3 cr\u00e9ditos)<\/li>\n<li><a href=\"https:\/\/pos-graduacao.uepb.edu.br\/ppgcta\/download\/artigo-cientifico\/?wpdmdl=1307&amp;masterkey=5d1b95c91103b\">Artigo Cientifico<\/a>\u00a0(12 cr\u00e9ditos)<\/li>\n<li><a href=\"https:\/\/pos-graduacao.uepb.edu.br\/ppgcta\/download\/seminarios-em-engenharia-ambiental-i\/?wpdmdl=1310&amp;masterkey=5d1b96eab13fb\">Semin\u00e1rios em engenharia ambiental I<\/a>\u00a0(2 cr\u00e9ditos)<\/li>\n<li><a href=\"https:\/\/pos-graduacao.uepb.edu.br\/ppgcta\/download\/seminarios-em-engenharia-ambiental-ii\/?wpdmdl=1311&amp;masterkey=5d1b9709d0975\">Semin\u00e1rios em engenharia ambiental II<\/a>\u00a0(2 cr\u00e9ditos)<\/li>\n<li><a href=\"https:\/\/pos-graduacao.uepb.edu.br\/ppgcta\/download\/seminarios-em-engenharia-ambiental-iii\/?wpdmdl=1312&amp;masterkey=5d1b9728658da\">Semin\u00e1rios em engenharia ambiental III<\/a>\u00a0(2 cr\u00e9ditos)<\/li>\n<li><a href=\"https:\/\/pos-graduacao.uepb.edu.br\/ppgcta\/download\/seminarios-em-engenharia-ambiental-iv\/?wpdmdl=1313&amp;masterkey=5d1b973d016ee\">Semin\u00e1rios em engenharia ambiental IV<\/a>\u00a0(2 cr\u00e9ditos)<\/li>\n<\/ul>\n<p><strong>T\u00f3picos<\/strong><\/p>\n<ul>\n<li><a href=\"https:\/\/pos-graduacao.uepb.edu.br\/ppgcta\/download\/topico-especial-em-engenharia-ambiental-i\/?wpdmdl=1314&amp;masterkey=5d1b9758ef732\">T\u00f3picos especiais em engenharia ambiental I<\/a>\u00a0(2 cr\u00e9ditos)<\/li>\n<li><a href=\"https:\/\/pos-graduacao.uepb.edu.br\/ppgcta\/download\/topico-especial-em-engenharia-ambiental-ii\/?wpdmdl=1315&amp;masterkey=5d1b97725e292\">T\u00f3picos especiais em engenharia ambiental II<\/a>\u00a0(2 cr\u00e9ditos)<\/li>\n<li><a href=\"https:\/\/pos-graduacao.uepb.edu.br\/ppgcta\/download\/topico-especial-em-engenharia-ambiental-iii\/?wpdmdl=1316&amp;masterkey=5d1b97884a544\">T\u00f3picos especiais em engenharia ambiental III<\/a>\u00a0(2 cr\u00e9ditos)<\/li>\n<li><a href=\"https:\/\/pos-graduacao.uepb.edu.br\/ppgcta\/download\/topico-especial-em-engenharia-ambiental-iv\/?wpdmdl=1317&amp;masterkey=5d1b979839a39\">T\u00f3picos especiais em engenharia ambiental IV<\/a>\u00a0(2 cr\u00e9ditos)<\/li>\n<\/ul>\n<p>[\/vc_column_text][\/vc_column][vc_column width=&#8221;1\/3&#8243;][vc_text_separator title=&#8221;Disciplinas Eletivas (Mestrado e Doutorado)&#8221; title_align=&#8221;separator_align_left&#8221;][vc_column_text]<\/p>\n<ul>\n<li><a href=\"https:\/\/pos-graduacao.uepb.edu.br\/ppgcta\/download\/ementas\/Fisica-da-atmosfera.pdf\">F\u00edsica Da Atmosfera t&#8230;<\/a><\/li>\n<li><a href=\"https:\/\/pos-graduacao.uepb.edu.br\/ppgcta\/download\/dinamica-ambiental-e-mudancas-climaticas\/?wpdmdl=1432&amp;masterkey=5d418e49e2772\">Din\u00e2mica ambiental e mudan\u00e7as clim\u00e1ticas<\/a>\u00a0(3 cr\u00e9ditos)<\/li>\n<li><a href=\"https:\/\/pos-graduacao.uepb.edu.br\/ppgcta\/download\/sensoriamento-remoto\/?wpdmdl=1333&amp;masterkey=5d1b9c6b155c9\">Sensoriamento remoto<\/a>\u00a0(3 cr\u00e9ditos)<\/li>\n<li><a href=\"https:\/\/pos-graduacao.uepb.edu.br\/ppgcta\/download\/modelagem-em-sistemas-ambientais\/?wpdmdl=1331&amp;masterkey=5d1b9c0831ae2\">Modelagem matem\u00e1tica em sistemas ambientais<\/a>\u00a0(3 cr\u00e9ditos)<\/li>\n<li><a href=\"https:\/\/pos-graduacao.uepb.edu.br\/ppgcta\/download\/qualidade-de-agua-e-tecnicas-avancadas-de-tratamento\/?wpdmdl=1433&amp;masterkey=5d418e67323c9\">Qualidade de \u00e1gua e t\u00e9cnicas avan\u00e7adas de tratamento<\/a>\u00a0(3 cr\u00e9ditos)<\/li>\n<li><a href=\"https:\/\/pos-graduacao.uepb.edu.br\/ppgcta\/download\/analise-fisica-e-quimica-de-agua-e-efluentes\/?wpdmdl=1434&amp;masterkey=5d418e777698d\">An\u00e1lise f\u00edsica e qu\u00edmica de \u00e1gua e efluentes<\/a>\u00a0(3 cr\u00e9ditos)<\/li>\n<li><a href=\"https:\/\/pos-graduacao.uepb.edu.br\/ppgcta\/download\/tecnologias-de-tratamento-de-residuos-solidos\/?wpdmdl=1334&amp;masterkey=5d1b9c8358c52\">Tecnologias de tratamento de res\u00edduos s\u00f3lidos<\/a>\u00a0(3 cr\u00e9ditos)<\/li>\n<li><a href=\"https:\/\/pos-graduacao.uepb.edu.br\/ppgcta\/download\/tratamento-de-aguas-residuarias-por-processos-biologicos\/?wpdmdl=1335&amp;masterkey=5d1b9ca941e10\">Tratamento de \u00e1guas residu\u00e1rias por processos biol\u00f3gicos<\/a>\u00a0(3 cr\u00e9ditos)<\/li>\n<li><a href=\"https:\/\/pos-graduacao.uepb.edu.br\/ppgcta\/download\/microbiologia-aplicada-a-engenharia-sanitaria-e-ambiental\/?wpdmdl=1330&amp;masterkey=5d1b9be55997d\">Microbiologia aplicada \u00e0 engenharia sanit\u00e1ria e ambiental<\/a>\u00a0(3 cr\u00e9ditos)<\/li>\n<li><a href=\"https:\/\/pos-graduacao.uepb.edu.br\/ppgcta\/download\/ciencia-e-tecnologia-ambiental\/?wpdmdl=1325&amp;masterkey=5d1b9b5e27d71\">Ci\u00eancia e tecnologia ambiental<\/a>\u00a0(3 cr\u00e9ditos)<\/li>\n<li><a href=\"https:\/\/pos-graduacao.uepb.edu.br\/ppgcta\/download\/estatistica-aplicada\/?wpdmdl=1327&amp;masterkey=5d1b9b88ea7af\">Estat\u00edstica aplicada<\/a>\u00a0(3 cr\u00e9ditos)<\/li>\n<li><a href=\"https:\/\/pos-graduacao.uepb.edu.br\/ppgcta\/download\/metodologia-cientifica\/?wpdmdl=1329&amp;masterkey=5d1b9bab49214\">Metodologia cient\u00edfica<\/a>\u00a0(3 cr\u00e9ditos)<\/li>\n<li><a href=\"https:\/\/pos-graduacao.uepb.edu.br\/ppgcta\/download\/ecologia-aplicada-a-engenharia-sanitaria-e-ambiental\/?wpdmdl=1326&amp;masterkey=5d1b9b7602809\">Ecologia aplicada \u00e0 engenharia ambiental<\/a>\u00a0(3 cr\u00e9ditos)<\/li>\n<li><a href=\"https:\/\/pos-graduacao.uepb.edu.br\/ppgcta\/download\/tecnicas-analiticas-para-caracterizacao-de-agua-e-residuos\/?wpdmdl=1435&amp;masterkey=5d418e9170e48\">T\u00e9cnicas anal\u00edticas para caracteriza\u00e7\u00e3o de \u00e1gua e res\u00edduos<\/a>\u00a0(3 cr\u00e9ditos)<\/li>\n<li><a href=\"https:\/\/pos-graduacao.uepb.edu.br\/ppgcta\/download\/fontes-alternativas-de-energias\/?wpdmdl=1328&amp;masterkey=5d1b9b9cb7c8b\">Fontes Alternativas de Energias<\/a>\u00a0(3 cr\u00e9ditos)<\/li>\n<li><a href=\"https:\/\/pos-graduacao.uepb.edu.br\/ppgcta\/download\/ementas\/Tecnicas_de_Caracterizacao_de_Materiais_3.pdf\">T\u00e9cnicas de Caracteriza\u00e7\u00e3o de Materiais<\/a>\u00a0(3 cr\u00e9ditos)<\/li>\n<li><a href=\"https:\/\/pos-graduacao.uepb.edu.br\/ppgcta\/download\/ementas\/Tecnologia-de-Membranas.pdf\">Tecnologia de Membranas<\/a>\u00a0(3 cr\u00e9ditos)<\/li>\n<li><a href=\"https:\/\/pos-graduacao.uepb.edu.br\/ppgcta\/download\/ementas\/Gestao-de-recursos-hidricos.pdf\">Gest\u00e3o de recursos h\u00eddricos<\/a>\u00a0(3 cr\u00e9ditos)<\/li>\n<\/ul>\n<p>[\/vc_column_text][\/vc_column][\/vc_row]<\/p>\n<\/div>","protected":false},"excerpt":{"rendered":"<p>[vc_row gap=&#8221;30&#8243; equal_height=&#8221;yes&#8221;][vc_column width=&#8221;1\/3&#8243;][vc_text_separator title=&#8221;Mestrado&#8221; title_align=&#8221;separator_align_left&#8221;][vc_column_text]O Programa de P\u00f3s-Gradua\u00e7\u00e3o em Ci\u00eancia e Tecnologia Ambiental funciona em regime trimestral, exigindo-se para integraliza\u00e7\u00e3o das disciplinas a n\u00edvel de mestrado: no m\u00ednimo de 24 cr\u00e9ditos, \u00a0sendo distribu\u00eddos: 10 cr\u00e9ditos obrigat\u00f3rios e 14 cr\u00e9ditos eletivos. Disciplinas Obrigat\u00f3rias (Total de 10 cr\u00e9ditos) Processos e Opera\u00e7\u00f5es I\u00a0(3 cr\u00e9ditos) Termodin\u00e2mica\u00a0(3 cr\u00e9ditos) Semin\u00e1rios <a class=\"leiamais\" href=\"https:\/\/pos-graduacao.uepb.edu.br\/ppgcta\/estrutura-curricular\/\">Leia Mais&#8230;<\/a><\/p>\n","protected":false},"author":5,"featured_media":0,"parent":0,"menu_order":0,"comment_status":"open","ping_status":"open","template":"","meta":{"footnotes":""},"class_list":["post-21","page","type-page","status-publish","hentry"],"_links":{"self":[{"href":"https:\/\/pos-graduacao.uepb.edu.br\/ppgcta\/wp-json\/wp\/v2\/pages\/21","targetHints":{"allow":["GET"]}}],"collection":[{"href":"https:\/\/pos-graduacao.uepb.edu.br\/ppgcta\/wp-json\/wp\/v2\/pages"}],"about":[{"href":"https:\/\/pos-graduacao.uepb.edu.br\/ppgcta\/wp-json\/wp\/v2\/types\/page"}],"author":[{"embeddable":true,"href":"https:\/\/pos-graduacao.uepb.edu.br\/ppgcta\/wp-json\/wp\/v2\/users\/5"}],"replies":[{"embeddable":true,"href":"https:\/\/pos-graduacao.uepb.edu.br\/ppgcta\/wp-json\/wp\/v2\/comments?post=21"}],"version-history":[{"count":89,"href":"https:\/\/pos-graduacao.uepb.edu.br\/ppgcta\/wp-json\/wp\/v2\/pages\/21\/revisions"}],"predecessor-version":[{"id":2396,"href":"https:\/\/pos-graduacao.uepb.edu.br\/ppgcta\/wp-json\/wp\/v2\/pages\/21\/revisions\/2396"}],"wp:attachment":[{"href":"https:\/\/pos-graduacao.uepb.edu.br\/ppgcta\/wp-json\/wp\/v2\/media?parent=21"}],"curies":[{"name":"wp","href":"https:\/\/api.w.org\/{rel}","templated":true}]}}