{"id":1222,"date":"2019-04-11T17:35:41","date_gmt":"2019-04-11T17:35:41","guid":{"rendered":"https:\/\/pos-graduacao.uepb.edu.br\/ppgcta\/?page_id=1222"},"modified":"2024-10-09T17:22:10","modified_gmt":"2024-10-09T17:22:10","slug":"grupos-de-pesquisa","status":"publish","type":"page","link":"https:\/\/pos-graduacao.uepb.edu.br\/ppgcta\/grupos-de-pesquisa\/","title":{"rendered":"Grupos de Pesquisa"},"content":{"rendered":"<div class=\"wpb-content-wrapper\"><p>[vc_row][vc_column][vc_tta_accordion title_tag=&#8221;h3&#8243; section_title_tag=&#8221;h2&#8243; style=&#8221;modern&#8221; shape=&#8221;square&#8221; c_icon=&#8221;triangle&#8221; active_section=&#8221;0&#8243; collapsible_all=&#8221;true&#8221;][vc_tta_section title=&#8221;F\u00cdSICA DA ATMOSFERA&#8221; tab_id=&#8221;1728494113153-125353cb-2acf&#8221;][vc_column_text css=&#8221;.vc_custom_1728494182759{margin-top: 30px !important;}&#8221;]Lideres do grupo:<\/p>\n<p>1\u00ba L\u00edder: Lourivaldo Mota Lima<\/p>\n<p>As pesquisas desenvolvidas pelo grupo de F\u00edsica da Atmosfera da Universidade Estadual da Para\u00edba, visam contribuir para o melhor entendimento da din\u00e2mica, energ\u00e9tica e acoplamento latitudinal, bem como entre as camadas da atmosfera terrestre. Com base em observa\u00e7\u00f5es obtidas por instrumentos instalados em solo e a bordo de sat\u00e9lites, o grupo tem realizado estudos envolvendo o sistema Atmosfera-Terra-Sol, com \u00eanfase nas varia\u00e7\u00f5es dos par\u00e2metros da estratosfera, mesosfera e ionosfera devidas \u00e0 propaga\u00e7\u00e3o de ondas atmosf\u00e9ricas (mar\u00e9s e ondas planet\u00e1rias), o que tem possibilitado a publica\u00e7\u00e3o de artigos em peri\u00f3dicos internacionais e nacionais, orienta\u00e7\u00f5es de doutorado, mestrado e de inicia\u00e7\u00e3o cient\u00edfica.[\/vc_column_text][vc_btn title=&#8221;Link do Grupo no CNPq&#8221; color=&#8221;primary&#8221; css=&#8221;.vc_custom_1728494469445{margin-top: 30px !important;margin-bottom: 30px !important;}&#8221; link=&#8221;url:http%3A%2F%2Fdgp.cnpq.br%2Fdgp%2Fespelhogrupo%2F4929512576595650|target:_blank&#8221;][\/vc_tta_section][vc_tta_section title=&#8221;GRUPO DE PESQUISA EM TECNOLOGIAS AMBIENTAIS \u2013 GPTecA&#8221; tab_id=&#8221;1728494113157-a5b951d8-b501&#8243;][vc_column_text css=&#8221;.vc_custom_1728494222802{margin-top: 30px !important;}&#8221;]Lideres do grupo:<\/p>\n<ul>\n<li>1\u00ba L\u00edder: William de Paiva<\/li>\n<li>2\u00ba L\u00edder: La\u00e9rcio Leal dos Santos<\/li>\n<\/ul>\n<p>O presente grupo de pesquisa tem como objetivo estudar de forma eficiente, ou seja, de forma racional e econ\u00f4mica, o uso adequado do ambiente, seja ele rural ou urbano, al\u00e9m dos res\u00edduos (l\u00edquidos e s\u00f3lidos \/ urbanos ou industriais) produzidos pelo homem. Esse grupo pretende usar tecnologias eficientes j\u00e1 descritas em normas t\u00e9cnicas e em bibliografias nacionais e internacionais para caracteriza\u00e7\u00e3o, tratamento e destina\u00e7\u00e3o ambientalmente adequada dos res\u00edduos s\u00f3lidos e l\u00edquidos, bem como, implementar novas tecnologias ao estudo do escoamento superficial em \u00e1reas rurais e urbanas, aplica\u00e7\u00e3o de modelagem matem\u00e1tica e f\u00edsica de processos que governam o escoamento e a eros\u00e3o do solo, dos fen\u00f4menos f\u00edsicos que norteiam a infiltra\u00e7\u00e3o de \u00e1gua e gases nos solos, como tamb\u00e9m o uso do solo como meio filtrante. Da mesma forma, a utiliza\u00e7\u00e3o de novas tecnologias, efetivamente implementados, propiciar\u00e1 o desenvolvimento da pesquisa na UEPB e a pos-gradua\u00e7\u00e3o.[\/vc_column_text][vc_btn title=&#8221;Link do Grupo no CNPq&#8221; color=&#8221;primary&#8221; css=&#8221;.vc_custom_1728494451016{margin-top: 30px !important;margin-bottom: 30px !important;}&#8221; link=&#8221;url:http%3A%2F%2Fdgp.cnpq.br%2Fdgp%2Fespelhorh%2F2612977983185686|target:_blank&#8221;][\/vc_tta_section][vc_tta_section title=&#8221;GRUPO DE PESQUISA EM TRATAMENTOS AVAN\u00c7ADOS DE \u00c1GUAS \u2013 GRUTAA&#8221; tab_id=&#8221;1728494151219-0aa0d254-65e5&#8243;][vc_column_text css=&#8221;.vc_custom_1728494262916{margin-top: 30px !important;}&#8221;]Lideres do grupo:<\/p>\n<ul>\n<li>1\u00ba L\u00edder: Carlos Ant\u00f4nio Pereira de Lima<\/li>\n<li>2\u00ba L\u00edder: Keila Machado de Medeiros<\/li>\n<\/ul>\n<p>Visando contribuir com a produ\u00e7\u00e3o de conhecimento na \u00e1rea de tratamento de \u00e1gua e efluentes, este grupo de pesquisa prop\u00f5e a avalia\u00e7\u00e3o da aplica\u00e7\u00e3o de t\u00e9cnicas avan\u00e7adas nos seus tratamentos. Com o avan\u00e7o da tecnologia, diariamente surgem novas t\u00e9cnicas para o tratamento de \u00e1gua e efluentes. Essas novidades aumentam a efici\u00eancia dos processos e tentam, cada vez mais, reduzir os custos e o tempo das opera\u00e7\u00f5es. No setor de tratamento de \u00e1guas, a utiliza\u00e7\u00e3o da energia solar n\u00e3o s\u00f3 \u00e9 poss\u00edvel, como apresenta melhores desempenhos, especialmente no que se refere a resultados, custos e sustentabilidade ambiental. Outra t\u00e9cnica \u00e9 o uso das membranas nos processos de tratamento, entre as quais se pode destacar as de microfiltra\u00e7\u00e3o, nanofiltra\u00e7\u00e3o e osmose reversa. \u00c9 tamb\u00e9m demostrado que a utiliza\u00e7\u00e3o de energia solar para o tratamento de efluentes, especialmente os Processos Oxidativos Avan\u00e7ados, utilizados na degrada\u00e7\u00e3o de poluentes persistentes, proporciona melhores resultados.[\/vc_column_text][vc_btn title=&#8221;Link do Grupo no CNPq&#8221; color=&#8221;primary&#8221; css=&#8221;.vc_custom_1728494418823{margin-top: 30px !important;margin-bottom: 30px !important;}&#8221; link=&#8221;url:http%3A%2F%2Fdgp.cnpq.br%2Fdgp%2Fespelhogrupo%2F337150|target:_blank&#8221;][\/vc_tta_section][vc_tta_section title=&#8221;PROCESSOS OXIDATIVOS AVAN\u00c7ADOS&#8221; tab_id=&#8221;1728494515965-e6324519-601f&#8221;][vc_column_text css=&#8221;.vc_custom_1728494536471{margin-top: 30px !important;}&#8221;]Lideres do grupo:<\/p>\n<ul>\n<li>1\u00ba L\u00edder: Fernando Fernandes Vieira<\/li>\n<li>2\u00ba L\u00edder: Geralda Gilvania Cavalcante de Lima<\/li>\n<\/ul>\n<p>Visando contribuir com a produ\u00e7\u00e3o de conhecimento nesta \u00e1rea, este grupo de pesquisa prop\u00f5e a avalia\u00e7\u00e3o da aplica\u00e7\u00e3o dos Processos Oxidativos Avan\u00e7ados (POA`s) no tratamento de efluentes dom\u00e9sticos e industriais. Os POA`s despontam como nova tend\u00eancia para o tratamento de res\u00edduos contendo compostos refrat\u00e1rios. Os POA`s se baseiam na gera\u00e7\u00e3o e consumo de radicais hidroxilas (.OH) os quais s\u00e3o altamente oxidantes e podem conduzir a total mineralizacao os compostos org\u00e2nicos presentes nos res\u00edduos l\u00edquidos e gasosos. O sucesso destes processos est\u00e1 baseado no fato de que as constantes de taxa de rea\u00e7\u00e3o entre os radicais hidroxila e a maioria dos poluentes org\u00e2nicos serem extremamente elevadas. Dentre os POA`s destacam-se a fotocat\u00e1lise heterog\u00eanea, que se fundamenta na exposi\u00e7\u00e3o \u00e0 radia\u00e7\u00e3o ultravioleta de um semicondutor que \u00e9 promovido a um estado eletronicamente excitado gerando pares el\u00e9trons \u2013 lacunas (e -, h+) e o processos Fenton e foto-Fenton que se caracterizam essencialmente na gera\u00e7\u00e3o de radical hidroxila pela rea\u00e7\u00e3o entre o Ferro (+2) e o per\u00f3xido de hidrog\u00eanio, com ou sem o uso de radia\u00e7\u00e3o. Outro Processo Oxidativo Avan\u00e7ado que tem merecido especial aten\u00e7\u00e3o \u00e9 o processo Fenton que caracteriza-se essencialmente na gera\u00e7\u00e3o de radical hidroxila pela rea\u00e7\u00e3o entre o ferro (+2) e o per\u00f3xido de hidrog\u00eanio. O processo Fenton tamb\u00e9m pode ser associado a radia\u00e7\u00e3o UV-B (280 a 320 nm), UV-A (320 a 400 nm) e VIS (400 a 800 nm), sendo denominado sistema Foto-Fenton. Neste processo, h\u00e1 regenera\u00e7\u00e3o das esp\u00e9cies de Fe+2, fechando-se o ciclo catal\u00edtico com produ\u00e7\u00e3o de dois radicais hidroxila para cada mol de H2O2.[\/vc_column_text][vc_btn title=&#8221;Link do Grupo no CNPq&#8221; color=&#8221;primary&#8221; css=&#8221;.vc_custom_1728494544622{margin-top: 30px !important;margin-bottom: 30px !important;}&#8221; link=&#8221;url:http%3A%2F%2Fdgp.cnpq.br%2Fdgp%2Fespelhogrupo%2F8987321072912074|target:_blank&#8221;][\/vc_tta_section][vc_tta_section title=&#8221;QU\u00cdMICA SANIT\u00c1RIA E AMBIENTAL&#8221; tab_id=&#8221;1728494550026-a076bc49-2e74&#8243;][vc_column_text css=&#8221;.vc_custom_1728494577482{margin-top: 30px !important;}&#8221;]Lideres do grupo:<\/p>\n<p>1\u00ba L\u00edder: Wilton Silva Lopes<\/p>\n<p>O objetivo principal do grupo de pesquisa \u00e9 o desenvolvimento e aplica\u00e7\u00e3o de processos f\u00edsico-qu\u00edmicos voltados para degrada\u00e7\u00e3o de poluentes org\u00e2nicos persistentes. Tamb\u00e9m s\u00e3o estudados processos qu\u00edmicos conjugados a processos biol\u00f3gicos para tratamento de res\u00edduos s\u00f3lidos e l\u00edquidos, principalmente, processos voltados a remo\u00e7\u00e3o de nutrientes de \u00e1guas residu\u00e1rias.[\/vc_column_text][vc_btn title=&#8221;Link do Grupo no CNPq&#8221; color=&#8221;primary&#8221; css=&#8221;.vc_custom_1728494589109{margin-top: 30px !important;margin-bottom: 30px !important;}&#8221; link=&#8221;url:http%3A%2F%2Fdgp.cnpq.br%2Fdgp%2Fespelhogrupo%2F6736643223570471|target:_blank&#8221;][\/vc_tta_section][vc_tta_section title=&#8221;SANEAMENTO AMBIENTAL&#8221; tab_id=&#8221;1728494548095-2549d292-8386&#8243;][vc_column_text css=&#8221;.vc_custom_1728494616289{margin-top: 30px !important;}&#8221;]Lideres do grupo:<\/p>\n<ul>\n<li>1\u00ba L\u00edder: Jos\u00e9 Tavares de Sousa<\/li>\n<li>2\u00ba L\u00edder: Valderi Duarte Leite<\/li>\n<\/ul>\n<p>O Grupo de Saneamento Ambiental, constitu\u00eddo por professores lotados quase na sua totalidade no Departamento de Engenharia Sanit\u00e1ria e Ambiental pertencente ao Centro de Ci\u00eancias e Tecnologia da Universidade Estadual da Para\u00edba \u2013 UEPB, vem desenvolvendo trabalhos de pesquisa desde o ano de 1995, prioritariamente na \u00e1rea de Saneamento B\u00e1sico e Ambiental. Atua preferencialmente, no Programa de P\u00f3s-gradua\u00e7\u00e3o em Ci\u00eancia e Tecnologia Ambiental-UEPB em n\u00edvel de Mestrado e Engenharia Ambiental em n\u00edvel de doutorado. O grupo tem produzido at\u00e9 o momento, cerca de 150 disserta\u00e7\u00f5es de Mestrado e Teses, em torno de trezentos trabalhos cient\u00edficos completos em congressos nacionais e internacionais, trinta cap\u00edtulos de livros, cento e oitenta trabalhos em revistas de divulga\u00e7\u00e3o cient\u00edfica em n\u00edvel nacional e internacional, al\u00e9m de participa\u00e7\u00e3o em bancas examinadoras de concurso p\u00fablico e cerca de 20 parcerias com universidades nacionais e internacionais.[\/vc_column_text][vc_btn title=&#8221;Link do Grupo no CNPq&#8221; color=&#8221;primary&#8221; css=&#8221;.vc_custom_1728494628437{margin-top: 30px !important;margin-bottom: 30px !important;}&#8221; link=&#8221;url:http%3A%2F%2Fdgp.cnpq.br%2Fdgp%2Fespelhogrupo%2F1939974599525698|target:_blank&#8221;][\/vc_tta_section][\/vc_tta_accordion][\/vc_column][\/vc_row]<\/p>\n<\/div>","protected":false},"excerpt":{"rendered":"<p>[vc_row][vc_column][vc_tta_accordion title_tag=&#8221;h3&#8243; section_title_tag=&#8221;h2&#8243; style=&#8221;modern&#8221; shape=&#8221;square&#8221; c_icon=&#8221;triangle&#8221; active_section=&#8221;0&#8243; collapsible_all=&#8221;true&#8221;][vc_tta_section title=&#8221;F\u00cdSICA DA ATMOSFERA&#8221; tab_id=&#8221;1728494113153-125353cb-2acf&#8221;][vc_column_text css=&#8221;.vc_custom_1728494182759{margin-top: 30px !important;}&#8221;]Lideres do grupo: 1\u00ba L\u00edder: Lourivaldo Mota Lima As pesquisas desenvolvidas pelo grupo de F\u00edsica da Atmosfera da Universidade Estadual da Para\u00edba, visam contribuir para o melhor entendimento da din\u00e2mica, energ\u00e9tica e acoplamento latitudinal, bem como entre as camadas da atmosfera <a class=\"leiamais\" href=\"https:\/\/pos-graduacao.uepb.edu.br\/ppgcta\/grupos-de-pesquisa\/\">Leia Mais&#8230;<\/a><\/p>\n","protected":false},"author":3,"featured_media":0,"parent":0,"menu_order":0,"comment_status":"closed","ping_status":"closed","template":"","meta":{"footnotes":""},"class_list":["post-1222","page","type-page","status-publish","hentry"],"_links":{"self":[{"href":"https:\/\/pos-graduacao.uepb.edu.br\/ppgcta\/wp-json\/wp\/v2\/pages\/1222","targetHints":{"allow":["GET"]}}],"collection":[{"href":"https:\/\/pos-graduacao.uepb.edu.br\/ppgcta\/wp-json\/wp\/v2\/pages"}],"about":[{"href":"https:\/\/pos-graduacao.uepb.edu.br\/ppgcta\/wp-json\/wp\/v2\/types\/page"}],"author":[{"embeddable":true,"href":"https:\/\/pos-graduacao.uepb.edu.br\/ppgcta\/wp-json\/wp\/v2\/users\/3"}],"replies":[{"embeddable":true,"href":"https:\/\/pos-graduacao.uepb.edu.br\/ppgcta\/wp-json\/wp\/v2\/comments?post=1222"}],"version-history":[{"count":16,"href":"https:\/\/pos-graduacao.uepb.edu.br\/ppgcta\/wp-json\/wp\/v2\/pages\/1222\/revisions"}],"predecessor-version":[{"id":2932,"href":"https:\/\/pos-graduacao.uepb.edu.br\/ppgcta\/wp-json\/wp\/v2\/pages\/1222\/revisions\/2932"}],"wp:attachment":[{"href":"https:\/\/pos-graduacao.uepb.edu.br\/ppgcta\/wp-json\/wp\/v2\/media?parent=1222"}],"curies":[{"name":"wp","href":"https:\/\/api.w.org\/{rel}","templated":true}]}}