{"id":1219,"date":"2020-10-03T10:33:36","date_gmt":"2020-10-03T10:33:36","guid":{"rendered":"https:\/\/pos-graduacao.uepb.edu.br\/ppgcta\/?page_id=1219"},"modified":"2024-05-23T13:34:12","modified_gmt":"2024-05-23T13:34:12","slug":"colegiado-e-comissoes","status":"publish","type":"page","link":"https:\/\/pos-graduacao.uepb.edu.br\/ppgcta\/colegiado-e-comissoes\/","title":{"rendered":"Colegiado e Comiss\u00f5es"},"content":{"rendered":"<div class=\"wpb-content-wrapper\"><p>[vc_row gap=&#8221;30&#8243;][vc_column width=&#8221;2\/4&#8243;][vc_text_separator title=&#8221;Colegiado&#8221; title_align=&#8221;separator_align_left&#8221;][vc_column_text]<b>Bi\u00eanio 2018-2020<\/b><\/p>\n<ul>\n<li>Prof. Dr. Wilton da Silva Lopes(Presidente)\/Prof. Dr. Carlos Ant\u00f4nio Pereira de Lima(Vice presidente)<\/li>\n<li>Prof. Dr. Valderi Duarte Leite (Titular)\/Profa. Dra. Ana Roberta da Silva Paulino (Suplente)<\/li>\n<li>Prof. Dr. Fernando Fernandes Vieira (Titular)\/Prof. Dr. William de Paiva (Suplente)<\/li>\n<li>Prof. Dr. Jos\u00e9 Tavares de Sousa (Titular)\/Prof. Dr. Rui de Oliveira (Suplente)<\/li>\n<li>Profa. Dra. Joseline Molozzi (Titular)\/Profa. Dra. Geralda Gilv\u00e2nia Cavalcante de Lima (Suplente)<\/li>\n<li>Roberta Milena Moura Rodrigues (Titular)\/Francisco Auriberto Ferreira Marques Junior (Suplente)\u00a0 (Representante discente \u2013 Doutorado)<\/li>\n<li>Ol\u00e1vio Rocha Neto (Titular)\/J\u00e9ssica Ara\u00fajo Leite Martildes (Suplente) (Representante discente \u2013 Mestrando)<\/li>\n<\/ul>\n<p>[\/vc_column_text][\/vc_column][vc_column width=&#8221;1\/4&#8243;][vc_text_separator title=&#8221;Comiss\u00e3o de Sele\u00e7\u00e3o&#8221; title_align=&#8221;separator_align_left&#8221;][vc_column_text]<b>Bi\u00eanio 2018-2020<\/b><\/p>\n<ul>\n<li>Prof. Dr. Carlos Antonio Pereira de Lima (Presidente)<\/li>\n<li>Prof. Dr. Fernando Fernandes Vieira<\/li>\n<li>Profa. Dra. Geralda Gilv\u00e2nia Cavalcante de Lima<\/li>\n<li>Prof. Dr. Rui de Oliveira<\/li>\n<li>Prof. Dr. William de Paiva<\/li>\n<\/ul>\n<p>[\/vc_column_text][\/vc_column][vc_column width=&#8221;1\/4&#8243;][vc_text_separator title=&#8221;Comiss\u00e3o de Bolsas&#8221; title_align=&#8221;separator_align_left&#8221;][vc_column_text]<b>Bi\u00eanio 2018-2020<\/b><\/p>\n<ul>\n<li>Prof. Dr. Wilton Siva Lopes (Presidente)<\/li>\n<li>Prof. Dr. Valderi Duarte Leite (Representante docente<\/li>\n<li>Maria C\u00e9lia Cavalcante de Paula e Silva (Representante discente)<\/li>\n<\/ul>\n<p>[\/vc_column_text][\/vc_column][\/vc_row]<\/p>\n<\/div>","protected":false},"excerpt":{"rendered":"<p>[vc_row gap=&#8221;30&#8243;][vc_column width=&#8221;2\/4&#8243;][vc_text_separator title=&#8221;Colegiado&#8221; title_align=&#8221;separator_align_left&#8221;][vc_column_text]Bi\u00eanio 2018-2020 Prof. Dr. Wilton da Silva Lopes(Presidente)\/Prof. Dr. Carlos Ant\u00f4nio Pereira de Lima(Vice presidente) Prof. Dr. Valderi Duarte Leite (Titular)\/Profa. Dra. Ana Roberta da Silva Paulino (Suplente) Prof. Dr. Fernando Fernandes Vieira (Titular)\/Prof. Dr. William de Paiva (Suplente) Prof. Dr. Jos\u00e9 Tavares de Sousa (Titular)\/Prof. Dr. Rui de Oliveira (Suplente) <a class=\"leiamais\" href=\"https:\/\/pos-graduacao.uepb.edu.br\/ppgcta\/colegiado-e-comissoes\/\">Leia Mais&#8230;<\/a><\/p>\n","protected":false},"author":3,"featured_media":0,"parent":0,"menu_order":0,"comment_status":"closed","ping_status":"closed","template":"","meta":{"footnotes":""},"class_list":["post-1219","page","type-page","status-publish","hentry"],"_links":{"self":[{"href":"https:\/\/pos-graduacao.uepb.edu.br\/ppgcta\/wp-json\/wp\/v2\/pages\/1219","targetHints":{"allow":["GET"]}}],"collection":[{"href":"https:\/\/pos-graduacao.uepb.edu.br\/ppgcta\/wp-json\/wp\/v2\/pages"}],"about":[{"href":"https:\/\/pos-graduacao.uepb.edu.br\/ppgcta\/wp-json\/wp\/v2\/types\/page"}],"author":[{"embeddable":true,"href":"https:\/\/pos-graduacao.uepb.edu.br\/ppgcta\/wp-json\/wp\/v2\/users\/3"}],"replies":[{"embeddable":true,"href":"https:\/\/pos-graduacao.uepb.edu.br\/ppgcta\/wp-json\/wp\/v2\/comments?post=1219"}],"version-history":[{"count":16,"href":"https:\/\/pos-graduacao.uepb.edu.br\/ppgcta\/wp-json\/wp\/v2\/pages\/1219\/revisions"}],"predecessor-version":[{"id":2405,"href":"https:\/\/pos-graduacao.uepb.edu.br\/ppgcta\/wp-json\/wp\/v2\/pages\/1219\/revisions\/2405"}],"wp:attachment":[{"href":"https:\/\/pos-graduacao.uepb.edu.br\/ppgcta\/wp-json\/wp\/v2\/media?parent=1219"}],"curies":[{"name":"wp","href":"https:\/\/api.w.org\/{rel}","templated":true}]}}