{"id":607,"date":"2022-12-21T12:39:15","date_gmt":"2022-12-21T12:39:15","guid":{"rendered":"https:\/\/pos-graduacao.uepb.edu.br\/ppgcf\/?page_id=607"},"modified":"2024-06-25T14:03:30","modified_gmt":"2024-06-25T17:03:30","slug":"pagina-inicial","status":"publish","type":"page","link":"https:\/\/pos-graduacao.uepb.edu.br\/ppgcf\/","title":{"rendered":"P\u00e1gina Inicial"},"content":{"rendered":"<div class=\"wpb-content-wrapper\"><p>[vc_row css=&#8221;.vc_custom_1717607286426{margin-top: 30px !important;}&#8221;][vc_column width=&#8221;3\/4&#8243;][vc_text_separator title=&#8221;Not\u00edcias&#8221; i_icon_fontawesome=&#8221;fas fa-angle-double-right&#8221; i_color=&#8221;custom&#8221; i_size=&#8221;sm&#8221; title_align=&#8221;separator_align_left&#8221; add_icon=&#8221;true&#8221; i_custom_color=&#8221;#cc0000&#8243;]<div class=\"mdl-grid\"><div class=\"mdl-cell--12-col bloco-noticias\"><div class=\"titulo-noticia-widget\"><a href=\"https:\/\/pos-graduacao.uepb.edu.br\/ppgcf\/ppgcf-uepb-promove-curso-online-sobre-difracao-de-raios-x-e-refinamento-rietveld\/\"><h3 class=\"titulo-destaque-noticia\">PPGCF-UEPB promove curso online sobre Difra\u00e7\u00e3o de Raios X e Refinamento Rietveld<\/h3><\/a><\/div><div class=\"titulo-noticia-widget\"><a href=\"https:\/\/pos-graduacao.uepb.edu.br\/ppgcf\/%f0%9f%a7%be-ppgcf-divulga-inscricoes-homologadas-e-horarios-das-entrevistas-do-processo-seletivo-especial-cnpq-mai-dai-2025\/\"><h3 class=\"titulo-destaque-noticia\">\ud83e\uddfe PPGCF divulga inscri\u00e7\u00f5es homologadas e hor\u00e1rios das entrevistas do Processo Seletivo Especial CNPq MAI\/DAI 2025<\/h3><\/a><\/div><div class=\"titulo-noticia-widget\"><a href=\"https:\/\/pos-graduacao.uepb.edu.br\/ppgcf\/ppgcf-divulga-lista-de-inscricoes-homologadas-do-processo-seletivo-especial-cnpq-mai-dai-2025\/\"><h3 class=\"titulo-destaque-noticia\">PPGCF divulga lista de inscri\u00e7\u00f5es homologadas do Processo Seletivo Especial CNPq MAI\/DAI 2025<\/h3><\/a><\/div><div class=\"titulo-noticia-widget\"><a href=\"https:\/\/pos-graduacao.uepb.edu.br\/ppgcf\/uepb-sedia-jornada-cientifica-brasil-franca-em-nanomedicina\/\"><h3 class=\"titulo-destaque-noticia\">UEPB sedia Jornada Cient\u00edfica Brasil-Fran\u00e7a em Nanomedicina<\/h3><\/a><\/div><div class=\"titulo-noticia-widget\"><a href=\"https:\/\/pos-graduacao.uepb.edu.br\/ppgcf\/escola-de-inverno-ppgcf-2025-inscricoes-abertas-%e2%9d%84%ef%b8%8f\/\"><h3 class=\"titulo-destaque-noticia\">Escola de Inverno PPGCF 2025 \u2013 Inscri\u00e7\u00f5es Abertas! \u2744\ufe0f<\/h3><\/a><\/div><div class=\"titulo-noticia-widget\"><a href=\"https:\/\/pos-graduacao.uepb.edu.br\/ppgcf\/iv-oficina-de-produtos-lacteos-artesanais-e-alimentos-alternativos-e-realizada-no-nupea-cct-uepb\/\"><h3 class=\"titulo-destaque-noticia\">IV Oficina de Produtos L\u00e1cteos Artesanais e Alimentos Alternativos \u00e9 realizada no NUPEA\/CCT\/UEPB<\/h3><\/a><\/div><div class=\"titulo-noticia-widget\"><a href=\"https:\/\/pos-graduacao.uepb.edu.br\/ppgcf\/ppgcf-uepb-promove-evento-sobre-inovacao-tecnologica-no-setor-farmaceutico-em-parceria-com-a-pharmapele\/\"><h3 class=\"titulo-destaque-noticia\">PPGCF-UEPB promove evento sobre inova\u00e7\u00e3o tecnol\u00f3gica no setor farmac\u00eautico em parceria com a Pharmapele<\/h3><\/a><\/div><div class=\"titulo-noticia-widget\"><a href=\"https:\/\/pos-graduacao.uepb.edu.br\/ppgcf\/uepb-promove-2a-mostra-de-pesquisa-e-extensao-e-fortalece-dialogo-com-comunidade-de-catole-do-rocha\/\"><h3 class=\"titulo-destaque-noticia\">UEPB promove 2\u00aa Mostra de Pesquisa e Extens\u00e3o e fortalece di\u00e1logo com comunidade de Catol\u00e9 do Rocha<\/h3><\/a><\/div><div class=\"titulo-noticia-widget\"><a href=\"https:\/\/pos-graduacao.uepb.edu.br\/ppgcf\/professores-do-ppgcf-realizam-visita-tecnica-ao-lnbio-para-firmar-parceria-em-cultura-de-celulas\/\"><h3 class=\"titulo-destaque-noticia\">Professores do PPGCF realizam visita t\u00e9cnica ao LNBio para firmar parceria em cultura de c\u00e9lulas<\/h3><\/a><\/div><div class=\"titulo-noticia-widget\"><a href=\"https:\/\/pos-graduacao.uepb.edu.br\/ppgcf\/professora-do-ppgcf-marca-presenca-na-i-mostra-de-pesquisa-e-extensao-da-pos-graduacao-da-uepb\/\"><h3 class=\"titulo-destaque-noticia\">Professora do PPGCF marca presen\u00e7a na I Mostra de Pesquisa e Extens\u00e3o da P\u00f3s-Gradua\u00e7\u00e3o da UEPB<\/h3><\/a><\/div><div class=\"titulo-noticia-widget\"><a href=\"https:\/\/pos-graduacao.uepb.edu.br\/ppgcf\/%f0%9f%93%a2-webinar-inovacao-e-regulacao-no-pd-de-medicamentos-%f0%9f%93%a2\/\"><h3 class=\"titulo-destaque-noticia\">\ud83d\udce2 Webinar: Inova\u00e7\u00e3o e Regula\u00e7\u00e3o no P&amp;D de Medicamentos<\/h3><\/a><\/div><div class=\"titulo-noticia-widget\"><a href=\"https:\/\/pos-graduacao.uepb.edu.br\/ppgcf\/comunicado-matriculas-2025-1\/\"><h3 class=\"titulo-destaque-noticia\">COMUNICADO - MATRICULAS 2025.1<\/h3><\/a><\/div><\/div><\/div>[vc_text_separator title=&#8221;Traduza esta p\u00e1gina&#8221; i_icon_fontawesome=&#8221;fas fa-angle-double-right&#8221; i_color=&#8221;custom&#8221; i_size=&#8221;sm&#8221; title_align=&#8221;separator_align_left&#8221; add_icon=&#8221;true&#8221; i_custom_color=&#8221;#cc0000&#8243;][vc_column_text css=&#8221;.vc_custom_1718737544230{margin-left: 15px !important;}&#8221;]<div class=\"gtranslate_wrapper\" id=\"gt-wrapper-85678322\"><\/div>[\/vc_column_text][\/vc_column][vc_column width=&#8221;1\/4&#8243;][vc_text_separator title=&#8221;Links \u00dateis&#8221; i_icon_fontawesome=&#8221;fas fa-angle-double-right&#8221; i_color=&#8221;custom&#8221; i_size=&#8221;sm&#8221; title_align=&#8221;separator_align_left&#8221; add_icon=&#8221;true&#8221; i_custom_color=&#8221;#cc0000&#8243;][vc_btn title=&#8221;\u00c1rea Farm\u00e1cia na CAPES&#8221; shape=&#8221;square&#8221; color=&#8221;juicy-pink&#8221; size=&#8221;lg&#8221; align=&#8221;left&#8221; button_block=&#8221;true&#8221; link=&#8221;url:https%3A%2F%2Fwww.gov.br%2Fcapes%2Fpt-br%2Facesso-a-informacao%2Facoes-e-programas%2Favaliacao%2Fsobre-a-avaliacao%2Fareas-avaliacao%2Fsobre-as-areas-de-avaliacao%2Fcolegio-de-ciencias-da-vida%2Fciencias-da-saude%2Ffarmacia|target:_blank&#8221; css=&#8221;.vc_custom_1719334517192{margin-bottom: 5px !important;}&#8221;][vc_btn title=&#8221;Plataforma Carlos Chagas&#8221; shape=&#8221;square&#8221; color=&#8221;pink&#8221; size=&#8221;lg&#8221; align=&#8221;left&#8221; button_block=&#8221;true&#8221; link=&#8221;url:https%3A%2F%2Fcarloschagas.cnpq.br%2F|target:_blank&#8221; css=&#8221;.vc_custom_1719334529875{margin-bottom: 5px !important;}&#8221;][vc_btn title=&#8221;CAPES&#8221; shape=&#8221;square&#8221; color=&#8221;sandy-brown&#8221; size=&#8221;lg&#8221; align=&#8221;left&#8221; button_block=&#8221;true&#8221; link=&#8221;url:http%3A%2F%2Fwww.capes.gov.br%2F|target:_blank&#8221; css=&#8221;.vc_custom_1719334559178{margin-bottom: 5px !important;}&#8221;][vc_btn title=&#8221;CNPq&#8221; shape=&#8221;square&#8221; color=&#8221;orange&#8221; size=&#8221;lg&#8221; align=&#8221;left&#8221; button_block=&#8221;true&#8221; link=&#8221;url:http%3A%2F%2Fwww.cnpq.br%2F|target:_blank&#8221; css=&#8221;.vc_custom_1719334569230{margin-bottom: 5px !important;}&#8221;][vc_btn title=&#8221;Plataforma Lattes&#8221; shape=&#8221;square&#8221; color=&#8221;orange&#8221; size=&#8221;lg&#8221; align=&#8221;left&#8221; button_block=&#8221;true&#8221; link=&#8221;url:http%3A%2F%2Flattes.cnpq.br%2F|target:_blank&#8221; css=&#8221;.vc_custom_1719334468248{margin-bottom: 5px !important;}&#8221;][vc_btn title=&#8221;Plataforma SUCUPIRA&#8221; shape=&#8221;square&#8221; color=&#8221;vista-blue&#8221; size=&#8221;lg&#8221; align=&#8221;left&#8221; button_block=&#8221;true&#8221; link=&#8221;url:https%3A%2F%2Fsucupira.capes.gov.br%2Fsucupira%2F|target:_blank&#8221; css=&#8221;.vc_custom_1719334718549{margin-bottom: 5px !important;}&#8221;][vc_btn title=&#8221;SBFgnosia&#8221; shape=&#8221;square&#8221; color=&#8221;success&#8221; size=&#8221;lg&#8221; align=&#8221;left&#8221; button_block=&#8221;true&#8221; link=&#8221;url:http%3A%2F%2Fwww.sbfgnosia.org.br%2F|target:_blank&#8221; css=&#8221;.vc_custom_1719334696753{margin-bottom: 5px !important;}&#8221;][vc_btn title=&#8221;SBPC&#8221; shape=&#8221;square&#8221; color=&#8221;green&#8221; size=&#8221;lg&#8221; align=&#8221;left&#8221; button_block=&#8221;true&#8221; link=&#8221;url:http%3A%2F%2Fportal.sbpcnet.org.br%2F|target:_blank&#8221; css=&#8221;.vc_custom_1719334733177{margin-bottom: 5px !important;}&#8221;][vc_btn title=&#8221;SBPM&#8221; shape=&#8221;square&#8221; color=&#8221;inverse&#8221; size=&#8221;lg&#8221; align=&#8221;left&#8221; button_block=&#8221;true&#8221; link=&#8221;url:http%3A%2F%2Fwww.sbpmed.org.br%2F%23|target:_blank&#8221; css=&#8221;.vc_custom_1719334741238{margin-bottom: 5px !important;}&#8221;][\/vc_column][\/vc_row][vc_row css=&#8221;.vc_custom_1717607488019{padding-bottom: 30px !important;}&#8221;][vc_column][\/vc_column][\/vc_row]<\/p>\n<\/div>","protected":false},"excerpt":{"rendered":"<p>[vc_row css=&#8221;.vc_custom_1717607286426{margin-top: 30px !important;}&#8221;][vc_column width=&#8221;3\/4&#8243;][vc_text_separator title=&#8221;Not\u00edcias&#8221; i_icon_fontawesome=&#8221;fas fa-angle-double-right&#8221; i_color=&#8221;custom&#8221; i_size=&#8221;sm&#8221; title_align=&#8221;separator_align_left&#8221; add_icon=&#8221;true&#8221; i_custom_color=&#8221;#cc0000&#8243;][vc_text_separator title=&#8221;Traduza esta p\u00e1gina&#8221; i_icon_fontawesome=&#8221;fas fa-angle-double-right&#8221; i_color=&#8221;custom&#8221; i_size=&#8221;sm&#8221; title_align=&#8221;separator_align_left&#8221; add_icon=&#8221;true&#8221; i_custom_color=&#8221;#cc0000&#8243;][vc_column_text css=&#8221;.vc_custom_1718737544230{margin-left: 15px !important;}&#8221;][\/vc_column_text][\/vc_column][vc_column width=&#8221;1\/4&#8243;][vc_text_separator title=&#8221;Links \u00dateis&#8221; i_icon_fontawesome=&#8221;fas fa-angle-double-right&#8221; i_color=&#8221;custom&#8221; i_size=&#8221;sm&#8221; title_align=&#8221;separator_align_left&#8221; add_icon=&#8221;true&#8221; i_custom_color=&#8221;#cc0000&#8243;][vc_btn title=&#8221;\u00c1rea Farm\u00e1cia na CAPES&#8221; shape=&#8221;square&#8221; color=&#8221;juicy-pink&#8221; size=&#8221;lg&#8221; align=&#8221;left&#8221; button_block=&#8221;true&#8221; link=&#8221;url:https%3A%2F%2Fwww.gov.br%2Fcapes%2Fpt-br%2Facesso-a-informacao%2Facoes-e-programas%2Favaliacao%2Fsobre-a-avaliacao%2Fareas-avaliacao%2Fsobre-as-areas-de-avaliacao%2Fcolegio-de-ciencias-da-vida%2Fciencias-da-saude%2Ffarmacia|target:_blank&#8221; css=&#8221;.vc_custom_1719334517192{margin-bottom: 5px !important;}&#8221;][vc_btn title=&#8221;Plataforma Carlos Chagas&#8221; shape=&#8221;square&#8221; color=&#8221;pink&#8221; size=&#8221;lg&#8221; <a class=\"leiamais\" href=\"https:\/\/pos-graduacao.uepb.edu.br\/ppgcf\/\">Leia Mais&#8230;<\/a><\/p>\n","protected":false},"author":5,"featured_media":0,"parent":0,"menu_order":0,"comment_status":"closed","ping_status":"closed","template":"","meta":{"footnotes":""},"class_list":["post-607","page","type-page","status-publish","hentry"],"_links":{"self":[{"href":"https:\/\/pos-graduacao.uepb.edu.br\/ppgcf\/wp-json\/wp\/v2\/pages\/607","targetHints":{"allow":["GET"]}}],"collection":[{"href":"https:\/\/pos-graduacao.uepb.edu.br\/ppgcf\/wp-json\/wp\/v2\/pages"}],"about":[{"href":"https:\/\/pos-graduacao.uepb.edu.br\/ppgcf\/wp-json\/wp\/v2\/types\/page"}],"author":[{"embeddable":true,"href":"https:\/\/pos-graduacao.uepb.edu.br\/ppgcf\/wp-json\/wp\/v2\/users\/5"}],"replies":[{"embeddable":true,"href":"https:\/\/pos-graduacao.uepb.edu.br\/ppgcf\/wp-json\/wp\/v2\/comments?post=607"}],"version-history":[{"count":24,"href":"https:\/\/pos-graduacao.uepb.edu.br\/ppgcf\/wp-json\/wp\/v2\/pages\/607\/revisions"}],"predecessor-version":[{"id":1013,"href":"https:\/\/pos-graduacao.uepb.edu.br\/ppgcf\/wp-json\/wp\/v2\/pages\/607\/revisions\/1013"}],"wp:attachment":[{"href":"https:\/\/pos-graduacao.uepb.edu.br\/ppgcf\/wp-json\/wp\/v2\/media?parent=607"}],"curies":[{"name":"wp","href":"https:\/\/api.w.org\/{rel}","templated":true}]}}