{"id":5,"date":"2011-10-25T14:06:46","date_gmt":"2011-10-25T14:06:46","guid":{"rendered":"http:\/\/pos-graduacao.ascom.uepb.edu.br\/ppgcf\/?page_id=5"},"modified":"2023-05-17T13:56:14","modified_gmt":"2023-05-17T13:56:14","slug":"linhas-de-pesquisa","status":"publish","type":"page","link":"https:\/\/pos-graduacao.uepb.edu.br\/ppgcf\/linhas-de-pesquisa\/","title":{"rendered":"Linhas de Pesquisa"},"content":{"rendered":"<div class=\"wpb-content-wrapper\"><p>[vc_row gap=&#8221;30&#8243; equal_height=&#8221;yes&#8221; el_class=&#8221;conf-azul&#8221;][vc_column width=&#8221;1\/2&#8243;][vc_text_separator title=&#8221;1. Desenvolvimento e controle da qualidade de produtos farmac\u00eauticos&#8221; title_align=&#8221;separator_align_left&#8221; css=&#8221;.vc_custom_1675864232793{margin-top: 10px !important;}&#8221;][vc_column_text]Essa linha envolve a obten\u00e7\u00e3o, identifica\u00e7\u00e3o e avalia\u00e7\u00e3o da atividade biol\u00f3gica de produtos naturais,sint\u00e9ticos e biotecnol\u00f3gicos, bem como o planejamento e s\u00edntese (hemi-s\u00edntese) de f\u00e1rmacos de interesse farmac\u00eautico para uso humano e\/ou veterin\u00e1rio.[\/vc_column_text][\/vc_column][vc_column width=&#8221;1\/2&#8243;][vc_text_separator title=&#8221;2. Obten\u00e7\u00e3o e avalia\u00e7\u00e3o da atividade biol\u00f3gica de produtos naturais,sint\u00e9ticos e biotecnol\u00f3gicos de interesse farmac\u00eautico&#8221; title_align=&#8221;separator_align_left&#8221; css=&#8221;.vc_custom_1675864237840{margin-top: 10px !important;}&#8221;][vc_column_text]Essa linha envolve abrange a explora\u00e7\u00e3o de diversos tipos de compostos presentes na natureza, bem como aqueles produzidos por s\u00edntese qu\u00edmica ou biotecnol\u00f3gica. Essa busca tem como objetivo identificar subst\u00e2ncias com potencial terap\u00eautico, capazes de promover benef\u00edcios \u00e0 sa\u00fade humana.[\/vc_column_text][\/vc_column][\/vc_row]<\/p>\n<\/div>","protected":false},"excerpt":{"rendered":"<p>[vc_row gap=&#8221;30&#8243; equal_height=&#8221;yes&#8221; el_class=&#8221;conf-azul&#8221;][vc_column width=&#8221;1\/2&#8243;][vc_text_separator title=&#8221;1. Desenvolvimento e controle da qualidade de produtos farmac\u00eauticos&#8221; title_align=&#8221;separator_align_left&#8221; css=&#8221;.vc_custom_1675864232793{margin-top: 10px !important;}&#8221;][vc_column_text]Essa linha envolve a obten\u00e7\u00e3o, identifica\u00e7\u00e3o e avalia\u00e7\u00e3o da atividade biol\u00f3gica de produtos naturais,sint\u00e9ticos e biotecnol\u00f3gicos, bem como o planejamento e s\u00edntese (hemi-s\u00edntese) de f\u00e1rmacos de interesse farmac\u00eautico para uso humano e\/ou veterin\u00e1rio.[\/vc_column_text][\/vc_column][vc_column width=&#8221;1\/2&#8243;][vc_text_separator title=&#8221;2. Obten\u00e7\u00e3o e avalia\u00e7\u00e3o <a class=\"leiamais\" href=\"https:\/\/pos-graduacao.uepb.edu.br\/ppgcf\/linhas-de-pesquisa\/\">Leia Mais&#8230;<\/a><\/p>\n","protected":false},"author":3,"featured_media":0,"parent":0,"menu_order":0,"comment_status":"open","ping_status":"open","template":"","meta":{"footnotes":""},"class_list":["post-5","page","type-page","status-publish","hentry"],"_links":{"self":[{"href":"https:\/\/pos-graduacao.uepb.edu.br\/ppgcf\/wp-json\/wp\/v2\/pages\/5","targetHints":{"allow":["GET"]}}],"collection":[{"href":"https:\/\/pos-graduacao.uepb.edu.br\/ppgcf\/wp-json\/wp\/v2\/pages"}],"about":[{"href":"https:\/\/pos-graduacao.uepb.edu.br\/ppgcf\/wp-json\/wp\/v2\/types\/page"}],"author":[{"embeddable":true,"href":"https:\/\/pos-graduacao.uepb.edu.br\/ppgcf\/wp-json\/wp\/v2\/users\/3"}],"replies":[{"embeddable":true,"href":"https:\/\/pos-graduacao.uepb.edu.br\/ppgcf\/wp-json\/wp\/v2\/comments?post=5"}],"version-history":[{"count":16,"href":"https:\/\/pos-graduacao.uepb.edu.br\/ppgcf\/wp-json\/wp\/v2\/pages\/5\/revisions"}],"predecessor-version":[{"id":735,"href":"https:\/\/pos-graduacao.uepb.edu.br\/ppgcf\/wp-json\/wp\/v2\/pages\/5\/revisions\/735"}],"wp:attachment":[{"href":"https:\/\/pos-graduacao.uepb.edu.br\/ppgcf\/wp-json\/wp\/v2\/media?parent=5"}],"curies":[{"name":"wp","href":"https:\/\/api.w.org\/{rel}","templated":true}]}}