{"id":167,"date":"2016-08-03T13:47:15","date_gmt":"2016-08-03T13:47:15","guid":{"rendered":"https:\/\/pos-graduacao.uepb.edu.br\/ppgcf\/?page_id=167"},"modified":"2023-11-10T11:36:40","modified_gmt":"2023-11-10T14:36:40","slug":"contato","status":"publish","type":"page","link":"https:\/\/pos-graduacao.uepb.edu.br\/ppgcf\/contato\/","title":{"rendered":"Contato"},"content":{"rendered":"<div class=\"wpb-content-wrapper\"><p>[vc_row gap=&#8221;30&#8243;][vc_column width=&#8221;1\/3&#8243;][vc_column_text]<strong>Coordenador<\/strong><br \/>\nProf. Dr. Harley da Silva Alves<\/p>\n<p>E:mail:\u00a0<em>harley@servidor.uepb.edu.br<\/em><\/p>\n<p><strong>Coordenador Adjunto<\/strong><br \/>\nProf. Dr. Ricardo Ol\u00edmpio de Moura<\/p>\n<p>E-mail:\u00a0<em>ricardo.olimpiodemoura@servidor.uepb.edu.br\u00a0<\/em>[\/vc_column_text][\/vc_column][vc_column width=&#8221;1\/3&#8243;][vc_column_text]<strong>Endere\u00e7o:<\/strong><\/p>\n<ul>\n<li>Rua Juv\u00eancio Arruda, s\/n, Bairro Universit\u00e1rio<\/li>\n<li>CEP 58.429-600 \u2013 Campina Grande \u2013 PB.<\/li>\n<li>Complexo Integrado de Pesquisa TR\u00caS MARIAS (Laborat\u00f3rios)<\/li>\n<li>Centro de Ci\u00eancias Biol\u00f3gicas e da Sa\u00fade\/CCBS\/ Pr\u00e9dio Farm\u00e1cia (Coordena\u00e7\u00e3o)<\/li>\n<\/ul>\n<p>[\/vc_column_text][\/vc_column][vc_column width=&#8221;1\/3&#8243;][vc_column_text]<strong>Contatos<\/strong><\/p>\n<ul>\n<li><strong>E-mails<\/strong>: coordppgcf@gmail.com ou ppgcf@setor.uepb.edu.br<\/li>\n<li><strong>Redes Sociais(Instagram): <\/strong><a href=\"https:\/\/www.instagram.com\/ppgcfuepb\/\" target=\"_blank\" rel=\"noopener\">@ppgcfuepb<\/a><\/li>\n<li><strong>Telefone: <\/strong>(83) 3315-3300 \u2013 ramal 3526<\/li>\n<\/ul>\n<p>[\/vc_column_text][\/vc_column][\/vc_row]<\/p>\n<\/div>","protected":false},"excerpt":{"rendered":"<p>[vc_row gap=&#8221;30&#8243;][vc_column width=&#8221;1\/3&#8243;][vc_column_text]Coordenador Prof. Dr. Harley da Silva Alves E:mail:\u00a0harley@servidor.uepb.edu.br Coordenador Adjunto Prof. Dr. Ricardo Ol\u00edmpio de Moura E-mail:\u00a0ricardo.olimpiodemoura@servidor.uepb.edu.br\u00a0[\/vc_column_text][\/vc_column][vc_column width=&#8221;1\/3&#8243;][vc_column_text]Endere\u00e7o: Rua Juv\u00eancio Arruda, s\/n, Bairro Universit\u00e1rio CEP 58.429-600 \u2013 Campina Grande \u2013 PB. Complexo Integrado de Pesquisa TR\u00caS MARIAS (Laborat\u00f3rios) Centro de Ci\u00eancias Biol\u00f3gicas e da Sa\u00fade\/CCBS\/ Pr\u00e9dio Farm\u00e1cia (Coordena\u00e7\u00e3o) [\/vc_column_text][\/vc_column][vc_column width=&#8221;1\/3&#8243;][vc_column_text]Contatos E-mails: coordppgcf@gmail.com ou <a class=\"leiamais\" href=\"https:\/\/pos-graduacao.uepb.edu.br\/ppgcf\/contato\/\">Leia Mais&#8230;<\/a><\/p>\n","protected":false},"author":14,"featured_media":0,"parent":0,"menu_order":0,"comment_status":"closed","ping_status":"closed","template":"","meta":{"footnotes":""},"class_list":["post-167","page","type-page","status-publish","hentry"],"_links":{"self":[{"href":"https:\/\/pos-graduacao.uepb.edu.br\/ppgcf\/wp-json\/wp\/v2\/pages\/167","targetHints":{"allow":["GET"]}}],"collection":[{"href":"https:\/\/pos-graduacao.uepb.edu.br\/ppgcf\/wp-json\/wp\/v2\/pages"}],"about":[{"href":"https:\/\/pos-graduacao.uepb.edu.br\/ppgcf\/wp-json\/wp\/v2\/types\/page"}],"author":[{"embeddable":true,"href":"https:\/\/pos-graduacao.uepb.edu.br\/ppgcf\/wp-json\/wp\/v2\/users\/14"}],"replies":[{"embeddable":true,"href":"https:\/\/pos-graduacao.uepb.edu.br\/ppgcf\/wp-json\/wp\/v2\/comments?post=167"}],"version-history":[{"count":17,"href":"https:\/\/pos-graduacao.uepb.edu.br\/ppgcf\/wp-json\/wp\/v2\/pages\/167\/revisions"}],"predecessor-version":[{"id":813,"href":"https:\/\/pos-graduacao.uepb.edu.br\/ppgcf\/wp-json\/wp\/v2\/pages\/167\/revisions\/813"}],"wp:attachment":[{"href":"https:\/\/pos-graduacao.uepb.edu.br\/ppgcf\/wp-json\/wp\/v2\/media?parent=167"}],"curies":[{"name":"wp","href":"https:\/\/api.w.org\/{rel}","templated":true}]}}