{"id":163,"date":"2016-08-03T13:44:36","date_gmt":"2016-08-03T13:44:36","guid":{"rendered":"https:\/\/pos-graduacao.uepb.edu.br\/ppgcf\/?page_id=163"},"modified":"2025-09-15T11:12:42","modified_gmt":"2025-09-15T14:12:42","slug":"apresentacao","status":"publish","type":"page","link":"https:\/\/pos-graduacao.uepb.edu.br\/ppgcf\/apresentacao\/","title":{"rendered":"Apresenta\u00e7\u00e3o"},"content":{"rendered":"<div class=\"wpb-content-wrapper\"><p>[vc_row][vc_column width=&#8221;1\/3&#8243;][vc_column_text css=&#8221;&#8221;]<strong>Mestrado<\/strong><br \/>\navalia\u00e7\u00e3o da CAPES, nota 3<\/p>\n<p><strong>\u00c1rea B\u00e1sica<\/strong><br \/>\nF\u00e1rmacos e Medicamentos<\/p>\n<p><strong>Coordenador<\/strong><\/p>\n<p>Prof. Dr. Ricardo Ol\u00edmpio de Moura<\/p>\n<p>E-mail: <em>ricardo.olimpiodemoura@servidor.uepb.edu.br\u00a0<\/em><\/p>\n<p><strong>Coordenador Adjunto<\/strong><br \/>\nProf. Dr. Jo\u00e3o Augusto Oshiro J\u00fanior<\/p>\n<p>E-mail: joaooshiro@servidor.uepb.edu.br[\/vc_column_text][\/vc_column][vc_column width=&#8221;1\/3&#8243;][vc_column_text]<strong>Endere\u00e7o<\/strong><\/p>\n<ul>\n<li>Rua Juv\u00eancio Arruda, S\/N \u2013 Bairro Universit\u00e1rio<\/li>\n<li>Complexo Integrado de Pesquisa TR\u00caS MARIAS<\/li>\n<li>CCBS &#8211; Centro de Ci\u00eancias Biol\u00f3gicas e da Sa\u00fade<\/li>\n<li>Cidade\/UF: Campina Grande\/PB<\/li>\n<li>CEP: 58.429-600<\/li>\n<\/ul>\n<p>[\/vc_column_text][\/vc_column][vc_column width=&#8221;1\/3&#8243;][vc_column_text]<strong>Contatos<\/strong><\/p>\n<ul>\n<li><strong>Telefone<\/strong>: (83) 3315-3300\u00a0 ramal 3526<\/li>\n<li><strong>E-Mail<\/strong>: coordppgcf@gmail.com \/ ppgcf@setor.uepb.edu.br<\/li>\n<li><b>Facebook e Instagram:\u00a0<\/b>@ppgcfuepb<\/li>\n<li><strong>URL<\/strong>:\u00a0<a href=\"https:\/\/pos-graduacao.uepb.edu.br\/ppgcf\/\">https:\/\/pos-graduacao.uepb.edu.br\/ppgcf\/<\/a><\/li>\n<\/ul>\n<p>[\/vc_column_text][\/vc_column][\/vc_row][vc_row][vc_column][vc_separator border_width=&#8221;2&#8243; css=&#8221;.vc_custom_1671645641403{margin-top: 30px !important;margin-bottom: 30px !important;}&#8221;][vc_column_text]<\/p>\n<p style=\"text-align: justify\"><a href=\"https:\/\/pos-graduacao.uepb.edu.br\/ppgcf\/files\/2020\/02\/ppgcfuepb2.jpeg.jpeg\"><img loading=\"lazy\" decoding=\"async\" class=\"alignleft size-medium wp-image-311 img-responsive\" src=\"https:\/\/pos-graduacao.uepb.edu.br\/ppgcf\/files\/2020\/02\/ppgcfuepb2.jpeg-300x225.jpeg\" alt=\"logo-ppgcf\" width=\"300\" height=\"225\" srcset=\"https:\/\/pos-graduacao.uepb.edu.br\/ppgcf\/files\/2020\/02\/ppgcfuepb2.jpeg-300x225.jpeg 300w, https:\/\/pos-graduacao.uepb.edu.br\/ppgcf\/files\/2020\/02\/ppgcfuepb2.jpeg-768x576.jpeg 768w, https:\/\/pos-graduacao.uepb.edu.br\/ppgcf\/files\/2020\/02\/ppgcfuepb2.jpeg-370x278.jpeg 370w, https:\/\/pos-graduacao.uepb.edu.br\/ppgcf\/files\/2020\/02\/ppgcfuepb2.jpeg-840x630.jpeg 840w, https:\/\/pos-graduacao.uepb.edu.br\/ppgcf\/files\/2020\/02\/ppgcfuepb2.jpeg.jpeg 960w\" sizes=\"auto, (max-width: 300px) 100vw, 300px\" \/><\/a>O Programa de P\u00f3s-Gradua\u00e7\u00e3o em Ci\u00eancias Farmac\u00eauticas iniciou suas atividades em 2011 e foi homologado pelo CNE em 2012 (Port. MEC 1364, de 29\/09\/2011, DOU 30\/09\/2011, se\u00e7.1, p.40).<\/p>\n<p style=\"text-align: justify\"><strong>Objetivos<\/strong>: Qualificar profissionais, com forma\u00e7\u00e3o inter e multidisciplinar, de alto n\u00edvel cient\u00edfico, com compet\u00eancia para desenvolver atividades de ensino e pesquisa nas \u00e1reas de obten\u00e7\u00e3o, identifica\u00e7\u00e3o e avalia\u00e7\u00e3o da atividade biol\u00f3gica de produtos naturais e sint\u00e9ticos de interesse farmac\u00eautico, bem como o desenvolvimento e controle da qualidade destes produtos<\/p>\n<p style=\"text-align: justify\"><strong>\u00c1reas de Concentra\u00e7\u00e3o<\/strong>: Ci\u00eancias Farmac\u00eauticas<\/p>\n<p style=\"text-align: justify\"><strong>Linhas de Pesquisa<\/strong>:<\/p>\n<ul style=\"text-align: justify\">\n<li>Desenvolvimento e controle da qualidade de produtos farmac\u00eauticos;<\/li>\n<li>Obten\u00e7\u00e3o e avalia\u00e7\u00e3o da atividade biol\u00f3gica de produtos naturais, sint\u00e9ticos e biotecn\u00f3logicos de interesse farmac\u00eautico.<\/li>\n<\/ul>\n<p style=\"text-align: justify\"><strong>Pontos fortes<\/strong>: todas as atividades do curso visam contribuir para amplia\u00e7\u00e3o do dom\u00ednio das t\u00e9cnicas de investiga\u00e7\u00e3o no campo das Ci\u00eancias Farmac\u00eauticas, atrav\u00e9s de pesquisa cient\u00edfica, produ\u00e7\u00e3o e difus\u00e3o de conhecimentos avan\u00e7ados, como fator de desenvolvimento s\u00f3cio econ\u00f4mico da regi\u00e3o e do pa\u00eds.<\/p>\n<p>[\/vc_column_text][\/vc_column][vc_column][\/vc_column][\/vc_row]<\/p>\n<\/div>","protected":false},"excerpt":{"rendered":"<p>[vc_row][vc_column width=&#8221;1\/3&#8243;][vc_column_text css=&#8221;&#8221;]Mestrado avalia\u00e7\u00e3o da CAPES, nota 3 \u00c1rea B\u00e1sica F\u00e1rmacos e Medicamentos Coordenador Prof. Dr. Ricardo Ol\u00edmpio de Moura E-mail: ricardo.olimpiodemoura@servidor.uepb.edu.br\u00a0 Coordenador Adjunto Prof. Dr. Jo\u00e3o Augusto Oshiro J\u00fanior E-mail: joaooshiro@servidor.uepb.edu.br[\/vc_column_text][\/vc_column][vc_column width=&#8221;1\/3&#8243;][vc_column_text]Endere\u00e7o Rua Juv\u00eancio Arruda, S\/N \u2013 Bairro Universit\u00e1rio Complexo Integrado de Pesquisa TR\u00caS MARIAS CCBS &#8211; Centro de Ci\u00eancias Biol\u00f3gicas e da Sa\u00fade <a class=\"leiamais\" href=\"https:\/\/pos-graduacao.uepb.edu.br\/ppgcf\/apresentacao\/\">Leia Mais&#8230;<\/a><\/p>\n","protected":false},"author":14,"featured_media":0,"parent":0,"menu_order":0,"comment_status":"closed","ping_status":"closed","template":"","meta":{"footnotes":""},"class_list":["post-163","page","type-page","status-publish","hentry"],"_links":{"self":[{"href":"https:\/\/pos-graduacao.uepb.edu.br\/ppgcf\/wp-json\/wp\/v2\/pages\/163","targetHints":{"allow":["GET"]}}],"collection":[{"href":"https:\/\/pos-graduacao.uepb.edu.br\/ppgcf\/wp-json\/wp\/v2\/pages"}],"about":[{"href":"https:\/\/pos-graduacao.uepb.edu.br\/ppgcf\/wp-json\/wp\/v2\/types\/page"}],"author":[{"embeddable":true,"href":"https:\/\/pos-graduacao.uepb.edu.br\/ppgcf\/wp-json\/wp\/v2\/users\/14"}],"replies":[{"embeddable":true,"href":"https:\/\/pos-graduacao.uepb.edu.br\/ppgcf\/wp-json\/wp\/v2\/comments?post=163"}],"version-history":[{"count":24,"href":"https:\/\/pos-graduacao.uepb.edu.br\/ppgcf\/wp-json\/wp\/v2\/pages\/163\/revisions"}],"predecessor-version":[{"id":1379,"href":"https:\/\/pos-graduacao.uepb.edu.br\/ppgcf\/wp-json\/wp\/v2\/pages\/163\/revisions\/1379"}],"wp:attachment":[{"href":"https:\/\/pos-graduacao.uepb.edu.br\/ppgcf\/wp-json\/wp\/v2\/media?parent=163"}],"curies":[{"name":"wp","href":"https:\/\/api.w.org\/{rel}","templated":true}]}}