{"id":1285,"date":"2025-03-24T14:45:01","date_gmt":"2025-03-24T17:45:01","guid":{"rendered":"https:\/\/pos-graduacao.uepb.edu.br\/ppgcf\/?page_id=1285"},"modified":"2025-03-24T15:44:14","modified_gmt":"2025-03-24T18:44:14","slug":"credenciamento-docente","status":"publish","type":"page","link":"https:\/\/pos-graduacao.uepb.edu.br\/ppgcf\/credenciamento-docente\/","title":{"rendered":"Credenciamento e Recredenciamento Docente"},"content":{"rendered":"<p class=\"\" data-start=\"214\" data-end=\"445\">O Programa de P\u00f3s-Gradua\u00e7\u00e3o em Ci\u00eancias Farmac\u00eauticas (PPGCF) da UEPB adota o sistema de <strong>fluxo cont\u00ednuo<\/strong> atrav\u00e9s de <strong>edital permanente<\/strong> com divulga\u00e7\u00e3o regular dos procedimentos para ingresso de novos membros.<\/p>\n<h4 class=\"\" data-start=\"447\" data-end=\"475\"><strong data-start=\"452\" data-end=\"475\">Categorias Docentes<\/strong><\/h4>\n<p class=\"\" data-start=\"476\" data-end=\"532\">O corpo docente do PPGCF \u00e9 composto por tr\u00eas categorias:<\/p>\n<ul data-start=\"533\" data-end=\"607\">\n<li class=\"\" data-start=\"533\" data-end=\"557\">\n<p class=\"\" data-start=\"535\" data-end=\"557\"><strong data-start=\"535\" data-end=\"557\">Docente Permanente<\/strong><\/p>\n<\/li>\n<li class=\"\" data-start=\"558\" data-end=\"581\">\n<p class=\"\" data-start=\"560\" data-end=\"581\"><strong data-start=\"560\" data-end=\"581\">Docente Visitante<\/strong><\/p>\n<\/li>\n<li class=\"\" data-start=\"582\" data-end=\"607\">\n<p class=\"\" data-start=\"584\" data-end=\"607\"><strong data-start=\"584\" data-end=\"607\">Docente Colaborador<\/strong><\/p>\n<\/li>\n<\/ul>\n<hr class=\"\" data-start=\"609\" data-end=\"612\" \/>\n<h2 data-start=\"614\" data-end=\"651\"><strong data-start=\"618\" data-end=\"651\">Crit\u00e9rios para Credenciamento<\/strong><\/h2>\n<h4 class=\"\" data-start=\"653\" data-end=\"683\">\ud83d\udccc <strong data-start=\"661\" data-end=\"683\">Docente Permanente<\/strong><\/h4>\n<p class=\"\" data-start=\"684\" data-end=\"756\">Para se credenciar como docente permanente do PPGCF, o candidato dever\u00e1:<\/p>\n<ul data-start=\"757\" data-end=\"1433\">\n<li class=\"\" data-start=\"757\" data-end=\"842\">\n<p class=\"\" data-start=\"759\" data-end=\"842\">Apresentar um <strong data-start=\"773\" data-end=\"794\">plano de trabalho<\/strong>, contendo projeto de <strong data-start=\"816\" data-end=\"828\">pesquisa<\/strong> e <strong data-start=\"831\" data-end=\"841\">ensino<\/strong>;<\/p>\n<\/li>\n<li class=\"\" data-start=\"843\" data-end=\"977\">\n<p class=\"\" data-start=\"845\" data-end=\"977\">Comprovar <strong data-start=\"855\" data-end=\"882\">m\u00ednimo de 3 publica\u00e7\u00f5es<\/strong> em peri\u00f3dicos Qualis A <strong data-start=\"906\" data-end=\"912\">ou<\/strong> <strong data-start=\"913\" data-end=\"927\">200 pontos<\/strong> em publica\u00e7\u00f5es cient\u00edficas no <strong data-start=\"958\" data-end=\"976\">\u00faltimo tri\u00eanio<\/strong>;<\/p>\n<\/li>\n<li class=\"\" data-start=\"978\" data-end=\"1114\">\n<p class=\"\" data-start=\"980\" data-end=\"1114\">Ter <strong data-start=\"984\" data-end=\"1013\">experi\u00eancia em orienta\u00e7\u00e3o<\/strong> de IC, TCC, especializa\u00e7\u00e3o lato sensu e\/ou coorienta\u00e7\u00e3o em programas de p\u00f3s-gradua\u00e7\u00e3o stricto sensu;<\/p>\n<\/li>\n<li class=\"\" data-start=\"1115\" data-end=\"1194\">\n<p class=\"\" data-start=\"1117\" data-end=\"1194\">Ser l\u00edder ou membro de <strong data-start=\"1140\" data-end=\"1193\">grupo de pesquisa cadastrado no Diret\u00f3rio do CNPq<\/strong>;<\/p>\n<\/li>\n<li class=\"\" data-start=\"1195\" data-end=\"1351\">\n<p class=\"\" data-start=\"1197\" data-end=\"1351\">Orientar <strong data-start=\"1206\" data-end=\"1238\">no m\u00ednimo 1 discente por ano<\/strong>, com <strong data-start=\"1244\" data-end=\"1280\">produ\u00e7\u00e3o cient\u00edfica em coautoria<\/strong> (artigo, cap\u00edtulo de livro com editora\u00e7\u00e3o reconhecida, patente, etc.);<\/p>\n<\/li>\n<li class=\"\" data-start=\"1352\" data-end=\"1433\">\n<p class=\"\" data-start=\"1354\" data-end=\"1433\">Atuar de forma efetiva nas <strong data-start=\"1381\" data-end=\"1420\">atividades acad\u00eamicas e cient\u00edficas<\/strong> do programa.<\/p>\n<\/li>\n<\/ul>\n<h4 class=\"\" data-start=\"1435\" data-end=\"1464\">\ud83d\udccc <strong data-start=\"1443\" data-end=\"1464\">Docente Visitante<\/strong><\/h4>\n<p class=\"\" data-start=\"1465\" data-end=\"1550\">Os crit\u00e9rios s\u00e3o similares aos exigidos ao docente permanente, com a ressalva de que:<\/p>\n<ul data-start=\"1551\" data-end=\"1659\">\n<li class=\"\" data-start=\"1551\" data-end=\"1659\">\n<p class=\"\" data-start=\"1553\" data-end=\"1659\">O docente deve possuir <strong data-start=\"1576\" data-end=\"1615\">v\u00ednculo institucional com outra IES<\/strong> ou <strong data-start=\"1619\" data-end=\"1658\">centro de pesquisa distinto da UEPB<\/strong>.<\/p>\n<\/li>\n<\/ul>\n<h4 class=\"\" data-start=\"1661\" data-end=\"1692\">\ud83d\udccc <strong data-start=\"1669\" data-end=\"1692\">Docente Colaborador<\/strong><\/h4>\n<p class=\"\" data-start=\"1693\" data-end=\"1722\">O docente colaborador dever\u00e1:<\/p>\n<ul data-start=\"1723\" data-end=\"1996\">\n<li class=\"\" data-start=\"1723\" data-end=\"1820\">\n<p class=\"\" data-start=\"1725\" data-end=\"1820\">Possuir produ\u00e7\u00e3o qualificada com avalia\u00e7\u00e3o <strong data-start=\"1768\" data-end=\"1789\">\u201cBom\u201d ou superior<\/strong> segundo os crit\u00e9rios da CAPES;<\/p>\n<\/li>\n<li class=\"\" data-start=\"1821\" data-end=\"1930\">\n<p class=\"\" data-start=\"1823\" data-end=\"1930\">Orientar <strong data-start=\"1832\" data-end=\"1875\">pelo menos 1 aluno durante o quadri\u00eanio<\/strong>, com <strong data-start=\"1881\" data-end=\"1929\">produ\u00e7\u00e3o t\u00e9cnica ou bibliogr\u00e1fica decorrente<\/strong>;<\/p>\n<\/li>\n<li class=\"\" data-start=\"1931\" data-end=\"1996\">\n<p class=\"\" data-start=\"1933\" data-end=\"1996\">Dedicar <strong data-start=\"1941\" data-end=\"1972\">m\u00ednimo de 10 horas semanais<\/strong> \u00e0s atividades do PPGCF.<\/p>\n<\/li>\n<\/ul>\n<hr class=\"\" data-start=\"1998\" data-end=\"2001\" \/>\n<h2 data-start=\"2003\" data-end=\"2038\"><strong data-start=\"2007\" data-end=\"2038\">Validade e Recredenciamento<\/strong><\/h2>\n<ul data-start=\"2040\" data-end=\"2441\">\n<li class=\"\" data-start=\"2040\" data-end=\"2143\">\n<p class=\"\" data-start=\"2042\" data-end=\"2143\">O <strong data-start=\"2044\" data-end=\"2070\">credenciamento docente<\/strong> ter\u00e1 validade de <strong data-start=\"2088\" data-end=\"2102\">2 a 4 anos<\/strong>, podendo ser renovado por igual per\u00edodo.<\/p>\n<\/li>\n<li class=\"\" data-start=\"2144\" data-end=\"2374\">\n<p class=\"\" data-start=\"2146\" data-end=\"2267\">Ao final de cada <strong data-start=\"2163\" data-end=\"2177\">quadri\u00eanio<\/strong>, todos os docentes passar\u00e3o por um <strong data-start=\"2213\" data-end=\"2238\">processo de avalia\u00e7\u00e3o<\/strong> pelo colegiado, com base em:<\/p>\n<ul data-start=\"2270\" data-end=\"2374\">\n<li class=\"\" data-start=\"2270\" data-end=\"2292\">\n<p class=\"\" data-start=\"2272\" data-end=\"2292\">Produ\u00e7\u00e3o cient\u00edfica;<\/p>\n<\/li>\n<li class=\"\" data-start=\"2295\" data-end=\"2332\">\n<p class=\"\" data-start=\"2297\" data-end=\"2332\">Atua\u00e7\u00e3o nas atividades do Programa;<\/p>\n<\/li>\n<li class=\"\" data-start=\"2335\" data-end=\"2374\">\n<p class=\"\" data-start=\"2337\" data-end=\"2374\">Inser\u00e7\u00e3o acad\u00eamica e institucional.<\/p>\n<\/li>\n<\/ul>\n<\/li>\n<li class=\"\" data-start=\"2375\" data-end=\"2441\">\n<p class=\"\" data-start=\"2377\" data-end=\"2441\">Essa avalia\u00e7\u00e3o ser\u00e1 utilizada para fins de <strong data-start=\"2420\" data-end=\"2440\">recredenciamento<\/strong>.<\/p>\n<\/li>\n<\/ul>\n","protected":false},"excerpt":{"rendered":"<p>O Programa de P\u00f3s-Gradua\u00e7\u00e3o em Ci\u00eancias Farmac\u00eauticas (PPGCF) da UEPB adota o sistema de fluxo cont\u00ednuo atrav\u00e9s de edital permanente com divulga\u00e7\u00e3o regular dos procedimentos para ingresso de novos membros. Categorias Docentes O corpo docente do PPGCF \u00e9 composto por tr\u00eas categorias: Docente Permanente Docente Visitante Docente Colaborador Crit\u00e9rios para Credenciamento \ud83d\udccc Docente Permanente Para <a class=\"leiamais\" href=\"https:\/\/pos-graduacao.uepb.edu.br\/ppgcf\/credenciamento-docente\/\">Leia Mais&#8230;<\/a><\/p>\n","protected":false},"author":51,"featured_media":0,"parent":0,"menu_order":0,"comment_status":"closed","ping_status":"closed","template":"","meta":{"footnotes":""},"class_list":["post-1285","page","type-page","status-publish","hentry"],"_links":{"self":[{"href":"https:\/\/pos-graduacao.uepb.edu.br\/ppgcf\/wp-json\/wp\/v2\/pages\/1285","targetHints":{"allow":["GET"]}}],"collection":[{"href":"https:\/\/pos-graduacao.uepb.edu.br\/ppgcf\/wp-json\/wp\/v2\/pages"}],"about":[{"href":"https:\/\/pos-graduacao.uepb.edu.br\/ppgcf\/wp-json\/wp\/v2\/types\/page"}],"author":[{"embeddable":true,"href":"https:\/\/pos-graduacao.uepb.edu.br\/ppgcf\/wp-json\/wp\/v2\/users\/51"}],"replies":[{"embeddable":true,"href":"https:\/\/pos-graduacao.uepb.edu.br\/ppgcf\/wp-json\/wp\/v2\/comments?post=1285"}],"version-history":[{"count":7,"href":"https:\/\/pos-graduacao.uepb.edu.br\/ppgcf\/wp-json\/wp\/v2\/pages\/1285\/revisions"}],"predecessor-version":[{"id":1299,"href":"https:\/\/pos-graduacao.uepb.edu.br\/ppgcf\/wp-json\/wp\/v2\/pages\/1285\/revisions\/1299"}],"wp:attachment":[{"href":"https:\/\/pos-graduacao.uepb.edu.br\/ppgcf\/wp-json\/wp\/v2\/media?parent=1285"}],"curies":[{"name":"wp","href":"https:\/\/api.w.org\/{rel}","templated":true}]}}